{"id":16657,"date":"2024-08-07T06:53:32","date_gmt":"2024-08-07T06:53:32","guid":{"rendered":"https:\/\/planetetennis.fr\/?post_type=product&#038;p=16657"},"modified":"2024-11-02T13:49:56","modified_gmt":"2024-11-02T13:49:56","slug":"tee-shirt-wild-arts-capsleeve","status":"publish","type":"product","link":"https:\/\/planetetennis.fr\/es\/product\/tee-shirt-wild-arts-capsleeve\/","title":{"rendered":"Tee shirt Wild Arts Capsleeve"},"content":{"rendered":"","protected":false},"excerpt":{"rendered":"<p>Un haut qui ne distrait pas est essentiel pour le tennis. Ce haut \u00e0 manches courtes vous garantit maintien et confort \u00e0 la fois.<br \/>\nLe graphisme accrocheur est issu de la collection Wild Arts 2024. Cet imprim\u00e9 artistique est \u00e0 la hauteur de son nom, Wild Arts. Les couleurs fluo vives vous assureront d&#8217;attirer l&#8217;attention sur chaque court de tennis.<br \/>\nLa combinaison d&#8217;un mat\u00e9riau en maille a\u00e9r\u00e9 et opaque et d&#8217;une fonction d&#8217;absorption de l&#8217;humidit\u00e9 vous gardera au sec et au frais, quelle que soit la difficult\u00e9 du match. La coupe est l\u00e9g\u00e8rement carr\u00e9e mais toujours ajust\u00e9e, pas serr\u00e9e.<br \/>\nLes manches sans couture et surcoup\u00e9es garantissent une libert\u00e9 de mouvement illimit\u00e9e.<br \/>\nIl est fabriqu\u00e9 \u00e0 partir de fibres de polyester recycl\u00e9.<\/p>\n<p>&#8211; Coupe droite et carr\u00e9e &#8211; Les manches raglan assurent une libert\u00e9 de mouvement sans restriction &#8211; Mati\u00e8re textur\u00e9e &#8211; Col rond<\/p>","protected":false},"featured_media":16662,"comment_status":"open","ping_status":"closed","template":"","meta":{"_monsterinsights_skip_tracking":false,"_monsterinsights_sitenote_active":false,"_monsterinsights_sitenote_note":"","_monsterinsights_sitenote_category":0},"product_brand":[],"product_cat":[442,605],"product_tag":[],"class_list":{"0":"post-16657","1":"product","2":"type-product","3":"status-publish","4":"has-post-thumbnail","6":"product_cat-bidi-badu-store","7":"product_cat-bonnes-affaires-bidi-badu-store","9":"first","10":"instock","11":"sale","12":"taxable","13":"shipping-taxable","14":"purchasable","15":"product-type-variable"},"yoast_head":"<!-- This site is optimized with the Yoast SEO plugin v27.5 - https:\/\/yoast.com\/product\/yoast-seo-wordpress\/ -->\n<title>Tee shirt Wild Arts Capsleeve - Planetetennis<\/title>\n<meta name=\"robots\" content=\"index, follow, max-snippet:-1, max-image-preview:large, max-video-preview:-1\" \/>\n<link rel=\"canonical\" href=\"https:\/\/planetetennis.fr\/es\/product\/tee-shirt-wild-arts-capsleeve\/\" \/>\n<meta property=\"og:locale\" content=\"es_ES\" \/>\n<meta property=\"og:type\" content=\"article\" \/>\n<meta property=\"og:title\" content=\"Tee shirt Wild Arts Capsleeve - Planetetennis\" \/>\n<meta property=\"og:description\" content=\"Un haut qui ne distrait pas est essentiel pour le tennis. Ce haut \u00e0 manches courtes vous garantit maintien et confort \u00e0 la fois.  Le graphisme accrocheur est issu de la collection Wild Arts 2024. Cet imprim\u00e9 artistique est \u00e0 la hauteur de son nom, Wild Arts. Les couleurs fluo vives vous assureront d&#039;attirer l&#039;attention sur chaque court de tennis. La combinaison d&#039;un mat\u00e9riau en maille a\u00e9r\u00e9 et opaque et d&#039;une fonction d&#039;absorption de l&#039;humidit\u00e9 vous gardera au sec et au frais, quelle que soit la difficult\u00e9 du match. La coupe est l\u00e9g\u00e8rement carr\u00e9e mais toujours ajust\u00e9e, pas serr\u00e9e. Les manches sans couture et surcoup\u00e9es garantissent une libert\u00e9 de mouvement illimit\u00e9e. Il est fabriqu\u00e9 \u00e0 partir de fibres de polyester recycl\u00e9.  - Coupe droite et carr\u00e9e - Les manches raglan assurent une libert\u00e9 de mouvement sans restriction - Mati\u00e8re textur\u00e9e - Col rond\" \/>\n<meta property=\"og:url\" content=\"https:\/\/planetetennis.fr\/es\/product\/tee-shirt-wild-arts-capsleeve\/\" \/>\n<meta property=\"og:site_name\" content=\"Planetetennis\" \/>\n<meta property=\"article:modified_time\" content=\"2024-11-02T13:49:56+00:00\" \/>\n<meta property=\"og:image\" content=\"https:\/\/planetetennis.fr\/wp-content\/uploads\/2024\/08\/w-capsleeve.jpg\" \/>\n\t<meta property=\"og:image:width\" content=\"800\" \/>\n\t<meta property=\"og:image:height\" content=\"1000\" \/>\n\t<meta property=\"og:image:type\" content=\"image\/jpeg\" \/>\n<meta name=\"twitter:card\" content=\"summary_large_image\" \/>\n<script type=\"application\/ld+json\" class=\"yoast-schema-graph\">{\"@context\":\"https:\\\/\\\/schema.org\",\"@graph\":[{\"@type\":\"WebPage\",\"@id\":\"https:\\\/\\\/planetetennis.fr\\\/product\\\/tee-shirt-wild-arts-capsleeve\\\/\",\"url\":\"https:\\\/\\\/planetetennis.fr\\\/product\\\/tee-shirt-wild-arts-capsleeve\\\/\",\"name\":\"Tee shirt Wild Arts Capsleeve - Planetetennis\",\"isPartOf\":{\"@id\":\"https:\\\/\\\/planetetennis.fr\\\/#website\"},\"primaryImageOfPage\":{\"@id\":\"https:\\\/\\\/planetetennis.fr\\\/product\\\/tee-shirt-wild-arts-capsleeve\\\/#primaryimage\"},\"image\":{\"@id\":\"https:\\\/\\\/planetetennis.fr\\\/product\\\/tee-shirt-wild-arts-capsleeve\\\/#primaryimage\"},\"thumbnailUrl\":\"https:\\\/\\\/planetetennis.fr\\\/wp-content\\\/uploads\\\/2024\\\/08\\\/w-capsleeve.jpg\",\"datePublished\":\"2024-08-07T06:53:32+00:00\",\"dateModified\":\"2024-11-02T13:49:56+00:00\",\"breadcrumb\":{\"@id\":\"https:\\\/\\\/planetetennis.fr\\\/product\\\/tee-shirt-wild-arts-capsleeve\\\/#breadcrumb\"},\"inLanguage\":\"es-ES\",\"potentialAction\":[{\"@type\":\"ReadAction\",\"target\":[\"https:\\\/\\\/planetetennis.fr\\\/product\\\/tee-shirt-wild-arts-capsleeve\\\/\"]}]},{\"@type\":\"ImageObject\",\"inLanguage\":\"es-ES\",\"@id\":\"https:\\\/\\\/planetetennis.fr\\\/product\\\/tee-shirt-wild-arts-capsleeve\\\/#primaryimage\",\"url\":\"https:\\\/\\\/planetetennis.fr\\\/wp-content\\\/uploads\\\/2024\\\/08\\\/w-capsleeve.jpg\",\"contentUrl\":\"https:\\\/\\\/planetetennis.fr\\\/wp-content\\\/uploads\\\/2024\\\/08\\\/w-capsleeve.jpg\",\"width\":800,\"height\":1000},{\"@type\":\"BreadcrumbList\",\"@id\":\"https:\\\/\\\/planetetennis.fr\\\/product\\\/tee-shirt-wild-arts-capsleeve\\\/#breadcrumb\",\"itemListElement\":[{\"@type\":\"ListItem\",\"position\":1,\"name\":\"Accueil\",\"item\":\"https:\\\/\\\/planetetennis.fr\\\/\"},{\"@type\":\"ListItem\",\"position\":2,\"name\":\"Nos produits\",\"item\":\"https:\\\/\\\/planetetennis.fr\\\/produits\\\/\"},{\"@type\":\"ListItem\",\"position\":3,\"name\":\"Tee shirt Wild Arts Capsleeve\"}]},{\"@type\":\"WebSite\",\"@id\":\"https:\\\/\\\/planetetennis.fr\\\/#website\",\"url\":\"https:\\\/\\\/planetetennis.fr\\\/\",\"name\":\"Planetetennis\",\"description\":\"Cordages de tennis monofilament fran\u00e7ais\",\"publisher\":{\"@id\":\"https:\\\/\\\/planetetennis.fr\\\/#organization\"},\"potentialAction\":[{\"@type\":\"SearchAction\",\"target\":{\"@type\":\"EntryPoint\",\"urlTemplate\":\"https:\\\/\\\/planetetennis.fr\\\/?s={search_term_string}\"},\"query-input\":{\"@type\":\"PropertyValueSpecification\",\"valueRequired\":true,\"valueName\":\"search_term_string\"}}],\"inLanguage\":\"es-ES\"},{\"@type\":\"Organization\",\"@id\":\"https:\\\/\\\/planetetennis.fr\\\/#organization\",\"name\":\"Planetetennis\",\"url\":\"https:\\\/\\\/planetetennis.fr\\\/\",\"logo\":{\"@type\":\"ImageObject\",\"inLanguage\":\"es-ES\",\"@id\":\"https:\\\/\\\/planetetennis.fr\\\/#\\\/schema\\\/logo\\\/image\\\/\",\"url\":\"https:\\\/\\\/planetetennis.fr\\\/wp-content\\\/uploads\\\/2021\\\/10\\\/logocolor03.png\",\"contentUrl\":\"https:\\\/\\\/planetetennis.fr\\\/wp-content\\\/uploads\\\/2021\\\/10\\\/logocolor03.png\",\"width\":230,\"height\":58,\"caption\":\"Planetetennis\"},\"image\":{\"@id\":\"https:\\\/\\\/planetetennis.fr\\\/#\\\/schema\\\/logo\\\/image\\\/\"}}]}<\/script>\n<!-- \/ Yoast SEO plugin. -->","yoast_head_json":{"title":"Tee shirt Wild Arts Capsleeve - Planetetennis","robots":{"index":"index","follow":"follow","max-snippet":"max-snippet:-1","max-image-preview":"max-image-preview:large","max-video-preview":"max-video-preview:-1"},"canonical":"https:\/\/planetetennis.fr\/es\/product\/tee-shirt-wild-arts-capsleeve\/","og_locale":"es_ES","og_type":"article","og_title":"Tee shirt Wild Arts Capsleeve - Planetetennis","og_description":"Un haut qui ne distrait pas est essentiel pour le tennis. Ce haut \u00e0 manches courtes vous garantit maintien et confort \u00e0 la fois.  Le graphisme accrocheur est issu de la collection Wild Arts 2024. Cet imprim\u00e9 artistique est \u00e0 la hauteur de son nom, Wild Arts. Les couleurs fluo vives vous assureront d'attirer l'attention sur chaque court de tennis. La combinaison d'un mat\u00e9riau en maille a\u00e9r\u00e9 et opaque et d'une fonction d'absorption de l'humidit\u00e9 vous gardera au sec et au frais, quelle que soit la difficult\u00e9 du match. La coupe est l\u00e9g\u00e8rement carr\u00e9e mais toujours ajust\u00e9e, pas serr\u00e9e. Les manches sans couture et surcoup\u00e9es garantissent une libert\u00e9 de mouvement illimit\u00e9e. Il est fabriqu\u00e9 \u00e0 partir de fibres de polyester recycl\u00e9.  - Coupe droite et carr\u00e9e - Les manches raglan assurent une libert\u00e9 de mouvement sans restriction - Mati\u00e8re textur\u00e9e - Col rond","og_url":"https:\/\/planetetennis.fr\/es\/product\/tee-shirt-wild-arts-capsleeve\/","og_site_name":"Planetetennis","article_modified_time":"2024-11-02T13:49:56+00:00","og_image":[{"width":800,"height":1000,"url":"https:\/\/planetetennis.fr\/wp-content\/uploads\/2024\/08\/w-capsleeve.jpg","type":"image\/jpeg"}],"twitter_card":"summary_large_image","schema":{"@context":"https:\/\/schema.org","@graph":[{"@type":"WebPage","@id":"https:\/\/planetetennis.fr\/product\/tee-shirt-wild-arts-capsleeve\/","url":"https:\/\/planetetennis.fr\/product\/tee-shirt-wild-arts-capsleeve\/","name":"Tee shirt Wild Arts Capsleeve - Planetetennis","isPartOf":{"@id":"https:\/\/planetetennis.fr\/#website"},"primaryImageOfPage":{"@id":"https:\/\/planetetennis.fr\/product\/tee-shirt-wild-arts-capsleeve\/#primaryimage"},"image":{"@id":"https:\/\/planetetennis.fr\/product\/tee-shirt-wild-arts-capsleeve\/#primaryimage"},"thumbnailUrl":"https:\/\/planetetennis.fr\/wp-content\/uploads\/2024\/08\/w-capsleeve.jpg","datePublished":"2024-08-07T06:53:32+00:00","dateModified":"2024-11-02T13:49:56+00:00","breadcrumb":{"@id":"https:\/\/planetetennis.fr\/product\/tee-shirt-wild-arts-capsleeve\/#breadcrumb"},"inLanguage":"es-ES","potentialAction":[{"@type":"ReadAction","target":["https:\/\/planetetennis.fr\/product\/tee-shirt-wild-arts-capsleeve\/"]}]},{"@type":"ImageObject","inLanguage":"es-ES","@id":"https:\/\/planetetennis.fr\/product\/tee-shirt-wild-arts-capsleeve\/#primaryimage","url":"https:\/\/planetetennis.fr\/wp-content\/uploads\/2024\/08\/w-capsleeve.jpg","contentUrl":"https:\/\/planetetennis.fr\/wp-content\/uploads\/2024\/08\/w-capsleeve.jpg","width":800,"height":1000},{"@type":"BreadcrumbList","@id":"https:\/\/planetetennis.fr\/product\/tee-shirt-wild-arts-capsleeve\/#breadcrumb","itemListElement":[{"@type":"ListItem","position":1,"name":"Accueil","item":"https:\/\/planetetennis.fr\/"},{"@type":"ListItem","position":2,"name":"Nos produits","item":"https:\/\/planetetennis.fr\/produits\/"},{"@type":"ListItem","position":3,"name":"Tee shirt Wild Arts Capsleeve"}]},{"@type":"WebSite","@id":"https:\/\/planetetennis.fr\/#website","url":"https:\/\/planetetennis.fr\/","name":"Planeta tenis","description":"Cordages de tennis monofilament fran\u00e7ais","publisher":{"@id":"https:\/\/planetetennis.fr\/#organization"},"potentialAction":[{"@type":"SearchAction","target":{"@type":"EntryPoint","urlTemplate":"https:\/\/planetetennis.fr\/?s={search_term_string}"},"query-input":{"@type":"PropertyValueSpecification","valueRequired":true,"valueName":"search_term_string"}}],"inLanguage":"es-ES"},{"@type":"Organization","@id":"https:\/\/planetetennis.fr\/#organization","name":"Planeta tenis","url":"https:\/\/planetetennis.fr\/","logo":{"@type":"ImageObject","inLanguage":"es-ES","@id":"https:\/\/planetetennis.fr\/#\/schema\/logo\/image\/","url":"https:\/\/planetetennis.fr\/wp-content\/uploads\/2021\/10\/logocolor03.png","contentUrl":"https:\/\/planetetennis.fr\/wp-content\/uploads\/2021\/10\/logocolor03.png","width":230,"height":58,"caption":"Planetetennis"},"image":{"@id":"https:\/\/planetetennis.fr\/#\/schema\/logo\/image\/"}}]}},"_links":{"self":[{"href":"https:\/\/planetetennis.fr\/es\/wp-json\/wp\/v2\/product\/16657","targetHints":{"allow":["GET"]}}],"collection":[{"href":"https:\/\/planetetennis.fr\/es\/wp-json\/wp\/v2\/product"}],"about":[{"href":"https:\/\/planetetennis.fr\/es\/wp-json\/wp\/v2\/types\/product"}],"replies":[{"embeddable":true,"href":"https:\/\/planetetennis.fr\/es\/wp-json\/wp\/v2\/comments?post=16657"}],"wp:featuredmedia":[{"embeddable":true,"href":"https:\/\/planetetennis.fr\/es\/wp-json\/wp\/v2\/media\/16662"}],"wp:attachment":[{"href":"https:\/\/planetetennis.fr\/es\/wp-json\/wp\/v2\/media?parent=16657"}],"wp:term":[{"taxonomy":"product_brand","embeddable":true,"href":"https:\/\/planetetennis.fr\/es\/wp-json\/wp\/v2\/product_brand?post=16657"},{"taxonomy":"product_cat","embeddable":true,"href":"https:\/\/planetetennis.fr\/es\/wp-json\/wp\/v2\/product_cat?post=16657"},{"taxonomy":"product_tag","embeddable":true,"href":"https:\/\/planetetennis.fr\/es\/wp-json\/wp\/v2\/product_tag?post=16657"}],"curies":[{"name":"wp","href":"https:\/\/api.w.org\/{rel}","templated":true}]}}