{"id":16675,"date":"2024-08-07T07:08:44","date_gmt":"2024-08-07T07:08:44","guid":{"rendered":"https:\/\/planetetennis.fr\/?post_type=product&#038;p=16675"},"modified":"2024-12-05T08:54:17","modified_gmt":"2024-12-05T08:54:17","slug":"debardeur-melbourne-2024-chill-tank","status":"publish","type":"product","link":"https:\/\/planetetennis.fr\/es\/product\/debardeur-melbourne-2024-chill-tank\/","title":{"rendered":"D\u00e9bardeur Melbourne 2024 Chill Tank"},"content":{"rendered":"","protected":false},"excerpt":{"rendered":"<p>&#8220;Que vous ayez une s\u00e9ance d&#8217;entra\u00eenement \u00e0 venir ou que vous aimiez simplement le look d\u00e9contract\u00e9 et sportif, ce d\u00e9bardeur vous gardera \u00e9l\u00e9gant et constitue le choix parfait sur et en dehors du terrain.<br \/>\nIl pr\u00e9sente une coupe r\u00e9guli\u00e8re et moulante et une encolure ronde pour un confort optimal. Gr\u00e2ce au coton doux, il est tr\u00e8s confortable et la teneur en polyester garantit que vous restez au sec pendant l&#8217;entra\u00eenement.<br \/>\nCe d\u00e9bardeur est fabriqu\u00e9 \u00e0 partir de polyester recycl\u00e9.&#8221;<\/p>\n<p>&#8211; Coupe \u00e9troite, moulante et cintr\u00e9e &#8211; Dos nageur sportif pour une libert\u00e9 de mouvement optimale &#8211; Col rond &#8211; Ourlet droit<\/p>","protected":false},"featured_media":16680,"comment_status":"open","ping_status":"closed","template":"","meta":{"_monsterinsights_skip_tracking":false,"_monsterinsights_sitenote_active":false,"_monsterinsights_sitenote_note":"","_monsterinsights_sitenote_category":0},"product_brand":[],"product_cat":[442,605],"product_tag":[],"class_list":{"0":"post-16675","1":"product","2":"type-product","3":"status-publish","4":"has-post-thumbnail","6":"product_cat-bidi-badu-store","7":"product_cat-bonnes-affaires-bidi-badu-store","9":"first","10":"instock","11":"sale","12":"taxable","13":"shipping-taxable","14":"purchasable","15":"product-type-variable"},"yoast_head":"<!-- This site is optimized with the Yoast SEO plugin v27.4 - https:\/\/yoast.com\/product\/yoast-seo-wordpress\/ -->\n<title>D\u00e9bardeur Melbourne 2024 Chill Tank - Planetetennis<\/title>\n<meta name=\"robots\" content=\"index, follow, max-snippet:-1, max-image-preview:large, max-video-preview:-1\" \/>\n<link rel=\"canonical\" href=\"https:\/\/planetetennis.fr\/es\/product\/debardeur-melbourne-2024-chill-tank\/\" \/>\n<meta property=\"og:locale\" content=\"es_ES\" \/>\n<meta property=\"og:type\" content=\"article\" \/>\n<meta property=\"og:title\" content=\"D\u00e9bardeur Melbourne 2024 Chill Tank - Planetetennis\" \/>\n<meta property=\"og:description\" content=\"&quot;Que vous ayez une s\u00e9ance d&#039;entra\u00eenement \u00e0 venir ou que vous aimiez simplement le look d\u00e9contract\u00e9 et sportif, ce d\u00e9bardeur vous gardera \u00e9l\u00e9gant et constitue le choix parfait sur et en dehors du terrain. Il pr\u00e9sente une coupe r\u00e9guli\u00e8re et moulante et une encolure ronde pour un confort optimal. Gr\u00e2ce au coton doux, il est tr\u00e8s confortable et la teneur en polyester garantit que vous restez au sec pendant l&#039;entra\u00eenement. Ce d\u00e9bardeur est fabriqu\u00e9 \u00e0 partir de polyester recycl\u00e9.&quot;  - Coupe \u00e9troite, moulante et cintr\u00e9e - Dos nageur sportif pour une libert\u00e9 de mouvement optimale - Col rond - Ourlet droit\" \/>\n<meta property=\"og:url\" content=\"https:\/\/planetetennis.fr\/es\/product\/debardeur-melbourne-2024-chill-tank\/\" \/>\n<meta property=\"og:site_name\" content=\"Planetetennis\" \/>\n<meta property=\"article:modified_time\" content=\"2024-12-05T08:54:17+00:00\" \/>\n<meta property=\"og:image\" content=\"https:\/\/planetetennis.fr\/wp-content\/uploads\/2024\/08\/deb-melbourne.jpg\" \/>\n\t<meta property=\"og:image:width\" content=\"800\" \/>\n\t<meta property=\"og:image:height\" content=\"1000\" \/>\n\t<meta property=\"og:image:type\" content=\"image\/jpeg\" \/>\n<meta name=\"twitter:card\" content=\"summary_large_image\" \/>\n<script type=\"application\/ld+json\" class=\"yoast-schema-graph\">{\"@context\":\"https:\\\/\\\/schema.org\",\"@graph\":[{\"@type\":\"WebPage\",\"@id\":\"https:\\\/\\\/planetetennis.fr\\\/product\\\/debardeur-melbourne-2024-chill-tank\\\/\",\"url\":\"https:\\\/\\\/planetetennis.fr\\\/product\\\/debardeur-melbourne-2024-chill-tank\\\/\",\"name\":\"D\u00e9bardeur Melbourne 2024 Chill Tank - Planetetennis\",\"isPartOf\":{\"@id\":\"https:\\\/\\\/planetetennis.fr\\\/#website\"},\"primaryImageOfPage\":{\"@id\":\"https:\\\/\\\/planetetennis.fr\\\/product\\\/debardeur-melbourne-2024-chill-tank\\\/#primaryimage\"},\"image\":{\"@id\":\"https:\\\/\\\/planetetennis.fr\\\/product\\\/debardeur-melbourne-2024-chill-tank\\\/#primaryimage\"},\"thumbnailUrl\":\"https:\\\/\\\/planetetennis.fr\\\/wp-content\\\/uploads\\\/2024\\\/08\\\/deb-melbourne.jpg\",\"datePublished\":\"2024-08-07T07:08:44+00:00\",\"dateModified\":\"2024-12-05T08:54:17+00:00\",\"breadcrumb\":{\"@id\":\"https:\\\/\\\/planetetennis.fr\\\/product\\\/debardeur-melbourne-2024-chill-tank\\\/#breadcrumb\"},\"inLanguage\":\"es-ES\",\"potentialAction\":[{\"@type\":\"ReadAction\",\"target\":[\"https:\\\/\\\/planetetennis.fr\\\/product\\\/debardeur-melbourne-2024-chill-tank\\\/\"]}]},{\"@type\":\"ImageObject\",\"inLanguage\":\"es-ES\",\"@id\":\"https:\\\/\\\/planetetennis.fr\\\/product\\\/debardeur-melbourne-2024-chill-tank\\\/#primaryimage\",\"url\":\"https:\\\/\\\/planetetennis.fr\\\/wp-content\\\/uploads\\\/2024\\\/08\\\/deb-melbourne.jpg\",\"contentUrl\":\"https:\\\/\\\/planetetennis.fr\\\/wp-content\\\/uploads\\\/2024\\\/08\\\/deb-melbourne.jpg\",\"width\":800,\"height\":1000},{\"@type\":\"BreadcrumbList\",\"@id\":\"https:\\\/\\\/planetetennis.fr\\\/product\\\/debardeur-melbourne-2024-chill-tank\\\/#breadcrumb\",\"itemListElement\":[{\"@type\":\"ListItem\",\"position\":1,\"name\":\"Accueil\",\"item\":\"https:\\\/\\\/planetetennis.fr\\\/\"},{\"@type\":\"ListItem\",\"position\":2,\"name\":\"Nos produits\",\"item\":\"https:\\\/\\\/planetetennis.fr\\\/produits\\\/\"},{\"@type\":\"ListItem\",\"position\":3,\"name\":\"D\u00e9bardeur Melbourne 2024 Chill Tank\"}]},{\"@type\":\"WebSite\",\"@id\":\"https:\\\/\\\/planetetennis.fr\\\/#website\",\"url\":\"https:\\\/\\\/planetetennis.fr\\\/\",\"name\":\"Planetetennis\",\"description\":\"Cordages de tennis monofilament fran\u00e7ais\",\"publisher\":{\"@id\":\"https:\\\/\\\/planetetennis.fr\\\/#organization\"},\"potentialAction\":[{\"@type\":\"SearchAction\",\"target\":{\"@type\":\"EntryPoint\",\"urlTemplate\":\"https:\\\/\\\/planetetennis.fr\\\/?s={search_term_string}\"},\"query-input\":{\"@type\":\"PropertyValueSpecification\",\"valueRequired\":true,\"valueName\":\"search_term_string\"}}],\"inLanguage\":\"es-ES\"},{\"@type\":\"Organization\",\"@id\":\"https:\\\/\\\/planetetennis.fr\\\/#organization\",\"name\":\"Planetetennis\",\"url\":\"https:\\\/\\\/planetetennis.fr\\\/\",\"logo\":{\"@type\":\"ImageObject\",\"inLanguage\":\"es-ES\",\"@id\":\"https:\\\/\\\/planetetennis.fr\\\/#\\\/schema\\\/logo\\\/image\\\/\",\"url\":\"https:\\\/\\\/planetetennis.fr\\\/wp-content\\\/uploads\\\/2021\\\/10\\\/logocolor03.png\",\"contentUrl\":\"https:\\\/\\\/planetetennis.fr\\\/wp-content\\\/uploads\\\/2021\\\/10\\\/logocolor03.png\",\"width\":230,\"height\":58,\"caption\":\"Planetetennis\"},\"image\":{\"@id\":\"https:\\\/\\\/planetetennis.fr\\\/#\\\/schema\\\/logo\\\/image\\\/\"}}]}<\/script>\n<!-- \/ Yoast SEO plugin. -->","yoast_head_json":{"title":"D\u00e9bardeur Melbourne 2024 Chill Tank - Planetetennis","robots":{"index":"index","follow":"follow","max-snippet":"max-snippet:-1","max-image-preview":"max-image-preview:large","max-video-preview":"max-video-preview:-1"},"canonical":"https:\/\/planetetennis.fr\/es\/product\/debardeur-melbourne-2024-chill-tank\/","og_locale":"es_ES","og_type":"article","og_title":"D\u00e9bardeur Melbourne 2024 Chill Tank - Planetetennis","og_description":"\"Que vous ayez une s\u00e9ance d'entra\u00eenement \u00e0 venir ou que vous aimiez simplement le look d\u00e9contract\u00e9 et sportif, ce d\u00e9bardeur vous gardera \u00e9l\u00e9gant et constitue le choix parfait sur et en dehors du terrain. Il pr\u00e9sente une coupe r\u00e9guli\u00e8re et moulante et une encolure ronde pour un confort optimal. Gr\u00e2ce au coton doux, il est tr\u00e8s confortable et la teneur en polyester garantit que vous restez au sec pendant l'entra\u00eenement. Ce d\u00e9bardeur est fabriqu\u00e9 \u00e0 partir de polyester recycl\u00e9.\"  - Coupe \u00e9troite, moulante et cintr\u00e9e - Dos nageur sportif pour une libert\u00e9 de mouvement optimale - Col rond - Ourlet droit","og_url":"https:\/\/planetetennis.fr\/es\/product\/debardeur-melbourne-2024-chill-tank\/","og_site_name":"Planetetennis","article_modified_time":"2024-12-05T08:54:17+00:00","og_image":[{"width":800,"height":1000,"url":"https:\/\/planetetennis.fr\/wp-content\/uploads\/2024\/08\/deb-melbourne.jpg","type":"image\/jpeg"}],"twitter_card":"summary_large_image","schema":{"@context":"https:\/\/schema.org","@graph":[{"@type":"WebPage","@id":"https:\/\/planetetennis.fr\/product\/debardeur-melbourne-2024-chill-tank\/","url":"https:\/\/planetetennis.fr\/product\/debardeur-melbourne-2024-chill-tank\/","name":"D\u00e9bardeur Melbourne 2024 Chill Tank - Planetetennis","isPartOf":{"@id":"https:\/\/planetetennis.fr\/#website"},"primaryImageOfPage":{"@id":"https:\/\/planetetennis.fr\/product\/debardeur-melbourne-2024-chill-tank\/#primaryimage"},"image":{"@id":"https:\/\/planetetennis.fr\/product\/debardeur-melbourne-2024-chill-tank\/#primaryimage"},"thumbnailUrl":"https:\/\/planetetennis.fr\/wp-content\/uploads\/2024\/08\/deb-melbourne.jpg","datePublished":"2024-08-07T07:08:44+00:00","dateModified":"2024-12-05T08:54:17+00:00","breadcrumb":{"@id":"https:\/\/planetetennis.fr\/product\/debardeur-melbourne-2024-chill-tank\/#breadcrumb"},"inLanguage":"es-ES","potentialAction":[{"@type":"ReadAction","target":["https:\/\/planetetennis.fr\/product\/debardeur-melbourne-2024-chill-tank\/"]}]},{"@type":"ImageObject","inLanguage":"es-ES","@id":"https:\/\/planetetennis.fr\/product\/debardeur-melbourne-2024-chill-tank\/#primaryimage","url":"https:\/\/planetetennis.fr\/wp-content\/uploads\/2024\/08\/deb-melbourne.jpg","contentUrl":"https:\/\/planetetennis.fr\/wp-content\/uploads\/2024\/08\/deb-melbourne.jpg","width":800,"height":1000},{"@type":"BreadcrumbList","@id":"https:\/\/planetetennis.fr\/product\/debardeur-melbourne-2024-chill-tank\/#breadcrumb","itemListElement":[{"@type":"ListItem","position":1,"name":"Accueil","item":"https:\/\/planetetennis.fr\/"},{"@type":"ListItem","position":2,"name":"Nos produits","item":"https:\/\/planetetennis.fr\/produits\/"},{"@type":"ListItem","position":3,"name":"D\u00e9bardeur Melbourne 2024 Chill Tank"}]},{"@type":"WebSite","@id":"https:\/\/planetetennis.fr\/#website","url":"https:\/\/planetetennis.fr\/","name":"Planeta tenis","description":"Cordages de tennis monofilament fran\u00e7ais","publisher":{"@id":"https:\/\/planetetennis.fr\/#organization"},"potentialAction":[{"@type":"SearchAction","target":{"@type":"EntryPoint","urlTemplate":"https:\/\/planetetennis.fr\/?s={search_term_string}"},"query-input":{"@type":"PropertyValueSpecification","valueRequired":true,"valueName":"search_term_string"}}],"inLanguage":"es-ES"},{"@type":"Organization","@id":"https:\/\/planetetennis.fr\/#organization","name":"Planeta tenis","url":"https:\/\/planetetennis.fr\/","logo":{"@type":"ImageObject","inLanguage":"es-ES","@id":"https:\/\/planetetennis.fr\/#\/schema\/logo\/image\/","url":"https:\/\/planetetennis.fr\/wp-content\/uploads\/2021\/10\/logocolor03.png","contentUrl":"https:\/\/planetetennis.fr\/wp-content\/uploads\/2021\/10\/logocolor03.png","width":230,"height":58,"caption":"Planetetennis"},"image":{"@id":"https:\/\/planetetennis.fr\/#\/schema\/logo\/image\/"}}]}},"_links":{"self":[{"href":"https:\/\/planetetennis.fr\/es\/wp-json\/wp\/v2\/product\/16675","targetHints":{"allow":["GET"]}}],"collection":[{"href":"https:\/\/planetetennis.fr\/es\/wp-json\/wp\/v2\/product"}],"about":[{"href":"https:\/\/planetetennis.fr\/es\/wp-json\/wp\/v2\/types\/product"}],"replies":[{"embeddable":true,"href":"https:\/\/planetetennis.fr\/es\/wp-json\/wp\/v2\/comments?post=16675"}],"wp:featuredmedia":[{"embeddable":true,"href":"https:\/\/planetetennis.fr\/es\/wp-json\/wp\/v2\/media\/16680"}],"wp:attachment":[{"href":"https:\/\/planetetennis.fr\/es\/wp-json\/wp\/v2\/media?parent=16675"}],"wp:term":[{"taxonomy":"product_brand","embeddable":true,"href":"https:\/\/planetetennis.fr\/es\/wp-json\/wp\/v2\/product_brand?post=16675"},{"taxonomy":"product_cat","embeddable":true,"href":"https:\/\/planetetennis.fr\/es\/wp-json\/wp\/v2\/product_cat?post=16675"},{"taxonomy":"product_tag","embeddable":true,"href":"https:\/\/planetetennis.fr\/es\/wp-json\/wp\/v2\/product_tag?post=16675"}],"curies":[{"name":"wp","href":"https:\/\/api.w.org\/{rel}","templated":true}]}}