{"id":16681,"date":"2024-08-07T07:14:51","date_gmt":"2024-08-07T07:14:51","guid":{"rendered":"https:\/\/planetetennis.fr\/?post_type=product&#038;p=16681"},"modified":"2024-11-09T15:34:58","modified_gmt":"2024-11-09T15:34:58","slug":"debardeur-melbourne-2024tank","status":"publish","type":"product","link":"https:\/\/planetetennis.fr\/es\/product\/debardeur-melbourne-2024tank\/","title":{"rendered":"D\u00e9bardeur Melbourne 2024 Tank"},"content":{"rendered":"","protected":false},"excerpt":{"rendered":"<p>Melbourne marque le d\u00e9but d&#8217;une nouvelle saison de tennis. Le tournoi et la ville elle-m\u00eame impressionnent chaque ann\u00e9e les fans de tennis du monde entier. Notre design capture une partie de cette magie et repr\u00e9sente notre interpr\u00e9tation de Melbourne la nuit. Les lumi\u00e8res color\u00e9es sont omnipr\u00e9sentes, se confondent les unes avec les autres et transmettent cette sensation de grande ville.<br \/>\nLa coupe est classique, ajust\u00e9e et moulante, mais pas trop serr\u00e9e. Le design inhabituel du dos nageur permet une totale libert\u00e9 de mouvement au niveau des \u00e9paules, ce qui vous permet de r\u00e9ussir tous vos coups.<br \/>\nLe tissu l\u00e9g\u00e8rement structur\u00e9 garantit une sensation de s\u00e9cheresse agr\u00e9able. Une d\u00e9coupe strat\u00e9giquement plac\u00e9e dans le dos assure \u00e9galement une meilleure respirabilit\u00e9.<br \/>\nLe polyester de cet article est fabriqu\u00e9 \u00e0 partir de fibres recycl\u00e9es.<\/p>\n<p>&#8211; Coupe moulante, cintr\u00e9e et ample &#8211; Encolure dos nageur \u00e9vas\u00e9e &#8211; D\u00e9coupe au dos pour une meilleure respirabilit\u00e9 &#8211; Coupe l\u00e9g\u00e8rement plus longue dans le dos que devant &#8211; Bretelles d\u00e9cal\u00e9es &#8211; Col rond &#8211; Tissu textur\u00e9<\/p>","protected":false},"featured_media":16686,"comment_status":"open","ping_status":"closed","template":"","meta":{"_monsterinsights_skip_tracking":false,"_monsterinsights_sitenote_active":false,"_monsterinsights_sitenote_note":"","_monsterinsights_sitenote_category":0},"product_brand":[],"product_cat":[442,605],"product_tag":[],"class_list":{"0":"post-16681","1":"product","2":"type-product","3":"status-publish","4":"has-post-thumbnail","6":"product_cat-bidi-badu-store","7":"product_cat-bonnes-affaires-bidi-badu-store","9":"first","10":"instock","11":"sale","12":"taxable","13":"shipping-taxable","14":"purchasable","15":"product-type-variable"},"yoast_head":"<!-- This site is optimized with the Yoast SEO plugin v27.4 - https:\/\/yoast.com\/product\/yoast-seo-wordpress\/ -->\n<title>D\u00e9bardeur Melbourne 2024 Tank - Planetetennis<\/title>\n<meta name=\"robots\" content=\"index, follow, max-snippet:-1, max-image-preview:large, max-video-preview:-1\" \/>\n<link rel=\"canonical\" href=\"https:\/\/planetetennis.fr\/es\/product\/debardeur-melbourne-2024tank\/\" \/>\n<meta property=\"og:locale\" content=\"es_ES\" \/>\n<meta property=\"og:type\" content=\"article\" \/>\n<meta property=\"og:title\" content=\"D\u00e9bardeur Melbourne 2024 Tank - Planetetennis\" \/>\n<meta property=\"og:description\" content=\"Melbourne marque le d\u00e9but d&#039;une nouvelle saison de tennis. Le tournoi et la ville elle-m\u00eame impressionnent chaque ann\u00e9e les fans de tennis du monde entier. Notre design capture une partie de cette magie et repr\u00e9sente notre interpr\u00e9tation de Melbourne la nuit. Les lumi\u00e8res color\u00e9es sont omnipr\u00e9sentes, se confondent les unes avec les autres et transmettent cette sensation de grande ville. La coupe est classique, ajust\u00e9e et moulante, mais pas trop serr\u00e9e. Le design inhabituel du dos nageur permet une totale libert\u00e9 de mouvement au niveau des \u00e9paules, ce qui vous permet de r\u00e9ussir tous vos coups. Le tissu l\u00e9g\u00e8rement structur\u00e9 garantit une sensation de s\u00e9cheresse agr\u00e9able. Une d\u00e9coupe strat\u00e9giquement plac\u00e9e dans le dos assure \u00e9galement une meilleure respirabilit\u00e9. Le polyester de cet article est fabriqu\u00e9 \u00e0 partir de fibres recycl\u00e9es.  - Coupe moulante, cintr\u00e9e et ample - Encolure dos nageur \u00e9vas\u00e9e - D\u00e9coupe au dos pour une meilleure respirabilit\u00e9 - Coupe l\u00e9g\u00e8rement plus longue dans le dos que devant - Bretelles d\u00e9cal\u00e9es - Col rond - Tissu textur\u00e9\" \/>\n<meta property=\"og:url\" content=\"https:\/\/planetetennis.fr\/es\/product\/debardeur-melbourne-2024tank\/\" \/>\n<meta property=\"og:site_name\" content=\"Planetetennis\" \/>\n<meta property=\"article:modified_time\" content=\"2024-11-09T15:34:58+00:00\" \/>\n<meta property=\"og:image\" content=\"https:\/\/planetetennis.fr\/wp-content\/uploads\/2024\/08\/debardeur-technique-melbourtne.jpg\" \/>\n\t<meta property=\"og:image:width\" content=\"800\" \/>\n\t<meta property=\"og:image:height\" content=\"1152\" \/>\n\t<meta property=\"og:image:type\" content=\"image\/jpeg\" \/>\n<meta name=\"twitter:card\" content=\"summary_large_image\" \/>\n<script type=\"application\/ld+json\" class=\"yoast-schema-graph\">{\"@context\":\"https:\\\/\\\/schema.org\",\"@graph\":[{\"@type\":\"WebPage\",\"@id\":\"https:\\\/\\\/planetetennis.fr\\\/product\\\/debardeur-melbourne-2024tank\\\/\",\"url\":\"https:\\\/\\\/planetetennis.fr\\\/product\\\/debardeur-melbourne-2024tank\\\/\",\"name\":\"D\u00e9bardeur Melbourne 2024 Tank - Planetetennis\",\"isPartOf\":{\"@id\":\"https:\\\/\\\/planetetennis.fr\\\/#website\"},\"primaryImageOfPage\":{\"@id\":\"https:\\\/\\\/planetetennis.fr\\\/product\\\/debardeur-melbourne-2024tank\\\/#primaryimage\"},\"image\":{\"@id\":\"https:\\\/\\\/planetetennis.fr\\\/product\\\/debardeur-melbourne-2024tank\\\/#primaryimage\"},\"thumbnailUrl\":\"https:\\\/\\\/planetetennis.fr\\\/wp-content\\\/uploads\\\/2024\\\/08\\\/debardeur-technique-melbourtne.jpg\",\"datePublished\":\"2024-08-07T07:14:51+00:00\",\"dateModified\":\"2024-11-09T15:34:58+00:00\",\"breadcrumb\":{\"@id\":\"https:\\\/\\\/planetetennis.fr\\\/product\\\/debardeur-melbourne-2024tank\\\/#breadcrumb\"},\"inLanguage\":\"es-ES\",\"potentialAction\":[{\"@type\":\"ReadAction\",\"target\":[\"https:\\\/\\\/planetetennis.fr\\\/product\\\/debardeur-melbourne-2024tank\\\/\"]}]},{\"@type\":\"ImageObject\",\"inLanguage\":\"es-ES\",\"@id\":\"https:\\\/\\\/planetetennis.fr\\\/product\\\/debardeur-melbourne-2024tank\\\/#primaryimage\",\"url\":\"https:\\\/\\\/planetetennis.fr\\\/wp-content\\\/uploads\\\/2024\\\/08\\\/debardeur-technique-melbourtne.jpg\",\"contentUrl\":\"https:\\\/\\\/planetetennis.fr\\\/wp-content\\\/uploads\\\/2024\\\/08\\\/debardeur-technique-melbourtne.jpg\",\"width\":800,\"height\":1152},{\"@type\":\"BreadcrumbList\",\"@id\":\"https:\\\/\\\/planetetennis.fr\\\/product\\\/debardeur-melbourne-2024tank\\\/#breadcrumb\",\"itemListElement\":[{\"@type\":\"ListItem\",\"position\":1,\"name\":\"Accueil\",\"item\":\"https:\\\/\\\/planetetennis.fr\\\/\"},{\"@type\":\"ListItem\",\"position\":2,\"name\":\"Nos produits\",\"item\":\"https:\\\/\\\/planetetennis.fr\\\/produits\\\/\"},{\"@type\":\"ListItem\",\"position\":3,\"name\":\"D\u00e9bardeur Melbourne 2024 Tank\"}]},{\"@type\":\"WebSite\",\"@id\":\"https:\\\/\\\/planetetennis.fr\\\/#website\",\"url\":\"https:\\\/\\\/planetetennis.fr\\\/\",\"name\":\"Planetetennis\",\"description\":\"Cordages de tennis monofilament fran\u00e7ais\",\"publisher\":{\"@id\":\"https:\\\/\\\/planetetennis.fr\\\/#organization\"},\"potentialAction\":[{\"@type\":\"SearchAction\",\"target\":{\"@type\":\"EntryPoint\",\"urlTemplate\":\"https:\\\/\\\/planetetennis.fr\\\/?s={search_term_string}\"},\"query-input\":{\"@type\":\"PropertyValueSpecification\",\"valueRequired\":true,\"valueName\":\"search_term_string\"}}],\"inLanguage\":\"es-ES\"},{\"@type\":\"Organization\",\"@id\":\"https:\\\/\\\/planetetennis.fr\\\/#organization\",\"name\":\"Planetetennis\",\"url\":\"https:\\\/\\\/planetetennis.fr\\\/\",\"logo\":{\"@type\":\"ImageObject\",\"inLanguage\":\"es-ES\",\"@id\":\"https:\\\/\\\/planetetennis.fr\\\/#\\\/schema\\\/logo\\\/image\\\/\",\"url\":\"https:\\\/\\\/planetetennis.fr\\\/wp-content\\\/uploads\\\/2021\\\/10\\\/logocolor03.png\",\"contentUrl\":\"https:\\\/\\\/planetetennis.fr\\\/wp-content\\\/uploads\\\/2021\\\/10\\\/logocolor03.png\",\"width\":230,\"height\":58,\"caption\":\"Planetetennis\"},\"image\":{\"@id\":\"https:\\\/\\\/planetetennis.fr\\\/#\\\/schema\\\/logo\\\/image\\\/\"}}]}<\/script>\n<!-- \/ Yoast SEO plugin. -->","yoast_head_json":{"title":"D\u00e9bardeur Melbourne 2024 Tank - Planetetennis","robots":{"index":"index","follow":"follow","max-snippet":"max-snippet:-1","max-image-preview":"max-image-preview:large","max-video-preview":"max-video-preview:-1"},"canonical":"https:\/\/planetetennis.fr\/es\/product\/debardeur-melbourne-2024tank\/","og_locale":"es_ES","og_type":"article","og_title":"D\u00e9bardeur Melbourne 2024 Tank - Planetetennis","og_description":"Melbourne marque le d\u00e9but d'une nouvelle saison de tennis. Le tournoi et la ville elle-m\u00eame impressionnent chaque ann\u00e9e les fans de tennis du monde entier. Notre design capture une partie de cette magie et repr\u00e9sente notre interpr\u00e9tation de Melbourne la nuit. Les lumi\u00e8res color\u00e9es sont omnipr\u00e9sentes, se confondent les unes avec les autres et transmettent cette sensation de grande ville. La coupe est classique, ajust\u00e9e et moulante, mais pas trop serr\u00e9e. Le design inhabituel du dos nageur permet une totale libert\u00e9 de mouvement au niveau des \u00e9paules, ce qui vous permet de r\u00e9ussir tous vos coups. Le tissu l\u00e9g\u00e8rement structur\u00e9 garantit une sensation de s\u00e9cheresse agr\u00e9able. Une d\u00e9coupe strat\u00e9giquement plac\u00e9e dans le dos assure \u00e9galement une meilleure respirabilit\u00e9. Le polyester de cet article est fabriqu\u00e9 \u00e0 partir de fibres recycl\u00e9es.  - Coupe moulante, cintr\u00e9e et ample - Encolure dos nageur \u00e9vas\u00e9e - D\u00e9coupe au dos pour une meilleure respirabilit\u00e9 - Coupe l\u00e9g\u00e8rement plus longue dans le dos que devant - Bretelles d\u00e9cal\u00e9es - Col rond - Tissu textur\u00e9","og_url":"https:\/\/planetetennis.fr\/es\/product\/debardeur-melbourne-2024tank\/","og_site_name":"Planetetennis","article_modified_time":"2024-11-09T15:34:58+00:00","og_image":[{"width":800,"height":1152,"url":"https:\/\/planetetennis.fr\/wp-content\/uploads\/2024\/08\/debardeur-technique-melbourtne.jpg","type":"image\/jpeg"}],"twitter_card":"summary_large_image","schema":{"@context":"https:\/\/schema.org","@graph":[{"@type":"WebPage","@id":"https:\/\/planetetennis.fr\/product\/debardeur-melbourne-2024tank\/","url":"https:\/\/planetetennis.fr\/product\/debardeur-melbourne-2024tank\/","name":"D\u00e9bardeur Melbourne 2024 Tank - Planetetennis","isPartOf":{"@id":"https:\/\/planetetennis.fr\/#website"},"primaryImageOfPage":{"@id":"https:\/\/planetetennis.fr\/product\/debardeur-melbourne-2024tank\/#primaryimage"},"image":{"@id":"https:\/\/planetetennis.fr\/product\/debardeur-melbourne-2024tank\/#primaryimage"},"thumbnailUrl":"https:\/\/planetetennis.fr\/wp-content\/uploads\/2024\/08\/debardeur-technique-melbourtne.jpg","datePublished":"2024-08-07T07:14:51+00:00","dateModified":"2024-11-09T15:34:58+00:00","breadcrumb":{"@id":"https:\/\/planetetennis.fr\/product\/debardeur-melbourne-2024tank\/#breadcrumb"},"inLanguage":"es-ES","potentialAction":[{"@type":"ReadAction","target":["https:\/\/planetetennis.fr\/product\/debardeur-melbourne-2024tank\/"]}]},{"@type":"ImageObject","inLanguage":"es-ES","@id":"https:\/\/planetetennis.fr\/product\/debardeur-melbourne-2024tank\/#primaryimage","url":"https:\/\/planetetennis.fr\/wp-content\/uploads\/2024\/08\/debardeur-technique-melbourtne.jpg","contentUrl":"https:\/\/planetetennis.fr\/wp-content\/uploads\/2024\/08\/debardeur-technique-melbourtne.jpg","width":800,"height":1152},{"@type":"BreadcrumbList","@id":"https:\/\/planetetennis.fr\/product\/debardeur-melbourne-2024tank\/#breadcrumb","itemListElement":[{"@type":"ListItem","position":1,"name":"Accueil","item":"https:\/\/planetetennis.fr\/"},{"@type":"ListItem","position":2,"name":"Nos produits","item":"https:\/\/planetetennis.fr\/produits\/"},{"@type":"ListItem","position":3,"name":"D\u00e9bardeur Melbourne 2024 Tank"}]},{"@type":"WebSite","@id":"https:\/\/planetetennis.fr\/#website","url":"https:\/\/planetetennis.fr\/","name":"Planeta tenis","description":"Cordages de tennis monofilament fran\u00e7ais","publisher":{"@id":"https:\/\/planetetennis.fr\/#organization"},"potentialAction":[{"@type":"SearchAction","target":{"@type":"EntryPoint","urlTemplate":"https:\/\/planetetennis.fr\/?s={search_term_string}"},"query-input":{"@type":"PropertyValueSpecification","valueRequired":true,"valueName":"search_term_string"}}],"inLanguage":"es-ES"},{"@type":"Organization","@id":"https:\/\/planetetennis.fr\/#organization","name":"Planeta tenis","url":"https:\/\/planetetennis.fr\/","logo":{"@type":"ImageObject","inLanguage":"es-ES","@id":"https:\/\/planetetennis.fr\/#\/schema\/logo\/image\/","url":"https:\/\/planetetennis.fr\/wp-content\/uploads\/2021\/10\/logocolor03.png","contentUrl":"https:\/\/planetetennis.fr\/wp-content\/uploads\/2021\/10\/logocolor03.png","width":230,"height":58,"caption":"Planetetennis"},"image":{"@id":"https:\/\/planetetennis.fr\/#\/schema\/logo\/image\/"}}]}},"_links":{"self":[{"href":"https:\/\/planetetennis.fr\/es\/wp-json\/wp\/v2\/product\/16681","targetHints":{"allow":["GET"]}}],"collection":[{"href":"https:\/\/planetetennis.fr\/es\/wp-json\/wp\/v2\/product"}],"about":[{"href":"https:\/\/planetetennis.fr\/es\/wp-json\/wp\/v2\/types\/product"}],"replies":[{"embeddable":true,"href":"https:\/\/planetetennis.fr\/es\/wp-json\/wp\/v2\/comments?post=16681"}],"wp:featuredmedia":[{"embeddable":true,"href":"https:\/\/planetetennis.fr\/es\/wp-json\/wp\/v2\/media\/16686"}],"wp:attachment":[{"href":"https:\/\/planetetennis.fr\/es\/wp-json\/wp\/v2\/media?parent=16681"}],"wp:term":[{"taxonomy":"product_brand","embeddable":true,"href":"https:\/\/planetetennis.fr\/es\/wp-json\/wp\/v2\/product_brand?post=16681"},{"taxonomy":"product_cat","embeddable":true,"href":"https:\/\/planetetennis.fr\/es\/wp-json\/wp\/v2\/product_cat?post=16681"},{"taxonomy":"product_tag","embeddable":true,"href":"https:\/\/planetetennis.fr\/es\/wp-json\/wp\/v2\/product_tag?post=16681"}],"curies":[{"name":"wp","href":"https:\/\/api.w.org\/{rel}","templated":true}]}}