{"id":16687,"date":"2024-08-07T07:19:22","date_gmt":"2024-08-07T07:19:22","guid":{"rendered":"https:\/\/planetetennis.fr\/?post_type=product&#038;p=16687"},"modified":"2024-12-05T08:55:55","modified_gmt":"2024-12-05T08:55:55","slug":"melbourne-2024-printed-2in1-shorts","status":"publish","type":"product","link":"https:\/\/planetetennis.fr\/es\/product\/melbourne-2024-printed-2in1-shorts\/","title":{"rendered":"Melbourne 2024 Printed 2In1 Shorts"},"content":{"rendered":"","protected":false},"excerpt":{"rendered":"<p>Vous \u00eates plut\u00f4t du genre short ? Alors vous trouverez votre partenaire id\u00e9al dans ce short 2 en 1.<br \/>\nGr\u00e2ce au mat\u00e9riau extensible confortable et absorbant l&#8217;humidit\u00e9, vous pouvez vous concentrer pleinement sur le jeu. La mati\u00e8re est l\u00e9g\u00e8rement structur\u00e9e et les larges poignets \u00e9lastiques vous offrent un ajustement confortable. La culotte int\u00e9gr\u00e9e offre un confort suppl\u00e9mentaire et est id\u00e9ale comme porte-ballon.<br \/>\nLe polyester de cet article est fabriqu\u00e9 \u00e0 partir de fibres recycl\u00e9es.<\/p>\n<p>&#8211; Coupe droite, ample, taille haute<br \/>\n&#8211; Short balle int\u00e9gr\u00e9 visible l\u00e9g\u00e8rement plus long<br \/>\n&#8211; Fentes sur les c\u00f4t\u00e9s pour plus de libert\u00e9 de mouvement<br \/>\n&#8211; Taille \u00e9lastique pour un ajustement confortable<br \/>\n&#8211; Tissu structur\u00e9<\/p>","protected":false},"featured_media":16692,"comment_status":"open","ping_status":"closed","template":"","meta":{"_monsterinsights_skip_tracking":false,"_monsterinsights_sitenote_active":false,"_monsterinsights_sitenote_note":"","_monsterinsights_sitenote_category":0},"product_brand":[],"product_cat":[442,605],"product_tag":[],"class_list":{"0":"post-16687","1":"product","2":"type-product","3":"status-publish","4":"has-post-thumbnail","6":"product_cat-bidi-badu-store","7":"product_cat-bonnes-affaires-bidi-badu-store","9":"first","10":"instock","11":"sale","12":"taxable","13":"shipping-taxable","14":"purchasable","15":"product-type-variable"},"yoast_head":"<!-- This site is optimized with the Yoast SEO plugin v27.4 - https:\/\/yoast.com\/product\/yoast-seo-wordpress\/ -->\n<title>Melbourne 2024 Printed 2In1 Shorts - Planetetennis<\/title>\n<meta name=\"robots\" content=\"index, follow, max-snippet:-1, max-image-preview:large, max-video-preview:-1\" \/>\n<link rel=\"canonical\" href=\"https:\/\/planetetennis.fr\/es\/product\/melbourne-2024-printed-2in1-shorts\/\" \/>\n<meta property=\"og:locale\" content=\"es_ES\" \/>\n<meta property=\"og:type\" content=\"article\" \/>\n<meta property=\"og:title\" content=\"Melbourne 2024 Printed 2In1 Shorts - Planetetennis\" \/>\n<meta property=\"og:description\" content=\"Vous \u00eates plut\u00f4t du genre short ? Alors vous trouverez votre partenaire id\u00e9al dans ce short 2 en 1. Gr\u00e2ce au mat\u00e9riau extensible confortable et absorbant l&#039;humidit\u00e9, vous pouvez vous concentrer pleinement sur le jeu. La mati\u00e8re est l\u00e9g\u00e8rement structur\u00e9e et les larges poignets \u00e9lastiques vous offrent un ajustement confortable. La culotte int\u00e9gr\u00e9e offre un confort suppl\u00e9mentaire et est id\u00e9ale comme porte-ballon. Le polyester de cet article est fabriqu\u00e9 \u00e0 partir de fibres recycl\u00e9es.  - Coupe droite, ample, taille haute - Short balle int\u00e9gr\u00e9 visible l\u00e9g\u00e8rement plus long - Fentes sur les c\u00f4t\u00e9s pour plus de libert\u00e9 de mouvement - Taille \u00e9lastique pour un ajustement confortable - Tissu structur\u00e9\" \/>\n<meta property=\"og:url\" content=\"https:\/\/planetetennis.fr\/es\/product\/melbourne-2024-printed-2in1-shorts\/\" \/>\n<meta property=\"og:site_name\" content=\"Planetetennis\" \/>\n<meta property=\"article:modified_time\" content=\"2024-12-05T08:55:55+00:00\" \/>\n<meta property=\"og:image\" content=\"https:\/\/planetetennis.fr\/wp-content\/uploads\/2024\/08\/short-elbourne.jpg\" \/>\n\t<meta property=\"og:image:width\" content=\"800\" \/>\n\t<meta property=\"og:image:height\" content=\"1000\" \/>\n\t<meta property=\"og:image:type\" content=\"image\/jpeg\" \/>\n<meta name=\"twitter:card\" content=\"summary_large_image\" \/>\n<script type=\"application\/ld+json\" class=\"yoast-schema-graph\">{\"@context\":\"https:\\\/\\\/schema.org\",\"@graph\":[{\"@type\":\"WebPage\",\"@id\":\"https:\\\/\\\/planetetennis.fr\\\/product\\\/melbourne-2024-printed-2in1-shorts\\\/\",\"url\":\"https:\\\/\\\/planetetennis.fr\\\/product\\\/melbourne-2024-printed-2in1-shorts\\\/\",\"name\":\"Melbourne 2024 Printed 2In1 Shorts - Planetetennis\",\"isPartOf\":{\"@id\":\"https:\\\/\\\/planetetennis.fr\\\/#website\"},\"primaryImageOfPage\":{\"@id\":\"https:\\\/\\\/planetetennis.fr\\\/product\\\/melbourne-2024-printed-2in1-shorts\\\/#primaryimage\"},\"image\":{\"@id\":\"https:\\\/\\\/planetetennis.fr\\\/product\\\/melbourne-2024-printed-2in1-shorts\\\/#primaryimage\"},\"thumbnailUrl\":\"https:\\\/\\\/planetetennis.fr\\\/wp-content\\\/uploads\\\/2024\\\/08\\\/short-elbourne.jpg\",\"datePublished\":\"2024-08-07T07:19:22+00:00\",\"dateModified\":\"2024-12-05T08:55:55+00:00\",\"breadcrumb\":{\"@id\":\"https:\\\/\\\/planetetennis.fr\\\/product\\\/melbourne-2024-printed-2in1-shorts\\\/#breadcrumb\"},\"inLanguage\":\"es-ES\",\"potentialAction\":[{\"@type\":\"ReadAction\",\"target\":[\"https:\\\/\\\/planetetennis.fr\\\/product\\\/melbourne-2024-printed-2in1-shorts\\\/\"]}]},{\"@type\":\"ImageObject\",\"inLanguage\":\"es-ES\",\"@id\":\"https:\\\/\\\/planetetennis.fr\\\/product\\\/melbourne-2024-printed-2in1-shorts\\\/#primaryimage\",\"url\":\"https:\\\/\\\/planetetennis.fr\\\/wp-content\\\/uploads\\\/2024\\\/08\\\/short-elbourne.jpg\",\"contentUrl\":\"https:\\\/\\\/planetetennis.fr\\\/wp-content\\\/uploads\\\/2024\\\/08\\\/short-elbourne.jpg\",\"width\":800,\"height\":1000},{\"@type\":\"BreadcrumbList\",\"@id\":\"https:\\\/\\\/planetetennis.fr\\\/product\\\/melbourne-2024-printed-2in1-shorts\\\/#breadcrumb\",\"itemListElement\":[{\"@type\":\"ListItem\",\"position\":1,\"name\":\"Accueil\",\"item\":\"https:\\\/\\\/planetetennis.fr\\\/\"},{\"@type\":\"ListItem\",\"position\":2,\"name\":\"Nos produits\",\"item\":\"https:\\\/\\\/planetetennis.fr\\\/produits\\\/\"},{\"@type\":\"ListItem\",\"position\":3,\"name\":\"Melbourne 2024 Printed 2In1 Shorts\"}]},{\"@type\":\"WebSite\",\"@id\":\"https:\\\/\\\/planetetennis.fr\\\/#website\",\"url\":\"https:\\\/\\\/planetetennis.fr\\\/\",\"name\":\"Planetetennis\",\"description\":\"Cordages de tennis monofilament fran\u00e7ais\",\"publisher\":{\"@id\":\"https:\\\/\\\/planetetennis.fr\\\/#organization\"},\"potentialAction\":[{\"@type\":\"SearchAction\",\"target\":{\"@type\":\"EntryPoint\",\"urlTemplate\":\"https:\\\/\\\/planetetennis.fr\\\/?s={search_term_string}\"},\"query-input\":{\"@type\":\"PropertyValueSpecification\",\"valueRequired\":true,\"valueName\":\"search_term_string\"}}],\"inLanguage\":\"es-ES\"},{\"@type\":\"Organization\",\"@id\":\"https:\\\/\\\/planetetennis.fr\\\/#organization\",\"name\":\"Planetetennis\",\"url\":\"https:\\\/\\\/planetetennis.fr\\\/\",\"logo\":{\"@type\":\"ImageObject\",\"inLanguage\":\"es-ES\",\"@id\":\"https:\\\/\\\/planetetennis.fr\\\/#\\\/schema\\\/logo\\\/image\\\/\",\"url\":\"https:\\\/\\\/planetetennis.fr\\\/wp-content\\\/uploads\\\/2021\\\/10\\\/logocolor03.png\",\"contentUrl\":\"https:\\\/\\\/planetetennis.fr\\\/wp-content\\\/uploads\\\/2021\\\/10\\\/logocolor03.png\",\"width\":230,\"height\":58,\"caption\":\"Planetetennis\"},\"image\":{\"@id\":\"https:\\\/\\\/planetetennis.fr\\\/#\\\/schema\\\/logo\\\/image\\\/\"}}]}<\/script>\n<!-- \/ Yoast SEO plugin. -->","yoast_head_json":{"title":"Melbourne 2024 Printed 2In1 Shorts - Planetetennis","robots":{"index":"index","follow":"follow","max-snippet":"max-snippet:-1","max-image-preview":"max-image-preview:large","max-video-preview":"max-video-preview:-1"},"canonical":"https:\/\/planetetennis.fr\/es\/product\/melbourne-2024-printed-2in1-shorts\/","og_locale":"es_ES","og_type":"article","og_title":"Melbourne 2024 Printed 2In1 Shorts - Planetetennis","og_description":"Vous \u00eates plut\u00f4t du genre short ? Alors vous trouverez votre partenaire id\u00e9al dans ce short 2 en 1. Gr\u00e2ce au mat\u00e9riau extensible confortable et absorbant l'humidit\u00e9, vous pouvez vous concentrer pleinement sur le jeu. La mati\u00e8re est l\u00e9g\u00e8rement structur\u00e9e et les larges poignets \u00e9lastiques vous offrent un ajustement confortable. La culotte int\u00e9gr\u00e9e offre un confort suppl\u00e9mentaire et est id\u00e9ale comme porte-ballon. Le polyester de cet article est fabriqu\u00e9 \u00e0 partir de fibres recycl\u00e9es.  - Coupe droite, ample, taille haute - Short balle int\u00e9gr\u00e9 visible l\u00e9g\u00e8rement plus long - Fentes sur les c\u00f4t\u00e9s pour plus de libert\u00e9 de mouvement - Taille \u00e9lastique pour un ajustement confortable - Tissu structur\u00e9","og_url":"https:\/\/planetetennis.fr\/es\/product\/melbourne-2024-printed-2in1-shorts\/","og_site_name":"Planetetennis","article_modified_time":"2024-12-05T08:55:55+00:00","og_image":[{"width":800,"height":1000,"url":"https:\/\/planetetennis.fr\/wp-content\/uploads\/2024\/08\/short-elbourne.jpg","type":"image\/jpeg"}],"twitter_card":"summary_large_image","schema":{"@context":"https:\/\/schema.org","@graph":[{"@type":"WebPage","@id":"https:\/\/planetetennis.fr\/product\/melbourne-2024-printed-2in1-shorts\/","url":"https:\/\/planetetennis.fr\/product\/melbourne-2024-printed-2in1-shorts\/","name":"Melbourne 2024 Printed 2In1 Shorts - Planetetennis","isPartOf":{"@id":"https:\/\/planetetennis.fr\/#website"},"primaryImageOfPage":{"@id":"https:\/\/planetetennis.fr\/product\/melbourne-2024-printed-2in1-shorts\/#primaryimage"},"image":{"@id":"https:\/\/planetetennis.fr\/product\/melbourne-2024-printed-2in1-shorts\/#primaryimage"},"thumbnailUrl":"https:\/\/planetetennis.fr\/wp-content\/uploads\/2024\/08\/short-elbourne.jpg","datePublished":"2024-08-07T07:19:22+00:00","dateModified":"2024-12-05T08:55:55+00:00","breadcrumb":{"@id":"https:\/\/planetetennis.fr\/product\/melbourne-2024-printed-2in1-shorts\/#breadcrumb"},"inLanguage":"es-ES","potentialAction":[{"@type":"ReadAction","target":["https:\/\/planetetennis.fr\/product\/melbourne-2024-printed-2in1-shorts\/"]}]},{"@type":"ImageObject","inLanguage":"es-ES","@id":"https:\/\/planetetennis.fr\/product\/melbourne-2024-printed-2in1-shorts\/#primaryimage","url":"https:\/\/planetetennis.fr\/wp-content\/uploads\/2024\/08\/short-elbourne.jpg","contentUrl":"https:\/\/planetetennis.fr\/wp-content\/uploads\/2024\/08\/short-elbourne.jpg","width":800,"height":1000},{"@type":"BreadcrumbList","@id":"https:\/\/planetetennis.fr\/product\/melbourne-2024-printed-2in1-shorts\/#breadcrumb","itemListElement":[{"@type":"ListItem","position":1,"name":"Accueil","item":"https:\/\/planetetennis.fr\/"},{"@type":"ListItem","position":2,"name":"Nos produits","item":"https:\/\/planetetennis.fr\/produits\/"},{"@type":"ListItem","position":3,"name":"Melbourne 2024 Printed 2In1 Shorts"}]},{"@type":"WebSite","@id":"https:\/\/planetetennis.fr\/#website","url":"https:\/\/planetetennis.fr\/","name":"Planeta tenis","description":"Cordages de tennis monofilament fran\u00e7ais","publisher":{"@id":"https:\/\/planetetennis.fr\/#organization"},"potentialAction":[{"@type":"SearchAction","target":{"@type":"EntryPoint","urlTemplate":"https:\/\/planetetennis.fr\/?s={search_term_string}"},"query-input":{"@type":"PropertyValueSpecification","valueRequired":true,"valueName":"search_term_string"}}],"inLanguage":"es-ES"},{"@type":"Organization","@id":"https:\/\/planetetennis.fr\/#organization","name":"Planeta tenis","url":"https:\/\/planetetennis.fr\/","logo":{"@type":"ImageObject","inLanguage":"es-ES","@id":"https:\/\/planetetennis.fr\/#\/schema\/logo\/image\/","url":"https:\/\/planetetennis.fr\/wp-content\/uploads\/2021\/10\/logocolor03.png","contentUrl":"https:\/\/planetetennis.fr\/wp-content\/uploads\/2021\/10\/logocolor03.png","width":230,"height":58,"caption":"Planetetennis"},"image":{"@id":"https:\/\/planetetennis.fr\/#\/schema\/logo\/image\/"}}]}},"_links":{"self":[{"href":"https:\/\/planetetennis.fr\/es\/wp-json\/wp\/v2\/product\/16687","targetHints":{"allow":["GET"]}}],"collection":[{"href":"https:\/\/planetetennis.fr\/es\/wp-json\/wp\/v2\/product"}],"about":[{"href":"https:\/\/planetetennis.fr\/es\/wp-json\/wp\/v2\/types\/product"}],"replies":[{"embeddable":true,"href":"https:\/\/planetetennis.fr\/es\/wp-json\/wp\/v2\/comments?post=16687"}],"wp:featuredmedia":[{"embeddable":true,"href":"https:\/\/planetetennis.fr\/es\/wp-json\/wp\/v2\/media\/16692"}],"wp:attachment":[{"href":"https:\/\/planetetennis.fr\/es\/wp-json\/wp\/v2\/media?parent=16687"}],"wp:term":[{"taxonomy":"product_brand","embeddable":true,"href":"https:\/\/planetetennis.fr\/es\/wp-json\/wp\/v2\/product_brand?post=16687"},{"taxonomy":"product_cat","embeddable":true,"href":"https:\/\/planetetennis.fr\/es\/wp-json\/wp\/v2\/product_cat?post=16687"},{"taxonomy":"product_tag","embeddable":true,"href":"https:\/\/planetetennis.fr\/es\/wp-json\/wp\/v2\/product_tag?post=16687"}],"curies":[{"name":"wp","href":"https:\/\/api.w.org\/{rel}","templated":true}]}}