{"id":16693,"date":"2024-08-07T07:22:32","date_gmt":"2024-08-07T07:22:32","guid":{"rendered":"https:\/\/planetetennis.fr\/?post_type=product&#038;p=16693"},"modified":"2024-12-05T08:56:19","modified_gmt":"2024-12-05T08:56:19","slug":"paris-2024-debardeur-chill-tank","status":"publish","type":"product","link":"https:\/\/planetetennis.fr\/es\/product\/paris-2024-debardeur-chill-tank\/","title":{"rendered":"Paris 2024 D\u00e9bardeur Chill Tank"},"content":{"rendered":"","protected":false},"excerpt":{"rendered":"<p>Que vous vous pr\u00e9pariez pour une s\u00e9ance d&#8217;entra\u00eenement ou que vous appr\u00e9ciiez simplement le look d\u00e9contract\u00e9 et sportif, avec ce d\u00e9bardeur, vous bougerez avec style et ferez toujours le bon choix, sur le terrain comme en dehors. Il convainc par sa coupe normale pr\u00e8s du corps et son col rond pour un confort optimal. L&#8217;utilisation de coton doux garantit un confort maximal, tandis que la teneur en polyester garantit que vous restez agr\u00e9ablement au sec m\u00eame pendant les entra\u00eenements intensifs. Ce d\u00e9bardeur est \u00e9galement fabriqu\u00e9 \u00e0 partir de polyester recycl\u00e9.<\/p>\n<p>&#8211; Coupe ajust\u00e9e, pr\u00e8s du corps et ajust\u00e9e<br \/>\n&#8211; Dos nageur sportif pour une libert\u00e9 de mouvement optimale<br \/>\n&#8211; Encolure ronde<br \/>\n&#8211; Ourlet droit<\/p>","protected":false},"featured_media":16698,"comment_status":"open","ping_status":"closed","template":"","meta":{"_monsterinsights_skip_tracking":false,"_monsterinsights_sitenote_active":false,"_monsterinsights_sitenote_note":"","_monsterinsights_sitenote_category":0},"product_brand":[],"product_cat":[442,605],"product_tag":[],"class_list":{"0":"post-16693","1":"product","2":"type-product","3":"status-publish","4":"has-post-thumbnail","6":"product_cat-bidi-badu-store","7":"product_cat-bonnes-affaires-bidi-badu-store","9":"first","10":"instock","11":"sale","12":"taxable","13":"shipping-taxable","14":"purchasable","15":"product-type-variable"},"yoast_head":"<!-- This site is optimized with the Yoast SEO plugin v27.5 - https:\/\/yoast.com\/product\/yoast-seo-wordpress\/ -->\n<title>Paris 2024 D\u00e9bardeur Chill Tank - Planetetennis<\/title>\n<meta name=\"robots\" content=\"index, follow, max-snippet:-1, max-image-preview:large, max-video-preview:-1\" \/>\n<link rel=\"canonical\" href=\"https:\/\/planetetennis.fr\/es\/product\/paris-2024-debardeur-chill-tank\/\" \/>\n<meta property=\"og:locale\" content=\"es_ES\" \/>\n<meta property=\"og:type\" content=\"article\" \/>\n<meta property=\"og:title\" content=\"Paris 2024 D\u00e9bardeur Chill Tank - Planetetennis\" \/>\n<meta property=\"og:description\" content=\"Que vous vous pr\u00e9pariez pour une s\u00e9ance d&#039;entra\u00eenement ou que vous appr\u00e9ciiez simplement le look d\u00e9contract\u00e9 et sportif, avec ce d\u00e9bardeur, vous bougerez avec style et ferez toujours le bon choix, sur le terrain comme en dehors. Il convainc par sa coupe normale pr\u00e8s du corps et son col rond pour un confort optimal. L&#039;utilisation de coton doux garantit un confort maximal, tandis que la teneur en polyester garantit que vous restez agr\u00e9ablement au sec m\u00eame pendant les entra\u00eenements intensifs. Ce d\u00e9bardeur est \u00e9galement fabriqu\u00e9 \u00e0 partir de polyester recycl\u00e9.  - Coupe ajust\u00e9e, pr\u00e8s du corps et ajust\u00e9e - Dos nageur sportif pour une libert\u00e9 de mouvement optimale - Encolure ronde - Ourlet droit\" \/>\n<meta property=\"og:url\" content=\"https:\/\/planetetennis.fr\/es\/product\/paris-2024-debardeur-chill-tank\/\" \/>\n<meta property=\"og:site_name\" content=\"Planetetennis\" \/>\n<meta property=\"article:modified_time\" content=\"2024-12-05T08:56:19+00:00\" \/>\n<meta property=\"og:image\" content=\"https:\/\/planetetennis.fr\/wp-content\/uploads\/2024\/08\/eb-paris.jpg\" \/>\n\t<meta property=\"og:image:width\" content=\"800\" \/>\n\t<meta property=\"og:image:height\" content=\"1000\" \/>\n\t<meta property=\"og:image:type\" content=\"image\/jpeg\" \/>\n<meta name=\"twitter:card\" content=\"summary_large_image\" \/>\n<script type=\"application\/ld+json\" class=\"yoast-schema-graph\">{\"@context\":\"https:\\\/\\\/schema.org\",\"@graph\":[{\"@type\":\"WebPage\",\"@id\":\"https:\\\/\\\/planetetennis.fr\\\/product\\\/paris-2024-debardeur-chill-tank\\\/\",\"url\":\"https:\\\/\\\/planetetennis.fr\\\/product\\\/paris-2024-debardeur-chill-tank\\\/\",\"name\":\"Paris 2024 D\u00e9bardeur Chill Tank - Planetetennis\",\"isPartOf\":{\"@id\":\"https:\\\/\\\/planetetennis.fr\\\/#website\"},\"primaryImageOfPage\":{\"@id\":\"https:\\\/\\\/planetetennis.fr\\\/product\\\/paris-2024-debardeur-chill-tank\\\/#primaryimage\"},\"image\":{\"@id\":\"https:\\\/\\\/planetetennis.fr\\\/product\\\/paris-2024-debardeur-chill-tank\\\/#primaryimage\"},\"thumbnailUrl\":\"https:\\\/\\\/planetetennis.fr\\\/wp-content\\\/uploads\\\/2024\\\/08\\\/eb-paris.jpg\",\"datePublished\":\"2024-08-07T07:22:32+00:00\",\"dateModified\":\"2024-12-05T08:56:19+00:00\",\"breadcrumb\":{\"@id\":\"https:\\\/\\\/planetetennis.fr\\\/product\\\/paris-2024-debardeur-chill-tank\\\/#breadcrumb\"},\"inLanguage\":\"es-ES\",\"potentialAction\":[{\"@type\":\"ReadAction\",\"target\":[\"https:\\\/\\\/planetetennis.fr\\\/product\\\/paris-2024-debardeur-chill-tank\\\/\"]}]},{\"@type\":\"ImageObject\",\"inLanguage\":\"es-ES\",\"@id\":\"https:\\\/\\\/planetetennis.fr\\\/product\\\/paris-2024-debardeur-chill-tank\\\/#primaryimage\",\"url\":\"https:\\\/\\\/planetetennis.fr\\\/wp-content\\\/uploads\\\/2024\\\/08\\\/eb-paris.jpg\",\"contentUrl\":\"https:\\\/\\\/planetetennis.fr\\\/wp-content\\\/uploads\\\/2024\\\/08\\\/eb-paris.jpg\",\"width\":800,\"height\":1000},{\"@type\":\"BreadcrumbList\",\"@id\":\"https:\\\/\\\/planetetennis.fr\\\/product\\\/paris-2024-debardeur-chill-tank\\\/#breadcrumb\",\"itemListElement\":[{\"@type\":\"ListItem\",\"position\":1,\"name\":\"Accueil\",\"item\":\"https:\\\/\\\/planetetennis.fr\\\/\"},{\"@type\":\"ListItem\",\"position\":2,\"name\":\"Nos produits\",\"item\":\"https:\\\/\\\/planetetennis.fr\\\/produits\\\/\"},{\"@type\":\"ListItem\",\"position\":3,\"name\":\"Paris 2024 D\u00e9bardeur Chill Tank\"}]},{\"@type\":\"WebSite\",\"@id\":\"https:\\\/\\\/planetetennis.fr\\\/#website\",\"url\":\"https:\\\/\\\/planetetennis.fr\\\/\",\"name\":\"Planetetennis\",\"description\":\"Cordages de tennis monofilament fran\u00e7ais\",\"publisher\":{\"@id\":\"https:\\\/\\\/planetetennis.fr\\\/#organization\"},\"potentialAction\":[{\"@type\":\"SearchAction\",\"target\":{\"@type\":\"EntryPoint\",\"urlTemplate\":\"https:\\\/\\\/planetetennis.fr\\\/?s={search_term_string}\"},\"query-input\":{\"@type\":\"PropertyValueSpecification\",\"valueRequired\":true,\"valueName\":\"search_term_string\"}}],\"inLanguage\":\"es-ES\"},{\"@type\":\"Organization\",\"@id\":\"https:\\\/\\\/planetetennis.fr\\\/#organization\",\"name\":\"Planetetennis\",\"url\":\"https:\\\/\\\/planetetennis.fr\\\/\",\"logo\":{\"@type\":\"ImageObject\",\"inLanguage\":\"es-ES\",\"@id\":\"https:\\\/\\\/planetetennis.fr\\\/#\\\/schema\\\/logo\\\/image\\\/\",\"url\":\"https:\\\/\\\/planetetennis.fr\\\/wp-content\\\/uploads\\\/2021\\\/10\\\/logocolor03.png\",\"contentUrl\":\"https:\\\/\\\/planetetennis.fr\\\/wp-content\\\/uploads\\\/2021\\\/10\\\/logocolor03.png\",\"width\":230,\"height\":58,\"caption\":\"Planetetennis\"},\"image\":{\"@id\":\"https:\\\/\\\/planetetennis.fr\\\/#\\\/schema\\\/logo\\\/image\\\/\"}}]}<\/script>\n<!-- \/ Yoast SEO plugin. -->","yoast_head_json":{"title":"Paris 2024 D\u00e9bardeur Chill Tank - Planetetennis","robots":{"index":"index","follow":"follow","max-snippet":"max-snippet:-1","max-image-preview":"max-image-preview:large","max-video-preview":"max-video-preview:-1"},"canonical":"https:\/\/planetetennis.fr\/es\/product\/paris-2024-debardeur-chill-tank\/","og_locale":"es_ES","og_type":"article","og_title":"Paris 2024 D\u00e9bardeur Chill Tank - Planetetennis","og_description":"Que vous vous pr\u00e9pariez pour une s\u00e9ance d'entra\u00eenement ou que vous appr\u00e9ciiez simplement le look d\u00e9contract\u00e9 et sportif, avec ce d\u00e9bardeur, vous bougerez avec style et ferez toujours le bon choix, sur le terrain comme en dehors. Il convainc par sa coupe normale pr\u00e8s du corps et son col rond pour un confort optimal. L'utilisation de coton doux garantit un confort maximal, tandis que la teneur en polyester garantit que vous restez agr\u00e9ablement au sec m\u00eame pendant les entra\u00eenements intensifs. Ce d\u00e9bardeur est \u00e9galement fabriqu\u00e9 \u00e0 partir de polyester recycl\u00e9.  - Coupe ajust\u00e9e, pr\u00e8s du corps et ajust\u00e9e - Dos nageur sportif pour une libert\u00e9 de mouvement optimale - Encolure ronde - Ourlet droit","og_url":"https:\/\/planetetennis.fr\/es\/product\/paris-2024-debardeur-chill-tank\/","og_site_name":"Planetetennis","article_modified_time":"2024-12-05T08:56:19+00:00","og_image":[{"width":800,"height":1000,"url":"https:\/\/planetetennis.fr\/wp-content\/uploads\/2024\/08\/eb-paris.jpg","type":"image\/jpeg"}],"twitter_card":"summary_large_image","schema":{"@context":"https:\/\/schema.org","@graph":[{"@type":"WebPage","@id":"https:\/\/planetetennis.fr\/product\/paris-2024-debardeur-chill-tank\/","url":"https:\/\/planetetennis.fr\/product\/paris-2024-debardeur-chill-tank\/","name":"Paris 2024 D\u00e9bardeur Chill Tank - Planetetennis","isPartOf":{"@id":"https:\/\/planetetennis.fr\/#website"},"primaryImageOfPage":{"@id":"https:\/\/planetetennis.fr\/product\/paris-2024-debardeur-chill-tank\/#primaryimage"},"image":{"@id":"https:\/\/planetetennis.fr\/product\/paris-2024-debardeur-chill-tank\/#primaryimage"},"thumbnailUrl":"https:\/\/planetetennis.fr\/wp-content\/uploads\/2024\/08\/eb-paris.jpg","datePublished":"2024-08-07T07:22:32+00:00","dateModified":"2024-12-05T08:56:19+00:00","breadcrumb":{"@id":"https:\/\/planetetennis.fr\/product\/paris-2024-debardeur-chill-tank\/#breadcrumb"},"inLanguage":"es-ES","potentialAction":[{"@type":"ReadAction","target":["https:\/\/planetetennis.fr\/product\/paris-2024-debardeur-chill-tank\/"]}]},{"@type":"ImageObject","inLanguage":"es-ES","@id":"https:\/\/planetetennis.fr\/product\/paris-2024-debardeur-chill-tank\/#primaryimage","url":"https:\/\/planetetennis.fr\/wp-content\/uploads\/2024\/08\/eb-paris.jpg","contentUrl":"https:\/\/planetetennis.fr\/wp-content\/uploads\/2024\/08\/eb-paris.jpg","width":800,"height":1000},{"@type":"BreadcrumbList","@id":"https:\/\/planetetennis.fr\/product\/paris-2024-debardeur-chill-tank\/#breadcrumb","itemListElement":[{"@type":"ListItem","position":1,"name":"Accueil","item":"https:\/\/planetetennis.fr\/"},{"@type":"ListItem","position":2,"name":"Nos produits","item":"https:\/\/planetetennis.fr\/produits\/"},{"@type":"ListItem","position":3,"name":"Paris 2024 D\u00e9bardeur Chill Tank"}]},{"@type":"WebSite","@id":"https:\/\/planetetennis.fr\/#website","url":"https:\/\/planetetennis.fr\/","name":"Planeta tenis","description":"Cordages de tennis monofilament fran\u00e7ais","publisher":{"@id":"https:\/\/planetetennis.fr\/#organization"},"potentialAction":[{"@type":"SearchAction","target":{"@type":"EntryPoint","urlTemplate":"https:\/\/planetetennis.fr\/?s={search_term_string}"},"query-input":{"@type":"PropertyValueSpecification","valueRequired":true,"valueName":"search_term_string"}}],"inLanguage":"es-ES"},{"@type":"Organization","@id":"https:\/\/planetetennis.fr\/#organization","name":"Planeta tenis","url":"https:\/\/planetetennis.fr\/","logo":{"@type":"ImageObject","inLanguage":"es-ES","@id":"https:\/\/planetetennis.fr\/#\/schema\/logo\/image\/","url":"https:\/\/planetetennis.fr\/wp-content\/uploads\/2021\/10\/logocolor03.png","contentUrl":"https:\/\/planetetennis.fr\/wp-content\/uploads\/2021\/10\/logocolor03.png","width":230,"height":58,"caption":"Planetetennis"},"image":{"@id":"https:\/\/planetetennis.fr\/#\/schema\/logo\/image\/"}}]}},"_links":{"self":[{"href":"https:\/\/planetetennis.fr\/es\/wp-json\/wp\/v2\/product\/16693","targetHints":{"allow":["GET"]}}],"collection":[{"href":"https:\/\/planetetennis.fr\/es\/wp-json\/wp\/v2\/product"}],"about":[{"href":"https:\/\/planetetennis.fr\/es\/wp-json\/wp\/v2\/types\/product"}],"replies":[{"embeddable":true,"href":"https:\/\/planetetennis.fr\/es\/wp-json\/wp\/v2\/comments?post=16693"}],"wp:featuredmedia":[{"embeddable":true,"href":"https:\/\/planetetennis.fr\/es\/wp-json\/wp\/v2\/media\/16698"}],"wp:attachment":[{"href":"https:\/\/planetetennis.fr\/es\/wp-json\/wp\/v2\/media?parent=16693"}],"wp:term":[{"taxonomy":"product_brand","embeddable":true,"href":"https:\/\/planetetennis.fr\/es\/wp-json\/wp\/v2\/product_brand?post=16693"},{"taxonomy":"product_cat","embeddable":true,"href":"https:\/\/planetetennis.fr\/es\/wp-json\/wp\/v2\/product_cat?post=16693"},{"taxonomy":"product_tag","embeddable":true,"href":"https:\/\/planetetennis.fr\/es\/wp-json\/wp\/v2\/product_tag?post=16693"}],"curies":[{"name":"wp","href":"https:\/\/api.w.org\/{rel}","templated":true}]}}