{"id":16734,"date":"2024-08-30T14:28:06","date_gmt":"2024-08-30T14:28:06","guid":{"rendered":"https:\/\/planetetennis.fr\/?post_type=product&#038;p=16734"},"modified":"2026-02-17T18:39:23","modified_gmt":"2026-02-17T18:39:23","slug":"machine-a-corder-siboasi-s-3169-avec-pied","status":"publish","type":"product","link":"https:\/\/planetetennis.fr\/es\/product\/machine-a-corder-siboasi-s-3169-avec-pied\/","title":{"rendered":"Machine \u00e0 corder SIBOASI S-3169 avec pied"},"content":{"rendered":"<p>1. Fonction de traction constante Stable, auto-v\u00e9rification \u00e0 la mise sous tension, fonction de d\u00e9tection automatique des d\u00e9fauts\u00a0;<\/p>\n<p>2. Fonction de m\u00e9moire de stockage, quatre groupes de kg peuvent \u00eatre arbitrairement d\u00e9finis pour le stockage ;<\/p>\n<p>3. Configurez quatre ensembles de fonctions de pr\u00e9-\u00e9tirement pour r\u00e9duire les dommages aux cordes\u00a0;<\/p>\n<p>4. Fonction de m\u00e9moire des temps de traction et r\u00e9glage de la vitesse de traction \u00e0 trois vitesses\u00a0;<\/p>\n<p>5. R\u00e9glage du nouage et de l\u2019augmentation des kg, r\u00e9initialisation automatique apr\u00e8s le nouage et le cordage ;<\/p>\n<p>6. Fonction de r\u00e9glage \u00e0 trois niveaux du son des boutons\u00a0;<\/p>\n<p>7. Fonction de conversion KG\/LB\u00a0;<\/p>\n<p>8. Syst\u00e8me de serrage de raquette synchrone, positionnement en six points, force plus uniforme sur la raquette.<\/p>\n<p>9. Colonne suppl\u00e9mentaire d\u2019une hauteur de 10 cm en option pour les personnes de diff\u00e9rentes hauteurs<\/p>","protected":false},"excerpt":{"rendered":"<p>Les machines \u00e0 corder hautement sp\u00e9cialis\u00e9es de SIBOASI permettent de corder de mani\u00e8re optimale les raquettes de badminton, de squash et de tennis. Elles convainquent par leur facilit\u00e9 d&#8217;utilisation et sont r\u00e9guli\u00e8rement utilis\u00e9es lors de tournois de haut niveau par des cordeurs professionnels. La S3169 est notre meilleure machine \u00e0 corder les raquettes. Elle est \u00e9quip\u00e9e d&#8217;une interface LCD avec un panneau de commande en anglais et en chinois, d&#8217;un syst\u00e8me de contr\u00f4le intelligent Mirco-computer avec une fonction de correction automatique de la livre, pour assurer une pr\u00e9cision de \u00b10,1 livre. 4 jeux de m\u00e9moire de livres et 3 vitesses de cisaillement peuvent \u00eatre r\u00e9gl\u00e9s selon la demande de l&#8217;utilisateur.<\/p>\n<p>La machine \u00e0 corder les raquettes S3169 est \u00e9quip\u00e9e d&#8217;un syst\u00e8me de tension \u00e0 traction constante et d&#8217;une plaque de travail ronde avec un syst\u00e8me de clippage de raquette synchrone. La t\u00eate de cordage est \u00e9quip\u00e9e d&#8217;un syst\u00e8me de protection du cordage, qui peut \u00eatre ajust\u00e9 en fonction de l&#8217;itin\u00e9raire de cordage.<\/p>\n<p>En 2022, la machine \u00e0 corder S3169 a \u00e9t\u00e9 am\u00e9lior\u00e9e avec une meilleure t\u00eate de serrage, et peut \u00e9galement choisir d&#8217;augmenter la hauteur si les clients le souhaitent.<\/p>","protected":false},"featured_media":16740,"comment_status":"open","ping_status":"closed","template":"","meta":{"_monsterinsights_skip_tracking":false,"_monsterinsights_sitenote_active":false,"_monsterinsights_sitenote_note":"","_monsterinsights_sitenote_category":0},"product_brand":[],"product_cat":[318],"product_tag":[],"class_list":{"0":"post-16734","1":"product","2":"type-product","3":"status-publish","4":"has-post-thumbnail","6":"product_cat-machine-a-corder","8":"first","9":"instock","10":"taxable","11":"shipping-taxable","12":"purchasable","13":"product-type-simple"},"yoast_head":"<!-- This site is optimized with the Yoast SEO plugin v27.5 - https:\/\/yoast.com\/product\/yoast-seo-wordpress\/ -->\n<title>Machine \u00e0 corder SIBOASI S-3169 avec pied - Planetetennis<\/title>\n<meta name=\"robots\" content=\"index, follow, max-snippet:-1, max-image-preview:large, max-video-preview:-1\" \/>\n<link rel=\"canonical\" href=\"https:\/\/planetetennis.fr\/es\/product\/machine-a-corder-siboasi-s-3169-avec-pied\/\" \/>\n<meta property=\"og:locale\" content=\"es_ES\" \/>\n<meta property=\"og:type\" content=\"article\" \/>\n<meta property=\"og:title\" content=\"Machine \u00e0 corder SIBOASI S-3169 avec pied - Planetetennis\" \/>\n<meta property=\"og:description\" content=\"Les machines \u00e0 corder hautement sp\u00e9cialis\u00e9es de SIBOASI permettent de corder de mani\u00e8re optimale les raquettes de badminton, de squash et de tennis. Elles convainquent par leur facilit\u00e9 d&#039;utilisation et sont r\u00e9guli\u00e8rement utilis\u00e9es lors de tournois de haut niveau par des cordeurs professionnels. La S3169 est notre meilleure machine \u00e0 corder les raquettes. Elle est \u00e9quip\u00e9e d&#039;une interface LCD avec un panneau de commande en anglais et en chinois, d&#039;un syst\u00e8me de contr\u00f4le intelligent Mirco-computer avec une fonction de correction automatique de la livre, pour assurer une pr\u00e9cision de \u00b10,1 livre. 4 jeux de m\u00e9moire de livres et 3 vitesses de cisaillement peuvent \u00eatre r\u00e9gl\u00e9s selon la demande de l&#039;utilisateur.  La machine \u00e0 corder les raquettes S3169 est \u00e9quip\u00e9e d&#039;un syst\u00e8me de tension \u00e0 traction constante et d&#039;une plaque de travail ronde avec un syst\u00e8me de clippage de raquette synchrone. La t\u00eate de cordage est \u00e9quip\u00e9e d&#039;un syst\u00e8me de protection du cordage, qui peut \u00eatre ajust\u00e9 en fonction de l&#039;itin\u00e9raire de cordage.  En 2022, la machine \u00e0 corder S3169 a \u00e9t\u00e9 am\u00e9lior\u00e9e avec une meilleure t\u00eate de serrage, et peut \u00e9galement choisir d&#039;augmenter la hauteur si les clients le souhaitent.\" \/>\n<meta property=\"og:url\" content=\"https:\/\/planetetennis.fr\/es\/product\/machine-a-corder-siboasi-s-3169-avec-pied\/\" \/>\n<meta property=\"og:site_name\" content=\"Planetetennis\" \/>\n<meta property=\"article:modified_time\" content=\"2026-02-17T18:39:23+00:00\" \/>\n<meta property=\"og:image\" content=\"https:\/\/planetetennis.fr\/wp-content\/uploads\/2024\/08\/9fe4f47e20.jpg\" \/>\n\t<meta property=\"og:image:width\" content=\"750\" \/>\n\t<meta property=\"og:image:height\" content=\"1403\" \/>\n\t<meta property=\"og:image:type\" content=\"image\/jpeg\" \/>\n<meta name=\"twitter:card\" content=\"summary_large_image\" \/>\n<meta name=\"twitter:label1\" content=\"Est. reading time\" \/>\n\t<meta name=\"twitter:data1\" content=\"1 minute\" \/>\n<script type=\"application\/ld+json\" class=\"yoast-schema-graph\">{\"@context\":\"https:\\\/\\\/schema.org\",\"@graph\":[{\"@type\":\"WebPage\",\"@id\":\"https:\\\/\\\/planetetennis.fr\\\/product\\\/machine-a-corder-siboasi-s-3169-avec-pied\\\/\",\"url\":\"https:\\\/\\\/planetetennis.fr\\\/product\\\/machine-a-corder-siboasi-s-3169-avec-pied\\\/\",\"name\":\"Machine \u00e0 corder SIBOASI S-3169 avec pied - Planetetennis\",\"isPartOf\":{\"@id\":\"https:\\\/\\\/planetetennis.fr\\\/#website\"},\"primaryImageOfPage\":{\"@id\":\"https:\\\/\\\/planetetennis.fr\\\/product\\\/machine-a-corder-siboasi-s-3169-avec-pied\\\/#primaryimage\"},\"image\":{\"@id\":\"https:\\\/\\\/planetetennis.fr\\\/product\\\/machine-a-corder-siboasi-s-3169-avec-pied\\\/#primaryimage\"},\"thumbnailUrl\":\"https:\\\/\\\/planetetennis.fr\\\/wp-content\\\/uploads\\\/2024\\\/08\\\/9fe4f47e20.jpg\",\"datePublished\":\"2024-08-30T14:28:06+00:00\",\"dateModified\":\"2026-02-17T18:39:23+00:00\",\"breadcrumb\":{\"@id\":\"https:\\\/\\\/planetetennis.fr\\\/product\\\/machine-a-corder-siboasi-s-3169-avec-pied\\\/#breadcrumb\"},\"inLanguage\":\"es-ES\",\"potentialAction\":[{\"@type\":\"ReadAction\",\"target\":[\"https:\\\/\\\/planetetennis.fr\\\/product\\\/machine-a-corder-siboasi-s-3169-avec-pied\\\/\"]}]},{\"@type\":\"ImageObject\",\"inLanguage\":\"es-ES\",\"@id\":\"https:\\\/\\\/planetetennis.fr\\\/product\\\/machine-a-corder-siboasi-s-3169-avec-pied\\\/#primaryimage\",\"url\":\"https:\\\/\\\/planetetennis.fr\\\/wp-content\\\/uploads\\\/2024\\\/08\\\/9fe4f47e20.jpg\",\"contentUrl\":\"https:\\\/\\\/planetetennis.fr\\\/wp-content\\\/uploads\\\/2024\\\/08\\\/9fe4f47e20.jpg\",\"width\":750,\"height\":1403},{\"@type\":\"BreadcrumbList\",\"@id\":\"https:\\\/\\\/planetetennis.fr\\\/product\\\/machine-a-corder-siboasi-s-3169-avec-pied\\\/#breadcrumb\",\"itemListElement\":[{\"@type\":\"ListItem\",\"position\":1,\"name\":\"Accueil\",\"item\":\"https:\\\/\\\/planetetennis.fr\\\/\"},{\"@type\":\"ListItem\",\"position\":2,\"name\":\"Nos produits\",\"item\":\"https:\\\/\\\/planetetennis.fr\\\/produits\\\/\"},{\"@type\":\"ListItem\",\"position\":3,\"name\":\"Machine \u00e0 corder SIBOASI S-3169 avec pied\"}]},{\"@type\":\"WebSite\",\"@id\":\"https:\\\/\\\/planetetennis.fr\\\/#website\",\"url\":\"https:\\\/\\\/planetetennis.fr\\\/\",\"name\":\"Planetetennis\",\"description\":\"Cordages de tennis monofilament fran\u00e7ais\",\"publisher\":{\"@id\":\"https:\\\/\\\/planetetennis.fr\\\/#organization\"},\"potentialAction\":[{\"@type\":\"SearchAction\",\"target\":{\"@type\":\"EntryPoint\",\"urlTemplate\":\"https:\\\/\\\/planetetennis.fr\\\/?s={search_term_string}\"},\"query-input\":{\"@type\":\"PropertyValueSpecification\",\"valueRequired\":true,\"valueName\":\"search_term_string\"}}],\"inLanguage\":\"es-ES\"},{\"@type\":\"Organization\",\"@id\":\"https:\\\/\\\/planetetennis.fr\\\/#organization\",\"name\":\"Planetetennis\",\"url\":\"https:\\\/\\\/planetetennis.fr\\\/\",\"logo\":{\"@type\":\"ImageObject\",\"inLanguage\":\"es-ES\",\"@id\":\"https:\\\/\\\/planetetennis.fr\\\/#\\\/schema\\\/logo\\\/image\\\/\",\"url\":\"https:\\\/\\\/planetetennis.fr\\\/wp-content\\\/uploads\\\/2021\\\/10\\\/logocolor03.png\",\"contentUrl\":\"https:\\\/\\\/planetetennis.fr\\\/wp-content\\\/uploads\\\/2021\\\/10\\\/logocolor03.png\",\"width\":230,\"height\":58,\"caption\":\"Planetetennis\"},\"image\":{\"@id\":\"https:\\\/\\\/planetetennis.fr\\\/#\\\/schema\\\/logo\\\/image\\\/\"}}]}<\/script>\n<!-- \/ Yoast SEO plugin. -->","yoast_head_json":{"title":"Machine \u00e0 corder SIBOASI S-3169 avec pied - Planetetennis","robots":{"index":"index","follow":"follow","max-snippet":"max-snippet:-1","max-image-preview":"max-image-preview:large","max-video-preview":"max-video-preview:-1"},"canonical":"https:\/\/planetetennis.fr\/es\/product\/machine-a-corder-siboasi-s-3169-avec-pied\/","og_locale":"es_ES","og_type":"article","og_title":"Machine \u00e0 corder SIBOASI S-3169 avec pied - Planetetennis","og_description":"Les machines \u00e0 corder hautement sp\u00e9cialis\u00e9es de SIBOASI permettent de corder de mani\u00e8re optimale les raquettes de badminton, de squash et de tennis. Elles convainquent par leur facilit\u00e9 d'utilisation et sont r\u00e9guli\u00e8rement utilis\u00e9es lors de tournois de haut niveau par des cordeurs professionnels. La S3169 est notre meilleure machine \u00e0 corder les raquettes. Elle est \u00e9quip\u00e9e d'une interface LCD avec un panneau de commande en anglais et en chinois, d'un syst\u00e8me de contr\u00f4le intelligent Mirco-computer avec une fonction de correction automatique de la livre, pour assurer une pr\u00e9cision de \u00b10,1 livre. 4 jeux de m\u00e9moire de livres et 3 vitesses de cisaillement peuvent \u00eatre r\u00e9gl\u00e9s selon la demande de l'utilisateur.  La machine \u00e0 corder les raquettes S3169 est \u00e9quip\u00e9e d'un syst\u00e8me de tension \u00e0 traction constante et d'une plaque de travail ronde avec un syst\u00e8me de clippage de raquette synchrone. La t\u00eate de cordage est \u00e9quip\u00e9e d'un syst\u00e8me de protection du cordage, qui peut \u00eatre ajust\u00e9 en fonction de l'itin\u00e9raire de cordage.  En 2022, la machine \u00e0 corder S3169 a \u00e9t\u00e9 am\u00e9lior\u00e9e avec une meilleure t\u00eate de serrage, et peut \u00e9galement choisir d'augmenter la hauteur si les clients le souhaitent.","og_url":"https:\/\/planetetennis.fr\/es\/product\/machine-a-corder-siboasi-s-3169-avec-pied\/","og_site_name":"Planetetennis","article_modified_time":"2026-02-17T18:39:23+00:00","og_image":[{"width":750,"height":1403,"url":"https:\/\/planetetennis.fr\/wp-content\/uploads\/2024\/08\/9fe4f47e20.jpg","type":"image\/jpeg"}],"twitter_card":"summary_large_image","twitter_misc":{"Est. reading time":"1 minute"},"schema":{"@context":"https:\/\/schema.org","@graph":[{"@type":"WebPage","@id":"https:\/\/planetetennis.fr\/product\/machine-a-corder-siboasi-s-3169-avec-pied\/","url":"https:\/\/planetetennis.fr\/product\/machine-a-corder-siboasi-s-3169-avec-pied\/","name":"Machine \u00e0 corder SIBOASI S-3169 avec pied - Planetetennis","isPartOf":{"@id":"https:\/\/planetetennis.fr\/#website"},"primaryImageOfPage":{"@id":"https:\/\/planetetennis.fr\/product\/machine-a-corder-siboasi-s-3169-avec-pied\/#primaryimage"},"image":{"@id":"https:\/\/planetetennis.fr\/product\/machine-a-corder-siboasi-s-3169-avec-pied\/#primaryimage"},"thumbnailUrl":"https:\/\/planetetennis.fr\/wp-content\/uploads\/2024\/08\/9fe4f47e20.jpg","datePublished":"2024-08-30T14:28:06+00:00","dateModified":"2026-02-17T18:39:23+00:00","breadcrumb":{"@id":"https:\/\/planetetennis.fr\/product\/machine-a-corder-siboasi-s-3169-avec-pied\/#breadcrumb"},"inLanguage":"es-ES","potentialAction":[{"@type":"ReadAction","target":["https:\/\/planetetennis.fr\/product\/machine-a-corder-siboasi-s-3169-avec-pied\/"]}]},{"@type":"ImageObject","inLanguage":"es-ES","@id":"https:\/\/planetetennis.fr\/product\/machine-a-corder-siboasi-s-3169-avec-pied\/#primaryimage","url":"https:\/\/planetetennis.fr\/wp-content\/uploads\/2024\/08\/9fe4f47e20.jpg","contentUrl":"https:\/\/planetetennis.fr\/wp-content\/uploads\/2024\/08\/9fe4f47e20.jpg","width":750,"height":1403},{"@type":"BreadcrumbList","@id":"https:\/\/planetetennis.fr\/product\/machine-a-corder-siboasi-s-3169-avec-pied\/#breadcrumb","itemListElement":[{"@type":"ListItem","position":1,"name":"Accueil","item":"https:\/\/planetetennis.fr\/"},{"@type":"ListItem","position":2,"name":"Nos produits","item":"https:\/\/planetetennis.fr\/produits\/"},{"@type":"ListItem","position":3,"name":"Machine \u00e0 corder SIBOASI S-3169 avec pied"}]},{"@type":"WebSite","@id":"https:\/\/planetetennis.fr\/#website","url":"https:\/\/planetetennis.fr\/","name":"Planeta tenis","description":"Cordages de tennis monofilament fran\u00e7ais","publisher":{"@id":"https:\/\/planetetennis.fr\/#organization"},"potentialAction":[{"@type":"SearchAction","target":{"@type":"EntryPoint","urlTemplate":"https:\/\/planetetennis.fr\/?s={search_term_string}"},"query-input":{"@type":"PropertyValueSpecification","valueRequired":true,"valueName":"search_term_string"}}],"inLanguage":"es-ES"},{"@type":"Organization","@id":"https:\/\/planetetennis.fr\/#organization","name":"Planeta tenis","url":"https:\/\/planetetennis.fr\/","logo":{"@type":"ImageObject","inLanguage":"es-ES","@id":"https:\/\/planetetennis.fr\/#\/schema\/logo\/image\/","url":"https:\/\/planetetennis.fr\/wp-content\/uploads\/2021\/10\/logocolor03.png","contentUrl":"https:\/\/planetetennis.fr\/wp-content\/uploads\/2021\/10\/logocolor03.png","width":230,"height":58,"caption":"Planetetennis"},"image":{"@id":"https:\/\/planetetennis.fr\/#\/schema\/logo\/image\/"}}]}},"_links":{"self":[{"href":"https:\/\/planetetennis.fr\/es\/wp-json\/wp\/v2\/product\/16734","targetHints":{"allow":["GET"]}}],"collection":[{"href":"https:\/\/planetetennis.fr\/es\/wp-json\/wp\/v2\/product"}],"about":[{"href":"https:\/\/planetetennis.fr\/es\/wp-json\/wp\/v2\/types\/product"}],"replies":[{"embeddable":true,"href":"https:\/\/planetetennis.fr\/es\/wp-json\/wp\/v2\/comments?post=16734"}],"wp:featuredmedia":[{"embeddable":true,"href":"https:\/\/planetetennis.fr\/es\/wp-json\/wp\/v2\/media\/16740"}],"wp:attachment":[{"href":"https:\/\/planetetennis.fr\/es\/wp-json\/wp\/v2\/media?parent=16734"}],"wp:term":[{"taxonomy":"product_brand","embeddable":true,"href":"https:\/\/planetetennis.fr\/es\/wp-json\/wp\/v2\/product_brand?post=16734"},{"taxonomy":"product_cat","embeddable":true,"href":"https:\/\/planetetennis.fr\/es\/wp-json\/wp\/v2\/product_cat?post=16734"},{"taxonomy":"product_tag","embeddable":true,"href":"https:\/\/planetetennis.fr\/es\/wp-json\/wp\/v2\/product_tag?post=16734"}],"curies":[{"name":"wp","href":"https:\/\/api.w.org\/{rel}","templated":true}]}}