{"id":16952,"date":"2024-12-06T10:02:52","date_gmt":"2024-12-06T10:02:52","guid":{"rendered":"https:\/\/planetetennis.fr\/?post_type=product&#038;p=16952"},"modified":"2025-10-25T10:13:47","modified_gmt":"2025-10-25T10:13:47","slug":"chaussure-joma-ace-noir","status":"publish","type":"product","link":"https:\/\/planetetennis.fr\/es\/product\/chaussure-joma-ace-noir\/","title":{"rendered":"CHAUSSURE JOMA &#8220;ACE&#8221; NOIR"},"content":{"rendered":"<p>Empeigne en mesh respirant VTS<\/p>\n<p>Coupe avec syst\u00e8me de r\u00e9glage thermosoud\u00e9 SPORTECH<\/p>\n<p>Coupe avec renfort en caoutchouc dans les zones strat\u00e9giques PROTECTION<\/p>\n<p>Semelle interm\u00e9diaire en phylon avec les technologies STABILIS et CARBON STABILIZER<\/p>\n<p>Semelle ext\u00e9rieure DURABILITY en caoutchouc<\/p>\n<p>Pour vous aider \u00e0 choisir votre pointure vous pouvez utiliser le tableau d\u2019\u00e9quivalence suivant :<\/p>\n<p><a class=\"swipebox\" title=\"\" href=\"https:\/\/planetetennis.fr\/wp-content\/uploads\/2025\/06\/Guide-des-tailles-chaussures-joma-1.jpg\" data-rel=\"lightbox-image-bGlnaHRib3gtaW1hZ2UtMA==\" data-rl_title=\"\" data-rl_caption=\"\"><img loading=\"lazy\" decoding=\"async\" class=\"alignnone size-full wp-image-17482\" src=\"https:\/\/planetetennis.fr\/wp-content\/webp-express\/webp-images\/uploads\/2025\/06\/Guide-des-tailles-chaussures-joma-1.jpg.webp\" sizes=\"auto, (max-width: 198px) 100vw, 198px\" srcset=\"https:\/\/planetetennis.fr\/wp-content\/webp-express\/webp-images\/uploads\/2025\/06\/Guide-des-tailles-chaussures-joma-1.jpg.webp 198w,  https:\/\/planetetennis.fr\/wp-content\/webp-express\/webp-images\/uploads\/2025\/06\/Guide-des-tailles-chaussures-joma-1-7x12.jpg.webp 7w,  https:\/\/planetetennis.fr\/wp-content\/webp-express\/webp-images\/uploads\/2025\/06\/Guide-des-tailles-chaussures-joma-1-150x252.jpg.webp 150w\" alt=\"\" width=\"198\" height=\"333\" \/><\/a><\/p>","protected":false},"excerpt":{"rendered":"<p>Chaussures de tennis pour homme. Nous avons am\u00e9lior\u00e9 la mythique Ace pour la rendre encore plus stable lors des mouvements fr\u00e9n\u00e9tiques du tennis. Test\u00e9es par des joueurs professionnels, elles offrent des performances maximales.<\/p>\n<p>Tige en mesh avec une finition \u00e9l\u00e9gante en jacquard personnalis\u00e9 pour plus de l\u00e9g\u00e8ret\u00e9 et de respirabilit\u00e9. Ce dernier avantage est optimis\u00e9 par la technologie de perforation VTS. Le syst\u00e8me thermoscell\u00e9 JOMA SPORTECH conserve les propri\u00e9t\u00e9s d&#8217;ajustement et de maintien sans ajouter de poids aux chaussures.<\/p>\n<p>Renfort en caoutchouc dans les zones les plus sensibles aux frottements et aux chocs. Ces applications forment le syst\u00e8me PROTECTION.<\/p>\n<p>Semelle interm\u00e9diaire am\u00e9lior\u00e9e. Construction en phylon, un mat\u00e9riau l\u00e9ger, flexible et absorbant les chocs pour un jeu confortable. La nouveaut\u00e9 r\u00e9side dans le double syst\u00e8me de stabilit\u00e9. D&#8217;une part, une plaque de carbone CARBON STABILIZER a \u00e9t\u00e9 plac\u00e9e dans la zone centrale pour \u00e9viter les torsions \u00e9ventuelles de la chaussure. D&#8217;autre part, le double STABILIS renforce cet avantage et r\u00e9duit l&#8217;apparition de possibles blessures lors des rotations et des mouvements lat\u00e9raux.<\/p>\n<p>Semelle en caoutchouc DURABILITY all court, adapt\u00e9e et r\u00e9sistante pour jouer sur terrain dur\/r\u00e9actif. Le motif permet au joueur de glisser et de freiner sur le terrain selon ses besoins.<\/p>","protected":false},"featured_media":16960,"comment_status":"open","ping_status":"closed","template":"","meta":{"_monsterinsights_skip_tracking":false,"_monsterinsights_sitenote_active":false,"_monsterinsights_sitenote_note":"","_monsterinsights_sitenote_category":0},"product_brand":[],"product_cat":[456,325,436],"product_tag":[],"class_list":{"0":"post-16952","1":"product","2":"type-product","3":"status-publish","4":"has-post-thumbnail","6":"product_cat-all-court","7":"product_cat-chaussures-joma","8":"product_cat-homme","10":"first","11":"instock","12":"sale","13":"taxable","14":"shipping-taxable","15":"purchasable","16":"product-type-variable"},"yoast_head":"<!-- This site is optimized with the Yoast SEO plugin v27.4 - https:\/\/yoast.com\/product\/yoast-seo-wordpress\/ -->\n<title>CHAUSSURE JOMA &quot;ACE&quot; NOIR - Planetetennis<\/title>\n<meta name=\"description\" content=\"Chaussure d\u00e9velopp\u00e9e pour la haute comp\u00e9tition.\u00a0Pour les joueurs qui exigent beaucoup de la chaussure.\u00a0Combinaison parfaite entre stabilit\u00e9 et confort.\" \/>\n<meta name=\"robots\" content=\"index, follow, max-snippet:-1, max-image-preview:large, max-video-preview:-1\" \/>\n<link rel=\"canonical\" href=\"https:\/\/planetetennis.fr\/es\/product\/chaussure-joma-ace-noir\/\" \/>\n<meta property=\"og:locale\" content=\"es_ES\" \/>\n<meta property=\"og:type\" content=\"article\" \/>\n<meta property=\"og:title\" content=\"CHAUSSURE JOMA &quot;ACE&quot; NOIR - Planetetennis\" \/>\n<meta property=\"og:description\" content=\"Chaussure d\u00e9velopp\u00e9e pour la haute comp\u00e9tition.\u00a0Pour les joueurs qui exigent beaucoup de la chaussure.\u00a0Combinaison parfaite entre stabilit\u00e9 et confort.\" \/>\n<meta property=\"og:url\" content=\"https:\/\/planetetennis.fr\/es\/product\/chaussure-joma-ace-noir\/\" \/>\n<meta property=\"og:site_name\" content=\"Planetetennis\" \/>\n<meta property=\"article:modified_time\" content=\"2025-10-25T10:13:47+00:00\" \/>\n<meta property=\"og:image\" content=\"https:\/\/planetetennis.fr\/wp-content\/uploads\/2024\/12\/20231129105057.TACEW2401AC.jpg\" \/>\n\t<meta property=\"og:image:width\" content=\"2000\" \/>\n\t<meta property=\"og:image:height\" content=\"2000\" \/>\n\t<meta property=\"og:image:type\" content=\"image\/jpeg\" \/>\n<meta name=\"twitter:card\" content=\"summary_large_image\" \/>\n<meta name=\"twitter:label1\" content=\"Est. reading time\" \/>\n\t<meta name=\"twitter:data1\" content=\"1 minute\" \/>\n<script type=\"application\/ld+json\" class=\"yoast-schema-graph\">{\"@context\":\"https:\\\/\\\/schema.org\",\"@graph\":[{\"@type\":\"WebPage\",\"@id\":\"https:\\\/\\\/planetetennis.fr\\\/product\\\/chaussure-joma-ace-noir\\\/\",\"url\":\"https:\\\/\\\/planetetennis.fr\\\/product\\\/chaussure-joma-ace-noir\\\/\",\"name\":\"CHAUSSURE JOMA \\\"ACE\\\" NOIR - Planetetennis\",\"isPartOf\":{\"@id\":\"https:\\\/\\\/planetetennis.fr\\\/#website\"},\"primaryImageOfPage\":{\"@id\":\"https:\\\/\\\/planetetennis.fr\\\/product\\\/chaussure-joma-ace-noir\\\/#primaryimage\"},\"image\":{\"@id\":\"https:\\\/\\\/planetetennis.fr\\\/product\\\/chaussure-joma-ace-noir\\\/#primaryimage\"},\"thumbnailUrl\":\"https:\\\/\\\/planetetennis.fr\\\/wp-content\\\/uploads\\\/2024\\\/12\\\/20231129105057.TACEW2401AC.jpg\",\"datePublished\":\"2024-12-06T10:02:52+00:00\",\"dateModified\":\"2025-10-25T10:13:47+00:00\",\"description\":\"Chaussure d\u00e9velopp\u00e9e pour la haute comp\u00e9tition.\u00a0Pour les joueurs qui exigent beaucoup de la chaussure.\u00a0Combinaison parfaite entre stabilit\u00e9 et confort.\",\"breadcrumb\":{\"@id\":\"https:\\\/\\\/planetetennis.fr\\\/product\\\/chaussure-joma-ace-noir\\\/#breadcrumb\"},\"inLanguage\":\"es-ES\",\"potentialAction\":[{\"@type\":\"ReadAction\",\"target\":[\"https:\\\/\\\/planetetennis.fr\\\/product\\\/chaussure-joma-ace-noir\\\/\"]}]},{\"@type\":\"ImageObject\",\"inLanguage\":\"es-ES\",\"@id\":\"https:\\\/\\\/planetetennis.fr\\\/product\\\/chaussure-joma-ace-noir\\\/#primaryimage\",\"url\":\"https:\\\/\\\/planetetennis.fr\\\/wp-content\\\/uploads\\\/2024\\\/12\\\/20231129105057.TACEW2401AC.jpg\",\"contentUrl\":\"https:\\\/\\\/planetetennis.fr\\\/wp-content\\\/uploads\\\/2024\\\/12\\\/20231129105057.TACEW2401AC.jpg\",\"width\":2000,\"height\":2000},{\"@type\":\"BreadcrumbList\",\"@id\":\"https:\\\/\\\/planetetennis.fr\\\/product\\\/chaussure-joma-ace-noir\\\/#breadcrumb\",\"itemListElement\":[{\"@type\":\"ListItem\",\"position\":1,\"name\":\"Accueil\",\"item\":\"https:\\\/\\\/planetetennis.fr\\\/\"},{\"@type\":\"ListItem\",\"position\":2,\"name\":\"Nos produits\",\"item\":\"https:\\\/\\\/planetetennis.fr\\\/produits\\\/\"},{\"@type\":\"ListItem\",\"position\":3,\"name\":\"CHAUSSURE JOMA &#8220;ACE&#8221; NOIR\"}]},{\"@type\":\"WebSite\",\"@id\":\"https:\\\/\\\/planetetennis.fr\\\/#website\",\"url\":\"https:\\\/\\\/planetetennis.fr\\\/\",\"name\":\"Planetetennis\",\"description\":\"Cordages de tennis monofilament fran\u00e7ais\",\"publisher\":{\"@id\":\"https:\\\/\\\/planetetennis.fr\\\/#organization\"},\"potentialAction\":[{\"@type\":\"SearchAction\",\"target\":{\"@type\":\"EntryPoint\",\"urlTemplate\":\"https:\\\/\\\/planetetennis.fr\\\/?s={search_term_string}\"},\"query-input\":{\"@type\":\"PropertyValueSpecification\",\"valueRequired\":true,\"valueName\":\"search_term_string\"}}],\"inLanguage\":\"es-ES\"},{\"@type\":\"Organization\",\"@id\":\"https:\\\/\\\/planetetennis.fr\\\/#organization\",\"name\":\"Planetetennis\",\"url\":\"https:\\\/\\\/planetetennis.fr\\\/\",\"logo\":{\"@type\":\"ImageObject\",\"inLanguage\":\"es-ES\",\"@id\":\"https:\\\/\\\/planetetennis.fr\\\/#\\\/schema\\\/logo\\\/image\\\/\",\"url\":\"https:\\\/\\\/planetetennis.fr\\\/wp-content\\\/uploads\\\/2021\\\/10\\\/logocolor03.png\",\"contentUrl\":\"https:\\\/\\\/planetetennis.fr\\\/wp-content\\\/uploads\\\/2021\\\/10\\\/logocolor03.png\",\"width\":230,\"height\":58,\"caption\":\"Planetetennis\"},\"image\":{\"@id\":\"https:\\\/\\\/planetetennis.fr\\\/#\\\/schema\\\/logo\\\/image\\\/\"}}]}<\/script>\n<!-- \/ Yoast SEO plugin. -->","yoast_head_json":{"title":"CHAUSSURE JOMA \"ACE\" NOIR - Planetetennis","description":"Chaussure d\u00e9velopp\u00e9e pour la haute comp\u00e9tition.\u00a0Pour les joueurs qui exigent beaucoup de la chaussure.\u00a0Combinaison parfaite entre stabilit\u00e9 et confort.","robots":{"index":"index","follow":"follow","max-snippet":"max-snippet:-1","max-image-preview":"max-image-preview:large","max-video-preview":"max-video-preview:-1"},"canonical":"https:\/\/planetetennis.fr\/es\/product\/chaussure-joma-ace-noir\/","og_locale":"es_ES","og_type":"article","og_title":"CHAUSSURE JOMA \"ACE\" NOIR - Planetetennis","og_description":"Chaussure d\u00e9velopp\u00e9e pour la haute comp\u00e9tition.\u00a0Pour les joueurs qui exigent beaucoup de la chaussure.\u00a0Combinaison parfaite entre stabilit\u00e9 et confort.","og_url":"https:\/\/planetetennis.fr\/es\/product\/chaussure-joma-ace-noir\/","og_site_name":"Planetetennis","article_modified_time":"2025-10-25T10:13:47+00:00","og_image":[{"width":2000,"height":2000,"url":"https:\/\/planetetennis.fr\/wp-content\/uploads\/2024\/12\/20231129105057.TACEW2401AC.jpg","type":"image\/jpeg"}],"twitter_card":"summary_large_image","twitter_misc":{"Est. reading time":"1 minute"},"schema":{"@context":"https:\/\/schema.org","@graph":[{"@type":"WebPage","@id":"https:\/\/planetetennis.fr\/product\/chaussure-joma-ace-noir\/","url":"https:\/\/planetetennis.fr\/product\/chaussure-joma-ace-noir\/","name":"CHAUSSURE JOMA \"ACE\" NOIR - Planetetennis","isPartOf":{"@id":"https:\/\/planetetennis.fr\/#website"},"primaryImageOfPage":{"@id":"https:\/\/planetetennis.fr\/product\/chaussure-joma-ace-noir\/#primaryimage"},"image":{"@id":"https:\/\/planetetennis.fr\/product\/chaussure-joma-ace-noir\/#primaryimage"},"thumbnailUrl":"https:\/\/planetetennis.fr\/wp-content\/uploads\/2024\/12\/20231129105057.TACEW2401AC.jpg","datePublished":"2024-12-06T10:02:52+00:00","dateModified":"2025-10-25T10:13:47+00:00","description":"Chaussure d\u00e9velopp\u00e9e pour la haute comp\u00e9tition.\u00a0Pour les joueurs qui exigent beaucoup de la chaussure.\u00a0Combinaison parfaite entre stabilit\u00e9 et confort.","breadcrumb":{"@id":"https:\/\/planetetennis.fr\/product\/chaussure-joma-ace-noir\/#breadcrumb"},"inLanguage":"es-ES","potentialAction":[{"@type":"ReadAction","target":["https:\/\/planetetennis.fr\/product\/chaussure-joma-ace-noir\/"]}]},{"@type":"ImageObject","inLanguage":"es-ES","@id":"https:\/\/planetetennis.fr\/product\/chaussure-joma-ace-noir\/#primaryimage","url":"https:\/\/planetetennis.fr\/wp-content\/uploads\/2024\/12\/20231129105057.TACEW2401AC.jpg","contentUrl":"https:\/\/planetetennis.fr\/wp-content\/uploads\/2024\/12\/20231129105057.TACEW2401AC.jpg","width":2000,"height":2000},{"@type":"BreadcrumbList","@id":"https:\/\/planetetennis.fr\/product\/chaussure-joma-ace-noir\/#breadcrumb","itemListElement":[{"@type":"ListItem","position":1,"name":"Accueil","item":"https:\/\/planetetennis.fr\/"},{"@type":"ListItem","position":2,"name":"Nos produits","item":"https:\/\/planetetennis.fr\/produits\/"},{"@type":"ListItem","position":3,"name":"CHAUSSURE JOMA &#8220;ACE&#8221; NOIR"}]},{"@type":"WebSite","@id":"https:\/\/planetetennis.fr\/#website","url":"https:\/\/planetetennis.fr\/","name":"Planeta tenis","description":"Cordages de tennis monofilament fran\u00e7ais","publisher":{"@id":"https:\/\/planetetennis.fr\/#organization"},"potentialAction":[{"@type":"SearchAction","target":{"@type":"EntryPoint","urlTemplate":"https:\/\/planetetennis.fr\/?s={search_term_string}"},"query-input":{"@type":"PropertyValueSpecification","valueRequired":true,"valueName":"search_term_string"}}],"inLanguage":"es-ES"},{"@type":"Organization","@id":"https:\/\/planetetennis.fr\/#organization","name":"Planeta tenis","url":"https:\/\/planetetennis.fr\/","logo":{"@type":"ImageObject","inLanguage":"es-ES","@id":"https:\/\/planetetennis.fr\/#\/schema\/logo\/image\/","url":"https:\/\/planetetennis.fr\/wp-content\/uploads\/2021\/10\/logocolor03.png","contentUrl":"https:\/\/planetetennis.fr\/wp-content\/uploads\/2021\/10\/logocolor03.png","width":230,"height":58,"caption":"Planetetennis"},"image":{"@id":"https:\/\/planetetennis.fr\/#\/schema\/logo\/image\/"}}]}},"_links":{"self":[{"href":"https:\/\/planetetennis.fr\/es\/wp-json\/wp\/v2\/product\/16952","targetHints":{"allow":["GET"]}}],"collection":[{"href":"https:\/\/planetetennis.fr\/es\/wp-json\/wp\/v2\/product"}],"about":[{"href":"https:\/\/planetetennis.fr\/es\/wp-json\/wp\/v2\/types\/product"}],"replies":[{"embeddable":true,"href":"https:\/\/planetetennis.fr\/es\/wp-json\/wp\/v2\/comments?post=16952"}],"wp:featuredmedia":[{"embeddable":true,"href":"https:\/\/planetetennis.fr\/es\/wp-json\/wp\/v2\/media\/16960"}],"wp:attachment":[{"href":"https:\/\/planetetennis.fr\/es\/wp-json\/wp\/v2\/media?parent=16952"}],"wp:term":[{"taxonomy":"product_brand","embeddable":true,"href":"https:\/\/planetetennis.fr\/es\/wp-json\/wp\/v2\/product_brand?post=16952"},{"taxonomy":"product_cat","embeddable":true,"href":"https:\/\/planetetennis.fr\/es\/wp-json\/wp\/v2\/product_cat?post=16952"},{"taxonomy":"product_tag","embeddable":true,"href":"https:\/\/planetetennis.fr\/es\/wp-json\/wp\/v2\/product_tag?post=16952"}],"curies":[{"name":"wp","href":"https:\/\/api.w.org\/{rel}","templated":true}]}}