{"id":16986,"date":"2024-12-12T16:28:53","date_gmt":"2024-12-12T16:28:53","guid":{"rendered":"https:\/\/planetetennis.fr\/?post_type=product&#038;p=16986"},"modified":"2025-04-10T09:20:23","modified_gmt":"2025-04-10T09:20:23","slug":"raquette-vitas-100-r","status":"publish","type":"product","link":"https:\/\/planetetennis.fr\/es\/product\/raquette-vitas-100-r\/","title":{"rendered":"RAQUETTE VITAS 100 R"},"content":{"rendered":"<p>La forme \u00ab DIAMANT \u00bb du cadre unique offre aux joueurs une plus grande zone de frappe sur la partie sup\u00e9rieur du cadre, mais aussi sur la partie centrale du tamis &#8220;zone 3-9&#8221;. A not\u00e9 aussi que l&#8217;espacement des cordes traverses du tamis sont plus important sur la partie haute de la raquette. Ces \u00e9l\u00e9ments procurent aux joueurs :<\/p>\n<p>&#8211; Une augmentation importante du Sweet-spot sur la partie centrale du tamis, mais aussi sur la partie haute du cadre permettant une plus grande tol\u00e9rance au d\u00e9centrage et une efficacit\u00e9 des coups sur les frappe en t\u00eate de raquette.<br \/>\n&#8211; Une puissance et une prise d&#8217;effet tr\u00e8s importante<\/p>\n<p>La technologie qui consiste \u00e0 limiter le jeu entre les trous fait dans le cadre pour passer les joncs de la raquette ont une forte incidence sur les vibrations n\u00e9faste \u00e0 l&#8217;impact, donc prot\u00e8ge fortement le joueur de blessures. <\/p>\n<p>Un contr\u00f4le de balle important gr\u00e2ce \u00e0 un cadre plus stable et \u00e0 une zone de frappe plus large au sommet. <\/p>\n<p>L&#8217;\u00e9quilibre de la raquette engendre une maniabilit\u00e9 parfaite.<\/p>\n<p>Tamis : 645 cm2<br \/>\nSections : 24-26,5-25 double poutre conique<br \/>\nPlan de cordage : 16 \u00d7 19<br \/>\nRA : 70<br \/>\nPoids : 300 g<br \/>\nBalance : 315 mm<\/p>","protected":false},"excerpt":{"rendered":"<p>La machine la plus rapide et la plus puissante. Sans doute le cadre le plus puissant du march\u00e9, combin\u00e9 \u00e0 des effets suppl\u00e9mentaires pour obtenir un contr\u00f4le maximal. Le meilleur cadre pour les joueurs agressifs d&#8217;aujourd&#8217;hui et de demain. <\/p>","protected":false},"featured_media":16991,"comment_status":"open","ping_status":"closed","template":"","meta":{"_monsterinsights_skip_tracking":false,"_monsterinsights_sitenote_active":false,"_monsterinsights_sitenote_note":"","_monsterinsights_sitenote_category":0},"product_brand":[],"product_cat":[410,608],"product_tag":[],"class_list":{"0":"post-16986","1":"product","2":"type-product","3":"status-publish","4":"has-post-thumbnail","6":"product_cat-raquettes-tennis","7":"product_cat-snauwaert","8":"pa_taille-manche-295","9":"pa_taille-manche-296","10":"pa_taille-manche-297","11":"pa_taille-manche-298","12":"pa_taille-manche-299","14":"first","15":"instock","16":"sale","17":"taxable","18":"shipping-taxable","19":"purchasable","20":"product-type-variable"},"yoast_head":"<!-- This site is optimized with the Yoast SEO plugin v27.4 - https:\/\/yoast.com\/product\/yoast-seo-wordpress\/ -->\n<title>RAQUETTE VITAS 100 R - Planetetennis<\/title>\n<meta name=\"robots\" content=\"index, follow, max-snippet:-1, max-image-preview:large, max-video-preview:-1\" \/>\n<link rel=\"canonical\" href=\"https:\/\/planetetennis.fr\/es\/product\/raquette-vitas-100-r\/\" \/>\n<meta property=\"og:locale\" content=\"es_ES\" \/>\n<meta property=\"og:type\" content=\"article\" \/>\n<meta property=\"og:title\" content=\"RAQUETTE VITAS 100 R - Planetetennis\" \/>\n<meta property=\"og:description\" content=\"La machine la plus rapide et la plus puissante. Sans doute le cadre le plus puissant du march\u00e9, combin\u00e9 \u00e0 des effets suppl\u00e9mentaires pour obtenir un contr\u00f4le maximal. Le meilleur cadre pour les joueurs agressifs d&#039;aujourd&#039;hui et de demain.\" \/>\n<meta property=\"og:url\" content=\"https:\/\/planetetennis.fr\/es\/product\/raquette-vitas-100-r\/\" \/>\n<meta property=\"og:site_name\" content=\"Planetetennis\" \/>\n<meta property=\"article:modified_time\" content=\"2025-04-10T09:20:23+00:00\" \/>\n<meta property=\"og:image\" content=\"https:\/\/planetetennis.fr\/wp-content\/uploads\/2024\/12\/Snauwaert_Vitas_100R_Tennisschlaeger_2-1200x1200-1.jpg\" \/>\n\t<meta property=\"og:image:width\" content=\"1200\" \/>\n\t<meta property=\"og:image:height\" content=\"1200\" \/>\n\t<meta property=\"og:image:type\" content=\"image\/jpeg\" \/>\n<meta name=\"twitter:card\" content=\"summary_large_image\" \/>\n<meta name=\"twitter:label1\" content=\"Est. reading time\" \/>\n\t<meta name=\"twitter:data1\" content=\"1 minute\" \/>\n<script type=\"application\/ld+json\" class=\"yoast-schema-graph\">{\"@context\":\"https:\\\/\\\/schema.org\",\"@graph\":[{\"@type\":\"WebPage\",\"@id\":\"https:\\\/\\\/planetetennis.fr\\\/product\\\/raquette-vitas-100-r\\\/\",\"url\":\"https:\\\/\\\/planetetennis.fr\\\/product\\\/raquette-vitas-100-r\\\/\",\"name\":\"RAQUETTE VITAS 100 R - Planetetennis\",\"isPartOf\":{\"@id\":\"https:\\\/\\\/planetetennis.fr\\\/#website\"},\"primaryImageOfPage\":{\"@id\":\"https:\\\/\\\/planetetennis.fr\\\/product\\\/raquette-vitas-100-r\\\/#primaryimage\"},\"image\":{\"@id\":\"https:\\\/\\\/planetetennis.fr\\\/product\\\/raquette-vitas-100-r\\\/#primaryimage\"},\"thumbnailUrl\":\"https:\\\/\\\/planetetennis.fr\\\/wp-content\\\/uploads\\\/2024\\\/12\\\/Snauwaert_Vitas_100R_Tennisschlaeger_2-1200x1200-1.jpg\",\"datePublished\":\"2024-12-12T16:28:53+00:00\",\"dateModified\":\"2025-04-10T09:20:23+00:00\",\"breadcrumb\":{\"@id\":\"https:\\\/\\\/planetetennis.fr\\\/product\\\/raquette-vitas-100-r\\\/#breadcrumb\"},\"inLanguage\":\"es-ES\",\"potentialAction\":[{\"@type\":\"ReadAction\",\"target\":[\"https:\\\/\\\/planetetennis.fr\\\/product\\\/raquette-vitas-100-r\\\/\"]}]},{\"@type\":\"ImageObject\",\"inLanguage\":\"es-ES\",\"@id\":\"https:\\\/\\\/planetetennis.fr\\\/product\\\/raquette-vitas-100-r\\\/#primaryimage\",\"url\":\"https:\\\/\\\/planetetennis.fr\\\/wp-content\\\/uploads\\\/2024\\\/12\\\/Snauwaert_Vitas_100R_Tennisschlaeger_2-1200x1200-1.jpg\",\"contentUrl\":\"https:\\\/\\\/planetetennis.fr\\\/wp-content\\\/uploads\\\/2024\\\/12\\\/Snauwaert_Vitas_100R_Tennisschlaeger_2-1200x1200-1.jpg\",\"width\":1200,\"height\":1200},{\"@type\":\"BreadcrumbList\",\"@id\":\"https:\\\/\\\/planetetennis.fr\\\/product\\\/raquette-vitas-100-r\\\/#breadcrumb\",\"itemListElement\":[{\"@type\":\"ListItem\",\"position\":1,\"name\":\"Accueil\",\"item\":\"https:\\\/\\\/planetetennis.fr\\\/\"},{\"@type\":\"ListItem\",\"position\":2,\"name\":\"Nos produits\",\"item\":\"https:\\\/\\\/planetetennis.fr\\\/produits\\\/\"},{\"@type\":\"ListItem\",\"position\":3,\"name\":\"RAQUETTE VITAS 100 R\"}]},{\"@type\":\"WebSite\",\"@id\":\"https:\\\/\\\/planetetennis.fr\\\/#website\",\"url\":\"https:\\\/\\\/planetetennis.fr\\\/\",\"name\":\"Planetetennis\",\"description\":\"Cordages de tennis monofilament fran\u00e7ais\",\"publisher\":{\"@id\":\"https:\\\/\\\/planetetennis.fr\\\/#organization\"},\"potentialAction\":[{\"@type\":\"SearchAction\",\"target\":{\"@type\":\"EntryPoint\",\"urlTemplate\":\"https:\\\/\\\/planetetennis.fr\\\/?s={search_term_string}\"},\"query-input\":{\"@type\":\"PropertyValueSpecification\",\"valueRequired\":true,\"valueName\":\"search_term_string\"}}],\"inLanguage\":\"es-ES\"},{\"@type\":\"Organization\",\"@id\":\"https:\\\/\\\/planetetennis.fr\\\/#organization\",\"name\":\"Planetetennis\",\"url\":\"https:\\\/\\\/planetetennis.fr\\\/\",\"logo\":{\"@type\":\"ImageObject\",\"inLanguage\":\"es-ES\",\"@id\":\"https:\\\/\\\/planetetennis.fr\\\/#\\\/schema\\\/logo\\\/image\\\/\",\"url\":\"https:\\\/\\\/planetetennis.fr\\\/wp-content\\\/uploads\\\/2021\\\/10\\\/logocolor03.png\",\"contentUrl\":\"https:\\\/\\\/planetetennis.fr\\\/wp-content\\\/uploads\\\/2021\\\/10\\\/logocolor03.png\",\"width\":230,\"height\":58,\"caption\":\"Planetetennis\"},\"image\":{\"@id\":\"https:\\\/\\\/planetetennis.fr\\\/#\\\/schema\\\/logo\\\/image\\\/\"}}]}<\/script>\n<!-- \/ Yoast SEO plugin. -->","yoast_head_json":{"title":"RAQUETTE VITAS 100 R - Planetetennis","robots":{"index":"index","follow":"follow","max-snippet":"max-snippet:-1","max-image-preview":"max-image-preview:large","max-video-preview":"max-video-preview:-1"},"canonical":"https:\/\/planetetennis.fr\/es\/product\/raquette-vitas-100-r\/","og_locale":"es_ES","og_type":"article","og_title":"RAQUETTE VITAS 100 R - Planetetennis","og_description":"La machine la plus rapide et la plus puissante. Sans doute le cadre le plus puissant du march\u00e9, combin\u00e9 \u00e0 des effets suppl\u00e9mentaires pour obtenir un contr\u00f4le maximal. Le meilleur cadre pour les joueurs agressifs d'aujourd'hui et de demain.","og_url":"https:\/\/planetetennis.fr\/es\/product\/raquette-vitas-100-r\/","og_site_name":"Planetetennis","article_modified_time":"2025-04-10T09:20:23+00:00","og_image":[{"width":1200,"height":1200,"url":"https:\/\/planetetennis.fr\/wp-content\/uploads\/2024\/12\/Snauwaert_Vitas_100R_Tennisschlaeger_2-1200x1200-1.jpg","type":"image\/jpeg"}],"twitter_card":"summary_large_image","twitter_misc":{"Est. reading time":"1 minute"},"schema":{"@context":"https:\/\/schema.org","@graph":[{"@type":"WebPage","@id":"https:\/\/planetetennis.fr\/product\/raquette-vitas-100-r\/","url":"https:\/\/planetetennis.fr\/product\/raquette-vitas-100-r\/","name":"RAQUETTE VITAS 100 R - Planetetennis","isPartOf":{"@id":"https:\/\/planetetennis.fr\/#website"},"primaryImageOfPage":{"@id":"https:\/\/planetetennis.fr\/product\/raquette-vitas-100-r\/#primaryimage"},"image":{"@id":"https:\/\/planetetennis.fr\/product\/raquette-vitas-100-r\/#primaryimage"},"thumbnailUrl":"https:\/\/planetetennis.fr\/wp-content\/uploads\/2024\/12\/Snauwaert_Vitas_100R_Tennisschlaeger_2-1200x1200-1.jpg","datePublished":"2024-12-12T16:28:53+00:00","dateModified":"2025-04-10T09:20:23+00:00","breadcrumb":{"@id":"https:\/\/planetetennis.fr\/product\/raquette-vitas-100-r\/#breadcrumb"},"inLanguage":"es-ES","potentialAction":[{"@type":"ReadAction","target":["https:\/\/planetetennis.fr\/product\/raquette-vitas-100-r\/"]}]},{"@type":"ImageObject","inLanguage":"es-ES","@id":"https:\/\/planetetennis.fr\/product\/raquette-vitas-100-r\/#primaryimage","url":"https:\/\/planetetennis.fr\/wp-content\/uploads\/2024\/12\/Snauwaert_Vitas_100R_Tennisschlaeger_2-1200x1200-1.jpg","contentUrl":"https:\/\/planetetennis.fr\/wp-content\/uploads\/2024\/12\/Snauwaert_Vitas_100R_Tennisschlaeger_2-1200x1200-1.jpg","width":1200,"height":1200},{"@type":"BreadcrumbList","@id":"https:\/\/planetetennis.fr\/product\/raquette-vitas-100-r\/#breadcrumb","itemListElement":[{"@type":"ListItem","position":1,"name":"Accueil","item":"https:\/\/planetetennis.fr\/"},{"@type":"ListItem","position":2,"name":"Nos produits","item":"https:\/\/planetetennis.fr\/produits\/"},{"@type":"ListItem","position":3,"name":"RAQUETTE VITAS 100 R"}]},{"@type":"WebSite","@id":"https:\/\/planetetennis.fr\/#website","url":"https:\/\/planetetennis.fr\/","name":"Planeta tenis","description":"Cordages de tennis monofilament fran\u00e7ais","publisher":{"@id":"https:\/\/planetetennis.fr\/#organization"},"potentialAction":[{"@type":"SearchAction","target":{"@type":"EntryPoint","urlTemplate":"https:\/\/planetetennis.fr\/?s={search_term_string}"},"query-input":{"@type":"PropertyValueSpecification","valueRequired":true,"valueName":"search_term_string"}}],"inLanguage":"es-ES"},{"@type":"Organization","@id":"https:\/\/planetetennis.fr\/#organization","name":"Planeta tenis","url":"https:\/\/planetetennis.fr\/","logo":{"@type":"ImageObject","inLanguage":"es-ES","@id":"https:\/\/planetetennis.fr\/#\/schema\/logo\/image\/","url":"https:\/\/planetetennis.fr\/wp-content\/uploads\/2021\/10\/logocolor03.png","contentUrl":"https:\/\/planetetennis.fr\/wp-content\/uploads\/2021\/10\/logocolor03.png","width":230,"height":58,"caption":"Planetetennis"},"image":{"@id":"https:\/\/planetetennis.fr\/#\/schema\/logo\/image\/"}}]}},"_links":{"self":[{"href":"https:\/\/planetetennis.fr\/es\/wp-json\/wp\/v2\/product\/16986","targetHints":{"allow":["GET"]}}],"collection":[{"href":"https:\/\/planetetennis.fr\/es\/wp-json\/wp\/v2\/product"}],"about":[{"href":"https:\/\/planetetennis.fr\/es\/wp-json\/wp\/v2\/types\/product"}],"replies":[{"embeddable":true,"href":"https:\/\/planetetennis.fr\/es\/wp-json\/wp\/v2\/comments?post=16986"}],"wp:featuredmedia":[{"embeddable":true,"href":"https:\/\/planetetennis.fr\/es\/wp-json\/wp\/v2\/media\/16991"}],"wp:attachment":[{"href":"https:\/\/planetetennis.fr\/es\/wp-json\/wp\/v2\/media?parent=16986"}],"wp:term":[{"taxonomy":"product_brand","embeddable":true,"href":"https:\/\/planetetennis.fr\/es\/wp-json\/wp\/v2\/product_brand?post=16986"},{"taxonomy":"product_cat","embeddable":true,"href":"https:\/\/planetetennis.fr\/es\/wp-json\/wp\/v2\/product_cat?post=16986"},{"taxonomy":"product_tag","embeddable":true,"href":"https:\/\/planetetennis.fr\/es\/wp-json\/wp\/v2\/product_tag?post=16986"}],"curies":[{"name":"wp","href":"https:\/\/api.w.org\/{rel}","templated":true}]}}