{"id":17060,"date":"2024-12-14T13:22:53","date_gmt":"2024-12-14T13:22:53","guid":{"rendered":"https:\/\/planetetennis.fr\/?post_type=product&#038;p=17060"},"modified":"2026-04-05T21:24:59","modified_gmt":"2026-04-05T21:24:59","slug":"raquette-grinta-100-l","status":"publish","type":"product","link":"https:\/\/planetetennis.fr\/es\/product\/raquette-grinta-100-l\/","title":{"rendered":"RAQUETTE GRINTA 100 L"},"content":{"rendered":"<p>Pour les joueurs de tous les terrains et les basketteurs, ainsi que pour les attaquants \u00e0 la<br \/>\nrecherche d&#8217;une taille de t\u00eate un peu plus grande, arr\u00eatez de tourner les pages, c&#8217;est \u00e0 vous ! Un<br \/>\ncadre en ellipse de contr\u00f4le avec une zone 3\/9 \u00e9largie et des cordes centrales plus longues pour<br \/>\nun contr\u00f4le optimal sur les coups \u00e0 plat et avec effets.<br \/>\ndes cordes centrales plus longues pour un contr\u00f4le optimal sur les coups \u00e0 plat et les coups avec<br \/>\neffets.<br \/>\nSa section en X bionique vous assure une stabilit\u00e9 suffisante et un meilleur contr\u00f4le m\u00eame sur les<br \/>\nfrappes d\u00e9centr\u00e9es. Les \u0153illets Snauwaert Squared Grommets \u00e0 la position 3\/9 pour une<br \/>\nmeilleure accroche du cordage !<\/p>\n<p>&nbsp;<\/p>\n<p>Tamis : 645 cm2<br \/>\nSections : 22-24-23 double poutre conique<br \/>\nPlan de cordage : 16 \u00d7 18<br \/>\nPoids : 285 g<br \/>\nBalance : 335 mm<\/p>","protected":false},"excerpt":{"rendered":"<p>Choix de raquette pour les joueurs Polyvalent et les joueurs de fond de court. Id\u00e9ale pour les joueurs avanc\u00e9s avec un swing long et rapide, qu&#8217;ils soient polyvalents ou joueurs de fond de court, \u00e0 la recherche de pr\u00e9cision dans la trajectoire de balle et d&#8217;un effet \u00e9lev\u00e9.<\/p>","protected":false},"featured_media":17053,"comment_status":"open","ping_status":"closed","template":"","meta":{"_monsterinsights_skip_tracking":false,"_monsterinsights_sitenote_active":false,"_monsterinsights_sitenote_note":"","_monsterinsights_sitenote_category":0},"product_brand":[],"product_cat":[410,608],"product_tag":[],"class_list":{"0":"post-17060","1":"product","2":"type-product","3":"status-publish","4":"has-post-thumbnail","6":"product_cat-raquettes-tennis","7":"product_cat-snauwaert","8":"pa_taille-manche-295","9":"pa_taille-manche-296","10":"pa_taille-manche-297","11":"pa_taille-manche-298","12":"pa_taille-manche-299","14":"first","15":"instock","16":"sale","17":"taxable","18":"shipping-taxable","19":"purchasable","20":"product-type-variable"},"yoast_head":"<!-- This site is optimized with the Yoast SEO plugin v27.4 - https:\/\/yoast.com\/product\/yoast-seo-wordpress\/ -->\n<title>RAQUETTE GRINTA 100 L - Planetetennis<\/title>\n<meta name=\"robots\" content=\"index, follow, max-snippet:-1, max-image-preview:large, max-video-preview:-1\" \/>\n<link rel=\"canonical\" href=\"https:\/\/planetetennis.fr\/es\/product\/raquette-grinta-100-l\/\" \/>\n<meta property=\"og:locale\" content=\"es_ES\" \/>\n<meta property=\"og:type\" content=\"article\" \/>\n<meta property=\"og:title\" content=\"RAQUETTE GRINTA 100 L - Planetetennis\" \/>\n<meta property=\"og:description\" content=\"Choix de raquette pour les joueurs Polyvalent et les joueurs de fond de court. Id\u00e9ale pour les joueurs avanc\u00e9s avec un swing long et rapide, qu&#039;ils soient polyvalents ou joueurs de fond de court, \u00e0 la recherche de pr\u00e9cision dans la trajectoire de balle et d&#039;un effet \u00e9lev\u00e9.\" \/>\n<meta property=\"og:url\" content=\"https:\/\/planetetennis.fr\/es\/product\/raquette-grinta-100-l\/\" \/>\n<meta property=\"og:site_name\" content=\"Planetetennis\" \/>\n<meta property=\"article:modified_time\" content=\"2026-04-05T21:24:59+00:00\" \/>\n<meta property=\"og:image\" content=\"https:\/\/planetetennis.fr\/wp-content\/uploads\/2024\/12\/Snauwaert-GRINTA-100-3.jpg\" \/>\n\t<meta property=\"og:image:width\" content=\"1000\" \/>\n\t<meta property=\"og:image:height\" content=\"1500\" \/>\n\t<meta property=\"og:image:type\" content=\"image\/jpeg\" \/>\n<meta name=\"twitter:card\" content=\"summary_large_image\" \/>\n<meta name=\"twitter:label1\" content=\"Est. reading time\" \/>\n\t<meta name=\"twitter:data1\" content=\"1 minute\" \/>\n<script type=\"application\/ld+json\" class=\"yoast-schema-graph\">{\"@context\":\"https:\\\/\\\/schema.org\",\"@graph\":[{\"@type\":\"WebPage\",\"@id\":\"https:\\\/\\\/planetetennis.fr\\\/product\\\/raquette-grinta-100-l\\\/\",\"url\":\"https:\\\/\\\/planetetennis.fr\\\/product\\\/raquette-grinta-100-l\\\/\",\"name\":\"RAQUETTE GRINTA 100 L - Planetetennis\",\"isPartOf\":{\"@id\":\"https:\\\/\\\/planetetennis.fr\\\/#website\"},\"primaryImageOfPage\":{\"@id\":\"https:\\\/\\\/planetetennis.fr\\\/product\\\/raquette-grinta-100-l\\\/#primaryimage\"},\"image\":{\"@id\":\"https:\\\/\\\/planetetennis.fr\\\/product\\\/raquette-grinta-100-l\\\/#primaryimage\"},\"thumbnailUrl\":\"https:\\\/\\\/planetetennis.fr\\\/wp-content\\\/uploads\\\/2024\\\/12\\\/Snauwaert-GRINTA-100-3.jpg\",\"datePublished\":\"2024-12-14T13:22:53+00:00\",\"dateModified\":\"2026-04-05T21:24:59+00:00\",\"breadcrumb\":{\"@id\":\"https:\\\/\\\/planetetennis.fr\\\/product\\\/raquette-grinta-100-l\\\/#breadcrumb\"},\"inLanguage\":\"es-ES\",\"potentialAction\":[{\"@type\":\"ReadAction\",\"target\":[\"https:\\\/\\\/planetetennis.fr\\\/product\\\/raquette-grinta-100-l\\\/\"]}]},{\"@type\":\"ImageObject\",\"inLanguage\":\"es-ES\",\"@id\":\"https:\\\/\\\/planetetennis.fr\\\/product\\\/raquette-grinta-100-l\\\/#primaryimage\",\"url\":\"https:\\\/\\\/planetetennis.fr\\\/wp-content\\\/uploads\\\/2024\\\/12\\\/Snauwaert-GRINTA-100-3.jpg\",\"contentUrl\":\"https:\\\/\\\/planetetennis.fr\\\/wp-content\\\/uploads\\\/2024\\\/12\\\/Snauwaert-GRINTA-100-3.jpg\",\"width\":1000,\"height\":1500,\"caption\":\"Photo Alexander Meeus - ESIGN - Snauwaert\"},{\"@type\":\"BreadcrumbList\",\"@id\":\"https:\\\/\\\/planetetennis.fr\\\/product\\\/raquette-grinta-100-l\\\/#breadcrumb\",\"itemListElement\":[{\"@type\":\"ListItem\",\"position\":1,\"name\":\"Accueil\",\"item\":\"https:\\\/\\\/planetetennis.fr\\\/\"},{\"@type\":\"ListItem\",\"position\":2,\"name\":\"Nos produits\",\"item\":\"https:\\\/\\\/planetetennis.fr\\\/produits\\\/\"},{\"@type\":\"ListItem\",\"position\":3,\"name\":\"RAQUETTE GRINTA 100 L\"}]},{\"@type\":\"WebSite\",\"@id\":\"https:\\\/\\\/planetetennis.fr\\\/#website\",\"url\":\"https:\\\/\\\/planetetennis.fr\\\/\",\"name\":\"Planetetennis\",\"description\":\"Cordages de tennis monofilament fran\u00e7ais\",\"publisher\":{\"@id\":\"https:\\\/\\\/planetetennis.fr\\\/#organization\"},\"potentialAction\":[{\"@type\":\"SearchAction\",\"target\":{\"@type\":\"EntryPoint\",\"urlTemplate\":\"https:\\\/\\\/planetetennis.fr\\\/?s={search_term_string}\"},\"query-input\":{\"@type\":\"PropertyValueSpecification\",\"valueRequired\":true,\"valueName\":\"search_term_string\"}}],\"inLanguage\":\"es-ES\"},{\"@type\":\"Organization\",\"@id\":\"https:\\\/\\\/planetetennis.fr\\\/#organization\",\"name\":\"Planetetennis\",\"url\":\"https:\\\/\\\/planetetennis.fr\\\/\",\"logo\":{\"@type\":\"ImageObject\",\"inLanguage\":\"es-ES\",\"@id\":\"https:\\\/\\\/planetetennis.fr\\\/#\\\/schema\\\/logo\\\/image\\\/\",\"url\":\"https:\\\/\\\/planetetennis.fr\\\/wp-content\\\/uploads\\\/2021\\\/10\\\/logocolor03.png\",\"contentUrl\":\"https:\\\/\\\/planetetennis.fr\\\/wp-content\\\/uploads\\\/2021\\\/10\\\/logocolor03.png\",\"width\":230,\"height\":58,\"caption\":\"Planetetennis\"},\"image\":{\"@id\":\"https:\\\/\\\/planetetennis.fr\\\/#\\\/schema\\\/logo\\\/image\\\/\"}}]}<\/script>\n<!-- \/ Yoast SEO plugin. -->","yoast_head_json":{"title":"RAQUETTE GRINTA 100 L - Planetetennis","robots":{"index":"index","follow":"follow","max-snippet":"max-snippet:-1","max-image-preview":"max-image-preview:large","max-video-preview":"max-video-preview:-1"},"canonical":"https:\/\/planetetennis.fr\/es\/product\/raquette-grinta-100-l\/","og_locale":"es_ES","og_type":"article","og_title":"RAQUETTE GRINTA 100 L - Planetetennis","og_description":"Choix de raquette pour les joueurs Polyvalent et les joueurs de fond de court. Id\u00e9ale pour les joueurs avanc\u00e9s avec un swing long et rapide, qu'ils soient polyvalents ou joueurs de fond de court, \u00e0 la recherche de pr\u00e9cision dans la trajectoire de balle et d'un effet \u00e9lev\u00e9.","og_url":"https:\/\/planetetennis.fr\/es\/product\/raquette-grinta-100-l\/","og_site_name":"Planetetennis","article_modified_time":"2026-04-05T21:24:59+00:00","og_image":[{"width":1000,"height":1500,"url":"https:\/\/planetetennis.fr\/wp-content\/uploads\/2024\/12\/Snauwaert-GRINTA-100-3.jpg","type":"image\/jpeg"}],"twitter_card":"summary_large_image","twitter_misc":{"Est. reading time":"1 minute"},"schema":{"@context":"https:\/\/schema.org","@graph":[{"@type":"WebPage","@id":"https:\/\/planetetennis.fr\/product\/raquette-grinta-100-l\/","url":"https:\/\/planetetennis.fr\/product\/raquette-grinta-100-l\/","name":"RAQUETTE GRINTA 100 L - Planetetennis","isPartOf":{"@id":"https:\/\/planetetennis.fr\/#website"},"primaryImageOfPage":{"@id":"https:\/\/planetetennis.fr\/product\/raquette-grinta-100-l\/#primaryimage"},"image":{"@id":"https:\/\/planetetennis.fr\/product\/raquette-grinta-100-l\/#primaryimage"},"thumbnailUrl":"https:\/\/planetetennis.fr\/wp-content\/uploads\/2024\/12\/Snauwaert-GRINTA-100-3.jpg","datePublished":"2024-12-14T13:22:53+00:00","dateModified":"2026-04-05T21:24:59+00:00","breadcrumb":{"@id":"https:\/\/planetetennis.fr\/product\/raquette-grinta-100-l\/#breadcrumb"},"inLanguage":"es-ES","potentialAction":[{"@type":"ReadAction","target":["https:\/\/planetetennis.fr\/product\/raquette-grinta-100-l\/"]}]},{"@type":"ImageObject","inLanguage":"es-ES","@id":"https:\/\/planetetennis.fr\/product\/raquette-grinta-100-l\/#primaryimage","url":"https:\/\/planetetennis.fr\/wp-content\/uploads\/2024\/12\/Snauwaert-GRINTA-100-3.jpg","contentUrl":"https:\/\/planetetennis.fr\/wp-content\/uploads\/2024\/12\/Snauwaert-GRINTA-100-3.jpg","width":1000,"height":1500,"caption":"Photo Alexander Meeus - ESIGN - Snauwaert"},{"@type":"BreadcrumbList","@id":"https:\/\/planetetennis.fr\/product\/raquette-grinta-100-l\/#breadcrumb","itemListElement":[{"@type":"ListItem","position":1,"name":"Accueil","item":"https:\/\/planetetennis.fr\/"},{"@type":"ListItem","position":2,"name":"Nos produits","item":"https:\/\/planetetennis.fr\/produits\/"},{"@type":"ListItem","position":3,"name":"RAQUETTE GRINTA 100 L"}]},{"@type":"WebSite","@id":"https:\/\/planetetennis.fr\/#website","url":"https:\/\/planetetennis.fr\/","name":"Planeta tenis","description":"Cordages de tennis monofilament fran\u00e7ais","publisher":{"@id":"https:\/\/planetetennis.fr\/#organization"},"potentialAction":[{"@type":"SearchAction","target":{"@type":"EntryPoint","urlTemplate":"https:\/\/planetetennis.fr\/?s={search_term_string}"},"query-input":{"@type":"PropertyValueSpecification","valueRequired":true,"valueName":"search_term_string"}}],"inLanguage":"es-ES"},{"@type":"Organization","@id":"https:\/\/planetetennis.fr\/#organization","name":"Planeta tenis","url":"https:\/\/planetetennis.fr\/","logo":{"@type":"ImageObject","inLanguage":"es-ES","@id":"https:\/\/planetetennis.fr\/#\/schema\/logo\/image\/","url":"https:\/\/planetetennis.fr\/wp-content\/uploads\/2021\/10\/logocolor03.png","contentUrl":"https:\/\/planetetennis.fr\/wp-content\/uploads\/2021\/10\/logocolor03.png","width":230,"height":58,"caption":"Planetetennis"},"image":{"@id":"https:\/\/planetetennis.fr\/#\/schema\/logo\/image\/"}}]}},"_links":{"self":[{"href":"https:\/\/planetetennis.fr\/es\/wp-json\/wp\/v2\/product\/17060","targetHints":{"allow":["GET"]}}],"collection":[{"href":"https:\/\/planetetennis.fr\/es\/wp-json\/wp\/v2\/product"}],"about":[{"href":"https:\/\/planetetennis.fr\/es\/wp-json\/wp\/v2\/types\/product"}],"replies":[{"embeddable":true,"href":"https:\/\/planetetennis.fr\/es\/wp-json\/wp\/v2\/comments?post=17060"}],"wp:featuredmedia":[{"embeddable":true,"href":"https:\/\/planetetennis.fr\/es\/wp-json\/wp\/v2\/media\/17053"}],"wp:attachment":[{"href":"https:\/\/planetetennis.fr\/es\/wp-json\/wp\/v2\/media?parent=17060"}],"wp:term":[{"taxonomy":"product_brand","embeddable":true,"href":"https:\/\/planetetennis.fr\/es\/wp-json\/wp\/v2\/product_brand?post=17060"},{"taxonomy":"product_cat","embeddable":true,"href":"https:\/\/planetetennis.fr\/es\/wp-json\/wp\/v2\/product_cat?post=17060"},{"taxonomy":"product_tag","embeddable":true,"href":"https:\/\/planetetennis.fr\/es\/wp-json\/wp\/v2\/product_tag?post=17060"}],"curies":[{"name":"wp","href":"https:\/\/api.w.org\/{rel}","templated":true}]}}