{"id":17072,"date":"2024-12-15T09:04:33","date_gmt":"2024-12-15T09:04:33","guid":{"rendered":"https:\/\/planetetennis.fr\/?post_type=product&#038;p=17072"},"modified":"2025-06-24T15:35:45","modified_gmt":"2025-06-24T15:35:45","slug":"raquette-vitas-100-l-2020","status":"publish","type":"product","link":"https:\/\/planetetennis.fr\/es\/product\/raquette-vitas-100-l-2020\/","title":{"rendered":"RAQUETTE VITAS 100 L 2020"},"content":{"rendered":"<p>Une solution unique pour tous les niveaux et tous les styles ! Allcourters, baseliners et joueurs de<br \/>\nloisir, voici votre terre promise ! Le cadre pentagonal puissant avec une zone de cordage \u00e9largie dans<br \/>\nla moiti\u00e9 sup\u00e9rieure et \u00e0 3\/9 heures. Des cordes transversales centrales plus longues et des cordes<br \/>\nprincipales lat\u00e9rales pour une zone de frappe plus large, combinant effets et vitesse pour une &#8220;balle<br \/>\nlourde&#8221; in\u00e9gal\u00e9e.<br \/>\nCette Vitas poss\u00e8de une section en X bionique pour plus de puissance, m\u00eame sur les frappes<br \/>\nexcentr\u00e9es. Les \u0153illets Snauwaert Squared Grommets \u00e0 la position 6\/12 pour un service plus efficace<br \/>\net des coups plats plus rapides !<\/p>\n<p>&nbsp;<\/p>\n<p>Tamis : 645 cm2<br \/>\nSections : 24-26, 5-25<br \/>\nPlan de cordage : 16 \u00d7 18<br \/>\nPoids : 280 g<br \/>\nBalance : 335 mm<\/p>","protected":false},"excerpt":{"rendered":"<p>La raquette de tennis Vitas 100 est recommand\u00e9e aux joueurs interm\u00e9diaires \u00e0 avanc\u00e9s qui frappent principalement dans la moiti\u00e9 sup\u00e9rieure du cadre.<\/p>","protected":false},"featured_media":17068,"comment_status":"open","ping_status":"closed","template":"","meta":{"_monsterinsights_skip_tracking":false,"_monsterinsights_sitenote_active":false,"_monsterinsights_sitenote_note":"","_monsterinsights_sitenote_category":0},"product_brand":[],"product_cat":[410,608],"product_tag":[],"class_list":{"0":"post-17072","1":"product","2":"type-product","3":"status-publish","4":"has-post-thumbnail","6":"product_cat-raquettes-tennis","7":"product_cat-snauwaert","8":"pa_taille-manche-295","9":"pa_taille-manche-296","10":"pa_taille-manche-297","11":"pa_taille-manche-298","12":"pa_taille-manche-299","14":"first","15":"instock","16":"sale","17":"taxable","18":"shipping-taxable","19":"purchasable","20":"product-type-variable"},"yoast_head":"<!-- This site is optimized with the Yoast SEO plugin v27.4 - https:\/\/yoast.com\/product\/yoast-seo-wordpress\/ -->\n<title>RAQUETTE VITAS 100 L 2020 - Planetetennis<\/title>\n<meta name=\"robots\" content=\"index, follow, max-snippet:-1, max-image-preview:large, max-video-preview:-1\" \/>\n<link rel=\"canonical\" href=\"https:\/\/planetetennis.fr\/es\/product\/raquette-vitas-100-l-2020\/\" \/>\n<meta property=\"og:locale\" content=\"es_ES\" \/>\n<meta property=\"og:type\" content=\"article\" \/>\n<meta property=\"og:title\" content=\"RAQUETTE VITAS 100 L 2020 - Planetetennis\" \/>\n<meta property=\"og:description\" content=\"La raquette de tennis Vitas 100 est recommand\u00e9e aux joueurs interm\u00e9diaires \u00e0 avanc\u00e9s qui frappent principalement dans la moiti\u00e9 sup\u00e9rieure du cadre.\" \/>\n<meta property=\"og:url\" content=\"https:\/\/planetetennis.fr\/es\/product\/raquette-vitas-100-l-2020\/\" \/>\n<meta property=\"og:site_name\" content=\"Planetetennis\" \/>\n<meta property=\"article:modified_time\" content=\"2025-06-24T15:35:45+00:00\" \/>\n<meta property=\"og:image\" content=\"https:\/\/planetetennis.fr\/wp-content\/uploads\/2024\/12\/AM_SNAUWAERT-VITAS-100-WHITE001.jpg\" \/>\n\t<meta property=\"og:image:width\" content=\"1000\" \/>\n\t<meta property=\"og:image:height\" content=\"1500\" \/>\n\t<meta property=\"og:image:type\" content=\"image\/jpeg\" \/>\n<meta name=\"twitter:card\" content=\"summary_large_image\" \/>\n<meta name=\"twitter:label1\" content=\"Est. reading time\" \/>\n\t<meta name=\"twitter:data1\" content=\"1 minute\" \/>\n<script type=\"application\/ld+json\" class=\"yoast-schema-graph\">{\"@context\":\"https:\\\/\\\/schema.org\",\"@graph\":[{\"@type\":\"WebPage\",\"@id\":\"https:\\\/\\\/planetetennis.fr\\\/product\\\/raquette-vitas-100-l-2020\\\/\",\"url\":\"https:\\\/\\\/planetetennis.fr\\\/product\\\/raquette-vitas-100-l-2020\\\/\",\"name\":\"RAQUETTE VITAS 100 L 2020 - Planetetennis\",\"isPartOf\":{\"@id\":\"https:\\\/\\\/planetetennis.fr\\\/#website\"},\"primaryImageOfPage\":{\"@id\":\"https:\\\/\\\/planetetennis.fr\\\/product\\\/raquette-vitas-100-l-2020\\\/#primaryimage\"},\"image\":{\"@id\":\"https:\\\/\\\/planetetennis.fr\\\/product\\\/raquette-vitas-100-l-2020\\\/#primaryimage\"},\"thumbnailUrl\":\"https:\\\/\\\/planetetennis.fr\\\/wp-content\\\/uploads\\\/2024\\\/12\\\/AM_SNAUWAERT-VITAS-100-WHITE001.jpg\",\"datePublished\":\"2024-12-15T09:04:33+00:00\",\"dateModified\":\"2025-06-24T15:35:45+00:00\",\"breadcrumb\":{\"@id\":\"https:\\\/\\\/planetetennis.fr\\\/product\\\/raquette-vitas-100-l-2020\\\/#breadcrumb\"},\"inLanguage\":\"es-ES\",\"potentialAction\":[{\"@type\":\"ReadAction\",\"target\":[\"https:\\\/\\\/planetetennis.fr\\\/product\\\/raquette-vitas-100-l-2020\\\/\"]}]},{\"@type\":\"ImageObject\",\"inLanguage\":\"es-ES\",\"@id\":\"https:\\\/\\\/planetetennis.fr\\\/product\\\/raquette-vitas-100-l-2020\\\/#primaryimage\",\"url\":\"https:\\\/\\\/planetetennis.fr\\\/wp-content\\\/uploads\\\/2024\\\/12\\\/AM_SNAUWAERT-VITAS-100-WHITE001.jpg\",\"contentUrl\":\"https:\\\/\\\/planetetennis.fr\\\/wp-content\\\/uploads\\\/2024\\\/12\\\/AM_SNAUWAERT-VITAS-100-WHITE001.jpg\",\"width\":1000,\"height\":1500},{\"@type\":\"BreadcrumbList\",\"@id\":\"https:\\\/\\\/planetetennis.fr\\\/product\\\/raquette-vitas-100-l-2020\\\/#breadcrumb\",\"itemListElement\":[{\"@type\":\"ListItem\",\"position\":1,\"name\":\"Accueil\",\"item\":\"https:\\\/\\\/planetetennis.fr\\\/\"},{\"@type\":\"ListItem\",\"position\":2,\"name\":\"Nos produits\",\"item\":\"https:\\\/\\\/planetetennis.fr\\\/produits\\\/\"},{\"@type\":\"ListItem\",\"position\":3,\"name\":\"RAQUETTE VITAS 100 L 2020\"}]},{\"@type\":\"WebSite\",\"@id\":\"https:\\\/\\\/planetetennis.fr\\\/#website\",\"url\":\"https:\\\/\\\/planetetennis.fr\\\/\",\"name\":\"Planetetennis\",\"description\":\"Cordages de tennis monofilament fran\u00e7ais\",\"publisher\":{\"@id\":\"https:\\\/\\\/planetetennis.fr\\\/#organization\"},\"potentialAction\":[{\"@type\":\"SearchAction\",\"target\":{\"@type\":\"EntryPoint\",\"urlTemplate\":\"https:\\\/\\\/planetetennis.fr\\\/?s={search_term_string}\"},\"query-input\":{\"@type\":\"PropertyValueSpecification\",\"valueRequired\":true,\"valueName\":\"search_term_string\"}}],\"inLanguage\":\"es-ES\"},{\"@type\":\"Organization\",\"@id\":\"https:\\\/\\\/planetetennis.fr\\\/#organization\",\"name\":\"Planetetennis\",\"url\":\"https:\\\/\\\/planetetennis.fr\\\/\",\"logo\":{\"@type\":\"ImageObject\",\"inLanguage\":\"es-ES\",\"@id\":\"https:\\\/\\\/planetetennis.fr\\\/#\\\/schema\\\/logo\\\/image\\\/\",\"url\":\"https:\\\/\\\/planetetennis.fr\\\/wp-content\\\/uploads\\\/2021\\\/10\\\/logocolor03.png\",\"contentUrl\":\"https:\\\/\\\/planetetennis.fr\\\/wp-content\\\/uploads\\\/2021\\\/10\\\/logocolor03.png\",\"width\":230,\"height\":58,\"caption\":\"Planetetennis\"},\"image\":{\"@id\":\"https:\\\/\\\/planetetennis.fr\\\/#\\\/schema\\\/logo\\\/image\\\/\"}}]}<\/script>\n<!-- \/ Yoast SEO plugin. -->","yoast_head_json":{"title":"RAQUETTE VITAS 100 L 2020 - Planetetennis","robots":{"index":"index","follow":"follow","max-snippet":"max-snippet:-1","max-image-preview":"max-image-preview:large","max-video-preview":"max-video-preview:-1"},"canonical":"https:\/\/planetetennis.fr\/es\/product\/raquette-vitas-100-l-2020\/","og_locale":"es_ES","og_type":"article","og_title":"RAQUETTE VITAS 100 L 2020 - Planetetennis","og_description":"La raquette de tennis Vitas 100 est recommand\u00e9e aux joueurs interm\u00e9diaires \u00e0 avanc\u00e9s qui frappent principalement dans la moiti\u00e9 sup\u00e9rieure du cadre.","og_url":"https:\/\/planetetennis.fr\/es\/product\/raquette-vitas-100-l-2020\/","og_site_name":"Planetetennis","article_modified_time":"2025-06-24T15:35:45+00:00","og_image":[{"width":1000,"height":1500,"url":"https:\/\/planetetennis.fr\/wp-content\/uploads\/2024\/12\/AM_SNAUWAERT-VITAS-100-WHITE001.jpg","type":"image\/jpeg"}],"twitter_card":"summary_large_image","twitter_misc":{"Est. reading time":"1 minute"},"schema":{"@context":"https:\/\/schema.org","@graph":[{"@type":"WebPage","@id":"https:\/\/planetetennis.fr\/product\/raquette-vitas-100-l-2020\/","url":"https:\/\/planetetennis.fr\/product\/raquette-vitas-100-l-2020\/","name":"RAQUETTE VITAS 100 L 2020 - Planetetennis","isPartOf":{"@id":"https:\/\/planetetennis.fr\/#website"},"primaryImageOfPage":{"@id":"https:\/\/planetetennis.fr\/product\/raquette-vitas-100-l-2020\/#primaryimage"},"image":{"@id":"https:\/\/planetetennis.fr\/product\/raquette-vitas-100-l-2020\/#primaryimage"},"thumbnailUrl":"https:\/\/planetetennis.fr\/wp-content\/uploads\/2024\/12\/AM_SNAUWAERT-VITAS-100-WHITE001.jpg","datePublished":"2024-12-15T09:04:33+00:00","dateModified":"2025-06-24T15:35:45+00:00","breadcrumb":{"@id":"https:\/\/planetetennis.fr\/product\/raquette-vitas-100-l-2020\/#breadcrumb"},"inLanguage":"es-ES","potentialAction":[{"@type":"ReadAction","target":["https:\/\/planetetennis.fr\/product\/raquette-vitas-100-l-2020\/"]}]},{"@type":"ImageObject","inLanguage":"es-ES","@id":"https:\/\/planetetennis.fr\/product\/raquette-vitas-100-l-2020\/#primaryimage","url":"https:\/\/planetetennis.fr\/wp-content\/uploads\/2024\/12\/AM_SNAUWAERT-VITAS-100-WHITE001.jpg","contentUrl":"https:\/\/planetetennis.fr\/wp-content\/uploads\/2024\/12\/AM_SNAUWAERT-VITAS-100-WHITE001.jpg","width":1000,"height":1500},{"@type":"BreadcrumbList","@id":"https:\/\/planetetennis.fr\/product\/raquette-vitas-100-l-2020\/#breadcrumb","itemListElement":[{"@type":"ListItem","position":1,"name":"Accueil","item":"https:\/\/planetetennis.fr\/"},{"@type":"ListItem","position":2,"name":"Nos produits","item":"https:\/\/planetetennis.fr\/produits\/"},{"@type":"ListItem","position":3,"name":"RAQUETTE VITAS 100 L 2020"}]},{"@type":"WebSite","@id":"https:\/\/planetetennis.fr\/#website","url":"https:\/\/planetetennis.fr\/","name":"Planeta tenis","description":"Cordages de tennis monofilament fran\u00e7ais","publisher":{"@id":"https:\/\/planetetennis.fr\/#organization"},"potentialAction":[{"@type":"SearchAction","target":{"@type":"EntryPoint","urlTemplate":"https:\/\/planetetennis.fr\/?s={search_term_string}"},"query-input":{"@type":"PropertyValueSpecification","valueRequired":true,"valueName":"search_term_string"}}],"inLanguage":"es-ES"},{"@type":"Organization","@id":"https:\/\/planetetennis.fr\/#organization","name":"Planeta tenis","url":"https:\/\/planetetennis.fr\/","logo":{"@type":"ImageObject","inLanguage":"es-ES","@id":"https:\/\/planetetennis.fr\/#\/schema\/logo\/image\/","url":"https:\/\/planetetennis.fr\/wp-content\/uploads\/2021\/10\/logocolor03.png","contentUrl":"https:\/\/planetetennis.fr\/wp-content\/uploads\/2021\/10\/logocolor03.png","width":230,"height":58,"caption":"Planetetennis"},"image":{"@id":"https:\/\/planetetennis.fr\/#\/schema\/logo\/image\/"}}]}},"_links":{"self":[{"href":"https:\/\/planetetennis.fr\/es\/wp-json\/wp\/v2\/product\/17072","targetHints":{"allow":["GET"]}}],"collection":[{"href":"https:\/\/planetetennis.fr\/es\/wp-json\/wp\/v2\/product"}],"about":[{"href":"https:\/\/planetetennis.fr\/es\/wp-json\/wp\/v2\/types\/product"}],"replies":[{"embeddable":true,"href":"https:\/\/planetetennis.fr\/es\/wp-json\/wp\/v2\/comments?post=17072"}],"wp:featuredmedia":[{"embeddable":true,"href":"https:\/\/planetetennis.fr\/es\/wp-json\/wp\/v2\/media\/17068"}],"wp:attachment":[{"href":"https:\/\/planetetennis.fr\/es\/wp-json\/wp\/v2\/media?parent=17072"}],"wp:term":[{"taxonomy":"product_brand","embeddable":true,"href":"https:\/\/planetetennis.fr\/es\/wp-json\/wp\/v2\/product_brand?post=17072"},{"taxonomy":"product_cat","embeddable":true,"href":"https:\/\/planetetennis.fr\/es\/wp-json\/wp\/v2\/product_cat?post=17072"},{"taxonomy":"product_tag","embeddable":true,"href":"https:\/\/planetetennis.fr\/es\/wp-json\/wp\/v2\/product_tag?post=17072"}],"curies":[{"name":"wp","href":"https:\/\/api.w.org\/{rel}","templated":true}]}}