{"id":17096,"date":"2024-12-27T16:08:36","date_gmt":"2024-12-27T16:08:36","guid":{"rendered":"https:\/\/planetetennis.fr\/?post_type=product&#038;p=17096"},"modified":"2025-07-09T12:56:16","modified_gmt":"2025-07-09T12:56:16","slug":"lance-balle-siboasi-t2303m-tennis","status":"publish","type":"product","link":"https:\/\/planetetennis.fr\/es\/product\/lance-balle-siboasi-t2303m-tennis\/","title":{"rendered":"Lance balle Siboasi T2303M Tennis"},"content":{"rendered":"<p>1. T\u00e9l\u00e9commande intelligente et contr\u00f4le par application mobile.<br \/>\n2. Exercices intelligents, vitesse de service personnalis\u00e9e, angle, fr\u00e9quence, rotation, etc.<br \/>\n3. Programmation intelligente du point d&#8217;atterrissage avec 21 points en option, plusieurs modes de service, rendant l&#8217;entra\u00eenement pr\u00e9cis.<br \/>\n4. Fr\u00e9quence des exercices de 1,8 \u00e0 9 secondes, aidant \u00e0 am\u00e9liorer les r\u00e9flexes, la forme physique et l&#8217;endurance des joueurs.<br \/>\n5. Permettre aux joueurs de standardiser les mouvements de base, de pratiquer le coup droit et le revers, le jeu de jambes et d&#8217;am\u00e9liorer la pr\u00e9cision de la frappe de balle.<br \/>\n6. \u00c9quip\u00e9 d&#8217;un panier de rangement de grande capacit\u00e9, augmentant consid\u00e9rablement la pratique des joueurs.<br \/>\n7. Compagnon de jeu professionnel, id\u00e9al pour divers sc\u00e9narios tels que le sport quotidien, le coaching et l&#8217;entra\u00eenement.<\/p>\n<p>puissance : 300W<br \/>\ntaille du produit : 66,5 x 49 x 61,5\u00a0 cm<br \/>\nPoids net : 19.5 KG<br \/>\ncapacit\u00e9 de balles : 130 balles<br \/>\nfr\u00e9quence : 1.8~9 secondes \/ balle<\/p>","protected":false},"excerpt":{"rendered":"<p>La machine \u00e0 balles de tennis est id\u00e9ale pour pratiquer divers aspects du jeu. Besoin de travailler sur vos coups crois\u00e9s au sol ? Besoin de pratiquer le topspin ? Besoin de pratiquer les vol\u00e9es ? Tout est possible avec la machine \u00e0 balles comme partenaire. La machine d&#8217;entra\u00eenement aux balles de tennis SIBOASI peut \u00e9galement \u00eatre utilis\u00e9e pour des domaines d&#8217;entra\u00eenement plus avanc\u00e9s comme le jeu de jambes, la r\u00e9cup\u00e9ration, l&#8217;attaque et la d\u00e9fense.<\/p>\n<p>&nbsp;<\/p>","protected":false},"featured_media":17098,"comment_status":"open","ping_status":"closed","template":"","meta":{"_monsterinsights_skip_tracking":false,"_monsterinsights_sitenote_active":false,"_monsterinsights_sitenote_note":"","_monsterinsights_sitenote_category":0},"product_brand":[],"product_cat":[603],"product_tag":[],"class_list":{"0":"post-17096","1":"product","2":"type-product","3":"status-publish","4":"has-post-thumbnail","6":"product_cat-lance-balles","8":"first","9":"instock","10":"taxable","11":"shipping-taxable","12":"purchasable","13":"product-type-simple"},"yoast_head":"<!-- This site is optimized with the Yoast SEO plugin v27.4 - https:\/\/yoast.com\/product\/yoast-seo-wordpress\/ -->\n<title>Lance balle Siboasi T2303M Tennis - Planetetennis<\/title>\n<meta name=\"robots\" content=\"index, follow, max-snippet:-1, max-image-preview:large, max-video-preview:-1\" \/>\n<link rel=\"canonical\" href=\"https:\/\/planetetennis.fr\/es\/product\/lance-balle-siboasi-t2303m-tennis\/\" \/>\n<meta property=\"og:locale\" content=\"es_ES\" \/>\n<meta property=\"og:type\" content=\"article\" \/>\n<meta property=\"og:title\" content=\"Lance balle Siboasi T2303M Tennis - Planetetennis\" \/>\n<meta property=\"og:description\" content=\"La machine \u00e0 balles de tennis est id\u00e9ale pour pratiquer divers aspects du jeu. Besoin de travailler sur vos coups crois\u00e9s au sol ? Besoin de pratiquer le topspin ? Besoin de pratiquer les vol\u00e9es ? Tout est possible avec la machine \u00e0 balles comme partenaire. La machine d&#039;entra\u00eenement aux balles de tennis SIBOASI peut \u00e9galement \u00eatre utilis\u00e9e pour des domaines d&#039;entra\u00eenement plus avanc\u00e9s comme le jeu de jambes, la r\u00e9cup\u00e9ration, l&#039;attaque et la d\u00e9fense.  &nbsp;\" \/>\n<meta property=\"og:url\" content=\"https:\/\/planetetennis.fr\/es\/product\/lance-balle-siboasi-t2303m-tennis\/\" \/>\n<meta property=\"og:site_name\" content=\"Planetetennis\" \/>\n<meta property=\"article:modified_time\" content=\"2025-07-09T12:56:16+00:00\" \/>\n<meta property=\"og:image\" content=\"https:\/\/planetetennis.fr\/wp-content\/uploads\/2024\/12\/WhatsApp-Image-2024-09-02-a-14.20.13_614fa9e9-1.jpg\" \/>\n\t<meta property=\"og:image:width\" content=\"800\" \/>\n\t<meta property=\"og:image:height\" content=\"800\" \/>\n\t<meta property=\"og:image:type\" content=\"image\/jpeg\" \/>\n<meta name=\"twitter:card\" content=\"summary_large_image\" \/>\n<meta name=\"twitter:label1\" content=\"Est. reading time\" \/>\n\t<meta name=\"twitter:data1\" content=\"1 minute\" \/>\n<script type=\"application\/ld+json\" class=\"yoast-schema-graph\">{\"@context\":\"https:\\\/\\\/schema.org\",\"@graph\":[{\"@type\":\"WebPage\",\"@id\":\"https:\\\/\\\/planetetennis.fr\\\/product\\\/lance-balle-siboasi-t2303m-tennis\\\/\",\"url\":\"https:\\\/\\\/planetetennis.fr\\\/product\\\/lance-balle-siboasi-t2303m-tennis\\\/\",\"name\":\"Lance balle Siboasi T2303M Tennis - Planetetennis\",\"isPartOf\":{\"@id\":\"https:\\\/\\\/planetetennis.fr\\\/#website\"},\"primaryImageOfPage\":{\"@id\":\"https:\\\/\\\/planetetennis.fr\\\/product\\\/lance-balle-siboasi-t2303m-tennis\\\/#primaryimage\"},\"image\":{\"@id\":\"https:\\\/\\\/planetetennis.fr\\\/product\\\/lance-balle-siboasi-t2303m-tennis\\\/#primaryimage\"},\"thumbnailUrl\":\"https:\\\/\\\/planetetennis.fr\\\/wp-content\\\/uploads\\\/2024\\\/12\\\/WhatsApp-Image-2024-09-02-a-14.20.13_614fa9e9-1.jpg\",\"datePublished\":\"2024-12-27T16:08:36+00:00\",\"dateModified\":\"2025-07-09T12:56:16+00:00\",\"breadcrumb\":{\"@id\":\"https:\\\/\\\/planetetennis.fr\\\/product\\\/lance-balle-siboasi-t2303m-tennis\\\/#breadcrumb\"},\"inLanguage\":\"es-ES\",\"potentialAction\":[{\"@type\":\"ReadAction\",\"target\":[\"https:\\\/\\\/planetetennis.fr\\\/product\\\/lance-balle-siboasi-t2303m-tennis\\\/\"]}]},{\"@type\":\"ImageObject\",\"inLanguage\":\"es-ES\",\"@id\":\"https:\\\/\\\/planetetennis.fr\\\/product\\\/lance-balle-siboasi-t2303m-tennis\\\/#primaryimage\",\"url\":\"https:\\\/\\\/planetetennis.fr\\\/wp-content\\\/uploads\\\/2024\\\/12\\\/WhatsApp-Image-2024-09-02-a-14.20.13_614fa9e9-1.jpg\",\"contentUrl\":\"https:\\\/\\\/planetetennis.fr\\\/wp-content\\\/uploads\\\/2024\\\/12\\\/WhatsApp-Image-2024-09-02-a-14.20.13_614fa9e9-1.jpg\",\"width\":800,\"height\":800},{\"@type\":\"BreadcrumbList\",\"@id\":\"https:\\\/\\\/planetetennis.fr\\\/product\\\/lance-balle-siboasi-t2303m-tennis\\\/#breadcrumb\",\"itemListElement\":[{\"@type\":\"ListItem\",\"position\":1,\"name\":\"Accueil\",\"item\":\"https:\\\/\\\/planetetennis.fr\\\/\"},{\"@type\":\"ListItem\",\"position\":2,\"name\":\"Nos produits\",\"item\":\"https:\\\/\\\/planetetennis.fr\\\/produits\\\/\"},{\"@type\":\"ListItem\",\"position\":3,\"name\":\"Lance balle Siboasi T2303M Tennis\"}]},{\"@type\":\"WebSite\",\"@id\":\"https:\\\/\\\/planetetennis.fr\\\/#website\",\"url\":\"https:\\\/\\\/planetetennis.fr\\\/\",\"name\":\"Planetetennis\",\"description\":\"Cordages de tennis monofilament fran\u00e7ais\",\"publisher\":{\"@id\":\"https:\\\/\\\/planetetennis.fr\\\/#organization\"},\"potentialAction\":[{\"@type\":\"SearchAction\",\"target\":{\"@type\":\"EntryPoint\",\"urlTemplate\":\"https:\\\/\\\/planetetennis.fr\\\/?s={search_term_string}\"},\"query-input\":{\"@type\":\"PropertyValueSpecification\",\"valueRequired\":true,\"valueName\":\"search_term_string\"}}],\"inLanguage\":\"es-ES\"},{\"@type\":\"Organization\",\"@id\":\"https:\\\/\\\/planetetennis.fr\\\/#organization\",\"name\":\"Planetetennis\",\"url\":\"https:\\\/\\\/planetetennis.fr\\\/\",\"logo\":{\"@type\":\"ImageObject\",\"inLanguage\":\"es-ES\",\"@id\":\"https:\\\/\\\/planetetennis.fr\\\/#\\\/schema\\\/logo\\\/image\\\/\",\"url\":\"https:\\\/\\\/planetetennis.fr\\\/wp-content\\\/uploads\\\/2021\\\/10\\\/logocolor03.png\",\"contentUrl\":\"https:\\\/\\\/planetetennis.fr\\\/wp-content\\\/uploads\\\/2021\\\/10\\\/logocolor03.png\",\"width\":230,\"height\":58,\"caption\":\"Planetetennis\"},\"image\":{\"@id\":\"https:\\\/\\\/planetetennis.fr\\\/#\\\/schema\\\/logo\\\/image\\\/\"}}]}<\/script>\n<!-- \/ Yoast SEO plugin. -->","yoast_head_json":{"title":"Lance balle Siboasi T2303M Tennis - Planetetennis","robots":{"index":"index","follow":"follow","max-snippet":"max-snippet:-1","max-image-preview":"max-image-preview:large","max-video-preview":"max-video-preview:-1"},"canonical":"https:\/\/planetetennis.fr\/es\/product\/lance-balle-siboasi-t2303m-tennis\/","og_locale":"es_ES","og_type":"article","og_title":"Lance balle Siboasi T2303M Tennis - Planetetennis","og_description":"La machine \u00e0 balles de tennis est id\u00e9ale pour pratiquer divers aspects du jeu. Besoin de travailler sur vos coups crois\u00e9s au sol ? Besoin de pratiquer le topspin ? Besoin de pratiquer les vol\u00e9es ? Tout est possible avec la machine \u00e0 balles comme partenaire. La machine d'entra\u00eenement aux balles de tennis SIBOASI peut \u00e9galement \u00eatre utilis\u00e9e pour des domaines d'entra\u00eenement plus avanc\u00e9s comme le jeu de jambes, la r\u00e9cup\u00e9ration, l'attaque et la d\u00e9fense.  &nbsp;","og_url":"https:\/\/planetetennis.fr\/es\/product\/lance-balle-siboasi-t2303m-tennis\/","og_site_name":"Planetetennis","article_modified_time":"2025-07-09T12:56:16+00:00","og_image":[{"width":800,"height":800,"url":"https:\/\/planetetennis.fr\/wp-content\/uploads\/2024\/12\/WhatsApp-Image-2024-09-02-a-14.20.13_614fa9e9-1.jpg","type":"image\/jpeg"}],"twitter_card":"summary_large_image","twitter_misc":{"Est. reading time":"1 minute"},"schema":{"@context":"https:\/\/schema.org","@graph":[{"@type":"WebPage","@id":"https:\/\/planetetennis.fr\/product\/lance-balle-siboasi-t2303m-tennis\/","url":"https:\/\/planetetennis.fr\/product\/lance-balle-siboasi-t2303m-tennis\/","name":"Lance balle Siboasi T2303M Tennis - Planetetennis","isPartOf":{"@id":"https:\/\/planetetennis.fr\/#website"},"primaryImageOfPage":{"@id":"https:\/\/planetetennis.fr\/product\/lance-balle-siboasi-t2303m-tennis\/#primaryimage"},"image":{"@id":"https:\/\/planetetennis.fr\/product\/lance-balle-siboasi-t2303m-tennis\/#primaryimage"},"thumbnailUrl":"https:\/\/planetetennis.fr\/wp-content\/uploads\/2024\/12\/WhatsApp-Image-2024-09-02-a-14.20.13_614fa9e9-1.jpg","datePublished":"2024-12-27T16:08:36+00:00","dateModified":"2025-07-09T12:56:16+00:00","breadcrumb":{"@id":"https:\/\/planetetennis.fr\/product\/lance-balle-siboasi-t2303m-tennis\/#breadcrumb"},"inLanguage":"es-ES","potentialAction":[{"@type":"ReadAction","target":["https:\/\/planetetennis.fr\/product\/lance-balle-siboasi-t2303m-tennis\/"]}]},{"@type":"ImageObject","inLanguage":"es-ES","@id":"https:\/\/planetetennis.fr\/product\/lance-balle-siboasi-t2303m-tennis\/#primaryimage","url":"https:\/\/planetetennis.fr\/wp-content\/uploads\/2024\/12\/WhatsApp-Image-2024-09-02-a-14.20.13_614fa9e9-1.jpg","contentUrl":"https:\/\/planetetennis.fr\/wp-content\/uploads\/2024\/12\/WhatsApp-Image-2024-09-02-a-14.20.13_614fa9e9-1.jpg","width":800,"height":800},{"@type":"BreadcrumbList","@id":"https:\/\/planetetennis.fr\/product\/lance-balle-siboasi-t2303m-tennis\/#breadcrumb","itemListElement":[{"@type":"ListItem","position":1,"name":"Accueil","item":"https:\/\/planetetennis.fr\/"},{"@type":"ListItem","position":2,"name":"Nos produits","item":"https:\/\/planetetennis.fr\/produits\/"},{"@type":"ListItem","position":3,"name":"Lance balle Siboasi T2303M Tennis"}]},{"@type":"WebSite","@id":"https:\/\/planetetennis.fr\/#website","url":"https:\/\/planetetennis.fr\/","name":"Planeta tenis","description":"Cordages de tennis monofilament fran\u00e7ais","publisher":{"@id":"https:\/\/planetetennis.fr\/#organization"},"potentialAction":[{"@type":"SearchAction","target":{"@type":"EntryPoint","urlTemplate":"https:\/\/planetetennis.fr\/?s={search_term_string}"},"query-input":{"@type":"PropertyValueSpecification","valueRequired":true,"valueName":"search_term_string"}}],"inLanguage":"es-ES"},{"@type":"Organization","@id":"https:\/\/planetetennis.fr\/#organization","name":"Planeta tenis","url":"https:\/\/planetetennis.fr\/","logo":{"@type":"ImageObject","inLanguage":"es-ES","@id":"https:\/\/planetetennis.fr\/#\/schema\/logo\/image\/","url":"https:\/\/planetetennis.fr\/wp-content\/uploads\/2021\/10\/logocolor03.png","contentUrl":"https:\/\/planetetennis.fr\/wp-content\/uploads\/2021\/10\/logocolor03.png","width":230,"height":58,"caption":"Planetetennis"},"image":{"@id":"https:\/\/planetetennis.fr\/#\/schema\/logo\/image\/"}}]}},"_links":{"self":[{"href":"https:\/\/planetetennis.fr\/es\/wp-json\/wp\/v2\/product\/17096","targetHints":{"allow":["GET"]}}],"collection":[{"href":"https:\/\/planetetennis.fr\/es\/wp-json\/wp\/v2\/product"}],"about":[{"href":"https:\/\/planetetennis.fr\/es\/wp-json\/wp\/v2\/types\/product"}],"replies":[{"embeddable":true,"href":"https:\/\/planetetennis.fr\/es\/wp-json\/wp\/v2\/comments?post=17096"}],"wp:featuredmedia":[{"embeddable":true,"href":"https:\/\/planetetennis.fr\/es\/wp-json\/wp\/v2\/media\/17098"}],"wp:attachment":[{"href":"https:\/\/planetetennis.fr\/es\/wp-json\/wp\/v2\/media?parent=17096"}],"wp:term":[{"taxonomy":"product_brand","embeddable":true,"href":"https:\/\/planetetennis.fr\/es\/wp-json\/wp\/v2\/product_brand?post=17096"},{"taxonomy":"product_cat","embeddable":true,"href":"https:\/\/planetetennis.fr\/es\/wp-json\/wp\/v2\/product_cat?post=17096"},{"taxonomy":"product_tag","embeddable":true,"href":"https:\/\/planetetennis.fr\/es\/wp-json\/wp\/v2\/product_tag?post=17096"}],"curies":[{"name":"wp","href":"https:\/\/api.w.org\/{rel}","templated":true}]}}