{"id":17110,"date":"2024-12-30T08:40:57","date_gmt":"2024-12-30T08:40:57","guid":{"rendered":"https:\/\/planetetennis.fr\/?post_type=product&#038;p=17110"},"modified":"2025-08-05T09:28:21","modified_gmt":"2025-08-05T09:28:21","slug":"lance-balle-tennis-de-table-siboasi-p2300","status":"publish","type":"product","link":"https:\/\/planetetennis.fr\/es\/product\/lance-balle-tennis-de-table-siboasi-p2300\/","title":{"rendered":"Lance balle Tennis de table Siboasi P2300"},"content":{"rendered":"<p>Distribution efficace des billes : Utilise un syst\u00e8me de roues en caoutchouc durable pour distribuer les balles horizontalement et vers le haut avec pr\u00e9cision.<br \/>\nM\u00e9canisme d&#8217;entra\u00eenement \u00e0 deux roues : Les deux roues motrices garantissent un service stable et pr\u00e9cis, permettant une distribution r\u00e9guli\u00e8re des balles.<br \/>\nVitesse de balle variable : Choisissez parmi 21 niveaux de vitesse, allant de 2 \u00e0 15 m\/s, pour r\u00e9pondre aux diff\u00e9rents niveaux de comp\u00e9tence et aux besoins d&#8217;entra\u00eenement.<br \/>\nRotation \u00e0 360 degr\u00e9s : Obtenez une gamme compl\u00e8te de rotations de la balle gr\u00e2ce \u00e0 la rotation arbitraire \u00e0 360 degr\u00e9s, parfaite pour ma\u00eetriser tous les types de services et de retours.<br \/>\nVitesse de rotation r\u00e9glable : avec 23 r\u00e9glages de vitesse et une vitesse maximale de 100 tr\/min, l&#8217;appareil offre un contr\u00f4le pr\u00e9cis de la rotation de la balle.<br \/>\nFr\u00e9quence de sortie personnalisable : Fournit entre 30 et 90 balles par minute, avec 11 niveaux au choix pour des intensit\u00e9s d&#8217;entra\u00eenement vari\u00e9es.<br \/>\nInstallation optimale : La machine est con\u00e7ue pour une installation facile, id\u00e9alement plac\u00e9e avec le filet de recyclage au milieu de la ligne de fond de la table.<br \/>\nBalancement automatique gauche-droite : Avec un mouvement de balancier gauche-droite continu et automatique avec un angle de balancier de 44\u00b0 (-22\u00b0~22\u00b0), cette machine assure un placement dynamique et vari\u00e9 de la balle.<br \/>\nR\u00e9glage de l&#8217;arc haut-bas : Ajustez en continu la trajectoire de la balle avec un contr\u00f4le de l&#8217;arc de 60\u00b0 (-20\u00b0~40\u00b0) de haut en bas pour des conditions de jeu r\u00e9alistes.<\/p>\n<p>R\u00e9glage automatique de l&#8217;effet lat\u00e9ral : Contr\u00f4lez la rotation lat\u00e9rale gr\u00e2ce \u00e0 des capacit\u00e9s de r\u00e9glage continu et \u00e0 une plage de 135\u00b0 (0\u00b0~135\u00b0), ce qui vous permet de pratiquer n&#8217;importe quelle variation de rotation.<br \/>\nContr\u00f4le polyvalent des sauts : Passez facilement d&#8217;un r\u00e9glage de balle \u00e0 un saut \u00e0 un r\u00e9glage de balle \u00e0 deux sauts pour diff\u00e9rents types de retours.<br \/>\nConception l\u00e9g\u00e8re et compacte : Avec un poids net de seulement 7 kg et des dimensions de 320300890 mm, cette machine est tr\u00e8s portable et facile \u00e0 ranger.<br \/>\nPuissant syst\u00e8me DC24V : Fonctionne avec une alimentation DC24V stable, garantissant des performances efficaces et fiables.<br \/>\nKit complet : comprend un adaptateur AC100~240V, des balles de tennis de table et un filet de recyclage pour une installation et un fonctionnement sans probl\u00e8me.<br \/>\nConnectivit\u00e9 intelligente : Equip\u00e9 de Bluetooth et de WiFi pour un couplage et un contr\u00f4le sans faille via des appareils mobiles ou des syst\u00e8mes externes.<br \/>\nFonctionnalit\u00e9 de diffusion vocale : Restez inform\u00e9 gr\u00e2ce \u00e0 des messages vocaux sur l&#8217;\u00e9tat de l&#8217;alimentation, de la veille et de l&#8217;\u00e9quipement, ainsi qu&#8217;\u00e0 des introductions de parcours de balle int\u00e9gr\u00e9es pour une exp\u00e9rience guid\u00e9e.<br \/>\nCommandes faciles : Comprend un interrupteur d&#8217;alimentation et un bouton d&#8217;appariement de connexion d\u00e9di\u00e9s pour une utilisation et une installation sans effort.<br \/>\nCette machine \u00e0 balles de tennis de table haute performance offre tout ce dont vous avez besoin pour \u00e9lever votre niveau de jeu. Parfait pour les joueurs de tous niveaux, ses param\u00e8tres avanc\u00e9s vous permettent de cr\u00e9er des routines d&#8217;entra\u00eenement personnalis\u00e9es et de d\u00e9velopper tous les aspects de votre technique.<\/p>\n<p>Poids : 6.9KG<br \/>\nTaille produit : 319*301*885 mm<br \/>\nTaille du produit emball\u00e9 : 496*461*986 mm<br \/>\nVitesse de rotation : Max 100 tr\/min, 23 engrenages au total<\/p>\n<p>Tension nominale : DC 24V<br \/>\nMode de communication : Bluetooth \/WIFI<br \/>\nRadian ascendant et descendant<br \/>\nangle de r\u00e9glage : 66\u00b0(-23\u00b0~43\u00b0)<br \/>\nInterrupteur d&#8217;alimentation\/appairage au r\u00e9seau de distribution<br \/>\nBouton (WIFI, Bluetooth)<\/p>\n<p>Rotation lat\u00e9rale<br \/>\nangle de r\u00e9glage : 136\u00b0(0\u00b0 ~136\u00b0)<br \/>\nEmplacement de l&#8217;installation : La machine et le filet sont<br \/>\ninstall\u00e9s au milieu de la ligne ligne inf\u00e9rieure de la table<\/p>\n<p>Garantie de 2 ans<\/p>","protected":false},"excerpt":{"rendered":"<p>Nous vous pr\u00e9sentons notre distributeur de balles de tennis de table \u00e0 la pointe de la technologie, m\u00e9ticuleusement con\u00e7u pour la performance et la pr\u00e9cision. Con\u00e7ue avec des caract\u00e9ristiques avanc\u00e9es, cette machine offre un contr\u00f4le in\u00e9gal\u00e9 de la vitesse, de la rotation et de la trajectoire de la balle, ce qui en fait le choix id\u00e9al pour l&#8217;entra\u00eenement professionnel et le jeu de loisir.<\/p>\n<p>&nbsp;<\/p>","protected":false},"featured_media":17118,"comment_status":"open","ping_status":"closed","template":"","meta":{"_monsterinsights_skip_tracking":false,"_monsterinsights_sitenote_active":false,"_monsterinsights_sitenote_note":"","_monsterinsights_sitenote_category":0},"product_brand":[],"product_cat":[603],"product_tag":[],"class_list":{"0":"post-17110","1":"product","2":"type-product","3":"status-publish","4":"has-post-thumbnail","6":"product_cat-lance-balles","8":"first","9":"instock","10":"taxable","11":"shipping-taxable","12":"purchasable","13":"product-type-simple"},"yoast_head":"<!-- This site is optimized with the Yoast SEO plugin v27.4 - https:\/\/yoast.com\/product\/yoast-seo-wordpress\/ -->\n<title>Lance balle Tennis de table Siboasi P2300 - Planetetennis<\/title>\n<meta name=\"robots\" content=\"index, follow, max-snippet:-1, max-image-preview:large, max-video-preview:-1\" \/>\n<link rel=\"canonical\" href=\"https:\/\/planetetennis.fr\/es\/product\/lance-balle-tennis-de-table-siboasi-p2300\/\" \/>\n<meta property=\"og:locale\" content=\"es_ES\" \/>\n<meta property=\"og:type\" content=\"article\" \/>\n<meta property=\"og:title\" content=\"Lance balle Tennis de table Siboasi P2300 - Planetetennis\" \/>\n<meta property=\"og:description\" content=\"Nous vous pr\u00e9sentons notre distributeur de balles de tennis de table \u00e0 la pointe de la technologie, m\u00e9ticuleusement con\u00e7u pour la performance et la pr\u00e9cision. Con\u00e7ue avec des caract\u00e9ristiques avanc\u00e9es, cette machine offre un contr\u00f4le in\u00e9gal\u00e9 de la vitesse, de la rotation et de la trajectoire de la balle, ce qui en fait le choix id\u00e9al pour l&#039;entra\u00eenement professionnel et le jeu de loisir.  &nbsp;\" \/>\n<meta property=\"og:url\" content=\"https:\/\/planetetennis.fr\/es\/product\/lance-balle-tennis-de-table-siboasi-p2300\/\" \/>\n<meta property=\"og:site_name\" content=\"Planetetennis\" \/>\n<meta property=\"article:modified_time\" content=\"2025-08-05T09:28:21+00:00\" \/>\n<meta property=\"og:image\" content=\"https:\/\/planetetennis.fr\/wp-content\/uploads\/2024\/12\/1_d203459a-b4c7-45be-93f8-df078d5d2b80.webp\" \/>\n\t<meta property=\"og:image:width\" content=\"1797\" \/>\n\t<meta property=\"og:image:height\" content=\"1797\" \/>\n\t<meta property=\"og:image:type\" content=\"image\/webp\" \/>\n<meta name=\"twitter:card\" content=\"summary_large_image\" \/>\n<meta name=\"twitter:label1\" content=\"Est. reading time\" \/>\n\t<meta name=\"twitter:data1\" content=\"3 minutes\" \/>\n<script type=\"application\/ld+json\" class=\"yoast-schema-graph\">{\"@context\":\"https:\\\/\\\/schema.org\",\"@graph\":[{\"@type\":\"WebPage\",\"@id\":\"https:\\\/\\\/planetetennis.fr\\\/product\\\/lance-balle-tennis-de-table-siboasi-p2300\\\/\",\"url\":\"https:\\\/\\\/planetetennis.fr\\\/product\\\/lance-balle-tennis-de-table-siboasi-p2300\\\/\",\"name\":\"Lance balle Tennis de table Siboasi P2300 - Planetetennis\",\"isPartOf\":{\"@id\":\"https:\\\/\\\/planetetennis.fr\\\/#website\"},\"primaryImageOfPage\":{\"@id\":\"https:\\\/\\\/planetetennis.fr\\\/product\\\/lance-balle-tennis-de-table-siboasi-p2300\\\/#primaryimage\"},\"image\":{\"@id\":\"https:\\\/\\\/planetetennis.fr\\\/product\\\/lance-balle-tennis-de-table-siboasi-p2300\\\/#primaryimage\"},\"thumbnailUrl\":\"https:\\\/\\\/planetetennis.fr\\\/wp-content\\\/uploads\\\/2024\\\/12\\\/1_d203459a-b4c7-45be-93f8-df078d5d2b80.webp\",\"datePublished\":\"2024-12-30T08:40:57+00:00\",\"dateModified\":\"2025-08-05T09:28:21+00:00\",\"breadcrumb\":{\"@id\":\"https:\\\/\\\/planetetennis.fr\\\/product\\\/lance-balle-tennis-de-table-siboasi-p2300\\\/#breadcrumb\"},\"inLanguage\":\"es-ES\",\"potentialAction\":[{\"@type\":\"ReadAction\",\"target\":[\"https:\\\/\\\/planetetennis.fr\\\/product\\\/lance-balle-tennis-de-table-siboasi-p2300\\\/\"]}]},{\"@type\":\"ImageObject\",\"inLanguage\":\"es-ES\",\"@id\":\"https:\\\/\\\/planetetennis.fr\\\/product\\\/lance-balle-tennis-de-table-siboasi-p2300\\\/#primaryimage\",\"url\":\"https:\\\/\\\/planetetennis.fr\\\/wp-content\\\/uploads\\\/2024\\\/12\\\/1_d203459a-b4c7-45be-93f8-df078d5d2b80.webp\",\"contentUrl\":\"https:\\\/\\\/planetetennis.fr\\\/wp-content\\\/uploads\\\/2024\\\/12\\\/1_d203459a-b4c7-45be-93f8-df078d5d2b80.webp\",\"width\":1797,\"height\":1797},{\"@type\":\"BreadcrumbList\",\"@id\":\"https:\\\/\\\/planetetennis.fr\\\/product\\\/lance-balle-tennis-de-table-siboasi-p2300\\\/#breadcrumb\",\"itemListElement\":[{\"@type\":\"ListItem\",\"position\":1,\"name\":\"Accueil\",\"item\":\"https:\\\/\\\/planetetennis.fr\\\/\"},{\"@type\":\"ListItem\",\"position\":2,\"name\":\"Nos produits\",\"item\":\"https:\\\/\\\/planetetennis.fr\\\/produits\\\/\"},{\"@type\":\"ListItem\",\"position\":3,\"name\":\"Lance balle Tennis de table Siboasi P2300\"}]},{\"@type\":\"WebSite\",\"@id\":\"https:\\\/\\\/planetetennis.fr\\\/#website\",\"url\":\"https:\\\/\\\/planetetennis.fr\\\/\",\"name\":\"Planetetennis\",\"description\":\"Cordages de tennis monofilament fran\u00e7ais\",\"publisher\":{\"@id\":\"https:\\\/\\\/planetetennis.fr\\\/#organization\"},\"potentialAction\":[{\"@type\":\"SearchAction\",\"target\":{\"@type\":\"EntryPoint\",\"urlTemplate\":\"https:\\\/\\\/planetetennis.fr\\\/?s={search_term_string}\"},\"query-input\":{\"@type\":\"PropertyValueSpecification\",\"valueRequired\":true,\"valueName\":\"search_term_string\"}}],\"inLanguage\":\"es-ES\"},{\"@type\":\"Organization\",\"@id\":\"https:\\\/\\\/planetetennis.fr\\\/#organization\",\"name\":\"Planetetennis\",\"url\":\"https:\\\/\\\/planetetennis.fr\\\/\",\"logo\":{\"@type\":\"ImageObject\",\"inLanguage\":\"es-ES\",\"@id\":\"https:\\\/\\\/planetetennis.fr\\\/#\\\/schema\\\/logo\\\/image\\\/\",\"url\":\"https:\\\/\\\/planetetennis.fr\\\/wp-content\\\/uploads\\\/2021\\\/10\\\/logocolor03.png\",\"contentUrl\":\"https:\\\/\\\/planetetennis.fr\\\/wp-content\\\/uploads\\\/2021\\\/10\\\/logocolor03.png\",\"width\":230,\"height\":58,\"caption\":\"Planetetennis\"},\"image\":{\"@id\":\"https:\\\/\\\/planetetennis.fr\\\/#\\\/schema\\\/logo\\\/image\\\/\"}}]}<\/script>\n<!-- \/ Yoast SEO plugin. -->","yoast_head_json":{"title":"Lance balle Tennis de table Siboasi P2300 - Planetetennis","robots":{"index":"index","follow":"follow","max-snippet":"max-snippet:-1","max-image-preview":"max-image-preview:large","max-video-preview":"max-video-preview:-1"},"canonical":"https:\/\/planetetennis.fr\/es\/product\/lance-balle-tennis-de-table-siboasi-p2300\/","og_locale":"es_ES","og_type":"article","og_title":"Lance balle Tennis de table Siboasi P2300 - Planetetennis","og_description":"Nous vous pr\u00e9sentons notre distributeur de balles de tennis de table \u00e0 la pointe de la technologie, m\u00e9ticuleusement con\u00e7u pour la performance et la pr\u00e9cision. Con\u00e7ue avec des caract\u00e9ristiques avanc\u00e9es, cette machine offre un contr\u00f4le in\u00e9gal\u00e9 de la vitesse, de la rotation et de la trajectoire de la balle, ce qui en fait le choix id\u00e9al pour l'entra\u00eenement professionnel et le jeu de loisir.  &nbsp;","og_url":"https:\/\/planetetennis.fr\/es\/product\/lance-balle-tennis-de-table-siboasi-p2300\/","og_site_name":"Planetetennis","article_modified_time":"2025-08-05T09:28:21+00:00","og_image":[{"width":1797,"height":1797,"url":"https:\/\/planetetennis.fr\/wp-content\/uploads\/2024\/12\/1_d203459a-b4c7-45be-93f8-df078d5d2b80.webp","type":"image\/webp"}],"twitter_card":"summary_large_image","twitter_misc":{"Est. reading time":"3 minutes"},"schema":{"@context":"https:\/\/schema.org","@graph":[{"@type":"WebPage","@id":"https:\/\/planetetennis.fr\/product\/lance-balle-tennis-de-table-siboasi-p2300\/","url":"https:\/\/planetetennis.fr\/product\/lance-balle-tennis-de-table-siboasi-p2300\/","name":"Lance balle Tennis de table Siboasi P2300 - Planetetennis","isPartOf":{"@id":"https:\/\/planetetennis.fr\/#website"},"primaryImageOfPage":{"@id":"https:\/\/planetetennis.fr\/product\/lance-balle-tennis-de-table-siboasi-p2300\/#primaryimage"},"image":{"@id":"https:\/\/planetetennis.fr\/product\/lance-balle-tennis-de-table-siboasi-p2300\/#primaryimage"},"thumbnailUrl":"https:\/\/planetetennis.fr\/wp-content\/uploads\/2024\/12\/1_d203459a-b4c7-45be-93f8-df078d5d2b80.webp","datePublished":"2024-12-30T08:40:57+00:00","dateModified":"2025-08-05T09:28:21+00:00","breadcrumb":{"@id":"https:\/\/planetetennis.fr\/product\/lance-balle-tennis-de-table-siboasi-p2300\/#breadcrumb"},"inLanguage":"es-ES","potentialAction":[{"@type":"ReadAction","target":["https:\/\/planetetennis.fr\/product\/lance-balle-tennis-de-table-siboasi-p2300\/"]}]},{"@type":"ImageObject","inLanguage":"es-ES","@id":"https:\/\/planetetennis.fr\/product\/lance-balle-tennis-de-table-siboasi-p2300\/#primaryimage","url":"https:\/\/planetetennis.fr\/wp-content\/uploads\/2024\/12\/1_d203459a-b4c7-45be-93f8-df078d5d2b80.webp","contentUrl":"https:\/\/planetetennis.fr\/wp-content\/uploads\/2024\/12\/1_d203459a-b4c7-45be-93f8-df078d5d2b80.webp","width":1797,"height":1797},{"@type":"BreadcrumbList","@id":"https:\/\/planetetennis.fr\/product\/lance-balle-tennis-de-table-siboasi-p2300\/#breadcrumb","itemListElement":[{"@type":"ListItem","position":1,"name":"Accueil","item":"https:\/\/planetetennis.fr\/"},{"@type":"ListItem","position":2,"name":"Nos produits","item":"https:\/\/planetetennis.fr\/produits\/"},{"@type":"ListItem","position":3,"name":"Lance balle Tennis de table Siboasi P2300"}]},{"@type":"WebSite","@id":"https:\/\/planetetennis.fr\/#website","url":"https:\/\/planetetennis.fr\/","name":"Planeta tenis","description":"Cordages de tennis monofilament fran\u00e7ais","publisher":{"@id":"https:\/\/planetetennis.fr\/#organization"},"potentialAction":[{"@type":"SearchAction","target":{"@type":"EntryPoint","urlTemplate":"https:\/\/planetetennis.fr\/?s={search_term_string}"},"query-input":{"@type":"PropertyValueSpecification","valueRequired":true,"valueName":"search_term_string"}}],"inLanguage":"es-ES"},{"@type":"Organization","@id":"https:\/\/planetetennis.fr\/#organization","name":"Planeta tenis","url":"https:\/\/planetetennis.fr\/","logo":{"@type":"ImageObject","inLanguage":"es-ES","@id":"https:\/\/planetetennis.fr\/#\/schema\/logo\/image\/","url":"https:\/\/planetetennis.fr\/wp-content\/uploads\/2021\/10\/logocolor03.png","contentUrl":"https:\/\/planetetennis.fr\/wp-content\/uploads\/2021\/10\/logocolor03.png","width":230,"height":58,"caption":"Planetetennis"},"image":{"@id":"https:\/\/planetetennis.fr\/#\/schema\/logo\/image\/"}}]}},"_links":{"self":[{"href":"https:\/\/planetetennis.fr\/es\/wp-json\/wp\/v2\/product\/17110","targetHints":{"allow":["GET"]}}],"collection":[{"href":"https:\/\/planetetennis.fr\/es\/wp-json\/wp\/v2\/product"}],"about":[{"href":"https:\/\/planetetennis.fr\/es\/wp-json\/wp\/v2\/types\/product"}],"replies":[{"embeddable":true,"href":"https:\/\/planetetennis.fr\/es\/wp-json\/wp\/v2\/comments?post=17110"}],"wp:featuredmedia":[{"embeddable":true,"href":"https:\/\/planetetennis.fr\/es\/wp-json\/wp\/v2\/media\/17118"}],"wp:attachment":[{"href":"https:\/\/planetetennis.fr\/es\/wp-json\/wp\/v2\/media?parent=17110"}],"wp:term":[{"taxonomy":"product_brand","embeddable":true,"href":"https:\/\/planetetennis.fr\/es\/wp-json\/wp\/v2\/product_brand?post=17110"},{"taxonomy":"product_cat","embeddable":true,"href":"https:\/\/planetetennis.fr\/es\/wp-json\/wp\/v2\/product_cat?post=17110"},{"taxonomy":"product_tag","embeddable":true,"href":"https:\/\/planetetennis.fr\/es\/wp-json\/wp\/v2\/product_tag?post=17110"}],"curies":[{"name":"wp","href":"https:\/\/api.w.org\/{rel}","templated":true}]}}