{"id":17460,"date":"2025-06-24T15:46:47","date_gmt":"2025-06-24T15:46:47","guid":{"rendered":"https:\/\/planetetennis.fr\/?post_type=product&#038;p=17460"},"modified":"2026-02-19T21:55:12","modified_gmt":"2026-02-19T21:55:12","slug":"open-men-a1-padel-2574-royal","status":"publish","type":"product","link":"https:\/\/planetetennis.fr\/es\/product\/open-men-a1-padel-2574-royal\/","title":{"rendered":"OPEN MEN A1 PADEL 2574 ROYAL"},"content":{"rendered":"<p>Elles ont \u00e9t\u00e9 am\u00e9lior\u00e9es gr\u00e2ce \u00e0 l&#8217;incorporation d&#8217;une nouvelle semelle interm\u00e9diaire offrant une plus grande capacit\u00e9 d&#8217;absorption des chocs, de protection et de stabilisation du joueur. Tige en mesh respirant. Ce syst\u00e8me int\u00e8gre de petites perforations strat\u00e9giquement plac\u00e9es permettant un flux d&#8217;air constant, maintenant les pieds frais et secs m\u00eame lors des sessions les plus intenses.<\/p>\n<p>Le syst\u00e8me thermoscell\u00e9 JOMA SPORTECH offre un ajustement confortable sans ajouter de poids aux chaussures. Renforts thermoscell\u00e9s dans les zones les plus sensibles aux frottements et aux chocs. Ces applications forment le syst\u00e8me PROTECTION, qui n&#8217;interf\u00e8re pas avec le confort et la flexibilit\u00e9 des chaussures. Le contrefort EXO COUNTER, situ\u00e9 au milieu et \u00e0 l&#8217;arri\u00e8re des chaussures, am\u00e9liore la stabilit\u00e9 et r\u00e9duit le risque de torsion.<\/p>\n<p>Semelle interm\u00e9diaire \u00e0 double densit\u00e9 : FOAM REACTIVE \u00e0 l&#8217;arri\u00e8re, offrant un amorti sup\u00e9rieur, et du phylon \u00e0 l&#8217;avant, garantissant une plus grande stabilit\u00e9. Ce design renforce les d\u00e9parts rapides et les arr\u00eats brusques lors des changements de rythme dans le jeu. Semelle Omni en caoutchouc DURABILITY, compos\u00e9e de petits crampons circulaires pour am\u00e9liorer la durabilit\u00e9 sur les surfaces dures.<\/p>\n<p>Pour vous aider \u00e0 choisir votre pointure vous pouvez utiliser le tableau d&#8217;\u00e9quivalence suivant :<\/p>\n<p><a href=\"https:\/\/planetetennis.fr\/wp-content\/uploads\/2025\/06\/Guide-des-tailles-chaussures-joma-1.jpg\" data-rel=\"lightbox-image-0\" data-rl_title=\"\" data-rl_caption=\"\" title=\"\"><img loading=\"lazy\" decoding=\"async\" class=\"alignnone size-full wp-image-17482\" src=\"https:\/\/planetetennis.fr\/wp-content\/uploads\/2025\/06\/Guide-des-tailles-chaussures-joma-1.jpg\" alt=\"\" width=\"198\" height=\"333\" srcset=\"https:\/\/planetetennis.fr\/wp-content\/uploads\/2025\/06\/Guide-des-tailles-chaussures-joma-1.jpg 198w, https:\/\/planetetennis.fr\/wp-content\/uploads\/2025\/06\/Guide-des-tailles-chaussures-joma-1-7x12.jpg 7w, https:\/\/planetetennis.fr\/wp-content\/uploads\/2025\/06\/Guide-des-tailles-chaussures-joma-1-150x252.jpg 150w\" sizes=\"auto, (max-width: 198px) 100vw, 198px\" \/><\/a><\/p>","protected":false},"excerpt":{"rendered":"<p>Chaussures de padel unisexes, con\u00e7ues en exclusivit\u00e9 pour A1 P\u00c1DEL, l&#8217;un des circuits les plus importants au niveau international dans le monde du padel, et test\u00e9es par des joueurs professionnels.<\/p>","protected":false},"featured_media":17476,"comment_status":"open","ping_status":"closed","template":"","meta":{"_monsterinsights_skip_tracking":false,"_monsterinsights_sitenote_active":false,"_monsterinsights_sitenote_note":"","_monsterinsights_sitenote_category":0},"product_brand":[],"product_cat":[414,402,438,326],"product_tag":[],"class_list":{"0":"post-17460","1":"product","2":"type-product","3":"status-publish","4":"has-post-thumbnail","6":"product_cat-chaussures","7":"product_cat-chaussure","8":"product_cat-homme-chaussure","9":"product_cat-padel-2","11":"first","12":"instock","13":"sale","14":"taxable","15":"shipping-taxable","16":"purchasable","17":"product-type-variable"},"yoast_head":"<!-- This site is optimized with the Yoast SEO plugin v27.4 - https:\/\/yoast.com\/product\/yoast-seo-wordpress\/ -->\n<title>OPEN MEN A1 PADEL 2574 ROYAL - Planetetennis<\/title>\n<meta name=\"robots\" content=\"index, follow, max-snippet:-1, max-image-preview:large, max-video-preview:-1\" \/>\n<link rel=\"canonical\" href=\"https:\/\/planetetennis.fr\/es\/product\/open-men-a1-padel-2574-royal\/\" \/>\n<meta property=\"og:locale\" content=\"es_ES\" \/>\n<meta property=\"og:type\" content=\"article\" \/>\n<meta property=\"og:title\" content=\"OPEN MEN A1 PADEL 2574 ROYAL - Planetetennis\" \/>\n<meta property=\"og:description\" content=\"Chaussures de padel unisexes, con\u00e7ues en exclusivit\u00e9 pour A1 P\u00c1DEL, l&#039;un des circuits les plus importants au niveau international dans le monde du padel, et test\u00e9es par des joueurs professionnels.\" \/>\n<meta property=\"og:url\" content=\"https:\/\/planetetennis.fr\/es\/product\/open-men-a1-padel-2574-royal\/\" \/>\n<meta property=\"og:site_name\" content=\"Planetetennis\" \/>\n<meta property=\"article:modified_time\" content=\"2026-02-19T21:55:12+00:00\" \/>\n<meta property=\"og:image\" content=\"https:\/\/planetetennis.fr\/wp-content\/uploads\/2025\/06\/TOPEW2574OM_1-1.jpg\" \/>\n\t<meta property=\"og:image:width\" content=\"900\" \/>\n\t<meta property=\"og:image:height\" content=\"900\" \/>\n\t<meta property=\"og:image:type\" content=\"image\/jpeg\" \/>\n<meta name=\"twitter:card\" content=\"summary_large_image\" \/>\n<meta name=\"twitter:label1\" content=\"Est. reading time\" \/>\n\t<meta name=\"twitter:data1\" content=\"1 minute\" \/>\n<script type=\"application\/ld+json\" class=\"yoast-schema-graph\">{\"@context\":\"https:\\\/\\\/schema.org\",\"@graph\":[{\"@type\":\"WebPage\",\"@id\":\"https:\\\/\\\/planetetennis.fr\\\/product\\\/open-men-a1-padel-2574-royal\\\/\",\"url\":\"https:\\\/\\\/planetetennis.fr\\\/product\\\/open-men-a1-padel-2574-royal\\\/\",\"name\":\"OPEN MEN A1 PADEL 2574 ROYAL - Planetetennis\",\"isPartOf\":{\"@id\":\"https:\\\/\\\/planetetennis.fr\\\/#website\"},\"primaryImageOfPage\":{\"@id\":\"https:\\\/\\\/planetetennis.fr\\\/product\\\/open-men-a1-padel-2574-royal\\\/#primaryimage\"},\"image\":{\"@id\":\"https:\\\/\\\/planetetennis.fr\\\/product\\\/open-men-a1-padel-2574-royal\\\/#primaryimage\"},\"thumbnailUrl\":\"https:\\\/\\\/planetetennis.fr\\\/wp-content\\\/uploads\\\/2025\\\/06\\\/TOPEW2574OM_1-1.jpg\",\"datePublished\":\"2025-06-24T15:46:47+00:00\",\"dateModified\":\"2026-02-19T21:55:12+00:00\",\"breadcrumb\":{\"@id\":\"https:\\\/\\\/planetetennis.fr\\\/product\\\/open-men-a1-padel-2574-royal\\\/#breadcrumb\"},\"inLanguage\":\"es-ES\",\"potentialAction\":[{\"@type\":\"ReadAction\",\"target\":[\"https:\\\/\\\/planetetennis.fr\\\/product\\\/open-men-a1-padel-2574-royal\\\/\"]}]},{\"@type\":\"ImageObject\",\"inLanguage\":\"es-ES\",\"@id\":\"https:\\\/\\\/planetetennis.fr\\\/product\\\/open-men-a1-padel-2574-royal\\\/#primaryimage\",\"url\":\"https:\\\/\\\/planetetennis.fr\\\/wp-content\\\/uploads\\\/2025\\\/06\\\/TOPEW2574OM_1-1.jpg\",\"contentUrl\":\"https:\\\/\\\/planetetennis.fr\\\/wp-content\\\/uploads\\\/2025\\\/06\\\/TOPEW2574OM_1-1.jpg\",\"width\":900,\"height\":900},{\"@type\":\"BreadcrumbList\",\"@id\":\"https:\\\/\\\/planetetennis.fr\\\/product\\\/open-men-a1-padel-2574-royal\\\/#breadcrumb\",\"itemListElement\":[{\"@type\":\"ListItem\",\"position\":1,\"name\":\"Accueil\",\"item\":\"https:\\\/\\\/planetetennis.fr\\\/\"},{\"@type\":\"ListItem\",\"position\":2,\"name\":\"Nos produits\",\"item\":\"https:\\\/\\\/planetetennis.fr\\\/produits\\\/\"},{\"@type\":\"ListItem\",\"position\":3,\"name\":\"OPEN MEN A1 PADEL 2574 ROYAL\"}]},{\"@type\":\"WebSite\",\"@id\":\"https:\\\/\\\/planetetennis.fr\\\/#website\",\"url\":\"https:\\\/\\\/planetetennis.fr\\\/\",\"name\":\"Planetetennis\",\"description\":\"Cordages de tennis monofilament fran\u00e7ais\",\"publisher\":{\"@id\":\"https:\\\/\\\/planetetennis.fr\\\/#organization\"},\"potentialAction\":[{\"@type\":\"SearchAction\",\"target\":{\"@type\":\"EntryPoint\",\"urlTemplate\":\"https:\\\/\\\/planetetennis.fr\\\/?s={search_term_string}\"},\"query-input\":{\"@type\":\"PropertyValueSpecification\",\"valueRequired\":true,\"valueName\":\"search_term_string\"}}],\"inLanguage\":\"es-ES\"},{\"@type\":\"Organization\",\"@id\":\"https:\\\/\\\/planetetennis.fr\\\/#organization\",\"name\":\"Planetetennis\",\"url\":\"https:\\\/\\\/planetetennis.fr\\\/\",\"logo\":{\"@type\":\"ImageObject\",\"inLanguage\":\"es-ES\",\"@id\":\"https:\\\/\\\/planetetennis.fr\\\/#\\\/schema\\\/logo\\\/image\\\/\",\"url\":\"https:\\\/\\\/planetetennis.fr\\\/wp-content\\\/uploads\\\/2021\\\/10\\\/logocolor03.png\",\"contentUrl\":\"https:\\\/\\\/planetetennis.fr\\\/wp-content\\\/uploads\\\/2021\\\/10\\\/logocolor03.png\",\"width\":230,\"height\":58,\"caption\":\"Planetetennis\"},\"image\":{\"@id\":\"https:\\\/\\\/planetetennis.fr\\\/#\\\/schema\\\/logo\\\/image\\\/\"}}]}<\/script>\n<!-- \/ Yoast SEO plugin. -->","yoast_head_json":{"title":"OPEN MEN A1 PADEL 2574 ROYAL - Planetetennis","robots":{"index":"index","follow":"follow","max-snippet":"max-snippet:-1","max-image-preview":"max-image-preview:large","max-video-preview":"max-video-preview:-1"},"canonical":"https:\/\/planetetennis.fr\/es\/product\/open-men-a1-padel-2574-royal\/","og_locale":"es_ES","og_type":"article","og_title":"OPEN MEN A1 PADEL 2574 ROYAL - Planetetennis","og_description":"Chaussures de padel unisexes, con\u00e7ues en exclusivit\u00e9 pour A1 P\u00c1DEL, l'un des circuits les plus importants au niveau international dans le monde du padel, et test\u00e9es par des joueurs professionnels.","og_url":"https:\/\/planetetennis.fr\/es\/product\/open-men-a1-padel-2574-royal\/","og_site_name":"Planetetennis","article_modified_time":"2026-02-19T21:55:12+00:00","og_image":[{"width":900,"height":900,"url":"https:\/\/planetetennis.fr\/wp-content\/uploads\/2025\/06\/TOPEW2574OM_1-1.jpg","type":"image\/jpeg"}],"twitter_card":"summary_large_image","twitter_misc":{"Est. reading time":"1 minute"},"schema":{"@context":"https:\/\/schema.org","@graph":[{"@type":"WebPage","@id":"https:\/\/planetetennis.fr\/product\/open-men-a1-padel-2574-royal\/","url":"https:\/\/planetetennis.fr\/product\/open-men-a1-padel-2574-royal\/","name":"OPEN MEN A1 PADEL 2574 ROYAL - Planetetennis","isPartOf":{"@id":"https:\/\/planetetennis.fr\/#website"},"primaryImageOfPage":{"@id":"https:\/\/planetetennis.fr\/product\/open-men-a1-padel-2574-royal\/#primaryimage"},"image":{"@id":"https:\/\/planetetennis.fr\/product\/open-men-a1-padel-2574-royal\/#primaryimage"},"thumbnailUrl":"https:\/\/planetetennis.fr\/wp-content\/uploads\/2025\/06\/TOPEW2574OM_1-1.jpg","datePublished":"2025-06-24T15:46:47+00:00","dateModified":"2026-02-19T21:55:12+00:00","breadcrumb":{"@id":"https:\/\/planetetennis.fr\/product\/open-men-a1-padel-2574-royal\/#breadcrumb"},"inLanguage":"es-ES","potentialAction":[{"@type":"ReadAction","target":["https:\/\/planetetennis.fr\/product\/open-men-a1-padel-2574-royal\/"]}]},{"@type":"ImageObject","inLanguage":"es-ES","@id":"https:\/\/planetetennis.fr\/product\/open-men-a1-padel-2574-royal\/#primaryimage","url":"https:\/\/planetetennis.fr\/wp-content\/uploads\/2025\/06\/TOPEW2574OM_1-1.jpg","contentUrl":"https:\/\/planetetennis.fr\/wp-content\/uploads\/2025\/06\/TOPEW2574OM_1-1.jpg","width":900,"height":900},{"@type":"BreadcrumbList","@id":"https:\/\/planetetennis.fr\/product\/open-men-a1-padel-2574-royal\/#breadcrumb","itemListElement":[{"@type":"ListItem","position":1,"name":"Accueil","item":"https:\/\/planetetennis.fr\/"},{"@type":"ListItem","position":2,"name":"Nos produits","item":"https:\/\/planetetennis.fr\/produits\/"},{"@type":"ListItem","position":3,"name":"OPEN MEN A1 PADEL 2574 ROYAL"}]},{"@type":"WebSite","@id":"https:\/\/planetetennis.fr\/#website","url":"https:\/\/planetetennis.fr\/","name":"Planeta tenis","description":"Cordages de tennis monofilament fran\u00e7ais","publisher":{"@id":"https:\/\/planetetennis.fr\/#organization"},"potentialAction":[{"@type":"SearchAction","target":{"@type":"EntryPoint","urlTemplate":"https:\/\/planetetennis.fr\/?s={search_term_string}"},"query-input":{"@type":"PropertyValueSpecification","valueRequired":true,"valueName":"search_term_string"}}],"inLanguage":"es-ES"},{"@type":"Organization","@id":"https:\/\/planetetennis.fr\/#organization","name":"Planeta tenis","url":"https:\/\/planetetennis.fr\/","logo":{"@type":"ImageObject","inLanguage":"es-ES","@id":"https:\/\/planetetennis.fr\/#\/schema\/logo\/image\/","url":"https:\/\/planetetennis.fr\/wp-content\/uploads\/2021\/10\/logocolor03.png","contentUrl":"https:\/\/planetetennis.fr\/wp-content\/uploads\/2021\/10\/logocolor03.png","width":230,"height":58,"caption":"Planetetennis"},"image":{"@id":"https:\/\/planetetennis.fr\/#\/schema\/logo\/image\/"}}]}},"_links":{"self":[{"href":"https:\/\/planetetennis.fr\/es\/wp-json\/wp\/v2\/product\/17460","targetHints":{"allow":["GET"]}}],"collection":[{"href":"https:\/\/planetetennis.fr\/es\/wp-json\/wp\/v2\/product"}],"about":[{"href":"https:\/\/planetetennis.fr\/es\/wp-json\/wp\/v2\/types\/product"}],"replies":[{"embeddable":true,"href":"https:\/\/planetetennis.fr\/es\/wp-json\/wp\/v2\/comments?post=17460"}],"wp:featuredmedia":[{"embeddable":true,"href":"https:\/\/planetetennis.fr\/es\/wp-json\/wp\/v2\/media\/17476"}],"wp:attachment":[{"href":"https:\/\/planetetennis.fr\/es\/wp-json\/wp\/v2\/media?parent=17460"}],"wp:term":[{"taxonomy":"product_brand","embeddable":true,"href":"https:\/\/planetetennis.fr\/es\/wp-json\/wp\/v2\/product_brand?post=17460"},{"taxonomy":"product_cat","embeddable":true,"href":"https:\/\/planetetennis.fr\/es\/wp-json\/wp\/v2\/product_cat?post=17460"},{"taxonomy":"product_tag","embeddable":true,"href":"https:\/\/planetetennis.fr\/es\/wp-json\/wp\/v2\/product_tag?post=17460"}],"curies":[{"name":"wp","href":"https:\/\/api.w.org\/{rel}","templated":true}]}}