{"id":17516,"date":"2025-08-05T09:09:18","date_gmt":"2025-08-05T09:09:18","guid":{"rendered":"https:\/\/planetetennis.fr\/?post_type=product&#038;p=17516"},"modified":"2026-04-07T15:10:12","modified_gmt":"2026-04-07T15:10:12","slug":"machine-a-corder-manuelle-siboasi-tennis-badminton","status":"publish","type":"product","link":"https:\/\/planetetennis.fr\/es\/product\/machine-a-corder-manuelle-siboasi-tennis-badminton\/","title":{"rendered":"Machine \u00e0 corder manuelle S-228 SIBOASI tennis &#038; badminton"},"content":{"rendered":"<p>Caract\u00e9ristiques du produit<\/p>\n<p>Poids du produit : 26 kg<br \/>\nPlage de tension : 7-36 kg<br \/>\nDimensions : 76 x 30 x 33 cm<br \/>\nEmballage : enti\u00e8rement assembl\u00e9, pr\u00eat \u00e0 l&#8217;emploi<\/p>\n<p>Outils et accessoires inclus<\/p>","protected":false},"excerpt":{"rendered":"<p>Machine \u00e0 corder \u00e0 double usage (badminton et tennis) \u00e0 contre poids. Tension constante \u00e0 poids tombant | Tension pr\u00e9cise | Robuste et durable<\/p>\n<p>Structure du produit<br \/>\nSupport de cadre de type K, barre de pression, roue \u00e0 poids, roue de support, pince \u00e0 cordes, pince de base, Base rotative, base de pince, rail coulissant, plateau \u00e0 outils, plaque de base<\/p>\n<p>Syst\u00e8me de montage \u00e0 six points<br \/>\nAssure un montage stable sans d\u00e9calage, une r\u00e9partition uniforme de la tension et une force de cordage uniforme.<\/p>\n<p>Base rotative \u00e0 360 degr\u00e9s<br \/>\nPermet un r\u00e9glage libre pour une meilleure efficacit\u00e9 de serrage et de cordage.<\/p>\n<p>Base de pince \u00e0 gravit\u00e9<br \/>\nMaintient la tension sans perte ; se d\u00e9verrouille automatiquement lors du rel\u00e2chement.<\/p>\n<p>Disque de montage rotatif \u00e0 360 degr\u00e9s<br \/>\nComprend une base de pince \u00e0 soul\u00e8vement automatique avec action par gravit\u00e9, une pince de base \u00e0 cinq dents, adapt\u00e9e aux raquettes de tennis et de badminton, permettant un cordage plus fluide.<\/p>\n<p>Rangement d&#8217;outils portable<br \/>\nCon\u00e7u de mani\u00e8re ergonomique pour un acc\u00e8s pratique et efficace.<\/p>\n<p>Tension constante par chute de poids | Poids pr\u00e9cis<br \/>\nR\u00e9glage de la tension flexible et facile avec des graduations claires. La pince \u00e0 t\u00eate de machine durcie assure la durabilit\u00e9 et une prise ferme des cordes.<\/p>\n<p>Support de cadre ind\u00e9pendant<br \/>\nAssure une r\u00e9partition uniforme de la force et une protection stable de la raquette.<\/p>\n<p>T\u00eate de cordage \u00e0 roue ronde<br \/>\nUtilise un m\u00e9canisme \u00e0 poids tombant rond avec une pince \u00e0 cordes s\u00e9par\u00e9e pour une tension pr\u00e9cise<\/p>","protected":false},"featured_media":17520,"comment_status":"open","ping_status":"closed","template":"","meta":{"_monsterinsights_skip_tracking":false,"_monsterinsights_sitenote_active":false,"_monsterinsights_sitenote_note":"","_monsterinsights_sitenote_category":0},"product_brand":[],"product_cat":[318],"product_tag":[],"class_list":{"0":"post-17516","1":"product","2":"type-product","3":"status-publish","4":"has-post-thumbnail","6":"product_cat-machine-a-corder","7":"pa_color-bleu","8":"pa_color-noir","10":"first","11":"instock","12":"taxable","13":"shipping-taxable","14":"purchasable","15":"product-type-variable"},"yoast_head":"<!-- This site is optimized with the Yoast SEO plugin v27.5 - https:\/\/yoast.com\/product\/yoast-seo-wordpress\/ -->\n<title>Machine \u00e0 corder manuelle S-228 SIBOASI tennis &amp; badminton - Planetetennis<\/title>\n<meta name=\"robots\" content=\"index, follow, max-snippet:-1, max-image-preview:large, max-video-preview:-1\" \/>\n<link rel=\"canonical\" href=\"https:\/\/planetetennis.fr\/es\/product\/machine-a-corder-manuelle-siboasi-tennis-badminton\/\" \/>\n<meta property=\"og:locale\" content=\"es_ES\" \/>\n<meta property=\"og:type\" content=\"article\" \/>\n<meta property=\"og:title\" content=\"Machine \u00e0 corder manuelle S-228 SIBOASI tennis &amp; badminton - Planetetennis\" \/>\n<meta property=\"og:description\" content=\"Machine \u00e0 corder \u00e0 double usage (badminton et tennis) \u00e0 contre poids. Tension constante \u00e0 poids tombant | Tension pr\u00e9cise | Robuste et durable  Structure du produit Support de cadre de type K, barre de pression, roue \u00e0 poids, roue de support, pince \u00e0 cordes, pince de base, Base rotative, base de pince, rail coulissant, plateau \u00e0 outils, plaque de base  Syst\u00e8me de montage \u00e0 six points Assure un montage stable sans d\u00e9calage, une r\u00e9partition uniforme de la tension et une force de cordage uniforme.  Base rotative \u00e0 360 degr\u00e9s Permet un r\u00e9glage libre pour une meilleure efficacit\u00e9 de serrage et de cordage.  Base de pince \u00e0 gravit\u00e9 Maintient la tension sans perte ; se d\u00e9verrouille automatiquement lors du rel\u00e2chement.  Disque de montage rotatif \u00e0 360 degr\u00e9s Comprend une base de pince \u00e0 soul\u00e8vement automatique avec action par gravit\u00e9, une pince de base \u00e0 cinq dents, adapt\u00e9e aux raquettes de tennis et de badminton, permettant un cordage plus fluide.  Rangement d&#039;outils portable Con\u00e7u de mani\u00e8re ergonomique pour un acc\u00e8s pratique et efficace.  Tension constante par chute de poids | Poids pr\u00e9cis R\u00e9glage de la tension flexible et facile avec des graduations claires. La pince \u00e0 t\u00eate de machine durcie assure la durabilit\u00e9 et une prise ferme des cordes.  Support de cadre ind\u00e9pendant Assure une r\u00e9partition uniforme de la force et une protection stable de la raquette.  T\u00eate de cordage \u00e0 roue ronde Utilise un m\u00e9canisme \u00e0 poids tombant rond avec une pince \u00e0 cordes s\u00e9par\u00e9e pour une tension pr\u00e9cise\" \/>\n<meta property=\"og:url\" content=\"https:\/\/planetetennis.fr\/es\/product\/machine-a-corder-manuelle-siboasi-tennis-badminton\/\" \/>\n<meta property=\"og:site_name\" content=\"Planetetennis\" \/>\n<meta property=\"article:modified_time\" content=\"2026-04-07T15:10:12+00:00\" \/>\n<meta property=\"og:image\" content=\"https:\/\/planetetennis.fr\/wp-content\/uploads\/2025\/08\/machine-manuelle.jpg\" \/>\n\t<meta property=\"og:image:width\" content=\"748\" \/>\n\t<meta property=\"og:image:height\" content=\"922\" \/>\n\t<meta property=\"og:image:type\" content=\"image\/jpeg\" \/>\n<meta name=\"twitter:card\" content=\"summary_large_image\" \/>\n<script type=\"application\/ld+json\" class=\"yoast-schema-graph\">{\"@context\":\"https:\\\/\\\/schema.org\",\"@graph\":[{\"@type\":\"WebPage\",\"@id\":\"https:\\\/\\\/planetetennis.fr\\\/product\\\/machine-a-corder-manuelle-siboasi-tennis-badminton\\\/\",\"url\":\"https:\\\/\\\/planetetennis.fr\\\/product\\\/machine-a-corder-manuelle-siboasi-tennis-badminton\\\/\",\"name\":\"Machine \u00e0 corder manuelle S-228 SIBOASI tennis & badminton - Planetetennis\",\"isPartOf\":{\"@id\":\"https:\\\/\\\/planetetennis.fr\\\/#website\"},\"primaryImageOfPage\":{\"@id\":\"https:\\\/\\\/planetetennis.fr\\\/product\\\/machine-a-corder-manuelle-siboasi-tennis-badminton\\\/#primaryimage\"},\"image\":{\"@id\":\"https:\\\/\\\/planetetennis.fr\\\/product\\\/machine-a-corder-manuelle-siboasi-tennis-badminton\\\/#primaryimage\"},\"thumbnailUrl\":\"https:\\\/\\\/planetetennis.fr\\\/wp-content\\\/uploads\\\/2025\\\/08\\\/machine-manuelle.jpg\",\"datePublished\":\"2025-08-05T09:09:18+00:00\",\"dateModified\":\"2026-04-07T15:10:12+00:00\",\"breadcrumb\":{\"@id\":\"https:\\\/\\\/planetetennis.fr\\\/product\\\/machine-a-corder-manuelle-siboasi-tennis-badminton\\\/#breadcrumb\"},\"inLanguage\":\"es-ES\",\"potentialAction\":[{\"@type\":\"ReadAction\",\"target\":[\"https:\\\/\\\/planetetennis.fr\\\/product\\\/machine-a-corder-manuelle-siboasi-tennis-badminton\\\/\"]}]},{\"@type\":\"ImageObject\",\"inLanguage\":\"es-ES\",\"@id\":\"https:\\\/\\\/planetetennis.fr\\\/product\\\/machine-a-corder-manuelle-siboasi-tennis-badminton\\\/#primaryimage\",\"url\":\"https:\\\/\\\/planetetennis.fr\\\/wp-content\\\/uploads\\\/2025\\\/08\\\/machine-manuelle.jpg\",\"contentUrl\":\"https:\\\/\\\/planetetennis.fr\\\/wp-content\\\/uploads\\\/2025\\\/08\\\/machine-manuelle.jpg\",\"width\":748,\"height\":922},{\"@type\":\"BreadcrumbList\",\"@id\":\"https:\\\/\\\/planetetennis.fr\\\/product\\\/machine-a-corder-manuelle-siboasi-tennis-badminton\\\/#breadcrumb\",\"itemListElement\":[{\"@type\":\"ListItem\",\"position\":1,\"name\":\"Accueil\",\"item\":\"https:\\\/\\\/planetetennis.fr\\\/\"},{\"@type\":\"ListItem\",\"position\":2,\"name\":\"Nos produits\",\"item\":\"https:\\\/\\\/planetetennis.fr\\\/produits\\\/\"},{\"@type\":\"ListItem\",\"position\":3,\"name\":\"Machine \u00e0 corder manuelle S-228 SIBOASI tennis &#038; badminton\"}]},{\"@type\":\"WebSite\",\"@id\":\"https:\\\/\\\/planetetennis.fr\\\/#website\",\"url\":\"https:\\\/\\\/planetetennis.fr\\\/\",\"name\":\"Planetetennis\",\"description\":\"Cordages de tennis monofilament fran\u00e7ais\",\"publisher\":{\"@id\":\"https:\\\/\\\/planetetennis.fr\\\/#organization\"},\"potentialAction\":[{\"@type\":\"SearchAction\",\"target\":{\"@type\":\"EntryPoint\",\"urlTemplate\":\"https:\\\/\\\/planetetennis.fr\\\/?s={search_term_string}\"},\"query-input\":{\"@type\":\"PropertyValueSpecification\",\"valueRequired\":true,\"valueName\":\"search_term_string\"}}],\"inLanguage\":\"es-ES\"},{\"@type\":\"Organization\",\"@id\":\"https:\\\/\\\/planetetennis.fr\\\/#organization\",\"name\":\"Planetetennis\",\"url\":\"https:\\\/\\\/planetetennis.fr\\\/\",\"logo\":{\"@type\":\"ImageObject\",\"inLanguage\":\"es-ES\",\"@id\":\"https:\\\/\\\/planetetennis.fr\\\/#\\\/schema\\\/logo\\\/image\\\/\",\"url\":\"https:\\\/\\\/planetetennis.fr\\\/wp-content\\\/uploads\\\/2021\\\/10\\\/logocolor03.png\",\"contentUrl\":\"https:\\\/\\\/planetetennis.fr\\\/wp-content\\\/uploads\\\/2021\\\/10\\\/logocolor03.png\",\"width\":230,\"height\":58,\"caption\":\"Planetetennis\"},\"image\":{\"@id\":\"https:\\\/\\\/planetetennis.fr\\\/#\\\/schema\\\/logo\\\/image\\\/\"}}]}<\/script>\n<!-- \/ Yoast SEO plugin. -->","yoast_head_json":{"title":"Machine \u00e0 corder manuelle S-228 SIBOASI tennis & badminton - Planetetennis","robots":{"index":"index","follow":"follow","max-snippet":"max-snippet:-1","max-image-preview":"max-image-preview:large","max-video-preview":"max-video-preview:-1"},"canonical":"https:\/\/planetetennis.fr\/es\/product\/machine-a-corder-manuelle-siboasi-tennis-badminton\/","og_locale":"es_ES","og_type":"article","og_title":"Machine \u00e0 corder manuelle S-228 SIBOASI tennis & badminton - Planetetennis","og_description":"Machine \u00e0 corder \u00e0 double usage (badminton et tennis) \u00e0 contre poids. Tension constante \u00e0 poids tombant | Tension pr\u00e9cise | Robuste et durable  Structure du produit Support de cadre de type K, barre de pression, roue \u00e0 poids, roue de support, pince \u00e0 cordes, pince de base, Base rotative, base de pince, rail coulissant, plateau \u00e0 outils, plaque de base  Syst\u00e8me de montage \u00e0 six points Assure un montage stable sans d\u00e9calage, une r\u00e9partition uniforme de la tension et une force de cordage uniforme.  Base rotative \u00e0 360 degr\u00e9s Permet un r\u00e9glage libre pour une meilleure efficacit\u00e9 de serrage et de cordage.  Base de pince \u00e0 gravit\u00e9 Maintient la tension sans perte ; se d\u00e9verrouille automatiquement lors du rel\u00e2chement.  Disque de montage rotatif \u00e0 360 degr\u00e9s Comprend une base de pince \u00e0 soul\u00e8vement automatique avec action par gravit\u00e9, une pince de base \u00e0 cinq dents, adapt\u00e9e aux raquettes de tennis et de badminton, permettant un cordage plus fluide.  Rangement d'outils portable Con\u00e7u de mani\u00e8re ergonomique pour un acc\u00e8s pratique et efficace.  Tension constante par chute de poids | Poids pr\u00e9cis R\u00e9glage de la tension flexible et facile avec des graduations claires. La pince \u00e0 t\u00eate de machine durcie assure la durabilit\u00e9 et une prise ferme des cordes.  Support de cadre ind\u00e9pendant Assure une r\u00e9partition uniforme de la force et une protection stable de la raquette.  T\u00eate de cordage \u00e0 roue ronde Utilise un m\u00e9canisme \u00e0 poids tombant rond avec une pince \u00e0 cordes s\u00e9par\u00e9e pour une tension pr\u00e9cise","og_url":"https:\/\/planetetennis.fr\/es\/product\/machine-a-corder-manuelle-siboasi-tennis-badminton\/","og_site_name":"Planetetennis","article_modified_time":"2026-04-07T15:10:12+00:00","og_image":[{"width":748,"height":922,"url":"https:\/\/planetetennis.fr\/wp-content\/uploads\/2025\/08\/machine-manuelle.jpg","type":"image\/jpeg"}],"twitter_card":"summary_large_image","schema":{"@context":"https:\/\/schema.org","@graph":[{"@type":"WebPage","@id":"https:\/\/planetetennis.fr\/product\/machine-a-corder-manuelle-siboasi-tennis-badminton\/","url":"https:\/\/planetetennis.fr\/product\/machine-a-corder-manuelle-siboasi-tennis-badminton\/","name":"Machine \u00e0 corder manuelle S-228 SIBOASI tennis & badminton - Planetetennis","isPartOf":{"@id":"https:\/\/planetetennis.fr\/#website"},"primaryImageOfPage":{"@id":"https:\/\/planetetennis.fr\/product\/machine-a-corder-manuelle-siboasi-tennis-badminton\/#primaryimage"},"image":{"@id":"https:\/\/planetetennis.fr\/product\/machine-a-corder-manuelle-siboasi-tennis-badminton\/#primaryimage"},"thumbnailUrl":"https:\/\/planetetennis.fr\/wp-content\/uploads\/2025\/08\/machine-manuelle.jpg","datePublished":"2025-08-05T09:09:18+00:00","dateModified":"2026-04-07T15:10:12+00:00","breadcrumb":{"@id":"https:\/\/planetetennis.fr\/product\/machine-a-corder-manuelle-siboasi-tennis-badminton\/#breadcrumb"},"inLanguage":"es-ES","potentialAction":[{"@type":"ReadAction","target":["https:\/\/planetetennis.fr\/product\/machine-a-corder-manuelle-siboasi-tennis-badminton\/"]}]},{"@type":"ImageObject","inLanguage":"es-ES","@id":"https:\/\/planetetennis.fr\/product\/machine-a-corder-manuelle-siboasi-tennis-badminton\/#primaryimage","url":"https:\/\/planetetennis.fr\/wp-content\/uploads\/2025\/08\/machine-manuelle.jpg","contentUrl":"https:\/\/planetetennis.fr\/wp-content\/uploads\/2025\/08\/machine-manuelle.jpg","width":748,"height":922},{"@type":"BreadcrumbList","@id":"https:\/\/planetetennis.fr\/product\/machine-a-corder-manuelle-siboasi-tennis-badminton\/#breadcrumb","itemListElement":[{"@type":"ListItem","position":1,"name":"Accueil","item":"https:\/\/planetetennis.fr\/"},{"@type":"ListItem","position":2,"name":"Nos produits","item":"https:\/\/planetetennis.fr\/produits\/"},{"@type":"ListItem","position":3,"name":"Machine \u00e0 corder manuelle S-228 SIBOASI tennis &#038; badminton"}]},{"@type":"WebSite","@id":"https:\/\/planetetennis.fr\/#website","url":"https:\/\/planetetennis.fr\/","name":"Planeta tenis","description":"Cordages de tennis monofilament fran\u00e7ais","publisher":{"@id":"https:\/\/planetetennis.fr\/#organization"},"potentialAction":[{"@type":"SearchAction","target":{"@type":"EntryPoint","urlTemplate":"https:\/\/planetetennis.fr\/?s={search_term_string}"},"query-input":{"@type":"PropertyValueSpecification","valueRequired":true,"valueName":"search_term_string"}}],"inLanguage":"es-ES"},{"@type":"Organization","@id":"https:\/\/planetetennis.fr\/#organization","name":"Planeta tenis","url":"https:\/\/planetetennis.fr\/","logo":{"@type":"ImageObject","inLanguage":"es-ES","@id":"https:\/\/planetetennis.fr\/#\/schema\/logo\/image\/","url":"https:\/\/planetetennis.fr\/wp-content\/uploads\/2021\/10\/logocolor03.png","contentUrl":"https:\/\/planetetennis.fr\/wp-content\/uploads\/2021\/10\/logocolor03.png","width":230,"height":58,"caption":"Planetetennis"},"image":{"@id":"https:\/\/planetetennis.fr\/#\/schema\/logo\/image\/"}}]}},"_links":{"self":[{"href":"https:\/\/planetetennis.fr\/es\/wp-json\/wp\/v2\/product\/17516","targetHints":{"allow":["GET"]}}],"collection":[{"href":"https:\/\/planetetennis.fr\/es\/wp-json\/wp\/v2\/product"}],"about":[{"href":"https:\/\/planetetennis.fr\/es\/wp-json\/wp\/v2\/types\/product"}],"replies":[{"embeddable":true,"href":"https:\/\/planetetennis.fr\/es\/wp-json\/wp\/v2\/comments?post=17516"}],"wp:featuredmedia":[{"embeddable":true,"href":"https:\/\/planetetennis.fr\/es\/wp-json\/wp\/v2\/media\/17520"}],"wp:attachment":[{"href":"https:\/\/planetetennis.fr\/es\/wp-json\/wp\/v2\/media?parent=17516"}],"wp:term":[{"taxonomy":"product_brand","embeddable":true,"href":"https:\/\/planetetennis.fr\/es\/wp-json\/wp\/v2\/product_brand?post=17516"},{"taxonomy":"product_cat","embeddable":true,"href":"https:\/\/planetetennis.fr\/es\/wp-json\/wp\/v2\/product_cat?post=17516"},{"taxonomy":"product_tag","embeddable":true,"href":"https:\/\/planetetennis.fr\/es\/wp-json\/wp\/v2\/product_tag?post=17516"}],"curies":[{"name":"wp","href":"https:\/\/api.w.org\/{rel}","templated":true}]}}