{"id":17540,"date":"2025-08-05T15:11:50","date_gmt":"2025-08-05T15:11:50","guid":{"rendered":"https:\/\/planetetennis.fr\/?post_type=product&#038;p=17540"},"modified":"2026-04-08T22:46:08","modified_gmt":"2026-04-08T22:46:08","slug":"machine-a-corder-electronique-siboasi-s-616-avec-pied","status":"publish","type":"product","link":"https:\/\/planetetennis.fr\/es\/product\/machine-a-corder-electronique-siboasi-s-616-avec-pied\/","title":{"rendered":"Machine \u00e0 corder \u00e9lectronique Siboasi S-616 avec pied"},"content":{"rendered":"<p>Fonction du produit :<\/p>\n<p>1. Correction automatique de la fourri\u00e8re par un ordinateur intelligent.<\/p>\n<p>2. Fonction de traction constante stable.<\/p>\n<p>3. Autocontr\u00f4le. 4. Fonction de m\u00e9moire de stockage, peut d\u00e9finir<\/p>\n<p>4. Groupes de donn\u00e9es.<\/p>\n<p>5. Modulation de la largeur d&#8217;impulsion, vitesse variable, protection de la corde contre les blessures lorsqu&#8217;elle est sous tension.<\/p>\n<p>6. 4 groupes de pr\u00e9-\u00e9tirage, adapt\u00e9s \u00e0 diff\u00e9rents types de cordes.<\/p>\n<p>7. Contr\u00f4le automatique de la corde par capteur, am\u00e9liorant la vitesse de piq\u00fbre et \u00e9vitant les pannes.<\/p>\n<p>8. Trois vitesses.<\/p>\n<p>9. R\u00e9glage de l&#8217;augmentation du nombre de n\u0153uds et de livres, r\u00e9initialisation automatique apr\u00e8s le n\u0153ud.<\/p>\n<p>10. Trois vitesses pour la voix<\/p>\n<p>11. La tension est de 100-240V, adapt\u00e9e \u00e0 tous les pays.<\/p>\n<p>12. Fonction de transfert LB et KG.<\/p>\n<p>13. Fonction d&#8217;ajustement des grammes, minimum 100 grs.<\/p>\n<p>14. La t\u00eate de filage est \u00e9quip\u00e9e d&#8217;un syst\u00e8me de protection du fil, qui peut \u00eatre ajust\u00e9 en fonction de l&#8217;itin\u00e9raire de filage.<\/p>","protected":false},"excerpt":{"rendered":"<p>La machine \u00e0 corder S616 est contr\u00f4l\u00e9e par un micro-ordinateur, la machine est \u00e9quip\u00e9e d&#8217;un syst\u00e8me d&#8217;auto-test sous tension pour prot\u00e9ger le produit, il y a 3 types de vitesse de tirage et 4 ensembles de fonctions de m\u00e9moire de stockage de donn\u00e9es. La machine \u00e0 corder S616 est dot\u00e9e d&#8217;un syst\u00e8me de tension \u00e0 traction constante pour assurer un poids suffisant. De plus, la t\u00eate de cordage est \u00e9quip\u00e9e d&#8217;un syst\u00e8me de protection du cordage, qui peut \u00eatre ajust\u00e9 en fonction de l&#8217;itin\u00e9raire de cordage. La machine convient \u00e0 la raquette de badminton et \u00e0 la raquette de tennis.<\/p>","protected":false},"featured_media":17542,"comment_status":"open","ping_status":"closed","template":"","meta":{"_monsterinsights_skip_tracking":false,"_monsterinsights_sitenote_active":false,"_monsterinsights_sitenote_note":"","_monsterinsights_sitenote_category":0},"product_brand":[],"product_cat":[318],"product_tag":[],"class_list":{"0":"post-17540","1":"product","2":"type-product","3":"status-publish","4":"has-post-thumbnail","6":"product_cat-machine-a-corder","7":"pa_color-bleu","8":"pa_color-noir","10":"first","11":"outofstock","12":"sale","13":"taxable","14":"shipping-taxable","15":"purchasable","16":"product-type-simple"},"yoast_head":"<!-- This site is optimized with the Yoast SEO plugin v27.5 - https:\/\/yoast.com\/product\/yoast-seo-wordpress\/ -->\n<title>Machine \u00e0 corder \u00e9lectronique Siboasi S-616 avec pied - Planetetennis<\/title>\n<meta name=\"robots\" content=\"index, follow, max-snippet:-1, max-image-preview:large, max-video-preview:-1\" \/>\n<link rel=\"canonical\" href=\"https:\/\/planetetennis.fr\/es\/product\/machine-a-corder-electronique-siboasi-s-616-avec-pied\/\" \/>\n<meta property=\"og:locale\" content=\"es_ES\" \/>\n<meta property=\"og:type\" content=\"article\" \/>\n<meta property=\"og:title\" content=\"Machine \u00e0 corder \u00e9lectronique Siboasi S-616 avec pied - Planetetennis\" \/>\n<meta property=\"og:description\" content=\"La machine \u00e0 corder S616 est contr\u00f4l\u00e9e par un micro-ordinateur, la machine est \u00e9quip\u00e9e d&#039;un syst\u00e8me d&#039;auto-test sous tension pour prot\u00e9ger le produit, il y a 3 types de vitesse de tirage et 4 ensembles de fonctions de m\u00e9moire de stockage de donn\u00e9es. La machine \u00e0 corder S616 est dot\u00e9e d&#039;un syst\u00e8me de tension \u00e0 traction constante pour assurer un poids suffisant. De plus, la t\u00eate de cordage est \u00e9quip\u00e9e d&#039;un syst\u00e8me de protection du cordage, qui peut \u00eatre ajust\u00e9 en fonction de l&#039;itin\u00e9raire de cordage. La machine convient \u00e0 la raquette de badminton et \u00e0 la raquette de tennis.\" \/>\n<meta property=\"og:url\" content=\"https:\/\/planetetennis.fr\/es\/product\/machine-a-corder-electronique-siboasi-s-616-avec-pied\/\" \/>\n<meta property=\"og:site_name\" content=\"Planetetennis\" \/>\n<meta property=\"article:modified_time\" content=\"2026-04-08T22:46:08+00:00\" \/>\n<meta property=\"og:image\" content=\"https:\/\/planetetennis.fr\/wp-content\/uploads\/2025\/08\/61GcDA-5PAL._AC_SX679_.jpg\" \/>\n\t<meta property=\"og:image:width\" content=\"679\" \/>\n\t<meta property=\"og:image:height\" content=\"837\" \/>\n\t<meta property=\"og:image:type\" content=\"image\/jpeg\" \/>\n<meta name=\"twitter:card\" content=\"summary_large_image\" \/>\n<meta name=\"twitter:label1\" content=\"Est. reading time\" \/>\n\t<meta name=\"twitter:data1\" content=\"1 minute\" \/>\n<script type=\"application\/ld+json\" class=\"yoast-schema-graph\">{\"@context\":\"https:\\\/\\\/schema.org\",\"@graph\":[{\"@type\":\"WebPage\",\"@id\":\"https:\\\/\\\/planetetennis.fr\\\/product\\\/machine-a-corder-electronique-siboasi-s-616-avec-pied\\\/\",\"url\":\"https:\\\/\\\/planetetennis.fr\\\/product\\\/machine-a-corder-electronique-siboasi-s-616-avec-pied\\\/\",\"name\":\"Machine \u00e0 corder \u00e9lectronique Siboasi S-616 avec pied - Planetetennis\",\"isPartOf\":{\"@id\":\"https:\\\/\\\/planetetennis.fr\\\/#website\"},\"primaryImageOfPage\":{\"@id\":\"https:\\\/\\\/planetetennis.fr\\\/product\\\/machine-a-corder-electronique-siboasi-s-616-avec-pied\\\/#primaryimage\"},\"image\":{\"@id\":\"https:\\\/\\\/planetetennis.fr\\\/product\\\/machine-a-corder-electronique-siboasi-s-616-avec-pied\\\/#primaryimage\"},\"thumbnailUrl\":\"https:\\\/\\\/planetetennis.fr\\\/wp-content\\\/uploads\\\/2025\\\/08\\\/61GcDA-5PAL._AC_SX679_.jpg\",\"datePublished\":\"2025-08-05T15:11:50+00:00\",\"dateModified\":\"2026-04-08T22:46:08+00:00\",\"breadcrumb\":{\"@id\":\"https:\\\/\\\/planetetennis.fr\\\/product\\\/machine-a-corder-electronique-siboasi-s-616-avec-pied\\\/#breadcrumb\"},\"inLanguage\":\"es-ES\",\"potentialAction\":[{\"@type\":\"ReadAction\",\"target\":[\"https:\\\/\\\/planetetennis.fr\\\/product\\\/machine-a-corder-electronique-siboasi-s-616-avec-pied\\\/\"]}]},{\"@type\":\"ImageObject\",\"inLanguage\":\"es-ES\",\"@id\":\"https:\\\/\\\/planetetennis.fr\\\/product\\\/machine-a-corder-electronique-siboasi-s-616-avec-pied\\\/#primaryimage\",\"url\":\"https:\\\/\\\/planetetennis.fr\\\/wp-content\\\/uploads\\\/2025\\\/08\\\/61GcDA-5PAL._AC_SX679_.jpg\",\"contentUrl\":\"https:\\\/\\\/planetetennis.fr\\\/wp-content\\\/uploads\\\/2025\\\/08\\\/61GcDA-5PAL._AC_SX679_.jpg\",\"width\":679,\"height\":837},{\"@type\":\"BreadcrumbList\",\"@id\":\"https:\\\/\\\/planetetennis.fr\\\/product\\\/machine-a-corder-electronique-siboasi-s-616-avec-pied\\\/#breadcrumb\",\"itemListElement\":[{\"@type\":\"ListItem\",\"position\":1,\"name\":\"Accueil\",\"item\":\"https:\\\/\\\/planetetennis.fr\\\/\"},{\"@type\":\"ListItem\",\"position\":2,\"name\":\"Nos produits\",\"item\":\"https:\\\/\\\/planetetennis.fr\\\/produits\\\/\"},{\"@type\":\"ListItem\",\"position\":3,\"name\":\"Machine \u00e0 corder \u00e9lectronique Siboasi S-616 avec pied\"}]},{\"@type\":\"WebSite\",\"@id\":\"https:\\\/\\\/planetetennis.fr\\\/#website\",\"url\":\"https:\\\/\\\/planetetennis.fr\\\/\",\"name\":\"Planetetennis\",\"description\":\"Cordages de tennis monofilament fran\u00e7ais\",\"publisher\":{\"@id\":\"https:\\\/\\\/planetetennis.fr\\\/#organization\"},\"potentialAction\":[{\"@type\":\"SearchAction\",\"target\":{\"@type\":\"EntryPoint\",\"urlTemplate\":\"https:\\\/\\\/planetetennis.fr\\\/?s={search_term_string}\"},\"query-input\":{\"@type\":\"PropertyValueSpecification\",\"valueRequired\":true,\"valueName\":\"search_term_string\"}}],\"inLanguage\":\"es-ES\"},{\"@type\":\"Organization\",\"@id\":\"https:\\\/\\\/planetetennis.fr\\\/#organization\",\"name\":\"Planetetennis\",\"url\":\"https:\\\/\\\/planetetennis.fr\\\/\",\"logo\":{\"@type\":\"ImageObject\",\"inLanguage\":\"es-ES\",\"@id\":\"https:\\\/\\\/planetetennis.fr\\\/#\\\/schema\\\/logo\\\/image\\\/\",\"url\":\"https:\\\/\\\/planetetennis.fr\\\/wp-content\\\/uploads\\\/2021\\\/10\\\/logocolor03.png\",\"contentUrl\":\"https:\\\/\\\/planetetennis.fr\\\/wp-content\\\/uploads\\\/2021\\\/10\\\/logocolor03.png\",\"width\":230,\"height\":58,\"caption\":\"Planetetennis\"},\"image\":{\"@id\":\"https:\\\/\\\/planetetennis.fr\\\/#\\\/schema\\\/logo\\\/image\\\/\"}}]}<\/script>\n<!-- \/ Yoast SEO plugin. -->","yoast_head_json":{"title":"Machine \u00e0 corder \u00e9lectronique Siboasi S-616 avec pied - Planetetennis","robots":{"index":"index","follow":"follow","max-snippet":"max-snippet:-1","max-image-preview":"max-image-preview:large","max-video-preview":"max-video-preview:-1"},"canonical":"https:\/\/planetetennis.fr\/es\/product\/machine-a-corder-electronique-siboasi-s-616-avec-pied\/","og_locale":"es_ES","og_type":"article","og_title":"Machine \u00e0 corder \u00e9lectronique Siboasi S-616 avec pied - Planetetennis","og_description":"La machine \u00e0 corder S616 est contr\u00f4l\u00e9e par un micro-ordinateur, la machine est \u00e9quip\u00e9e d'un syst\u00e8me d'auto-test sous tension pour prot\u00e9ger le produit, il y a 3 types de vitesse de tirage et 4 ensembles de fonctions de m\u00e9moire de stockage de donn\u00e9es. La machine \u00e0 corder S616 est dot\u00e9e d'un syst\u00e8me de tension \u00e0 traction constante pour assurer un poids suffisant. De plus, la t\u00eate de cordage est \u00e9quip\u00e9e d'un syst\u00e8me de protection du cordage, qui peut \u00eatre ajust\u00e9 en fonction de l'itin\u00e9raire de cordage. La machine convient \u00e0 la raquette de badminton et \u00e0 la raquette de tennis.","og_url":"https:\/\/planetetennis.fr\/es\/product\/machine-a-corder-electronique-siboasi-s-616-avec-pied\/","og_site_name":"Planetetennis","article_modified_time":"2026-04-08T22:46:08+00:00","og_image":[{"width":679,"height":837,"url":"https:\/\/planetetennis.fr\/wp-content\/uploads\/2025\/08\/61GcDA-5PAL._AC_SX679_.jpg","type":"image\/jpeg"}],"twitter_card":"summary_large_image","twitter_misc":{"Est. reading time":"1 minute"},"schema":{"@context":"https:\/\/schema.org","@graph":[{"@type":"WebPage","@id":"https:\/\/planetetennis.fr\/product\/machine-a-corder-electronique-siboasi-s-616-avec-pied\/","url":"https:\/\/planetetennis.fr\/product\/machine-a-corder-electronique-siboasi-s-616-avec-pied\/","name":"Machine \u00e0 corder \u00e9lectronique Siboasi S-616 avec pied - Planetetennis","isPartOf":{"@id":"https:\/\/planetetennis.fr\/#website"},"primaryImageOfPage":{"@id":"https:\/\/planetetennis.fr\/product\/machine-a-corder-electronique-siboasi-s-616-avec-pied\/#primaryimage"},"image":{"@id":"https:\/\/planetetennis.fr\/product\/machine-a-corder-electronique-siboasi-s-616-avec-pied\/#primaryimage"},"thumbnailUrl":"https:\/\/planetetennis.fr\/wp-content\/uploads\/2025\/08\/61GcDA-5PAL._AC_SX679_.jpg","datePublished":"2025-08-05T15:11:50+00:00","dateModified":"2026-04-08T22:46:08+00:00","breadcrumb":{"@id":"https:\/\/planetetennis.fr\/product\/machine-a-corder-electronique-siboasi-s-616-avec-pied\/#breadcrumb"},"inLanguage":"es-ES","potentialAction":[{"@type":"ReadAction","target":["https:\/\/planetetennis.fr\/product\/machine-a-corder-electronique-siboasi-s-616-avec-pied\/"]}]},{"@type":"ImageObject","inLanguage":"es-ES","@id":"https:\/\/planetetennis.fr\/product\/machine-a-corder-electronique-siboasi-s-616-avec-pied\/#primaryimage","url":"https:\/\/planetetennis.fr\/wp-content\/uploads\/2025\/08\/61GcDA-5PAL._AC_SX679_.jpg","contentUrl":"https:\/\/planetetennis.fr\/wp-content\/uploads\/2025\/08\/61GcDA-5PAL._AC_SX679_.jpg","width":679,"height":837},{"@type":"BreadcrumbList","@id":"https:\/\/planetetennis.fr\/product\/machine-a-corder-electronique-siboasi-s-616-avec-pied\/#breadcrumb","itemListElement":[{"@type":"ListItem","position":1,"name":"Accueil","item":"https:\/\/planetetennis.fr\/"},{"@type":"ListItem","position":2,"name":"Nos produits","item":"https:\/\/planetetennis.fr\/produits\/"},{"@type":"ListItem","position":3,"name":"Machine \u00e0 corder \u00e9lectronique Siboasi S-616 avec pied"}]},{"@type":"WebSite","@id":"https:\/\/planetetennis.fr\/#website","url":"https:\/\/planetetennis.fr\/","name":"Planeta tenis","description":"Cordages de tennis monofilament fran\u00e7ais","publisher":{"@id":"https:\/\/planetetennis.fr\/#organization"},"potentialAction":[{"@type":"SearchAction","target":{"@type":"EntryPoint","urlTemplate":"https:\/\/planetetennis.fr\/?s={search_term_string}"},"query-input":{"@type":"PropertyValueSpecification","valueRequired":true,"valueName":"search_term_string"}}],"inLanguage":"es-ES"},{"@type":"Organization","@id":"https:\/\/planetetennis.fr\/#organization","name":"Planeta tenis","url":"https:\/\/planetetennis.fr\/","logo":{"@type":"ImageObject","inLanguage":"es-ES","@id":"https:\/\/planetetennis.fr\/#\/schema\/logo\/image\/","url":"https:\/\/planetetennis.fr\/wp-content\/uploads\/2021\/10\/logocolor03.png","contentUrl":"https:\/\/planetetennis.fr\/wp-content\/uploads\/2021\/10\/logocolor03.png","width":230,"height":58,"caption":"Planetetennis"},"image":{"@id":"https:\/\/planetetennis.fr\/#\/schema\/logo\/image\/"}}]}},"_links":{"self":[{"href":"https:\/\/planetetennis.fr\/es\/wp-json\/wp\/v2\/product\/17540","targetHints":{"allow":["GET"]}}],"collection":[{"href":"https:\/\/planetetennis.fr\/es\/wp-json\/wp\/v2\/product"}],"about":[{"href":"https:\/\/planetetennis.fr\/es\/wp-json\/wp\/v2\/types\/product"}],"replies":[{"embeddable":true,"href":"https:\/\/planetetennis.fr\/es\/wp-json\/wp\/v2\/comments?post=17540"}],"wp:featuredmedia":[{"embeddable":true,"href":"https:\/\/planetetennis.fr\/es\/wp-json\/wp\/v2\/media\/17542"}],"wp:attachment":[{"href":"https:\/\/planetetennis.fr\/es\/wp-json\/wp\/v2\/media?parent=17540"}],"wp:term":[{"taxonomy":"product_brand","embeddable":true,"href":"https:\/\/planetetennis.fr\/es\/wp-json\/wp\/v2\/product_brand?post=17540"},{"taxonomy":"product_cat","embeddable":true,"href":"https:\/\/planetetennis.fr\/es\/wp-json\/wp\/v2\/product_cat?post=17540"},{"taxonomy":"product_tag","embeddable":true,"href":"https:\/\/planetetennis.fr\/es\/wp-json\/wp\/v2\/product_tag?post=17540"}],"curies":[{"name":"wp","href":"https:\/\/api.w.org\/{rel}","templated":true}]}}