{"id":7989,"date":"2020-12-11T15:44:42","date_gmt":"2020-12-11T15:44:42","guid":{"rendered":"https:\/\/webprinciple.com\/stillinblack\/product\/raquette-v-ceel-6\/"},"modified":"2024-12-12T16:02:33","modified_gmt":"2024-12-12T16:02:33","slug":"raquette-v-ceel-6","status":"publish","type":"product","link":"https:\/\/planetetennis.fr\/es\/product\/raquette-v-ceel-6\/","title":{"rendered":"RAQUETA V-CEEL 6"},"content":{"rendered":"<p>La V-Cell 6 est \u00e9galement \u00e9quip\u00e9e de REVA, d&#8217;un mat\u00e9riau V-Cell suppl\u00e9mentaire, d&#8217;un embout VTEX, de Super Grommets et d&#8217;un manche V-Sensor pour de superbes sensations. Elle p\u00e8se 275g avec un tamis de 645cm2, une section de cadre de 24-26-23mm et une longueur de 68.5cm.<\/p>\n<p>La V-Cell 6 est une raquette tr\u00e8s dynamique avec une fantastique maniabilit\u00e9, une vitesse de frappe et un grand potentiel d&#8217;effets. Contrairement \u00e0 de nombreuses autres raquettes de la cat\u00e9gorie l\u00e9g\u00e8re et performante, elle offre \u00e9galement un confort exceptionnel.<\/p>","protected":false},"excerpt":{"rendered":"<p>La V-Cell 6 est une raquette de haute performance pour les joueurs recherchant cette combinaison insaisissable de l\u00e9g\u00e8ret\u00e9, de puissance et de contr\u00f4le. Le mat\u00e9riau suppl\u00e9mentaire V-Cell de la V-Cell 6 rend cette raquette extr\u00eamement stable et r\u00e9sistante.<\/p>","protected":false},"featured_media":7996,"comment_status":"open","ping_status":"closed","template":"","meta":{"_monsterinsights_skip_tracking":false,"_monsterinsights_sitenote_active":false,"_monsterinsights_sitenote_note":"","_monsterinsights_sitenote_category":0},"product_brand":[],"product_cat":[410,300],"product_tag":[],"class_list":{"0":"post-7989","1":"product","2":"type-product","3":"status-publish","4":"has-post-thumbnail","6":"product_cat-raquettes-tennis","7":"product_cat-volkl","8":"pa_taille-manche-295","9":"pa_taille-manche-296","10":"pa_taille-manche-297","11":"pa_taille-manche-298","12":"pa_taille-manche-299","14":"first","15":"instock","16":"sale","17":"taxable","18":"shipping-taxable","19":"purchasable","20":"product-type-variable"},"yoast_head":"<!-- This site is optimized with the Yoast SEO plugin v27.4 - https:\/\/yoast.com\/product\/yoast-seo-wordpress\/ -->\n<title>RAQUETTE V-CEEL 6 - Planetetennis<\/title>\n<meta name=\"robots\" content=\"index, follow, max-snippet:-1, max-image-preview:large, max-video-preview:-1\" \/>\n<link rel=\"canonical\" href=\"https:\/\/planetetennis.fr\/es\/product\/raquette-v-ceel-6\/\" \/>\n<meta property=\"og:locale\" content=\"es_ES\" \/>\n<meta property=\"og:type\" content=\"article\" \/>\n<meta property=\"og:title\" content=\"RAQUETTE V-CEEL 6 - Planetetennis\" \/>\n<meta property=\"og:description\" content=\"La V-Cell 6 est une raquette de haute performance pour les joueurs recherchant cette combinaison insaisissable de l\u00e9g\u00e8ret\u00e9, de puissance et de contr\u00f4le. Le mat\u00e9riau suppl\u00e9mentaire V-Cell de la V-Cell 6 rend cette raquette extr\u00eamement stable et r\u00e9sistante.\" \/>\n<meta property=\"og:url\" content=\"https:\/\/planetetennis.fr\/es\/product\/raquette-v-ceel-6\/\" \/>\n<meta property=\"og:site_name\" content=\"Planetetennis\" \/>\n<meta property=\"article:modified_time\" content=\"2024-12-12T16:02:33+00:00\" \/>\n<meta property=\"og:image\" content=\"https:\/\/planetetennis.fr\/wp-content\/uploads\/2020\/12\/V-Cell_6FrontView.png\" \/>\n\t<meta property=\"og:image:width\" content=\"3691\" \/>\n\t<meta property=\"og:image:height\" content=\"5338\" \/>\n\t<meta property=\"og:image:type\" content=\"image\/png\" \/>\n<meta name=\"twitter:card\" content=\"summary_large_image\" \/>\n<meta name=\"twitter:label1\" content=\"Est. reading time\" \/>\n\t<meta name=\"twitter:data1\" content=\"1 minute\" \/>\n<script type=\"application\/ld+json\" class=\"yoast-schema-graph\">{\"@context\":\"https:\\\/\\\/schema.org\",\"@graph\":[{\"@type\":\"WebPage\",\"@id\":\"https:\\\/\\\/planetetennis.fr\\\/product\\\/raquette-v-ceel-6\\\/\",\"url\":\"https:\\\/\\\/planetetennis.fr\\\/product\\\/raquette-v-ceel-6\\\/\",\"name\":\"RAQUETTE V-CEEL 6 - Planetetennis\",\"isPartOf\":{\"@id\":\"https:\\\/\\\/planetetennis.fr\\\/#website\"},\"primaryImageOfPage\":{\"@id\":\"https:\\\/\\\/planetetennis.fr\\\/product\\\/raquette-v-ceel-6\\\/#primaryimage\"},\"image\":{\"@id\":\"https:\\\/\\\/planetetennis.fr\\\/product\\\/raquette-v-ceel-6\\\/#primaryimage\"},\"thumbnailUrl\":\"https:\\\/\\\/planetetennis.fr\\\/wp-content\\\/uploads\\\/2020\\\/12\\\/V-Cell_6FrontView.png\",\"datePublished\":\"2020-12-11T15:44:42+00:00\",\"dateModified\":\"2024-12-12T16:02:33+00:00\",\"breadcrumb\":{\"@id\":\"https:\\\/\\\/planetetennis.fr\\\/product\\\/raquette-v-ceel-6\\\/#breadcrumb\"},\"inLanguage\":\"es-ES\",\"potentialAction\":[{\"@type\":\"ReadAction\",\"target\":[\"https:\\\/\\\/planetetennis.fr\\\/product\\\/raquette-v-ceel-6\\\/\"]}]},{\"@type\":\"ImageObject\",\"inLanguage\":\"es-ES\",\"@id\":\"https:\\\/\\\/planetetennis.fr\\\/product\\\/raquette-v-ceel-6\\\/#primaryimage\",\"url\":\"https:\\\/\\\/planetetennis.fr\\\/wp-content\\\/uploads\\\/2020\\\/12\\\/V-Cell_6FrontView.png\",\"contentUrl\":\"https:\\\/\\\/planetetennis.fr\\\/wp-content\\\/uploads\\\/2020\\\/12\\\/V-Cell_6FrontView.png\",\"width\":3691,\"height\":5338},{\"@type\":\"BreadcrumbList\",\"@id\":\"https:\\\/\\\/planetetennis.fr\\\/product\\\/raquette-v-ceel-6\\\/#breadcrumb\",\"itemListElement\":[{\"@type\":\"ListItem\",\"position\":1,\"name\":\"Accueil\",\"item\":\"https:\\\/\\\/planetetennis.fr\\\/\"},{\"@type\":\"ListItem\",\"position\":2,\"name\":\"Nos produits\",\"item\":\"https:\\\/\\\/planetetennis.fr\\\/produits\\\/\"},{\"@type\":\"ListItem\",\"position\":3,\"name\":\"RAQUETTE V-CEEL 6\"}]},{\"@type\":\"WebSite\",\"@id\":\"https:\\\/\\\/planetetennis.fr\\\/#website\",\"url\":\"https:\\\/\\\/planetetennis.fr\\\/\",\"name\":\"Planetetennis\",\"description\":\"Cordages de tennis monofilament fran\u00e7ais\",\"publisher\":{\"@id\":\"https:\\\/\\\/planetetennis.fr\\\/#organization\"},\"potentialAction\":[{\"@type\":\"SearchAction\",\"target\":{\"@type\":\"EntryPoint\",\"urlTemplate\":\"https:\\\/\\\/planetetennis.fr\\\/?s={search_term_string}\"},\"query-input\":{\"@type\":\"PropertyValueSpecification\",\"valueRequired\":true,\"valueName\":\"search_term_string\"}}],\"inLanguage\":\"es-ES\"},{\"@type\":\"Organization\",\"@id\":\"https:\\\/\\\/planetetennis.fr\\\/#organization\",\"name\":\"Planetetennis\",\"url\":\"https:\\\/\\\/planetetennis.fr\\\/\",\"logo\":{\"@type\":\"ImageObject\",\"inLanguage\":\"es-ES\",\"@id\":\"https:\\\/\\\/planetetennis.fr\\\/#\\\/schema\\\/logo\\\/image\\\/\",\"url\":\"https:\\\/\\\/planetetennis.fr\\\/wp-content\\\/uploads\\\/2021\\\/10\\\/logocolor03.png\",\"contentUrl\":\"https:\\\/\\\/planetetennis.fr\\\/wp-content\\\/uploads\\\/2021\\\/10\\\/logocolor03.png\",\"width\":230,\"height\":58,\"caption\":\"Planetetennis\"},\"image\":{\"@id\":\"https:\\\/\\\/planetetennis.fr\\\/#\\\/schema\\\/logo\\\/image\\\/\"}}]}<\/script>\n<!-- \/ Yoast SEO plugin. -->","yoast_head_json":{"title":"RAQUETTE V-CEEL 6 - Planetetennis","robots":{"index":"index","follow":"follow","max-snippet":"max-snippet:-1","max-image-preview":"max-image-preview:large","max-video-preview":"max-video-preview:-1"},"canonical":"https:\/\/planetetennis.fr\/es\/product\/raquette-v-ceel-6\/","og_locale":"es_ES","og_type":"article","og_title":"RAQUETTE V-CEEL 6 - Planetetennis","og_description":"La V-Cell 6 est une raquette de haute performance pour les joueurs recherchant cette combinaison insaisissable de l\u00e9g\u00e8ret\u00e9, de puissance et de contr\u00f4le. Le mat\u00e9riau suppl\u00e9mentaire V-Cell de la V-Cell 6 rend cette raquette extr\u00eamement stable et r\u00e9sistante.","og_url":"https:\/\/planetetennis.fr\/es\/product\/raquette-v-ceel-6\/","og_site_name":"Planetetennis","article_modified_time":"2024-12-12T16:02:33+00:00","og_image":[{"width":3691,"height":5338,"url":"https:\/\/planetetennis.fr\/wp-content\/uploads\/2020\/12\/V-Cell_6FrontView.png","type":"image\/png"}],"twitter_card":"summary_large_image","twitter_misc":{"Est. reading time":"1 minute"},"schema":{"@context":"https:\/\/schema.org","@graph":[{"@type":"WebPage","@id":"https:\/\/planetetennis.fr\/product\/raquette-v-ceel-6\/","url":"https:\/\/planetetennis.fr\/product\/raquette-v-ceel-6\/","name":"RAQUETTE V-CEEL 6 - Planetetennis","isPartOf":{"@id":"https:\/\/planetetennis.fr\/#website"},"primaryImageOfPage":{"@id":"https:\/\/planetetennis.fr\/product\/raquette-v-ceel-6\/#primaryimage"},"image":{"@id":"https:\/\/planetetennis.fr\/product\/raquette-v-ceel-6\/#primaryimage"},"thumbnailUrl":"https:\/\/planetetennis.fr\/wp-content\/uploads\/2020\/12\/V-Cell_6FrontView.png","datePublished":"2020-12-11T15:44:42+00:00","dateModified":"2024-12-12T16:02:33+00:00","breadcrumb":{"@id":"https:\/\/planetetennis.fr\/product\/raquette-v-ceel-6\/#breadcrumb"},"inLanguage":"es-ES","potentialAction":[{"@type":"ReadAction","target":["https:\/\/planetetennis.fr\/product\/raquette-v-ceel-6\/"]}]},{"@type":"ImageObject","inLanguage":"es-ES","@id":"https:\/\/planetetennis.fr\/product\/raquette-v-ceel-6\/#primaryimage","url":"https:\/\/planetetennis.fr\/wp-content\/uploads\/2020\/12\/V-Cell_6FrontView.png","contentUrl":"https:\/\/planetetennis.fr\/wp-content\/uploads\/2020\/12\/V-Cell_6FrontView.png","width":3691,"height":5338},{"@type":"BreadcrumbList","@id":"https:\/\/planetetennis.fr\/product\/raquette-v-ceel-6\/#breadcrumb","itemListElement":[{"@type":"ListItem","position":1,"name":"Accueil","item":"https:\/\/planetetennis.fr\/"},{"@type":"ListItem","position":2,"name":"Nos produits","item":"https:\/\/planetetennis.fr\/produits\/"},{"@type":"ListItem","position":3,"name":"RAQUETTE V-CEEL 6"}]},{"@type":"WebSite","@id":"https:\/\/planetetennis.fr\/#website","url":"https:\/\/planetetennis.fr\/","name":"Planeta tenis","description":"Cordages de tennis monofilament fran\u00e7ais","publisher":{"@id":"https:\/\/planetetennis.fr\/#organization"},"potentialAction":[{"@type":"SearchAction","target":{"@type":"EntryPoint","urlTemplate":"https:\/\/planetetennis.fr\/?s={search_term_string}"},"query-input":{"@type":"PropertyValueSpecification","valueRequired":true,"valueName":"search_term_string"}}],"inLanguage":"es-ES"},{"@type":"Organization","@id":"https:\/\/planetetennis.fr\/#organization","name":"Planeta tenis","url":"https:\/\/planetetennis.fr\/","logo":{"@type":"ImageObject","inLanguage":"es-ES","@id":"https:\/\/planetetennis.fr\/#\/schema\/logo\/image\/","url":"https:\/\/planetetennis.fr\/wp-content\/uploads\/2021\/10\/logocolor03.png","contentUrl":"https:\/\/planetetennis.fr\/wp-content\/uploads\/2021\/10\/logocolor03.png","width":230,"height":58,"caption":"Planetetennis"},"image":{"@id":"https:\/\/planetetennis.fr\/#\/schema\/logo\/image\/"}}]}},"_links":{"self":[{"href":"https:\/\/planetetennis.fr\/es\/wp-json\/wp\/v2\/product\/7989","targetHints":{"allow":["GET"]}}],"collection":[{"href":"https:\/\/planetetennis.fr\/es\/wp-json\/wp\/v2\/product"}],"about":[{"href":"https:\/\/planetetennis.fr\/es\/wp-json\/wp\/v2\/types\/product"}],"replies":[{"embeddable":true,"href":"https:\/\/planetetennis.fr\/es\/wp-json\/wp\/v2\/comments?post=7989"}],"wp:featuredmedia":[{"embeddable":true,"href":"https:\/\/planetetennis.fr\/es\/wp-json\/wp\/v2\/media\/7996"}],"wp:attachment":[{"href":"https:\/\/planetetennis.fr\/es\/wp-json\/wp\/v2\/media?parent=7989"}],"wp:term":[{"taxonomy":"product_brand","embeddable":true,"href":"https:\/\/planetetennis.fr\/es\/wp-json\/wp\/v2\/product_brand?post=7989"},{"taxonomy":"product_cat","embeddable":true,"href":"https:\/\/planetetennis.fr\/es\/wp-json\/wp\/v2\/product_cat?post=7989"},{"taxonomy":"product_tag","embeddable":true,"href":"https:\/\/planetetennis.fr\/es\/wp-json\/wp\/v2\/product_tag?post=7989"}],"curies":[{"name":"wp","href":"https:\/\/api.w.org\/{rel}","templated":true}]}}