{"id":8025,"date":"2020-12-11T15:44:42","date_gmt":"2020-12-11T15:44:42","guid":{"rendered":"https:\/\/webprinciple.com\/stillinblack\/product\/raquette-v-feel-10-320-grs\/"},"modified":"2025-06-08T20:23:12","modified_gmt":"2025-06-08T20:23:12","slug":"raquette-v-feel-10-320-grs","status":"publish","type":"product","link":"https:\/\/planetetennis.fr\/es\/product\/raquette-v-feel-10-320-grs\/","title":{"rendered":"RAQUETA V-FEEL 10 320 grs"},"content":{"rendered":"<p>La raquette de tennis Volkl V-Feel 10 320g est la plus lourde des deux raquettes V-Feel 10. Ce cadre est fantastique pour les joueurs qui recherchent un contr\u00f4le et des sensations rapides. Cette raquette poss\u00e8de un plan de cordage large et ouvert de 16&#215;19 qui offre un maximum de sensations et d&#8217;effets. L&#8217;une des nouvelles caract\u00e9ristiques de cette ligne comprend la technologie r\u00e9volutionnaire EVA qui offre 35% de r\u00e9silience en plus, 15% de rigidit\u00e9 lat\u00e9rale en plus, 35% de r\u00e9sistance \u00e0 la torsion en plus et 25% d&#8217;absorption des chocs en plus.<\/p>\n<p>Nous recommandons vivement cette raquette aux joueurs de comp\u00e9tition qui recherchent un cadre offrant beaucoup de puissance, de contr\u00f4le et de sensations.<\/p>\n<p>La Volkl V-Feel 10 320g est un excellent cadre de contr\u00f4le, qui offre un acc\u00e8s facile aux effets. La V-Feel 10 est \u00e9galement disponible dans une version plus l\u00e9g\u00e8re (300g).<\/p>","protected":false},"excerpt":{"rendered":"<p>La V-Feel 10 320g est une raquette de joueur traditionnel \u00e0 SECTION fine. La taille du tamis, la flexibilit\u00e9, la conception du manche et le syst\u00e8me de manche s&#8217;associent pour former une raquette confortable pour les joueurs qui appr\u00e9cient la sensation et le poids d&#8217;une raquette de joueur \u00e0 tamis plus fin.<\/p>\n<p>La V-Feel 10 320g est \u00e9galement \u00e9quip\u00e9e de REVA, d&#8217;un embout VTEX, de Super Grommets et d&#8217;un manche V-Sensor pour des sensations exceptionnelles. Elle p\u00e8se 320g, a un tamis de 630cm2, une section fine de 20-21-20mm avec une longueur de 68,5cm et une balance l\u00e9g\u00e8re de 31,5cm. Le tamis est en 16&#215;19.<\/p>\n<p>La V-Feel 10 320g est une raquette de haute performance avec un contr\u00f4le pr\u00e9cis et une stabilit\u00e9 qui ne vient qu&#8217;avec plus de masse derri\u00e8re la balle. Cette masse donne de superbes sensations et rend cette raquette mortelle dans les mains des joueurs avanc\u00e9s. Les joueurs \u00e0 la recherche d&#8217;une raquette pour \u00e9mousser la puissance de leur adversaire et retourner les coups avec rapidit\u00e9 trouveront dans la V- Feel 10 320g l&#8217;arme ultime.<\/p>","protected":false},"featured_media":8031,"comment_status":"open","ping_status":"closed","template":"","meta":{"_monsterinsights_skip_tracking":false,"_monsterinsights_sitenote_active":false,"_monsterinsights_sitenote_note":"","_monsterinsights_sitenote_category":0},"product_brand":[],"product_cat":[410,300],"product_tag":[],"class_list":{"0":"post-8025","1":"product","2":"type-product","3":"status-publish","4":"has-post-thumbnail","6":"product_cat-raquettes-tennis","7":"product_cat-volkl","8":"pa_taille-manche-295","9":"pa_taille-manche-296","10":"pa_taille-manche-297","11":"pa_taille-manche-298","12":"pa_taille-manche-299","14":"first","15":"instock","16":"sale","17":"taxable","18":"shipping-taxable","19":"purchasable","20":"product-type-variable"},"yoast_head":"<!-- This site is optimized with the Yoast SEO plugin v27.4 - https:\/\/yoast.com\/product\/yoast-seo-wordpress\/ -->\n<title>RAQUETTE V-FEEL 10 320 grs - Planetetennis<\/title>\n<meta name=\"robots\" content=\"index, follow, max-snippet:-1, max-image-preview:large, max-video-preview:-1\" \/>\n<link rel=\"canonical\" href=\"https:\/\/planetetennis.fr\/es\/product\/raquette-v-feel-10-320-grs\/\" \/>\n<meta property=\"og:locale\" content=\"es_ES\" \/>\n<meta property=\"og:type\" content=\"article\" \/>\n<meta property=\"og:title\" content=\"RAQUETTE V-FEEL 10 320 grs - Planetetennis\" \/>\n<meta property=\"og:description\" content=\"La V-Feel 10 320g est une raquette de joueur traditionnel \u00e0 SECTION fine. La taille du tamis, la flexibilit\u00e9, la conception du manche et le syst\u00e8me de manche s&#039;associent pour former une raquette confortable pour les joueurs qui appr\u00e9cient la sensation et le poids d&#039;une raquette de joueur \u00e0 tamis plus fin.  La V-Feel 10 320g est \u00e9galement \u00e9quip\u00e9e de REVA, d&#039;un embout VTEX, de Super Grommets et d&#039;un manche V-Sensor pour des sensations exceptionnelles. Elle p\u00e8se 320g, a un tamis de 630cm2, une section fine de 20-21-20mm avec une longueur de 68,5cm et une balance l\u00e9g\u00e8re de 31,5cm. Le tamis est en 16x19.  La V-Feel 10 320g est une raquette de haute performance avec un contr\u00f4le pr\u00e9cis et une stabilit\u00e9 qui ne vient qu&#039;avec plus de masse derri\u00e8re la balle. Cette masse donne de superbes sensations et rend cette raquette mortelle dans les mains des joueurs avanc\u00e9s. Les joueurs \u00e0 la recherche d&#039;une raquette pour \u00e9mousser la puissance de leur adversaire et retourner les coups avec rapidit\u00e9 trouveront dans la V- Feel 10 320g l&#039;arme ultime.\" \/>\n<meta property=\"og:url\" content=\"https:\/\/planetetennis.fr\/es\/product\/raquette-v-feel-10-320-grs\/\" \/>\n<meta property=\"og:site_name\" content=\"Planetetennis\" \/>\n<meta property=\"article:modified_time\" content=\"2025-06-08T20:23:12+00:00\" \/>\n<meta property=\"og:image\" content=\"https:\/\/planetetennis.fr\/wp-content\/uploads\/2020\/12\/V-FEEL-10-320-GRS.jpg\" \/>\n\t<meta property=\"og:image:width\" content=\"700\" \/>\n\t<meta property=\"og:image:height\" content=\"1200\" \/>\n\t<meta property=\"og:image:type\" content=\"image\/jpeg\" \/>\n<meta name=\"twitter:card\" content=\"summary_large_image\" \/>\n<meta name=\"twitter:label1\" content=\"Est. reading time\" \/>\n\t<meta name=\"twitter:data1\" content=\"1 minute\" \/>\n<script type=\"application\/ld+json\" class=\"yoast-schema-graph\">{\"@context\":\"https:\\\/\\\/schema.org\",\"@graph\":[{\"@type\":\"WebPage\",\"@id\":\"https:\\\/\\\/planetetennis.fr\\\/product\\\/raquette-v-feel-10-320-grs\\\/\",\"url\":\"https:\\\/\\\/planetetennis.fr\\\/product\\\/raquette-v-feel-10-320-grs\\\/\",\"name\":\"RAQUETTE V-FEEL 10 320 grs - Planetetennis\",\"isPartOf\":{\"@id\":\"https:\\\/\\\/planetetennis.fr\\\/#website\"},\"primaryImageOfPage\":{\"@id\":\"https:\\\/\\\/planetetennis.fr\\\/product\\\/raquette-v-feel-10-320-grs\\\/#primaryimage\"},\"image\":{\"@id\":\"https:\\\/\\\/planetetennis.fr\\\/product\\\/raquette-v-feel-10-320-grs\\\/#primaryimage\"},\"thumbnailUrl\":\"https:\\\/\\\/planetetennis.fr\\\/wp-content\\\/uploads\\\/2020\\\/12\\\/V-FEEL-10-320-GRS.jpg\",\"datePublished\":\"2020-12-11T15:44:42+00:00\",\"dateModified\":\"2025-06-08T20:23:12+00:00\",\"breadcrumb\":{\"@id\":\"https:\\\/\\\/planetetennis.fr\\\/product\\\/raquette-v-feel-10-320-grs\\\/#breadcrumb\"},\"inLanguage\":\"es-ES\",\"potentialAction\":[{\"@type\":\"ReadAction\",\"target\":[\"https:\\\/\\\/planetetennis.fr\\\/product\\\/raquette-v-feel-10-320-grs\\\/\"]}]},{\"@type\":\"ImageObject\",\"inLanguage\":\"es-ES\",\"@id\":\"https:\\\/\\\/planetetennis.fr\\\/product\\\/raquette-v-feel-10-320-grs\\\/#primaryimage\",\"url\":\"https:\\\/\\\/planetetennis.fr\\\/wp-content\\\/uploads\\\/2020\\\/12\\\/V-FEEL-10-320-GRS.jpg\",\"contentUrl\":\"https:\\\/\\\/planetetennis.fr\\\/wp-content\\\/uploads\\\/2020\\\/12\\\/V-FEEL-10-320-GRS.jpg\",\"width\":700,\"height\":1200},{\"@type\":\"BreadcrumbList\",\"@id\":\"https:\\\/\\\/planetetennis.fr\\\/product\\\/raquette-v-feel-10-320-grs\\\/#breadcrumb\",\"itemListElement\":[{\"@type\":\"ListItem\",\"position\":1,\"name\":\"Accueil\",\"item\":\"https:\\\/\\\/planetetennis.fr\\\/\"},{\"@type\":\"ListItem\",\"position\":2,\"name\":\"Nos produits\",\"item\":\"https:\\\/\\\/planetetennis.fr\\\/produits\\\/\"},{\"@type\":\"ListItem\",\"position\":3,\"name\":\"RAQUETTE V-FEEL 10 320 grs\"}]},{\"@type\":\"WebSite\",\"@id\":\"https:\\\/\\\/planetetennis.fr\\\/#website\",\"url\":\"https:\\\/\\\/planetetennis.fr\\\/\",\"name\":\"Planetetennis\",\"description\":\"Cordages de tennis monofilament fran\u00e7ais\",\"publisher\":{\"@id\":\"https:\\\/\\\/planetetennis.fr\\\/#organization\"},\"potentialAction\":[{\"@type\":\"SearchAction\",\"target\":{\"@type\":\"EntryPoint\",\"urlTemplate\":\"https:\\\/\\\/planetetennis.fr\\\/?s={search_term_string}\"},\"query-input\":{\"@type\":\"PropertyValueSpecification\",\"valueRequired\":true,\"valueName\":\"search_term_string\"}}],\"inLanguage\":\"es-ES\"},{\"@type\":\"Organization\",\"@id\":\"https:\\\/\\\/planetetennis.fr\\\/#organization\",\"name\":\"Planetetennis\",\"url\":\"https:\\\/\\\/planetetennis.fr\\\/\",\"logo\":{\"@type\":\"ImageObject\",\"inLanguage\":\"es-ES\",\"@id\":\"https:\\\/\\\/planetetennis.fr\\\/#\\\/schema\\\/logo\\\/image\\\/\",\"url\":\"https:\\\/\\\/planetetennis.fr\\\/wp-content\\\/uploads\\\/2021\\\/10\\\/logocolor03.png\",\"contentUrl\":\"https:\\\/\\\/planetetennis.fr\\\/wp-content\\\/uploads\\\/2021\\\/10\\\/logocolor03.png\",\"width\":230,\"height\":58,\"caption\":\"Planetetennis\"},\"image\":{\"@id\":\"https:\\\/\\\/planetetennis.fr\\\/#\\\/schema\\\/logo\\\/image\\\/\"}}]}<\/script>\n<!-- \/ Yoast SEO plugin. -->","yoast_head_json":{"title":"RAQUETTE V-FEEL 10 320 grs - Planetetennis","robots":{"index":"index","follow":"follow","max-snippet":"max-snippet:-1","max-image-preview":"max-image-preview:large","max-video-preview":"max-video-preview:-1"},"canonical":"https:\/\/planetetennis.fr\/es\/product\/raquette-v-feel-10-320-grs\/","og_locale":"es_ES","og_type":"article","og_title":"RAQUETTE V-FEEL 10 320 grs - Planetetennis","og_description":"La V-Feel 10 320g est une raquette de joueur traditionnel \u00e0 SECTION fine. La taille du tamis, la flexibilit\u00e9, la conception du manche et le syst\u00e8me de manche s'associent pour former une raquette confortable pour les joueurs qui appr\u00e9cient la sensation et le poids d'une raquette de joueur \u00e0 tamis plus fin.  La V-Feel 10 320g est \u00e9galement \u00e9quip\u00e9e de REVA, d'un embout VTEX, de Super Grommets et d'un manche V-Sensor pour des sensations exceptionnelles. Elle p\u00e8se 320g, a un tamis de 630cm2, une section fine de 20-21-20mm avec une longueur de 68,5cm et une balance l\u00e9g\u00e8re de 31,5cm. Le tamis est en 16x19.  La V-Feel 10 320g est une raquette de haute performance avec un contr\u00f4le pr\u00e9cis et une stabilit\u00e9 qui ne vient qu'avec plus de masse derri\u00e8re la balle. Cette masse donne de superbes sensations et rend cette raquette mortelle dans les mains des joueurs avanc\u00e9s. Les joueurs \u00e0 la recherche d'une raquette pour \u00e9mousser la puissance de leur adversaire et retourner les coups avec rapidit\u00e9 trouveront dans la V- Feel 10 320g l'arme ultime.","og_url":"https:\/\/planetetennis.fr\/es\/product\/raquette-v-feel-10-320-grs\/","og_site_name":"Planetetennis","article_modified_time":"2025-06-08T20:23:12+00:00","og_image":[{"width":700,"height":1200,"url":"https:\/\/planetetennis.fr\/wp-content\/uploads\/2020\/12\/V-FEEL-10-320-GRS.jpg","type":"image\/jpeg"}],"twitter_card":"summary_large_image","twitter_misc":{"Est. reading time":"1 minute"},"schema":{"@context":"https:\/\/schema.org","@graph":[{"@type":"WebPage","@id":"https:\/\/planetetennis.fr\/product\/raquette-v-feel-10-320-grs\/","url":"https:\/\/planetetennis.fr\/product\/raquette-v-feel-10-320-grs\/","name":"RAQUETTE V-FEEL 10 320 grs - Planetetennis","isPartOf":{"@id":"https:\/\/planetetennis.fr\/#website"},"primaryImageOfPage":{"@id":"https:\/\/planetetennis.fr\/product\/raquette-v-feel-10-320-grs\/#primaryimage"},"image":{"@id":"https:\/\/planetetennis.fr\/product\/raquette-v-feel-10-320-grs\/#primaryimage"},"thumbnailUrl":"https:\/\/planetetennis.fr\/wp-content\/uploads\/2020\/12\/V-FEEL-10-320-GRS.jpg","datePublished":"2020-12-11T15:44:42+00:00","dateModified":"2025-06-08T20:23:12+00:00","breadcrumb":{"@id":"https:\/\/planetetennis.fr\/product\/raquette-v-feel-10-320-grs\/#breadcrumb"},"inLanguage":"es-ES","potentialAction":[{"@type":"ReadAction","target":["https:\/\/planetetennis.fr\/product\/raquette-v-feel-10-320-grs\/"]}]},{"@type":"ImageObject","inLanguage":"es-ES","@id":"https:\/\/planetetennis.fr\/product\/raquette-v-feel-10-320-grs\/#primaryimage","url":"https:\/\/planetetennis.fr\/wp-content\/uploads\/2020\/12\/V-FEEL-10-320-GRS.jpg","contentUrl":"https:\/\/planetetennis.fr\/wp-content\/uploads\/2020\/12\/V-FEEL-10-320-GRS.jpg","width":700,"height":1200},{"@type":"BreadcrumbList","@id":"https:\/\/planetetennis.fr\/product\/raquette-v-feel-10-320-grs\/#breadcrumb","itemListElement":[{"@type":"ListItem","position":1,"name":"Accueil","item":"https:\/\/planetetennis.fr\/"},{"@type":"ListItem","position":2,"name":"Nos produits","item":"https:\/\/planetetennis.fr\/produits\/"},{"@type":"ListItem","position":3,"name":"RAQUETTE V-FEEL 10 320 grs"}]},{"@type":"WebSite","@id":"https:\/\/planetetennis.fr\/#website","url":"https:\/\/planetetennis.fr\/","name":"Planeta tenis","description":"Cordages de tennis monofilament fran\u00e7ais","publisher":{"@id":"https:\/\/planetetennis.fr\/#organization"},"potentialAction":[{"@type":"SearchAction","target":{"@type":"EntryPoint","urlTemplate":"https:\/\/planetetennis.fr\/?s={search_term_string}"},"query-input":{"@type":"PropertyValueSpecification","valueRequired":true,"valueName":"search_term_string"}}],"inLanguage":"es-ES"},{"@type":"Organization","@id":"https:\/\/planetetennis.fr\/#organization","name":"Planeta tenis","url":"https:\/\/planetetennis.fr\/","logo":{"@type":"ImageObject","inLanguage":"es-ES","@id":"https:\/\/planetetennis.fr\/#\/schema\/logo\/image\/","url":"https:\/\/planetetennis.fr\/wp-content\/uploads\/2021\/10\/logocolor03.png","contentUrl":"https:\/\/planetetennis.fr\/wp-content\/uploads\/2021\/10\/logocolor03.png","width":230,"height":58,"caption":"Planetetennis"},"image":{"@id":"https:\/\/planetetennis.fr\/#\/schema\/logo\/image\/"}}]}},"_links":{"self":[{"href":"https:\/\/planetetennis.fr\/es\/wp-json\/wp\/v2\/product\/8025","targetHints":{"allow":["GET"]}}],"collection":[{"href":"https:\/\/planetetennis.fr\/es\/wp-json\/wp\/v2\/product"}],"about":[{"href":"https:\/\/planetetennis.fr\/es\/wp-json\/wp\/v2\/types\/product"}],"replies":[{"embeddable":true,"href":"https:\/\/planetetennis.fr\/es\/wp-json\/wp\/v2\/comments?post=8025"}],"wp:featuredmedia":[{"embeddable":true,"href":"https:\/\/planetetennis.fr\/es\/wp-json\/wp\/v2\/media\/8031"}],"wp:attachment":[{"href":"https:\/\/planetetennis.fr\/es\/wp-json\/wp\/v2\/media?parent=8025"}],"wp:term":[{"taxonomy":"product_brand","embeddable":true,"href":"https:\/\/planetetennis.fr\/es\/wp-json\/wp\/v2\/product_brand?post=8025"},{"taxonomy":"product_cat","embeddable":true,"href":"https:\/\/planetetennis.fr\/es\/wp-json\/wp\/v2\/product_cat?post=8025"},{"taxonomy":"product_tag","embeddable":true,"href":"https:\/\/planetetennis.fr\/es\/wp-json\/wp\/v2\/product_tag?post=8025"}],"curies":[{"name":"wp","href":"https:\/\/api.w.org\/{rel}","templated":true}]}}