{"id":8053,"date":"2020-12-11T15:44:42","date_gmt":"2020-12-11T15:44:42","guid":{"rendered":"https:\/\/webprinciple.com\/stillinblack\/product\/raquette-v-feel-10-junior\/"},"modified":"2024-12-12T15:55:33","modified_gmt":"2024-12-12T15:55:33","slug":"raquette-v-feel-10-junior","status":"publish","type":"product","link":"https:\/\/planetetennis.fr\/es\/product\/raquette-v-feel-10-junior\/","title":{"rendered":"RAQUETTE V CEEL 10 JUNIOR"},"content":{"rendered":"<p>Le tamis 630 cm2 et la longueur r\u00e9duite de 66 cm offrent beaucoup de mobilit\u00e9 et de tol\u00e9rance. Ce cadre est pr\u00e9-cordonn\u00e9 et parfait pour l&#8217;utilisation de la balle \u00e0 points verts sur un terrain de taille normale.<\/p>","protected":false},"excerpt":{"rendered":"<p>La raquette de tennis Volkl V Ceel 10 Junior 26 Pouces est un excellent choix pour un joueur junior en herbe. La section e cadre de 23 mm associ\u00e9e \u00e0 un plan de cordage 16&#215;19 permet aux juniors de sculpter leurs coups pour obtenir des swings plus longs et plus doux tout en am\u00e9liorant la vitesse de la t\u00eate de raquette.<\/p>","protected":false},"featured_media":16980,"comment_status":"open","ping_status":"closed","template":"","meta":{"_monsterinsights_skip_tracking":false,"_monsterinsights_sitenote_active":false,"_monsterinsights_sitenote_note":"","_monsterinsights_sitenote_category":0},"product_brand":[],"product_cat":[410,304],"product_tag":[],"class_list":{"0":"post-8053","1":"product","2":"type-product","3":"status-publish","4":"has-post-thumbnail","6":"product_cat-raquettes-tennis","7":"product_cat-raquette-junior","9":"first","10":"instock","11":"sale","12":"taxable","13":"shipping-taxable","14":"purchasable","15":"product-type-simple"},"yoast_head":"<!-- This site is optimized with the Yoast SEO plugin v27.4 - https:\/\/yoast.com\/product\/yoast-seo-wordpress\/ -->\n<title>RAQUETTE V CEEL 10 JUNIOR - Planetetennis<\/title>\n<meta name=\"robots\" content=\"index, follow, max-snippet:-1, max-image-preview:large, max-video-preview:-1\" \/>\n<link rel=\"canonical\" href=\"https:\/\/planetetennis.fr\/es\/product\/raquette-v-feel-10-junior\/\" \/>\n<meta property=\"og:locale\" content=\"es_ES\" \/>\n<meta property=\"og:type\" content=\"article\" \/>\n<meta property=\"og:title\" content=\"RAQUETTE V CEEL 10 JUNIOR - Planetetennis\" \/>\n<meta property=\"og:description\" content=\"La raquette de tennis Volkl V Ceel 10 Junior 26 Pouces est un excellent choix pour un joueur junior en herbe. La section e cadre de 23 mm associ\u00e9e \u00e0 un plan de cordage 16x19 permet aux juniors de sculpter leurs coups pour obtenir des swings plus longs et plus doux tout en am\u00e9liorant la vitesse de la t\u00eate de raquette.\" \/>\n<meta property=\"og:url\" content=\"https:\/\/planetetennis.fr\/es\/product\/raquette-v-feel-10-junior\/\" \/>\n<meta property=\"og:site_name\" content=\"Planetetennis\" \/>\n<meta property=\"article:modified_time\" content=\"2024-12-12T15:55:33+00:00\" \/>\n<meta property=\"og:image\" content=\"https:\/\/planetetennis.fr\/wp-content\/uploads\/2020\/12\/V-Cell10300_WEB_1691eb92-9d6d-4762-b86d-9149d3e329cf_700x.webp\" \/>\n\t<meta property=\"og:image:width\" content=\"700\" \/>\n\t<meta property=\"og:image:height\" content=\"826\" \/>\n\t<meta property=\"og:image:type\" content=\"image\/webp\" \/>\n<meta name=\"twitter:card\" content=\"summary_large_image\" \/>\n<script type=\"application\/ld+json\" class=\"yoast-schema-graph\">{\"@context\":\"https:\\\/\\\/schema.org\",\"@graph\":[{\"@type\":\"WebPage\",\"@id\":\"https:\\\/\\\/planetetennis.fr\\\/product\\\/raquette-v-feel-10-junior\\\/\",\"url\":\"https:\\\/\\\/planetetennis.fr\\\/product\\\/raquette-v-feel-10-junior\\\/\",\"name\":\"RAQUETTE V CEEL 10 JUNIOR - Planetetennis\",\"isPartOf\":{\"@id\":\"https:\\\/\\\/planetetennis.fr\\\/#website\"},\"primaryImageOfPage\":{\"@id\":\"https:\\\/\\\/planetetennis.fr\\\/product\\\/raquette-v-feel-10-junior\\\/#primaryimage\"},\"image\":{\"@id\":\"https:\\\/\\\/planetetennis.fr\\\/product\\\/raquette-v-feel-10-junior\\\/#primaryimage\"},\"thumbnailUrl\":\"https:\\\/\\\/planetetennis.fr\\\/wp-content\\\/uploads\\\/2020\\\/12\\\/V-Cell10300_WEB_1691eb92-9d6d-4762-b86d-9149d3e329cf_700x.webp\",\"datePublished\":\"2020-12-11T15:44:42+00:00\",\"dateModified\":\"2024-12-12T15:55:33+00:00\",\"breadcrumb\":{\"@id\":\"https:\\\/\\\/planetetennis.fr\\\/product\\\/raquette-v-feel-10-junior\\\/#breadcrumb\"},\"inLanguage\":\"es-ES\",\"potentialAction\":[{\"@type\":\"ReadAction\",\"target\":[\"https:\\\/\\\/planetetennis.fr\\\/product\\\/raquette-v-feel-10-junior\\\/\"]}]},{\"@type\":\"ImageObject\",\"inLanguage\":\"es-ES\",\"@id\":\"https:\\\/\\\/planetetennis.fr\\\/product\\\/raquette-v-feel-10-junior\\\/#primaryimage\",\"url\":\"https:\\\/\\\/planetetennis.fr\\\/wp-content\\\/uploads\\\/2020\\\/12\\\/V-Cell10300_WEB_1691eb92-9d6d-4762-b86d-9149d3e329cf_700x.webp\",\"contentUrl\":\"https:\\\/\\\/planetetennis.fr\\\/wp-content\\\/uploads\\\/2020\\\/12\\\/V-Cell10300_WEB_1691eb92-9d6d-4762-b86d-9149d3e329cf_700x.webp\",\"width\":700,\"height\":826},{\"@type\":\"BreadcrumbList\",\"@id\":\"https:\\\/\\\/planetetennis.fr\\\/product\\\/raquette-v-feel-10-junior\\\/#breadcrumb\",\"itemListElement\":[{\"@type\":\"ListItem\",\"position\":1,\"name\":\"Accueil\",\"item\":\"https:\\\/\\\/planetetennis.fr\\\/\"},{\"@type\":\"ListItem\",\"position\":2,\"name\":\"Nos produits\",\"item\":\"https:\\\/\\\/planetetennis.fr\\\/produits\\\/\"},{\"@type\":\"ListItem\",\"position\":3,\"name\":\"RAQUETTE V CEEL 10 JUNIOR\"}]},{\"@type\":\"WebSite\",\"@id\":\"https:\\\/\\\/planetetennis.fr\\\/#website\",\"url\":\"https:\\\/\\\/planetetennis.fr\\\/\",\"name\":\"Planetetennis\",\"description\":\"Cordages de tennis monofilament fran\u00e7ais\",\"publisher\":{\"@id\":\"https:\\\/\\\/planetetennis.fr\\\/#organization\"},\"potentialAction\":[{\"@type\":\"SearchAction\",\"target\":{\"@type\":\"EntryPoint\",\"urlTemplate\":\"https:\\\/\\\/planetetennis.fr\\\/?s={search_term_string}\"},\"query-input\":{\"@type\":\"PropertyValueSpecification\",\"valueRequired\":true,\"valueName\":\"search_term_string\"}}],\"inLanguage\":\"es-ES\"},{\"@type\":\"Organization\",\"@id\":\"https:\\\/\\\/planetetennis.fr\\\/#organization\",\"name\":\"Planetetennis\",\"url\":\"https:\\\/\\\/planetetennis.fr\\\/\",\"logo\":{\"@type\":\"ImageObject\",\"inLanguage\":\"es-ES\",\"@id\":\"https:\\\/\\\/planetetennis.fr\\\/#\\\/schema\\\/logo\\\/image\\\/\",\"url\":\"https:\\\/\\\/planetetennis.fr\\\/wp-content\\\/uploads\\\/2021\\\/10\\\/logocolor03.png\",\"contentUrl\":\"https:\\\/\\\/planetetennis.fr\\\/wp-content\\\/uploads\\\/2021\\\/10\\\/logocolor03.png\",\"width\":230,\"height\":58,\"caption\":\"Planetetennis\"},\"image\":{\"@id\":\"https:\\\/\\\/planetetennis.fr\\\/#\\\/schema\\\/logo\\\/image\\\/\"}}]}<\/script>\n<!-- \/ Yoast SEO plugin. -->","yoast_head_json":{"title":"RAQUETTE V CEEL 10 JUNIOR - Planetetennis","robots":{"index":"index","follow":"follow","max-snippet":"max-snippet:-1","max-image-preview":"max-image-preview:large","max-video-preview":"max-video-preview:-1"},"canonical":"https:\/\/planetetennis.fr\/es\/product\/raquette-v-feel-10-junior\/","og_locale":"es_ES","og_type":"article","og_title":"RAQUETTE V CEEL 10 JUNIOR - Planetetennis","og_description":"La raquette de tennis Volkl V Ceel 10 Junior 26 Pouces est un excellent choix pour un joueur junior en herbe. La section e cadre de 23 mm associ\u00e9e \u00e0 un plan de cordage 16x19 permet aux juniors de sculpter leurs coups pour obtenir des swings plus longs et plus doux tout en am\u00e9liorant la vitesse de la t\u00eate de raquette.","og_url":"https:\/\/planetetennis.fr\/es\/product\/raquette-v-feel-10-junior\/","og_site_name":"Planetetennis","article_modified_time":"2024-12-12T15:55:33+00:00","og_image":[{"width":700,"height":826,"url":"https:\/\/planetetennis.fr\/wp-content\/uploads\/2020\/12\/V-Cell10300_WEB_1691eb92-9d6d-4762-b86d-9149d3e329cf_700x.webp","type":"image\/webp"}],"twitter_card":"summary_large_image","schema":{"@context":"https:\/\/schema.org","@graph":[{"@type":"WebPage","@id":"https:\/\/planetetennis.fr\/product\/raquette-v-feel-10-junior\/","url":"https:\/\/planetetennis.fr\/product\/raquette-v-feel-10-junior\/","name":"RAQUETTE V CEEL 10 JUNIOR - Planetetennis","isPartOf":{"@id":"https:\/\/planetetennis.fr\/#website"},"primaryImageOfPage":{"@id":"https:\/\/planetetennis.fr\/product\/raquette-v-feel-10-junior\/#primaryimage"},"image":{"@id":"https:\/\/planetetennis.fr\/product\/raquette-v-feel-10-junior\/#primaryimage"},"thumbnailUrl":"https:\/\/planetetennis.fr\/wp-content\/uploads\/2020\/12\/V-Cell10300_WEB_1691eb92-9d6d-4762-b86d-9149d3e329cf_700x.webp","datePublished":"2020-12-11T15:44:42+00:00","dateModified":"2024-12-12T15:55:33+00:00","breadcrumb":{"@id":"https:\/\/planetetennis.fr\/product\/raquette-v-feel-10-junior\/#breadcrumb"},"inLanguage":"es-ES","potentialAction":[{"@type":"ReadAction","target":["https:\/\/planetetennis.fr\/product\/raquette-v-feel-10-junior\/"]}]},{"@type":"ImageObject","inLanguage":"es-ES","@id":"https:\/\/planetetennis.fr\/product\/raquette-v-feel-10-junior\/#primaryimage","url":"https:\/\/planetetennis.fr\/wp-content\/uploads\/2020\/12\/V-Cell10300_WEB_1691eb92-9d6d-4762-b86d-9149d3e329cf_700x.webp","contentUrl":"https:\/\/planetetennis.fr\/wp-content\/uploads\/2020\/12\/V-Cell10300_WEB_1691eb92-9d6d-4762-b86d-9149d3e329cf_700x.webp","width":700,"height":826},{"@type":"BreadcrumbList","@id":"https:\/\/planetetennis.fr\/product\/raquette-v-feel-10-junior\/#breadcrumb","itemListElement":[{"@type":"ListItem","position":1,"name":"Accueil","item":"https:\/\/planetetennis.fr\/"},{"@type":"ListItem","position":2,"name":"Nos produits","item":"https:\/\/planetetennis.fr\/produits\/"},{"@type":"ListItem","position":3,"name":"RAQUETTE V CEEL 10 JUNIOR"}]},{"@type":"WebSite","@id":"https:\/\/planetetennis.fr\/#website","url":"https:\/\/planetetennis.fr\/","name":"Planeta tenis","description":"Cordages de tennis monofilament fran\u00e7ais","publisher":{"@id":"https:\/\/planetetennis.fr\/#organization"},"potentialAction":[{"@type":"SearchAction","target":{"@type":"EntryPoint","urlTemplate":"https:\/\/planetetennis.fr\/?s={search_term_string}"},"query-input":{"@type":"PropertyValueSpecification","valueRequired":true,"valueName":"search_term_string"}}],"inLanguage":"es-ES"},{"@type":"Organization","@id":"https:\/\/planetetennis.fr\/#organization","name":"Planeta tenis","url":"https:\/\/planetetennis.fr\/","logo":{"@type":"ImageObject","inLanguage":"es-ES","@id":"https:\/\/planetetennis.fr\/#\/schema\/logo\/image\/","url":"https:\/\/planetetennis.fr\/wp-content\/uploads\/2021\/10\/logocolor03.png","contentUrl":"https:\/\/planetetennis.fr\/wp-content\/uploads\/2021\/10\/logocolor03.png","width":230,"height":58,"caption":"Planetetennis"},"image":{"@id":"https:\/\/planetetennis.fr\/#\/schema\/logo\/image\/"}}]}},"_links":{"self":[{"href":"https:\/\/planetetennis.fr\/es\/wp-json\/wp\/v2\/product\/8053","targetHints":{"allow":["GET"]}}],"collection":[{"href":"https:\/\/planetetennis.fr\/es\/wp-json\/wp\/v2\/product"}],"about":[{"href":"https:\/\/planetetennis.fr\/es\/wp-json\/wp\/v2\/types\/product"}],"replies":[{"embeddable":true,"href":"https:\/\/planetetennis.fr\/es\/wp-json\/wp\/v2\/comments?post=8053"}],"wp:featuredmedia":[{"embeddable":true,"href":"https:\/\/planetetennis.fr\/es\/wp-json\/wp\/v2\/media\/16980"}],"wp:attachment":[{"href":"https:\/\/planetetennis.fr\/es\/wp-json\/wp\/v2\/media?parent=8053"}],"wp:term":[{"taxonomy":"product_brand","embeddable":true,"href":"https:\/\/planetetennis.fr\/es\/wp-json\/wp\/v2\/product_brand?post=8053"},{"taxonomy":"product_cat","embeddable":true,"href":"https:\/\/planetetennis.fr\/es\/wp-json\/wp\/v2\/product_cat?post=8053"},{"taxonomy":"product_tag","embeddable":true,"href":"https:\/\/planetetennis.fr\/es\/wp-json\/wp\/v2\/product_tag?post=8053"}],"curies":[{"name":"wp","href":"https:\/\/api.w.org\/{rel}","templated":true}]}}