{"id":8056,"date":"2020-12-11T15:44:42","date_gmt":"2020-12-11T15:44:42","guid":{"rendered":"https:\/\/webprinciple.com\/stillinblack\/product\/raquette-v-feel-8-junior\/"},"modified":"2024-12-12T15:58:48","modified_gmt":"2024-12-12T15:58:48","slug":"raquette-v-feel-8-junior","status":"publish","type":"product","link":"https:\/\/planetetennis.fr\/es\/product\/raquette-v-feel-8-junior\/","title":{"rendered":"RAQUETTE V CEEL 8 JUNIOR"},"content":{"rendered":"<p>Cette raquette partage les m\u00eames caract\u00e9ristiques que la version adulte, mais en version plus l\u00e9g\u00e8re et plus courte. Avec 235g, ce cadre l\u00e9ger est fantastique pour les joueurs \u00e0 la recherche d&#8217;une grande puissance, de contr\u00f4le et de sensations. Ce cadre poss\u00e8de un plan de cordage 16&#215;19 qui offre un m\u00e9lange maximum de pr\u00e9cision, de potentiel d&#8217;effets et de contr\u00f4le.<\/p>","protected":false},"excerpt":{"rendered":"<p>Version junior de la V-Feel 8 285g, la raquette de tennis Volkl V-Feel 8 Junior est une excellente raquette pour les juniors de haut niveau qui souhaitent d\u00e9velopper leur jeu. <\/p>","protected":false},"featured_media":16982,"comment_status":"open","ping_status":"closed","template":"","meta":{"_monsterinsights_skip_tracking":false,"_monsterinsights_sitenote_active":false,"_monsterinsights_sitenote_note":"","_monsterinsights_sitenote_category":0},"product_brand":[],"product_cat":[410,304],"product_tag":[],"class_list":{"0":"post-8056","1":"product","2":"type-product","3":"status-publish","4":"has-post-thumbnail","6":"product_cat-raquettes-tennis","7":"product_cat-raquette-junior","9":"first","10":"instock","11":"sale","12":"taxable","13":"shipping-taxable","14":"purchasable","15":"product-type-simple"},"yoast_head":"<!-- This site is optimized with the Yoast SEO plugin v27.4 - https:\/\/yoast.com\/product\/yoast-seo-wordpress\/ -->\n<title>RAQUETTE V CEEL 8 JUNIOR - Planetetennis<\/title>\n<meta name=\"robots\" content=\"index, follow, max-snippet:-1, max-image-preview:large, max-video-preview:-1\" \/>\n<link rel=\"canonical\" href=\"https:\/\/planetetennis.fr\/es\/product\/raquette-v-feel-8-junior\/\" \/>\n<meta property=\"og:locale\" content=\"es_ES\" \/>\n<meta property=\"og:type\" content=\"article\" \/>\n<meta property=\"og:title\" content=\"RAQUETTE V CEEL 8 JUNIOR - Planetetennis\" \/>\n<meta property=\"og:description\" content=\"Version junior de la V-Feel 8 285g, la raquette de tennis Volkl V-Feel 8 Junior est une excellente raquette pour les juniors de haut niveau qui souhaitent d\u00e9velopper leur jeu.\" \/>\n<meta property=\"og:url\" content=\"https:\/\/planetetennis.fr\/es\/product\/raquette-v-feel-8-junior\/\" \/>\n<meta property=\"og:site_name\" content=\"Planetetennis\" \/>\n<meta property=\"article:modified_time\" content=\"2024-12-12T15:58:48+00:00\" \/>\n<meta property=\"og:image\" content=\"https:\/\/planetetennis.fr\/wp-content\/uploads\/2020\/12\/V-Cell8_315_Webcopy_8a95c082-c233-47b2-9d1e-e96bfd5d6d4b-1.png\" \/>\n\t<meta property=\"og:image:width\" content=\"2937\" \/>\n\t<meta property=\"og:image:height\" content=\"3456\" \/>\n\t<meta property=\"og:image:type\" content=\"image\/png\" \/>\n<meta name=\"twitter:card\" content=\"summary_large_image\" \/>\n<script type=\"application\/ld+json\" class=\"yoast-schema-graph\">{\"@context\":\"https:\\\/\\\/schema.org\",\"@graph\":[{\"@type\":\"WebPage\",\"@id\":\"https:\\\/\\\/planetetennis.fr\\\/product\\\/raquette-v-feel-8-junior\\\/\",\"url\":\"https:\\\/\\\/planetetennis.fr\\\/product\\\/raquette-v-feel-8-junior\\\/\",\"name\":\"RAQUETTE V CEEL 8 JUNIOR - Planetetennis\",\"isPartOf\":{\"@id\":\"https:\\\/\\\/planetetennis.fr\\\/#website\"},\"primaryImageOfPage\":{\"@id\":\"https:\\\/\\\/planetetennis.fr\\\/product\\\/raquette-v-feel-8-junior\\\/#primaryimage\"},\"image\":{\"@id\":\"https:\\\/\\\/planetetennis.fr\\\/product\\\/raquette-v-feel-8-junior\\\/#primaryimage\"},\"thumbnailUrl\":\"https:\\\/\\\/planetetennis.fr\\\/wp-content\\\/uploads\\\/2020\\\/12\\\/V-Cell8_315_Webcopy_8a95c082-c233-47b2-9d1e-e96bfd5d6d4b-1.png\",\"datePublished\":\"2020-12-11T15:44:42+00:00\",\"dateModified\":\"2024-12-12T15:58:48+00:00\",\"breadcrumb\":{\"@id\":\"https:\\\/\\\/planetetennis.fr\\\/product\\\/raquette-v-feel-8-junior\\\/#breadcrumb\"},\"inLanguage\":\"es-ES\",\"potentialAction\":[{\"@type\":\"ReadAction\",\"target\":[\"https:\\\/\\\/planetetennis.fr\\\/product\\\/raquette-v-feel-8-junior\\\/\"]}]},{\"@type\":\"ImageObject\",\"inLanguage\":\"es-ES\",\"@id\":\"https:\\\/\\\/planetetennis.fr\\\/product\\\/raquette-v-feel-8-junior\\\/#primaryimage\",\"url\":\"https:\\\/\\\/planetetennis.fr\\\/wp-content\\\/uploads\\\/2020\\\/12\\\/V-Cell8_315_Webcopy_8a95c082-c233-47b2-9d1e-e96bfd5d6d4b-1.png\",\"contentUrl\":\"https:\\\/\\\/planetetennis.fr\\\/wp-content\\\/uploads\\\/2020\\\/12\\\/V-Cell8_315_Webcopy_8a95c082-c233-47b2-9d1e-e96bfd5d6d4b-1.png\",\"width\":2937,\"height\":3456},{\"@type\":\"BreadcrumbList\",\"@id\":\"https:\\\/\\\/planetetennis.fr\\\/product\\\/raquette-v-feel-8-junior\\\/#breadcrumb\",\"itemListElement\":[{\"@type\":\"ListItem\",\"position\":1,\"name\":\"Accueil\",\"item\":\"https:\\\/\\\/planetetennis.fr\\\/\"},{\"@type\":\"ListItem\",\"position\":2,\"name\":\"Nos produits\",\"item\":\"https:\\\/\\\/planetetennis.fr\\\/produits\\\/\"},{\"@type\":\"ListItem\",\"position\":3,\"name\":\"RAQUETTE V CEEL 8 JUNIOR\"}]},{\"@type\":\"WebSite\",\"@id\":\"https:\\\/\\\/planetetennis.fr\\\/#website\",\"url\":\"https:\\\/\\\/planetetennis.fr\\\/\",\"name\":\"Planetetennis\",\"description\":\"Cordages de tennis monofilament fran\u00e7ais\",\"publisher\":{\"@id\":\"https:\\\/\\\/planetetennis.fr\\\/#organization\"},\"potentialAction\":[{\"@type\":\"SearchAction\",\"target\":{\"@type\":\"EntryPoint\",\"urlTemplate\":\"https:\\\/\\\/planetetennis.fr\\\/?s={search_term_string}\"},\"query-input\":{\"@type\":\"PropertyValueSpecification\",\"valueRequired\":true,\"valueName\":\"search_term_string\"}}],\"inLanguage\":\"es-ES\"},{\"@type\":\"Organization\",\"@id\":\"https:\\\/\\\/planetetennis.fr\\\/#organization\",\"name\":\"Planetetennis\",\"url\":\"https:\\\/\\\/planetetennis.fr\\\/\",\"logo\":{\"@type\":\"ImageObject\",\"inLanguage\":\"es-ES\",\"@id\":\"https:\\\/\\\/planetetennis.fr\\\/#\\\/schema\\\/logo\\\/image\\\/\",\"url\":\"https:\\\/\\\/planetetennis.fr\\\/wp-content\\\/uploads\\\/2021\\\/10\\\/logocolor03.png\",\"contentUrl\":\"https:\\\/\\\/planetetennis.fr\\\/wp-content\\\/uploads\\\/2021\\\/10\\\/logocolor03.png\",\"width\":230,\"height\":58,\"caption\":\"Planetetennis\"},\"image\":{\"@id\":\"https:\\\/\\\/planetetennis.fr\\\/#\\\/schema\\\/logo\\\/image\\\/\"}}]}<\/script>\n<!-- \/ Yoast SEO plugin. -->","yoast_head_json":{"title":"RAQUETTE V CEEL 8 JUNIOR - Planetetennis","robots":{"index":"index","follow":"follow","max-snippet":"max-snippet:-1","max-image-preview":"max-image-preview:large","max-video-preview":"max-video-preview:-1"},"canonical":"https:\/\/planetetennis.fr\/es\/product\/raquette-v-feel-8-junior\/","og_locale":"es_ES","og_type":"article","og_title":"RAQUETTE V CEEL 8 JUNIOR - Planetetennis","og_description":"Version junior de la V-Feel 8 285g, la raquette de tennis Volkl V-Feel 8 Junior est une excellente raquette pour les juniors de haut niveau qui souhaitent d\u00e9velopper leur jeu.","og_url":"https:\/\/planetetennis.fr\/es\/product\/raquette-v-feel-8-junior\/","og_site_name":"Planetetennis","article_modified_time":"2024-12-12T15:58:48+00:00","og_image":[{"width":2937,"height":3456,"url":"https:\/\/planetetennis.fr\/wp-content\/uploads\/2020\/12\/V-Cell8_315_Webcopy_8a95c082-c233-47b2-9d1e-e96bfd5d6d4b-1.png","type":"image\/png"}],"twitter_card":"summary_large_image","schema":{"@context":"https:\/\/schema.org","@graph":[{"@type":"WebPage","@id":"https:\/\/planetetennis.fr\/product\/raquette-v-feel-8-junior\/","url":"https:\/\/planetetennis.fr\/product\/raquette-v-feel-8-junior\/","name":"RAQUETTE V CEEL 8 JUNIOR - Planetetennis","isPartOf":{"@id":"https:\/\/planetetennis.fr\/#website"},"primaryImageOfPage":{"@id":"https:\/\/planetetennis.fr\/product\/raquette-v-feel-8-junior\/#primaryimage"},"image":{"@id":"https:\/\/planetetennis.fr\/product\/raquette-v-feel-8-junior\/#primaryimage"},"thumbnailUrl":"https:\/\/planetetennis.fr\/wp-content\/uploads\/2020\/12\/V-Cell8_315_Webcopy_8a95c082-c233-47b2-9d1e-e96bfd5d6d4b-1.png","datePublished":"2020-12-11T15:44:42+00:00","dateModified":"2024-12-12T15:58:48+00:00","breadcrumb":{"@id":"https:\/\/planetetennis.fr\/product\/raquette-v-feel-8-junior\/#breadcrumb"},"inLanguage":"es-ES","potentialAction":[{"@type":"ReadAction","target":["https:\/\/planetetennis.fr\/product\/raquette-v-feel-8-junior\/"]}]},{"@type":"ImageObject","inLanguage":"es-ES","@id":"https:\/\/planetetennis.fr\/product\/raquette-v-feel-8-junior\/#primaryimage","url":"https:\/\/planetetennis.fr\/wp-content\/uploads\/2020\/12\/V-Cell8_315_Webcopy_8a95c082-c233-47b2-9d1e-e96bfd5d6d4b-1.png","contentUrl":"https:\/\/planetetennis.fr\/wp-content\/uploads\/2020\/12\/V-Cell8_315_Webcopy_8a95c082-c233-47b2-9d1e-e96bfd5d6d4b-1.png","width":2937,"height":3456},{"@type":"BreadcrumbList","@id":"https:\/\/planetetennis.fr\/product\/raquette-v-feel-8-junior\/#breadcrumb","itemListElement":[{"@type":"ListItem","position":1,"name":"Accueil","item":"https:\/\/planetetennis.fr\/"},{"@type":"ListItem","position":2,"name":"Nos produits","item":"https:\/\/planetetennis.fr\/produits\/"},{"@type":"ListItem","position":3,"name":"RAQUETTE V CEEL 8 JUNIOR"}]},{"@type":"WebSite","@id":"https:\/\/planetetennis.fr\/#website","url":"https:\/\/planetetennis.fr\/","name":"Planeta tenis","description":"Cordages de tennis monofilament fran\u00e7ais","publisher":{"@id":"https:\/\/planetetennis.fr\/#organization"},"potentialAction":[{"@type":"SearchAction","target":{"@type":"EntryPoint","urlTemplate":"https:\/\/planetetennis.fr\/?s={search_term_string}"},"query-input":{"@type":"PropertyValueSpecification","valueRequired":true,"valueName":"search_term_string"}}],"inLanguage":"es-ES"},{"@type":"Organization","@id":"https:\/\/planetetennis.fr\/#organization","name":"Planeta tenis","url":"https:\/\/planetetennis.fr\/","logo":{"@type":"ImageObject","inLanguage":"es-ES","@id":"https:\/\/planetetennis.fr\/#\/schema\/logo\/image\/","url":"https:\/\/planetetennis.fr\/wp-content\/uploads\/2021\/10\/logocolor03.png","contentUrl":"https:\/\/planetetennis.fr\/wp-content\/uploads\/2021\/10\/logocolor03.png","width":230,"height":58,"caption":"Planetetennis"},"image":{"@id":"https:\/\/planetetennis.fr\/#\/schema\/logo\/image\/"}}]}},"_links":{"self":[{"href":"https:\/\/planetetennis.fr\/es\/wp-json\/wp\/v2\/product\/8056","targetHints":{"allow":["GET"]}}],"collection":[{"href":"https:\/\/planetetennis.fr\/es\/wp-json\/wp\/v2\/product"}],"about":[{"href":"https:\/\/planetetennis.fr\/es\/wp-json\/wp\/v2\/types\/product"}],"replies":[{"embeddable":true,"href":"https:\/\/planetetennis.fr\/es\/wp-json\/wp\/v2\/comments?post=8056"}],"wp:featuredmedia":[{"embeddable":true,"href":"https:\/\/planetetennis.fr\/es\/wp-json\/wp\/v2\/media\/16982"}],"wp:attachment":[{"href":"https:\/\/planetetennis.fr\/es\/wp-json\/wp\/v2\/media?parent=8056"}],"wp:term":[{"taxonomy":"product_brand","embeddable":true,"href":"https:\/\/planetetennis.fr\/es\/wp-json\/wp\/v2\/product_brand?post=8056"},{"taxonomy":"product_cat","embeddable":true,"href":"https:\/\/planetetennis.fr\/es\/wp-json\/wp\/v2\/product_cat?post=8056"},{"taxonomy":"product_tag","embeddable":true,"href":"https:\/\/planetetennis.fr\/es\/wp-json\/wp\/v2\/product_tag?post=8056"}],"curies":[{"name":"wp","href":"https:\/\/api.w.org\/{rel}","templated":true}]}}