{"id":8083,"date":"2020-12-11T15:44:47","date_gmt":"2020-12-11T15:44:47","guid":{"rendered":"https:\/\/webprinciple.com\/stillinblack\/product\/sac-a-dos-back-pack-tour-carbone\/"},"modified":"2025-07-01T09:42:41","modified_gmt":"2025-07-01T09:42:41","slug":"sac-a-dos-back-pack-tour-carbone","status":"publish","type":"product","link":"https:\/\/planetetennis.fr\/es\/product\/sac-a-dos-back-pack-tour-carbone\/","title":{"rendered":"SAC A DOS BACK PACK TOUR YELLOW &#8211; BLACK"},"content":{"rendered":"<p>Il y a deux poches lat\u00e9rales \u00e0 fermeture \u00e9clair pour les petits objets de valeur. Il y a \u00e9galement une pochette avant pour un rangement suppl\u00e9mentaire, et un dos enti\u00e8rement rembourr\u00e9 avec des sangles rembourr\u00e9es r\u00e9glables pour le transport.<\/p>","protected":false},"excerpt":{"rendered":"<p>Le sac \u00e0 dos de tennis Volkl Tour en charbon et lave offre un moyen rapide et facile de transporter vos affaires sur les courts et de les ramener. Un compartiment principal \u00e0 l&#8217;arri\u00e8re avec fermeture \u00e9clair verrouillable peut contenir jusqu&#8217;\u00e0 deux raquettes. Il y a un grand compartiment \u00e0 fermeture \u00e9clair \u00e0 l&#8217;avant pour les serviettes, les v\u00eatements suppl\u00e9mentaires et d&#8217;autres \u00e9quipements de tennis.<\/p>","protected":false},"featured_media":9827,"comment_status":"open","ping_status":"closed","template":"","meta":{"_monsterinsights_skip_tracking":false,"_monsterinsights_sitenote_active":false,"_monsterinsights_sitenote_note":"","_monsterinsights_sitenote_category":0},"product_brand":[],"product_cat":[413,310],"product_tag":[],"class_list":{"0":"post-8083","1":"product","2":"type-product","3":"status-publish","4":"has-post-thumbnail","6":"product_cat-bagageries","7":"product_cat-bagagerie","9":"first","10":"instock","11":"sale","12":"taxable","13":"shipping-taxable","14":"purchasable","15":"product-type-simple"},"yoast_head":"<!-- This site is optimized with the Yoast SEO plugin v27.5 - https:\/\/yoast.com\/product\/yoast-seo-wordpress\/ -->\n<title>SAC A DOS BACK PACK TOUR YELLOW - BLACK - Planetetennis<\/title>\n<meta name=\"robots\" content=\"index, follow, max-snippet:-1, max-image-preview:large, max-video-preview:-1\" \/>\n<link rel=\"canonical\" href=\"https:\/\/planetetennis.fr\/es\/product\/sac-a-dos-back-pack-tour-carbone\/\" \/>\n<meta property=\"og:locale\" content=\"es_ES\" \/>\n<meta property=\"og:type\" content=\"article\" \/>\n<meta property=\"og:title\" content=\"SAC A DOS BACK PACK TOUR YELLOW - BLACK - Planetetennis\" \/>\n<meta property=\"og:description\" content=\"Le sac \u00e0 dos de tennis Volkl Tour en charbon et lave offre un moyen rapide et facile de transporter vos affaires sur les courts et de les ramener. Un compartiment principal \u00e0 l&#039;arri\u00e8re avec fermeture \u00e9clair verrouillable peut contenir jusqu&#039;\u00e0 deux raquettes. Il y a un grand compartiment \u00e0 fermeture \u00e9clair \u00e0 l&#039;avant pour les serviettes, les v\u00eatements suppl\u00e9mentaires et d&#039;autres \u00e9quipements de tennis.\" \/>\n<meta property=\"og:url\" content=\"https:\/\/planetetennis.fr\/es\/product\/sac-a-dos-back-pack-tour-carbone\/\" \/>\n<meta property=\"og:site_name\" content=\"Planetetennis\" \/>\n<meta property=\"article:modified_time\" content=\"2025-07-01T09:42:41+00:00\" \/>\n<meta property=\"og:image\" content=\"https:\/\/planetetennis.fr\/wp-content\/uploads\/2021\/05\/Backpack_large-1024x1024.png\" \/>\n\t<meta property=\"og:image:width\" content=\"1024\" \/>\n\t<meta property=\"og:image:height\" content=\"1024\" \/>\n\t<meta property=\"og:image:type\" content=\"image\/png\" \/>\n<meta name=\"twitter:card\" content=\"summary_large_image\" \/>\n<script type=\"application\/ld+json\" class=\"yoast-schema-graph\">{\"@context\":\"https:\\\/\\\/schema.org\",\"@graph\":[{\"@type\":\"WebPage\",\"@id\":\"https:\\\/\\\/planetetennis.fr\\\/es\\\/product\\\/sac-a-dos-back-pack-tour-carbone\\\/\",\"url\":\"https:\\\/\\\/planetetennis.fr\\\/es\\\/product\\\/sac-a-dos-back-pack-tour-carbone\\\/\",\"name\":\"SAC A DOS BACK PACK TOUR YELLOW - BLACK - Planetetennis\",\"isPartOf\":{\"@id\":\"https:\\\/\\\/planetetennis.fr\\\/#website\"},\"primaryImageOfPage\":{\"@id\":\"https:\\\/\\\/planetetennis.fr\\\/es\\\/product\\\/sac-a-dos-back-pack-tour-carbone\\\/#primaryimage\"},\"image\":{\"@id\":\"https:\\\/\\\/planetetennis.fr\\\/es\\\/product\\\/sac-a-dos-back-pack-tour-carbone\\\/#primaryimage\"},\"thumbnailUrl\":\"https:\\\/\\\/planetetennis.fr\\\/wp-content\\\/uploads\\\/2021\\\/05\\\/Backpack_large.png\",\"datePublished\":\"2020-12-11T15:44:47+00:00\",\"dateModified\":\"2025-07-01T09:42:41+00:00\",\"breadcrumb\":{\"@id\":\"https:\\\/\\\/planetetennis.fr\\\/es\\\/product\\\/sac-a-dos-back-pack-tour-carbone\\\/#breadcrumb\"},\"inLanguage\":\"es-ES\",\"potentialAction\":[{\"@type\":\"ReadAction\",\"target\":[\"https:\\\/\\\/planetetennis.fr\\\/es\\\/product\\\/sac-a-dos-back-pack-tour-carbone\\\/\"]}]},{\"@type\":\"ImageObject\",\"inLanguage\":\"es-ES\",\"@id\":\"https:\\\/\\\/planetetennis.fr\\\/es\\\/product\\\/sac-a-dos-back-pack-tour-carbone\\\/#primaryimage\",\"url\":\"https:\\\/\\\/planetetennis.fr\\\/wp-content\\\/uploads\\\/2021\\\/05\\\/Backpack_large.png\",\"contentUrl\":\"https:\\\/\\\/planetetennis.fr\\\/wp-content\\\/uploads\\\/2021\\\/05\\\/Backpack_large.png\",\"width\":3910,\"height\":4912},{\"@type\":\"BreadcrumbList\",\"@id\":\"https:\\\/\\\/planetetennis.fr\\\/es\\\/product\\\/sac-a-dos-back-pack-tour-carbone\\\/#breadcrumb\",\"itemListElement\":[{\"@type\":\"ListItem\",\"position\":1,\"name\":\"Accueil\",\"item\":\"https:\\\/\\\/planetetennis.fr\\\/\"},{\"@type\":\"ListItem\",\"position\":2,\"name\":\"Nos produits\",\"item\":\"https:\\\/\\\/planetetennis.fr\\\/produits\\\/\"},{\"@type\":\"ListItem\",\"position\":3,\"name\":\"SAC A DOS BACK PACK TOUR YELLOW &#8211; BLACK\"}]},{\"@type\":\"WebSite\",\"@id\":\"https:\\\/\\\/planetetennis.fr\\\/#website\",\"url\":\"https:\\\/\\\/planetetennis.fr\\\/\",\"name\":\"Planetetennis\",\"description\":\"Cordages de tennis monofilament fran\u00e7ais\",\"publisher\":{\"@id\":\"https:\\\/\\\/planetetennis.fr\\\/#organization\"},\"potentialAction\":[{\"@type\":\"SearchAction\",\"target\":{\"@type\":\"EntryPoint\",\"urlTemplate\":\"https:\\\/\\\/planetetennis.fr\\\/?s={search_term_string}\"},\"query-input\":{\"@type\":\"PropertyValueSpecification\",\"valueRequired\":true,\"valueName\":\"search_term_string\"}}],\"inLanguage\":\"es-ES\"},{\"@type\":\"Organization\",\"@id\":\"https:\\\/\\\/planetetennis.fr\\\/#organization\",\"name\":\"Planetetennis\",\"url\":\"https:\\\/\\\/planetetennis.fr\\\/\",\"logo\":{\"@type\":\"ImageObject\",\"inLanguage\":\"es-ES\",\"@id\":\"https:\\\/\\\/planetetennis.fr\\\/#\\\/schema\\\/logo\\\/image\\\/\",\"url\":\"https:\\\/\\\/planetetennis.fr\\\/wp-content\\\/uploads\\\/2021\\\/10\\\/logocolor03.png\",\"contentUrl\":\"https:\\\/\\\/planetetennis.fr\\\/wp-content\\\/uploads\\\/2021\\\/10\\\/logocolor03.png\",\"width\":230,\"height\":58,\"caption\":\"Planetetennis\"},\"image\":{\"@id\":\"https:\\\/\\\/planetetennis.fr\\\/#\\\/schema\\\/logo\\\/image\\\/\"}}]}<\/script>\n<!-- \/ Yoast SEO plugin. -->","yoast_head_json":{"title":"SAC A DOS BACK PACK TOUR YELLOW - BLACK - Planetetennis","robots":{"index":"index","follow":"follow","max-snippet":"max-snippet:-1","max-image-preview":"max-image-preview:large","max-video-preview":"max-video-preview:-1"},"canonical":"https:\/\/planetetennis.fr\/es\/product\/sac-a-dos-back-pack-tour-carbone\/","og_locale":"es_ES","og_type":"article","og_title":"SAC A DOS BACK PACK TOUR YELLOW - BLACK - Planetetennis","og_description":"Le sac \u00e0 dos de tennis Volkl Tour en charbon et lave offre un moyen rapide et facile de transporter vos affaires sur les courts et de les ramener. Un compartiment principal \u00e0 l'arri\u00e8re avec fermeture \u00e9clair verrouillable peut contenir jusqu'\u00e0 deux raquettes. Il y a un grand compartiment \u00e0 fermeture \u00e9clair \u00e0 l'avant pour les serviettes, les v\u00eatements suppl\u00e9mentaires et d'autres \u00e9quipements de tennis.","og_url":"https:\/\/planetetennis.fr\/es\/product\/sac-a-dos-back-pack-tour-carbone\/","og_site_name":"Planetetennis","article_modified_time":"2025-07-01T09:42:41+00:00","og_image":[{"width":1024,"height":1024,"url":"https:\/\/planetetennis.fr\/wp-content\/uploads\/2021\/05\/Backpack_large-1024x1024.png","type":"image\/png"}],"twitter_card":"summary_large_image","schema":{"@context":"https:\/\/schema.org","@graph":[{"@type":"WebPage","@id":"https:\/\/planetetennis.fr\/es\/product\/sac-a-dos-back-pack-tour-carbone\/","url":"https:\/\/planetetennis.fr\/es\/product\/sac-a-dos-back-pack-tour-carbone\/","name":"SAC A DOS BACK PACK TOUR YELLOW - BLACK - Planetetennis","isPartOf":{"@id":"https:\/\/planetetennis.fr\/#website"},"primaryImageOfPage":{"@id":"https:\/\/planetetennis.fr\/es\/product\/sac-a-dos-back-pack-tour-carbone\/#primaryimage"},"image":{"@id":"https:\/\/planetetennis.fr\/es\/product\/sac-a-dos-back-pack-tour-carbone\/#primaryimage"},"thumbnailUrl":"https:\/\/planetetennis.fr\/wp-content\/uploads\/2021\/05\/Backpack_large.png","datePublished":"2020-12-11T15:44:47+00:00","dateModified":"2025-07-01T09:42:41+00:00","breadcrumb":{"@id":"https:\/\/planetetennis.fr\/es\/product\/sac-a-dos-back-pack-tour-carbone\/#breadcrumb"},"inLanguage":"es-ES","potentialAction":[{"@type":"ReadAction","target":["https:\/\/planetetennis.fr\/es\/product\/sac-a-dos-back-pack-tour-carbone\/"]}]},{"@type":"ImageObject","inLanguage":"es-ES","@id":"https:\/\/planetetennis.fr\/es\/product\/sac-a-dos-back-pack-tour-carbone\/#primaryimage","url":"https:\/\/planetetennis.fr\/wp-content\/uploads\/2021\/05\/Backpack_large.png","contentUrl":"https:\/\/planetetennis.fr\/wp-content\/uploads\/2021\/05\/Backpack_large.png","width":3910,"height":4912},{"@type":"BreadcrumbList","@id":"https:\/\/planetetennis.fr\/es\/product\/sac-a-dos-back-pack-tour-carbone\/#breadcrumb","itemListElement":[{"@type":"ListItem","position":1,"name":"Accueil","item":"https:\/\/planetetennis.fr\/"},{"@type":"ListItem","position":2,"name":"Nos produits","item":"https:\/\/planetetennis.fr\/produits\/"},{"@type":"ListItem","position":3,"name":"SAC A DOS BACK PACK TOUR YELLOW &#8211; BLACK"}]},{"@type":"WebSite","@id":"https:\/\/planetetennis.fr\/#website","url":"https:\/\/planetetennis.fr\/","name":"Planeta tenis","description":"Cordages de tennis monofilament fran\u00e7ais","publisher":{"@id":"https:\/\/planetetennis.fr\/#organization"},"potentialAction":[{"@type":"SearchAction","target":{"@type":"EntryPoint","urlTemplate":"https:\/\/planetetennis.fr\/?s={search_term_string}"},"query-input":{"@type":"PropertyValueSpecification","valueRequired":true,"valueName":"search_term_string"}}],"inLanguage":"es-ES"},{"@type":"Organization","@id":"https:\/\/planetetennis.fr\/#organization","name":"Planeta tenis","url":"https:\/\/planetetennis.fr\/","logo":{"@type":"ImageObject","inLanguage":"es-ES","@id":"https:\/\/planetetennis.fr\/#\/schema\/logo\/image\/","url":"https:\/\/planetetennis.fr\/wp-content\/uploads\/2021\/10\/logocolor03.png","contentUrl":"https:\/\/planetetennis.fr\/wp-content\/uploads\/2021\/10\/logocolor03.png","width":230,"height":58,"caption":"Planetetennis"},"image":{"@id":"https:\/\/planetetennis.fr\/#\/schema\/logo\/image\/"}}]}},"_links":{"self":[{"href":"https:\/\/planetetennis.fr\/es\/wp-json\/wp\/v2\/product\/8083","targetHints":{"allow":["GET"]}}],"collection":[{"href":"https:\/\/planetetennis.fr\/es\/wp-json\/wp\/v2\/product"}],"about":[{"href":"https:\/\/planetetennis.fr\/es\/wp-json\/wp\/v2\/types\/product"}],"replies":[{"embeddable":true,"href":"https:\/\/planetetennis.fr\/es\/wp-json\/wp\/v2\/comments?post=8083"}],"wp:featuredmedia":[{"embeddable":true,"href":"https:\/\/planetetennis.fr\/es\/wp-json\/wp\/v2\/media\/9827"}],"wp:attachment":[{"href":"https:\/\/planetetennis.fr\/es\/wp-json\/wp\/v2\/media?parent=8083"}],"wp:term":[{"taxonomy":"product_brand","embeddable":true,"href":"https:\/\/planetetennis.fr\/es\/wp-json\/wp\/v2\/product_brand?post=8083"},{"taxonomy":"product_cat","embeddable":true,"href":"https:\/\/planetetennis.fr\/es\/wp-json\/wp\/v2\/product_cat?post=8083"},{"taxonomy":"product_tag","embeddable":true,"href":"https:\/\/planetetennis.fr\/es\/wp-json\/wp\/v2\/product_tag?post=8083"}],"curies":[{"name":"wp","href":"https:\/\/api.w.org\/{rel}","templated":true}]}}