{"id":8195,"date":"2020-12-11T16:01:01","date_gmt":"2020-12-11T16:01:01","guid":{"rendered":"https:\/\/webprinciple.com\/stillinblack\/product\/tube-de-4-balles-code-red\/"},"modified":"2025-09-24T08:38:41","modified_gmt":"2025-09-24T08:38:41","slug":"tube-de-4-balles-code-red","status":"publish","type":"product","link":"https:\/\/planetetennis.fr\/es\/product\/tube-de-4-balles-code-red\/","title":{"rendered":"BOTE DE 4 BOLAS C\u00d3DIGO ROJO"},"content":{"rendered":"<p>Pour le Code Rouge, nous comptons sur le feutre de performance produit sp\u00e9cialement pour nous en Angleterre par WSP. En combinaison avec le noyau de balle en caoutchouc naturel, il offre une sensation de jeu incomparable sur toutes les surfaces de terrain. Gr\u00e2ce \u00e0 sa faible absorption d\u2019humidit\u00e9, il est particuli\u00e8rement adapt\u00e9 \u00e0 l\u2019utilisation dans le hall climatis\u00e9.Un vrai polyvalent avec un excellent rapport qualit\u00e9-prix.<\/p>","protected":false},"excerpt":{"rendered":"<p>Pour le Code Rouge, nous comptons sur le feutre de performance produit sp\u00e9cialement pour nous en Angleterre par WSP. En combinaison avec le noyau de balle en caoutchouc naturel, il offre une sensation de jeu incomparable sur toutes les surfaces de terrain. Gr\u00e2ce \u00e0 sa faible absorption d&#8217;humidit\u00e9, il est particuli\u00e8rement adapt\u00e9 \u00e0 l&#8217;utilisation dans le hall climatis\u00e9.Un vrai polyvalent avec un excellent rapport qualit\u00e9-prix.<\/p>\n<p>Disponible \u00e0 partir de d\u00e9cembre !<\/p>","protected":false},"featured_media":8198,"comment_status":"open","ping_status":"closed","template":"","meta":{"_monsterinsights_skip_tracking":false,"_monsterinsights_sitenote_active":false,"_monsterinsights_sitenote_note":"","_monsterinsights_sitenote_category":0},"product_brand":[],"product_cat":[264,263],"product_tag":[],"class_list":{"0":"post-8195","1":"product","2":"type-product","3":"status-publish","4":"has-post-thumbnail","6":"product_cat-avec-pression","7":"product_cat-balles","9":"first","10":"instock","11":"sale","12":"taxable","13":"shipping-taxable","14":"purchasable","15":"product-type-simple"},"yoast_head":"<!-- This site is optimized with the Yoast SEO plugin v27.5 - https:\/\/yoast.com\/product\/yoast-seo-wordpress\/ -->\n<title>TUBE DE 4 BALLES CODE RED - Planetetennis<\/title>\n<meta name=\"description\" content=\"En combinaison avec le noyau de balle en caoutchouc naturel, il offre une sensation de jeu incomparable sur toutes les surfaces de terrain.\" \/>\n<meta name=\"robots\" content=\"index, follow, max-snippet:-1, max-image-preview:large, max-video-preview:-1\" \/>\n<link rel=\"canonical\" href=\"https:\/\/planetetennis.fr\/es\/product\/tube-de-4-balles-code-red\/\" \/>\n<meta property=\"og:locale\" content=\"es_ES\" \/>\n<meta property=\"og:type\" content=\"article\" \/>\n<meta property=\"og:title\" content=\"TUBE DE 4 BALLES CODE RED - Planetetennis\" \/>\n<meta property=\"og:description\" content=\"En combinaison avec le noyau de balle en caoutchouc naturel, il offre une sensation de jeu incomparable sur toutes les surfaces de terrain.\" \/>\n<meta property=\"og:url\" content=\"https:\/\/planetetennis.fr\/es\/product\/tube-de-4-balles-code-red\/\" \/>\n<meta property=\"og:site_name\" content=\"Planetetennis\" \/>\n<meta property=\"article:modified_time\" content=\"2025-09-24T08:38:41+00:00\" \/>\n<meta property=\"og:image\" content=\"https:\/\/planetetennis.fr\/wp-content\/uploads\/2020\/12\/code-red-tube-4.jpg\" \/>\n\t<meta property=\"og:image:width\" content=\"1000\" \/>\n\t<meta property=\"og:image:height\" content=\"979\" \/>\n\t<meta property=\"og:image:type\" content=\"image\/jpeg\" \/>\n<meta name=\"twitter:card\" content=\"summary_large_image\" \/>\n<script type=\"application\/ld+json\" class=\"yoast-schema-graph\">{\"@context\":\"https:\\\/\\\/schema.org\",\"@graph\":[{\"@type\":\"WebPage\",\"@id\":\"https:\\\/\\\/planetetennis.fr\\\/product\\\/tube-de-4-balles-code-red\\\/\",\"url\":\"https:\\\/\\\/planetetennis.fr\\\/product\\\/tube-de-4-balles-code-red\\\/\",\"name\":\"TUBE DE 4 BALLES CODE RED - Planetetennis\",\"isPartOf\":{\"@id\":\"https:\\\/\\\/planetetennis.fr\\\/#website\"},\"primaryImageOfPage\":{\"@id\":\"https:\\\/\\\/planetetennis.fr\\\/product\\\/tube-de-4-balles-code-red\\\/#primaryimage\"},\"image\":{\"@id\":\"https:\\\/\\\/planetetennis.fr\\\/product\\\/tube-de-4-balles-code-red\\\/#primaryimage\"},\"thumbnailUrl\":\"https:\\\/\\\/planetetennis.fr\\\/wp-content\\\/uploads\\\/2020\\\/12\\\/code-red-tube-4.jpg\",\"datePublished\":\"2020-12-11T16:01:01+00:00\",\"dateModified\":\"2025-09-24T08:38:41+00:00\",\"description\":\"En combinaison avec le noyau de balle en caoutchouc naturel, il offre une sensation de jeu incomparable sur toutes les surfaces de terrain.\",\"breadcrumb\":{\"@id\":\"https:\\\/\\\/planetetennis.fr\\\/product\\\/tube-de-4-balles-code-red\\\/#breadcrumb\"},\"inLanguage\":\"es-ES\",\"potentialAction\":[{\"@type\":\"ReadAction\",\"target\":[\"https:\\\/\\\/planetetennis.fr\\\/product\\\/tube-de-4-balles-code-red\\\/\"]}]},{\"@type\":\"ImageObject\",\"inLanguage\":\"es-ES\",\"@id\":\"https:\\\/\\\/planetetennis.fr\\\/product\\\/tube-de-4-balles-code-red\\\/#primaryimage\",\"url\":\"https:\\\/\\\/planetetennis.fr\\\/wp-content\\\/uploads\\\/2020\\\/12\\\/code-red-tube-4.jpg\",\"contentUrl\":\"https:\\\/\\\/planetetennis.fr\\\/wp-content\\\/uploads\\\/2020\\\/12\\\/code-red-tube-4.jpg\",\"width\":1000,\"height\":979},{\"@type\":\"BreadcrumbList\",\"@id\":\"https:\\\/\\\/planetetennis.fr\\\/product\\\/tube-de-4-balles-code-red\\\/#breadcrumb\",\"itemListElement\":[{\"@type\":\"ListItem\",\"position\":1,\"name\":\"Accueil\",\"item\":\"https:\\\/\\\/planetetennis.fr\\\/\"},{\"@type\":\"ListItem\",\"position\":2,\"name\":\"Nos produits\",\"item\":\"https:\\\/\\\/planetetennis.fr\\\/produits\\\/\"},{\"@type\":\"ListItem\",\"position\":3,\"name\":\"TUBE DE 4 BALLES CODE RED\"}]},{\"@type\":\"WebSite\",\"@id\":\"https:\\\/\\\/planetetennis.fr\\\/#website\",\"url\":\"https:\\\/\\\/planetetennis.fr\\\/\",\"name\":\"Planetetennis\",\"description\":\"Cordages de tennis monofilament fran\u00e7ais\",\"publisher\":{\"@id\":\"https:\\\/\\\/planetetennis.fr\\\/#organization\"},\"potentialAction\":[{\"@type\":\"SearchAction\",\"target\":{\"@type\":\"EntryPoint\",\"urlTemplate\":\"https:\\\/\\\/planetetennis.fr\\\/?s={search_term_string}\"},\"query-input\":{\"@type\":\"PropertyValueSpecification\",\"valueRequired\":true,\"valueName\":\"search_term_string\"}}],\"inLanguage\":\"es-ES\"},{\"@type\":\"Organization\",\"@id\":\"https:\\\/\\\/planetetennis.fr\\\/#organization\",\"name\":\"Planetetennis\",\"url\":\"https:\\\/\\\/planetetennis.fr\\\/\",\"logo\":{\"@type\":\"ImageObject\",\"inLanguage\":\"es-ES\",\"@id\":\"https:\\\/\\\/planetetennis.fr\\\/#\\\/schema\\\/logo\\\/image\\\/\",\"url\":\"https:\\\/\\\/planetetennis.fr\\\/wp-content\\\/uploads\\\/2021\\\/10\\\/logocolor03.png\",\"contentUrl\":\"https:\\\/\\\/planetetennis.fr\\\/wp-content\\\/uploads\\\/2021\\\/10\\\/logocolor03.png\",\"width\":230,\"height\":58,\"caption\":\"Planetetennis\"},\"image\":{\"@id\":\"https:\\\/\\\/planetetennis.fr\\\/#\\\/schema\\\/logo\\\/image\\\/\"}}]}<\/script>\n<!-- \/ Yoast SEO plugin. -->","yoast_head_json":{"title":"TUBE DE 4 BALLES CODE RED - Planetetennis","description":"En combinaison avec le noyau de balle en caoutchouc naturel, il offre une sensation de jeu incomparable sur toutes les surfaces de terrain.","robots":{"index":"index","follow":"follow","max-snippet":"max-snippet:-1","max-image-preview":"max-image-preview:large","max-video-preview":"max-video-preview:-1"},"canonical":"https:\/\/planetetennis.fr\/es\/product\/tube-de-4-balles-code-red\/","og_locale":"es_ES","og_type":"article","og_title":"TUBE DE 4 BALLES CODE RED - Planetetennis","og_description":"En combinaison avec le noyau de balle en caoutchouc naturel, il offre une sensation de jeu incomparable sur toutes les surfaces de terrain.","og_url":"https:\/\/planetetennis.fr\/es\/product\/tube-de-4-balles-code-red\/","og_site_name":"Planetetennis","article_modified_time":"2025-09-24T08:38:41+00:00","og_image":[{"width":1000,"height":979,"url":"https:\/\/planetetennis.fr\/wp-content\/uploads\/2020\/12\/code-red-tube-4.jpg","type":"image\/jpeg"}],"twitter_card":"summary_large_image","schema":{"@context":"https:\/\/schema.org","@graph":[{"@type":"WebPage","@id":"https:\/\/planetetennis.fr\/product\/tube-de-4-balles-code-red\/","url":"https:\/\/planetetennis.fr\/product\/tube-de-4-balles-code-red\/","name":"TUBE DE 4 BALLES CODE RED - Planetetennis","isPartOf":{"@id":"https:\/\/planetetennis.fr\/#website"},"primaryImageOfPage":{"@id":"https:\/\/planetetennis.fr\/product\/tube-de-4-balles-code-red\/#primaryimage"},"image":{"@id":"https:\/\/planetetennis.fr\/product\/tube-de-4-balles-code-red\/#primaryimage"},"thumbnailUrl":"https:\/\/planetetennis.fr\/wp-content\/uploads\/2020\/12\/code-red-tube-4.jpg","datePublished":"2020-12-11T16:01:01+00:00","dateModified":"2025-09-24T08:38:41+00:00","description":"En combinaison avec le noyau de balle en caoutchouc naturel, il offre une sensation de jeu incomparable sur toutes les surfaces de terrain.","breadcrumb":{"@id":"https:\/\/planetetennis.fr\/product\/tube-de-4-balles-code-red\/#breadcrumb"},"inLanguage":"es-ES","potentialAction":[{"@type":"ReadAction","target":["https:\/\/planetetennis.fr\/product\/tube-de-4-balles-code-red\/"]}]},{"@type":"ImageObject","inLanguage":"es-ES","@id":"https:\/\/planetetennis.fr\/product\/tube-de-4-balles-code-red\/#primaryimage","url":"https:\/\/planetetennis.fr\/wp-content\/uploads\/2020\/12\/code-red-tube-4.jpg","contentUrl":"https:\/\/planetetennis.fr\/wp-content\/uploads\/2020\/12\/code-red-tube-4.jpg","width":1000,"height":979},{"@type":"BreadcrumbList","@id":"https:\/\/planetetennis.fr\/product\/tube-de-4-balles-code-red\/#breadcrumb","itemListElement":[{"@type":"ListItem","position":1,"name":"Accueil","item":"https:\/\/planetetennis.fr\/"},{"@type":"ListItem","position":2,"name":"Nos produits","item":"https:\/\/planetetennis.fr\/produits\/"},{"@type":"ListItem","position":3,"name":"TUBE DE 4 BALLES CODE RED"}]},{"@type":"WebSite","@id":"https:\/\/planetetennis.fr\/#website","url":"https:\/\/planetetennis.fr\/","name":"Planeta tenis","description":"Cordages de tennis monofilament fran\u00e7ais","publisher":{"@id":"https:\/\/planetetennis.fr\/#organization"},"potentialAction":[{"@type":"SearchAction","target":{"@type":"EntryPoint","urlTemplate":"https:\/\/planetetennis.fr\/?s={search_term_string}"},"query-input":{"@type":"PropertyValueSpecification","valueRequired":true,"valueName":"search_term_string"}}],"inLanguage":"es-ES"},{"@type":"Organization","@id":"https:\/\/planetetennis.fr\/#organization","name":"Planeta tenis","url":"https:\/\/planetetennis.fr\/","logo":{"@type":"ImageObject","inLanguage":"es-ES","@id":"https:\/\/planetetennis.fr\/#\/schema\/logo\/image\/","url":"https:\/\/planetetennis.fr\/wp-content\/uploads\/2021\/10\/logocolor03.png","contentUrl":"https:\/\/planetetennis.fr\/wp-content\/uploads\/2021\/10\/logocolor03.png","width":230,"height":58,"caption":"Planetetennis"},"image":{"@id":"https:\/\/planetetennis.fr\/#\/schema\/logo\/image\/"}}]}},"_links":{"self":[{"href":"https:\/\/planetetennis.fr\/es\/wp-json\/wp\/v2\/product\/8195","targetHints":{"allow":["GET"]}}],"collection":[{"href":"https:\/\/planetetennis.fr\/es\/wp-json\/wp\/v2\/product"}],"about":[{"href":"https:\/\/planetetennis.fr\/es\/wp-json\/wp\/v2\/types\/product"}],"replies":[{"embeddable":true,"href":"https:\/\/planetetennis.fr\/es\/wp-json\/wp\/v2\/comments?post=8195"}],"wp:featuredmedia":[{"embeddable":true,"href":"https:\/\/planetetennis.fr\/es\/wp-json\/wp\/v2\/media\/8198"}],"wp:attachment":[{"href":"https:\/\/planetetennis.fr\/es\/wp-json\/wp\/v2\/media?parent=8195"}],"wp:term":[{"taxonomy":"product_brand","embeddable":true,"href":"https:\/\/planetetennis.fr\/es\/wp-json\/wp\/v2\/product_brand?post=8195"},{"taxonomy":"product_cat","embeddable":true,"href":"https:\/\/planetetennis.fr\/es\/wp-json\/wp\/v2\/product_cat?post=8195"},{"taxonomy":"product_tag","embeddable":true,"href":"https:\/\/planetetennis.fr\/es\/wp-json\/wp\/v2\/product_tag?post=8195"}],"curies":[{"name":"wp","href":"https:\/\/api.w.org\/{rel}","templated":true}]}}