{"id":8426,"date":"2020-12-11T16:11:38","date_gmt":"2020-12-11T16:11:38","guid":{"rendered":"https:\/\/webprinciple.com\/stillinblack\/product\/garniture-12-m-powerful\/"},"modified":"2026-04-12T11:12:19","modified_gmt":"2026-04-12T11:12:19","slug":"garniture-12-m-powerful","status":"publish","type":"product","link":"https:\/\/planetetennis.fr\/es\/product\/garniture-12-m-powerful\/","title":{"rendered":"Cordage Powerful Still in black"},"content":{"rendered":"<p>Le cordage POWERFUL a \u00e9t\u00e9 con\u00e7u pour favoriser la vitesse de balle gr\u00e2ce \u00e0 un rev\u00eatement sp\u00e9cial. Ce rev\u00eatement favorise le retour rapide des cordes apr\u00e8s les frappes et une forte accroche de balle favorisant la prise d&#8217;effets. Sa tr\u00e8s bonne jouabilit\u00e9 en fait un cordage peu exigeant au niveau du bras et accessible pour un large \u00e9ventail de joueurs de comp\u00e9tition<\/p>","protected":false},"excerpt":{"rendered":"<p>Monofilament Co Polyester soft\u00a0 profil rond destin\u00e9 aux comp\u00e9titeurs recherchant du confort et une forte puissance de frappe<\/p>","protected":false},"featured_media":8883,"comment_status":"open","ping_status":"closed","template":"","meta":{"_monsterinsights_skip_tracking":false,"_monsterinsights_sitenote_active":false,"_monsterinsights_sitenote_note":"","_monsterinsights_sitenote_category":0},"product_brand":[],"product_cat":[451,252,254],"product_tag":[],"class_list":{"0":"post-8426","1":"product","2":"type-product","3":"status-publish","4":"has-post-thumbnail","6":"product_cat-powerful","7":"product_cat-cordages-still-in-black","8":"product_cat-cordages-monofilament-soft","9":"pa_color-blanc","10":"pa_color-jaune-fluo","11":"pa_jauge-1-18","12":"pa_jauge-1-25","13":"pa_jauge-1-30","14":"pa_jauge-1-35","15":"pa_longueur-144","16":"pa_longueur-120-m","17":"pa_longueur-145","18":"pa_longueur-146","19":"pa_longueur-579","20":"pa_longueur-580","22":"first","23":"instock","24":"sale","25":"taxable","26":"shipping-taxable","27":"purchasable","28":"product-type-variable"},"yoast_head":"<!-- This site is optimized with the Yoast SEO plugin v27.4 - https:\/\/yoast.com\/product\/yoast-seo-wordpress\/ -->\n<title>Cordage Powerful Still in black - Planetetennis<\/title>\n<meta name=\"description\" content=\"Monofilament Co Polyester soft destin\u00e9 aux comp\u00e9titeurs recherchant du confort et une forte puissance de frappe !\" \/>\n<meta name=\"robots\" content=\"index, follow, max-snippet:-1, max-image-preview:large, max-video-preview:-1\" \/>\n<link rel=\"canonical\" href=\"https:\/\/planetetennis.fr\/es\/product\/garniture-12-m-powerful\/\" \/>\n<meta property=\"og:locale\" content=\"es_ES\" \/>\n<meta property=\"og:type\" content=\"article\" \/>\n<meta property=\"og:title\" content=\"Cordage Powerful Still in black - Planetetennis\" \/>\n<meta property=\"og:description\" content=\"Monofilament Co Polyester soft destin\u00e9 aux comp\u00e9titeurs recherchant du confort et une forte puissance de frappe !\" \/>\n<meta property=\"og:url\" content=\"https:\/\/planetetennis.fr\/es\/product\/garniture-12-m-powerful\/\" \/>\n<meta property=\"og:site_name\" content=\"Planetetennis\" \/>\n<meta property=\"article:modified_time\" content=\"2026-04-12T11:12:19+00:00\" \/>\n<meta property=\"og:image\" content=\"https:\/\/planetetennis.fr\/wp-content\/uploads\/2020\/12\/Powerful.jpg\" \/>\n\t<meta property=\"og:image:width\" content=\"1873\" \/>\n\t<meta property=\"og:image:height\" content=\"2188\" \/>\n\t<meta property=\"og:image:type\" content=\"image\/jpeg\" \/>\n<meta name=\"twitter:card\" content=\"summary_large_image\" \/>\n<script type=\"application\/ld+json\" class=\"yoast-schema-graph\">{\"@context\":\"https:\\\/\\\/schema.org\",\"@graph\":[{\"@type\":\"WebPage\",\"@id\":\"https:\\\/\\\/planetetennis.fr\\\/product\\\/garniture-12-m-powerful\\\/\",\"url\":\"https:\\\/\\\/planetetennis.fr\\\/product\\\/garniture-12-m-powerful\\\/\",\"name\":\"Cordage Powerful Still in black - Planetetennis\",\"isPartOf\":{\"@id\":\"https:\\\/\\\/planetetennis.fr\\\/#website\"},\"primaryImageOfPage\":{\"@id\":\"https:\\\/\\\/planetetennis.fr\\\/product\\\/garniture-12-m-powerful\\\/#primaryimage\"},\"image\":{\"@id\":\"https:\\\/\\\/planetetennis.fr\\\/product\\\/garniture-12-m-powerful\\\/#primaryimage\"},\"thumbnailUrl\":\"https:\\\/\\\/planetetennis.fr\\\/wp-content\\\/uploads\\\/2020\\\/12\\\/Powerful.jpg\",\"datePublished\":\"2020-12-11T16:11:38+00:00\",\"dateModified\":\"2026-04-12T11:12:19+00:00\",\"description\":\"Monofilament Co Polyester soft destin\u00e9 aux comp\u00e9titeurs recherchant du confort et une forte puissance de frappe !\",\"breadcrumb\":{\"@id\":\"https:\\\/\\\/planetetennis.fr\\\/product\\\/garniture-12-m-powerful\\\/#breadcrumb\"},\"inLanguage\":\"es-ES\",\"potentialAction\":[{\"@type\":\"ReadAction\",\"target\":[\"https:\\\/\\\/planetetennis.fr\\\/product\\\/garniture-12-m-powerful\\\/\"]}]},{\"@type\":\"ImageObject\",\"inLanguage\":\"es-ES\",\"@id\":\"https:\\\/\\\/planetetennis.fr\\\/product\\\/garniture-12-m-powerful\\\/#primaryimage\",\"url\":\"https:\\\/\\\/planetetennis.fr\\\/wp-content\\\/uploads\\\/2020\\\/12\\\/Powerful.jpg\",\"contentUrl\":\"https:\\\/\\\/planetetennis.fr\\\/wp-content\\\/uploads\\\/2020\\\/12\\\/Powerful.jpg\",\"width\":1873,\"height\":2188},{\"@type\":\"BreadcrumbList\",\"@id\":\"https:\\\/\\\/planetetennis.fr\\\/product\\\/garniture-12-m-powerful\\\/#breadcrumb\",\"itemListElement\":[{\"@type\":\"ListItem\",\"position\":1,\"name\":\"Accueil\",\"item\":\"https:\\\/\\\/planetetennis.fr\\\/\"},{\"@type\":\"ListItem\",\"position\":2,\"name\":\"Nos produits\",\"item\":\"https:\\\/\\\/planetetennis.fr\\\/produits\\\/\"},{\"@type\":\"ListItem\",\"position\":3,\"name\":\"Cordage Powerful Still in black\"}]},{\"@type\":\"WebSite\",\"@id\":\"https:\\\/\\\/planetetennis.fr\\\/#website\",\"url\":\"https:\\\/\\\/planetetennis.fr\\\/\",\"name\":\"Planetetennis\",\"description\":\"Cordages de tennis monofilament fran\u00e7ais\",\"publisher\":{\"@id\":\"https:\\\/\\\/planetetennis.fr\\\/#organization\"},\"potentialAction\":[{\"@type\":\"SearchAction\",\"target\":{\"@type\":\"EntryPoint\",\"urlTemplate\":\"https:\\\/\\\/planetetennis.fr\\\/?s={search_term_string}\"},\"query-input\":{\"@type\":\"PropertyValueSpecification\",\"valueRequired\":true,\"valueName\":\"search_term_string\"}}],\"inLanguage\":\"es-ES\"},{\"@type\":\"Organization\",\"@id\":\"https:\\\/\\\/planetetennis.fr\\\/#organization\",\"name\":\"Planetetennis\",\"url\":\"https:\\\/\\\/planetetennis.fr\\\/\",\"logo\":{\"@type\":\"ImageObject\",\"inLanguage\":\"es-ES\",\"@id\":\"https:\\\/\\\/planetetennis.fr\\\/#\\\/schema\\\/logo\\\/image\\\/\",\"url\":\"https:\\\/\\\/planetetennis.fr\\\/wp-content\\\/uploads\\\/2021\\\/10\\\/logocolor03.png\",\"contentUrl\":\"https:\\\/\\\/planetetennis.fr\\\/wp-content\\\/uploads\\\/2021\\\/10\\\/logocolor03.png\",\"width\":230,\"height\":58,\"caption\":\"Planetetennis\"},\"image\":{\"@id\":\"https:\\\/\\\/planetetennis.fr\\\/#\\\/schema\\\/logo\\\/image\\\/\"}}]}<\/script>\n<!-- \/ Yoast SEO plugin. -->","yoast_head_json":{"title":"Cordage Powerful Still in black - Planetetennis","description":"Monofilament Co Polyester soft destin\u00e9 aux comp\u00e9titeurs recherchant du confort et une forte puissance de frappe !","robots":{"index":"index","follow":"follow","max-snippet":"max-snippet:-1","max-image-preview":"max-image-preview:large","max-video-preview":"max-video-preview:-1"},"canonical":"https:\/\/planetetennis.fr\/es\/product\/garniture-12-m-powerful\/","og_locale":"es_ES","og_type":"article","og_title":"Cordage Powerful Still in black - Planetetennis","og_description":"Monofilament Co Polyester soft destin\u00e9 aux comp\u00e9titeurs recherchant du confort et une forte puissance de frappe !","og_url":"https:\/\/planetetennis.fr\/es\/product\/garniture-12-m-powerful\/","og_site_name":"Planetetennis","article_modified_time":"2026-04-12T11:12:19+00:00","og_image":[{"width":1873,"height":2188,"url":"https:\/\/planetetennis.fr\/wp-content\/uploads\/2020\/12\/Powerful.jpg","type":"image\/jpeg"}],"twitter_card":"summary_large_image","schema":{"@context":"https:\/\/schema.org","@graph":[{"@type":"WebPage","@id":"https:\/\/planetetennis.fr\/product\/garniture-12-m-powerful\/","url":"https:\/\/planetetennis.fr\/product\/garniture-12-m-powerful\/","name":"Cordage Powerful Still in black - Planetetennis","isPartOf":{"@id":"https:\/\/planetetennis.fr\/#website"},"primaryImageOfPage":{"@id":"https:\/\/planetetennis.fr\/product\/garniture-12-m-powerful\/#primaryimage"},"image":{"@id":"https:\/\/planetetennis.fr\/product\/garniture-12-m-powerful\/#primaryimage"},"thumbnailUrl":"https:\/\/planetetennis.fr\/wp-content\/uploads\/2020\/12\/Powerful.jpg","datePublished":"2020-12-11T16:11:38+00:00","dateModified":"2026-04-12T11:12:19+00:00","description":"Monofilament Co Polyester soft destin\u00e9 aux comp\u00e9titeurs recherchant du confort et une forte puissance de frappe !","breadcrumb":{"@id":"https:\/\/planetetennis.fr\/product\/garniture-12-m-powerful\/#breadcrumb"},"inLanguage":"es-ES","potentialAction":[{"@type":"ReadAction","target":["https:\/\/planetetennis.fr\/product\/garniture-12-m-powerful\/"]}]},{"@type":"ImageObject","inLanguage":"es-ES","@id":"https:\/\/planetetennis.fr\/product\/garniture-12-m-powerful\/#primaryimage","url":"https:\/\/planetetennis.fr\/wp-content\/uploads\/2020\/12\/Powerful.jpg","contentUrl":"https:\/\/planetetennis.fr\/wp-content\/uploads\/2020\/12\/Powerful.jpg","width":1873,"height":2188},{"@type":"BreadcrumbList","@id":"https:\/\/planetetennis.fr\/product\/garniture-12-m-powerful\/#breadcrumb","itemListElement":[{"@type":"ListItem","position":1,"name":"Accueil","item":"https:\/\/planetetennis.fr\/"},{"@type":"ListItem","position":2,"name":"Nos produits","item":"https:\/\/planetetennis.fr\/produits\/"},{"@type":"ListItem","position":3,"name":"Cordage Powerful Still in black"}]},{"@type":"WebSite","@id":"https:\/\/planetetennis.fr\/#website","url":"https:\/\/planetetennis.fr\/","name":"Planeta tenis","description":"Cordages de tennis monofilament fran\u00e7ais","publisher":{"@id":"https:\/\/planetetennis.fr\/#organization"},"potentialAction":[{"@type":"SearchAction","target":{"@type":"EntryPoint","urlTemplate":"https:\/\/planetetennis.fr\/?s={search_term_string}"},"query-input":{"@type":"PropertyValueSpecification","valueRequired":true,"valueName":"search_term_string"}}],"inLanguage":"es-ES"},{"@type":"Organization","@id":"https:\/\/planetetennis.fr\/#organization","name":"Planeta tenis","url":"https:\/\/planetetennis.fr\/","logo":{"@type":"ImageObject","inLanguage":"es-ES","@id":"https:\/\/planetetennis.fr\/#\/schema\/logo\/image\/","url":"https:\/\/planetetennis.fr\/wp-content\/uploads\/2021\/10\/logocolor03.png","contentUrl":"https:\/\/planetetennis.fr\/wp-content\/uploads\/2021\/10\/logocolor03.png","width":230,"height":58,"caption":"Planetetennis"},"image":{"@id":"https:\/\/planetetennis.fr\/#\/schema\/logo\/image\/"}}]}},"_links":{"self":[{"href":"https:\/\/planetetennis.fr\/es\/wp-json\/wp\/v2\/product\/8426","targetHints":{"allow":["GET"]}}],"collection":[{"href":"https:\/\/planetetennis.fr\/es\/wp-json\/wp\/v2\/product"}],"about":[{"href":"https:\/\/planetetennis.fr\/es\/wp-json\/wp\/v2\/types\/product"}],"replies":[{"embeddable":true,"href":"https:\/\/planetetennis.fr\/es\/wp-json\/wp\/v2\/comments?post=8426"}],"wp:featuredmedia":[{"embeddable":true,"href":"https:\/\/planetetennis.fr\/es\/wp-json\/wp\/v2\/media\/8883"}],"wp:attachment":[{"href":"https:\/\/planetetennis.fr\/es\/wp-json\/wp\/v2\/media?parent=8426"}],"wp:term":[{"taxonomy":"product_brand","embeddable":true,"href":"https:\/\/planetetennis.fr\/es\/wp-json\/wp\/v2\/product_brand?post=8426"},{"taxonomy":"product_cat","embeddable":true,"href":"https:\/\/planetetennis.fr\/es\/wp-json\/wp\/v2\/product_cat?post=8426"},{"taxonomy":"product_tag","embeddable":true,"href":"https:\/\/planetetennis.fr\/es\/wp-json\/wp\/v2\/product_tag?post=8426"}],"curies":[{"name":"wp","href":"https:\/\/api.w.org\/{rel}","templated":true}]}}