{"id":8735,"date":"2020-12-11T16:12:24","date_gmt":"2020-12-11T16:12:24","guid":{"rendered":"https:\/\/webprinciple.com\/stillinblack\/product\/garniture-12-m-x8\/"},"modified":"2026-04-12T09:23:29","modified_gmt":"2026-04-12T09:23:29","slug":"garniture-12-m-x8","status":"publish","type":"product","link":"https:\/\/planetetennis.fr\/es\/product\/garniture-12-m-x8\/","title":{"rendered":"Cordage X8 Still in black"},"content":{"rendered":"<p>Le X8 est l&#8217;arme fatale pour des joueurs de monofilament rigide et ayant une fr\u00e9quence de casse mod\u00e9r\u00e9e. Avec un impact \u00e0 la frappe assez court et un ratio Contr\u00f4le\/Rigidit\u00e9 optimum, il apporte puissance et ma\u00eetrise tout en permettant de nombreux coups en toucher. X8 offre une durabilit\u00e9 2 fois plus importante par rapport au cordage X10 ou X12 !<\/p>","protected":false},"excerpt":{"rendered":"<p>Monofilament Co Polyester Extra Soft 100 % Polyamide, d&#8217;une UNE EXPLOSIVIT\u00c9 ET UN CONTROLE INCROYABLES AVEC CE &#8220;MONO&#8221; SOUPLE.<\/p>","protected":false},"featured_media":8738,"comment_status":"open","ping_status":"closed","template":"","meta":{"_monsterinsights_skip_tracking":false,"_monsterinsights_sitenote_active":false,"_monsterinsights_sitenote_note":"","_monsterinsights_sitenote_category":0},"product_brand":[],"product_cat":[469,252,261],"product_tag":[],"class_list":{"0":"post-8735","1":"product","2":"type-product","3":"status-publish","4":"has-post-thumbnail","6":"product_cat-x8","7":"product_cat-cordages-still-in-black","8":"product_cat-cordages-monofilament-extra-soft","9":"pa_jauge-1-25","10":"pa_jauge-1-30","11":"pa_jauge-1-30-rough","12":"pa_longueur-144","13":"pa_longueur-147","14":"pa_longueur-145","15":"pa_longueur-146","16":"pa_longueur-579","17":"pa_longueur-580","19":"first","20":"instock","21":"sale","22":"taxable","23":"shipping-taxable","24":"purchasable","25":"product-type-variable"},"yoast_head":"<!-- This site is optimized with the Yoast SEO plugin v27.4 - https:\/\/yoast.com\/product\/yoast-seo-wordpress\/ -->\n<title>Cordage X8 Still in black - Planetetennis<\/title>\n<meta name=\"robots\" content=\"index, follow, max-snippet:-1, max-image-preview:large, max-video-preview:-1\" \/>\n<link rel=\"canonical\" href=\"https:\/\/planetetennis.fr\/es\/product\/garniture-12-m-x8\/\" \/>\n<meta property=\"og:locale\" content=\"es_ES\" \/>\n<meta property=\"og:type\" content=\"article\" \/>\n<meta property=\"og:title\" content=\"Cordage X8 Still in black - Planetetennis\" \/>\n<meta property=\"og:description\" content=\"Monofilament Co Polyester Extra Soft 100 % Polyamide, d&#039;une UNE EXPLOSIVIT\u00c9 ET UN CONTROLE INCROYABLES AVEC CE &quot;MONO&quot; SOUPLE.\" \/>\n<meta property=\"og:url\" content=\"https:\/\/planetetennis.fr\/es\/product\/garniture-12-m-x8\/\" \/>\n<meta property=\"og:site_name\" content=\"Planetetennis\" \/>\n<meta property=\"article:modified_time\" content=\"2026-04-12T09:23:29+00:00\" \/>\n<meta property=\"og:image\" content=\"https:\/\/planetetennis.fr\/wp-content\/uploads\/2020\/12\/StillInBlack_X8_Gris2.png\" \/>\n\t<meta property=\"og:image:width\" content=\"2500\" \/>\n\t<meta property=\"og:image:height\" content=\"1764\" \/>\n\t<meta property=\"og:image:type\" content=\"image\/png\" \/>\n<meta name=\"twitter:card\" content=\"summary_large_image\" \/>\n<script type=\"application\/ld+json\" class=\"yoast-schema-graph\">{\"@context\":\"https:\\\/\\\/schema.org\",\"@graph\":[{\"@type\":\"WebPage\",\"@id\":\"https:\\\/\\\/planetetennis.fr\\\/product\\\/garniture-12-m-x8\\\/\",\"url\":\"https:\\\/\\\/planetetennis.fr\\\/product\\\/garniture-12-m-x8\\\/\",\"name\":\"Cordage X8 Still in black - Planetetennis\",\"isPartOf\":{\"@id\":\"https:\\\/\\\/planetetennis.fr\\\/#website\"},\"primaryImageOfPage\":{\"@id\":\"https:\\\/\\\/planetetennis.fr\\\/product\\\/garniture-12-m-x8\\\/#primaryimage\"},\"image\":{\"@id\":\"https:\\\/\\\/planetetennis.fr\\\/product\\\/garniture-12-m-x8\\\/#primaryimage\"},\"thumbnailUrl\":\"https:\\\/\\\/planetetennis.fr\\\/wp-content\\\/uploads\\\/2020\\\/12\\\/StillInBlack_X8_Gris2.png\",\"datePublished\":\"2020-12-11T16:12:24+00:00\",\"dateModified\":\"2026-04-12T09:23:29+00:00\",\"breadcrumb\":{\"@id\":\"https:\\\/\\\/planetetennis.fr\\\/product\\\/garniture-12-m-x8\\\/#breadcrumb\"},\"inLanguage\":\"es-ES\",\"potentialAction\":[{\"@type\":\"ReadAction\",\"target\":[\"https:\\\/\\\/planetetennis.fr\\\/product\\\/garniture-12-m-x8\\\/\"]}]},{\"@type\":\"ImageObject\",\"inLanguage\":\"es-ES\",\"@id\":\"https:\\\/\\\/planetetennis.fr\\\/product\\\/garniture-12-m-x8\\\/#primaryimage\",\"url\":\"https:\\\/\\\/planetetennis.fr\\\/wp-content\\\/uploads\\\/2020\\\/12\\\/StillInBlack_X8_Gris2.png\",\"contentUrl\":\"https:\\\/\\\/planetetennis.fr\\\/wp-content\\\/uploads\\\/2020\\\/12\\\/StillInBlack_X8_Gris2.png\",\"width\":2500,\"height\":1764},{\"@type\":\"BreadcrumbList\",\"@id\":\"https:\\\/\\\/planetetennis.fr\\\/product\\\/garniture-12-m-x8\\\/#breadcrumb\",\"itemListElement\":[{\"@type\":\"ListItem\",\"position\":1,\"name\":\"Accueil\",\"item\":\"https:\\\/\\\/planetetennis.fr\\\/\"},{\"@type\":\"ListItem\",\"position\":2,\"name\":\"Nos produits\",\"item\":\"https:\\\/\\\/planetetennis.fr\\\/produits\\\/\"},{\"@type\":\"ListItem\",\"position\":3,\"name\":\"Cordage X8 Still in black\"}]},{\"@type\":\"WebSite\",\"@id\":\"https:\\\/\\\/planetetennis.fr\\\/#website\",\"url\":\"https:\\\/\\\/planetetennis.fr\\\/\",\"name\":\"Planetetennis\",\"description\":\"Cordages de tennis monofilament fran\u00e7ais\",\"publisher\":{\"@id\":\"https:\\\/\\\/planetetennis.fr\\\/#organization\"},\"potentialAction\":[{\"@type\":\"SearchAction\",\"target\":{\"@type\":\"EntryPoint\",\"urlTemplate\":\"https:\\\/\\\/planetetennis.fr\\\/?s={search_term_string}\"},\"query-input\":{\"@type\":\"PropertyValueSpecification\",\"valueRequired\":true,\"valueName\":\"search_term_string\"}}],\"inLanguage\":\"es-ES\"},{\"@type\":\"Organization\",\"@id\":\"https:\\\/\\\/planetetennis.fr\\\/#organization\",\"name\":\"Planetetennis\",\"url\":\"https:\\\/\\\/planetetennis.fr\\\/\",\"logo\":{\"@type\":\"ImageObject\",\"inLanguage\":\"es-ES\",\"@id\":\"https:\\\/\\\/planetetennis.fr\\\/#\\\/schema\\\/logo\\\/image\\\/\",\"url\":\"https:\\\/\\\/planetetennis.fr\\\/wp-content\\\/uploads\\\/2021\\\/10\\\/logocolor03.png\",\"contentUrl\":\"https:\\\/\\\/planetetennis.fr\\\/wp-content\\\/uploads\\\/2021\\\/10\\\/logocolor03.png\",\"width\":230,\"height\":58,\"caption\":\"Planetetennis\"},\"image\":{\"@id\":\"https:\\\/\\\/planetetennis.fr\\\/#\\\/schema\\\/logo\\\/image\\\/\"}}]}<\/script>\n<!-- \/ Yoast SEO plugin. -->","yoast_head_json":{"title":"Cordage X8 Still in black - Planetetennis","robots":{"index":"index","follow":"follow","max-snippet":"max-snippet:-1","max-image-preview":"max-image-preview:large","max-video-preview":"max-video-preview:-1"},"canonical":"https:\/\/planetetennis.fr\/es\/product\/garniture-12-m-x8\/","og_locale":"es_ES","og_type":"article","og_title":"Cordage X8 Still in black - Planetetennis","og_description":"Monofilament Co Polyester Extra Soft 100 % Polyamide, d'une UNE EXPLOSIVIT\u00c9 ET UN CONTROLE INCROYABLES AVEC CE \"MONO\" SOUPLE.","og_url":"https:\/\/planetetennis.fr\/es\/product\/garniture-12-m-x8\/","og_site_name":"Planetetennis","article_modified_time":"2026-04-12T09:23:29+00:00","og_image":[{"width":2500,"height":1764,"url":"https:\/\/planetetennis.fr\/wp-content\/uploads\/2020\/12\/StillInBlack_X8_Gris2.png","type":"image\/png"}],"twitter_card":"summary_large_image","schema":{"@context":"https:\/\/schema.org","@graph":[{"@type":"WebPage","@id":"https:\/\/planetetennis.fr\/product\/garniture-12-m-x8\/","url":"https:\/\/planetetennis.fr\/product\/garniture-12-m-x8\/","name":"Cordage X8 Still in black - Planetetennis","isPartOf":{"@id":"https:\/\/planetetennis.fr\/#website"},"primaryImageOfPage":{"@id":"https:\/\/planetetennis.fr\/product\/garniture-12-m-x8\/#primaryimage"},"image":{"@id":"https:\/\/planetetennis.fr\/product\/garniture-12-m-x8\/#primaryimage"},"thumbnailUrl":"https:\/\/planetetennis.fr\/wp-content\/uploads\/2020\/12\/StillInBlack_X8_Gris2.png","datePublished":"2020-12-11T16:12:24+00:00","dateModified":"2026-04-12T09:23:29+00:00","breadcrumb":{"@id":"https:\/\/planetetennis.fr\/product\/garniture-12-m-x8\/#breadcrumb"},"inLanguage":"es-ES","potentialAction":[{"@type":"ReadAction","target":["https:\/\/planetetennis.fr\/product\/garniture-12-m-x8\/"]}]},{"@type":"ImageObject","inLanguage":"es-ES","@id":"https:\/\/planetetennis.fr\/product\/garniture-12-m-x8\/#primaryimage","url":"https:\/\/planetetennis.fr\/wp-content\/uploads\/2020\/12\/StillInBlack_X8_Gris2.png","contentUrl":"https:\/\/planetetennis.fr\/wp-content\/uploads\/2020\/12\/StillInBlack_X8_Gris2.png","width":2500,"height":1764},{"@type":"BreadcrumbList","@id":"https:\/\/planetetennis.fr\/product\/garniture-12-m-x8\/#breadcrumb","itemListElement":[{"@type":"ListItem","position":1,"name":"Accueil","item":"https:\/\/planetetennis.fr\/"},{"@type":"ListItem","position":2,"name":"Nos produits","item":"https:\/\/planetetennis.fr\/produits\/"},{"@type":"ListItem","position":3,"name":"Cordage X8 Still in black"}]},{"@type":"WebSite","@id":"https:\/\/planetetennis.fr\/#website","url":"https:\/\/planetetennis.fr\/","name":"Planeta tenis","description":"Cordages de tennis monofilament fran\u00e7ais","publisher":{"@id":"https:\/\/planetetennis.fr\/#organization"},"potentialAction":[{"@type":"SearchAction","target":{"@type":"EntryPoint","urlTemplate":"https:\/\/planetetennis.fr\/?s={search_term_string}"},"query-input":{"@type":"PropertyValueSpecification","valueRequired":true,"valueName":"search_term_string"}}],"inLanguage":"es-ES"},{"@type":"Organization","@id":"https:\/\/planetetennis.fr\/#organization","name":"Planeta tenis","url":"https:\/\/planetetennis.fr\/","logo":{"@type":"ImageObject","inLanguage":"es-ES","@id":"https:\/\/planetetennis.fr\/#\/schema\/logo\/image\/","url":"https:\/\/planetetennis.fr\/wp-content\/uploads\/2021\/10\/logocolor03.png","contentUrl":"https:\/\/planetetennis.fr\/wp-content\/uploads\/2021\/10\/logocolor03.png","width":230,"height":58,"caption":"Planetetennis"},"image":{"@id":"https:\/\/planetetennis.fr\/#\/schema\/logo\/image\/"}}]}},"_links":{"self":[{"href":"https:\/\/planetetennis.fr\/es\/wp-json\/wp\/v2\/product\/8735","targetHints":{"allow":["GET"]}}],"collection":[{"href":"https:\/\/planetetennis.fr\/es\/wp-json\/wp\/v2\/product"}],"about":[{"href":"https:\/\/planetetennis.fr\/es\/wp-json\/wp\/v2\/types\/product"}],"replies":[{"embeddable":true,"href":"https:\/\/planetetennis.fr\/es\/wp-json\/wp\/v2\/comments?post=8735"}],"wp:featuredmedia":[{"embeddable":true,"href":"https:\/\/planetetennis.fr\/es\/wp-json\/wp\/v2\/media\/8738"}],"wp:attachment":[{"href":"https:\/\/planetetennis.fr\/es\/wp-json\/wp\/v2\/media?parent=8735"}],"wp:term":[{"taxonomy":"product_brand","embeddable":true,"href":"https:\/\/planetetennis.fr\/es\/wp-json\/wp\/v2\/product_brand?post=8735"},{"taxonomy":"product_cat","embeddable":true,"href":"https:\/\/planetetennis.fr\/es\/wp-json\/wp\/v2\/product_cat?post=8735"},{"taxonomy":"product_tag","embeddable":true,"href":"https:\/\/planetetennis.fr\/es\/wp-json\/wp\/v2\/product_tag?post=8735"}],"curies":[{"name":"wp","href":"https:\/\/api.w.org\/{rel}","templated":true}]}}