{"id":9159,"date":"2021-01-04T14:33:57","date_gmt":"2021-01-04T14:33:57","guid":{"rendered":"https:\/\/webprinciple.com\/stillinblack\/?post_type=product&#038;p=9159"},"modified":"2025-03-31T20:12:10","modified_gmt":"2025-03-31T20:12:10","slug":"zipper-de-10-sur-grips-tourna-grip-l","status":"publish","type":"product","link":"https:\/\/planetetennis.fr\/es\/product\/zipper-de-10-sur-grips-tourna-grip-l\/","title":{"rendered":"Zipper de 10 sur grips tourna grip L"},"content":{"rendered":"<p>Votre raquette ne glisse pas entre les mains. La mati\u00e8re en peau de p\u00eache permet un excellent maintient sans glissement et absorbe un maximum la sueur. L\u2019\u00e9paisseur du surgrip Tourna Grip original est de 0.50 mm.<\/p>","protected":false},"excerpt":{"rendered":"<p>Les surgrips Tourna Grip Original sont r\u00e9put\u00e9s au niveau professionnel pour avoir le meilleur taux d&#8217;absorption de transpiration. Toucher tr\u00e8s sec et tr\u00e8s forte absorption de la transpiration. Cr\u00e9\u00e9e en 1977, la formule secr\u00e8te et unique n\u2019a jamais chang\u00e9e !<\/p>\n<p>Disponible seulement en bleu.<\/p>","protected":false},"featured_media":9143,"comment_status":"open","ping_status":"closed","template":"","meta":{"_monsterinsights_skip_tracking":false,"_monsterinsights_sitenote_active":false,"_monsterinsights_sitenote_note":"","_monsterinsights_sitenote_category":0},"product_brand":[],"product_cat":[434,409,276],"product_tag":[],"class_list":{"0":"post-9159","1":"product","2":"type-product","3":"status-publish","4":"has-post-thumbnail","6":"product_cat-par-10","7":"product_cat-sur-grip","8":"product_cat-tourna","10":"first","11":"instock","12":"sale","13":"taxable","14":"shipping-taxable","15":"purchasable","16":"product-type-simple"},"yoast_head":"<!-- This site is optimized with the Yoast SEO plugin v27.5 - https:\/\/yoast.com\/product\/yoast-seo-wordpress\/ -->\n<title>Zipper de 10 sur grips tourna grip L - Planetetennis<\/title>\n<meta name=\"description\" content=\"Votre raquette ne glisse pas entre les mains. La mati\u00e8re en peau de p\u00eache permet un excellent maintient sans glissement et absorbe un maximum la sueur.\" \/>\n<meta name=\"robots\" content=\"index, follow, max-snippet:-1, max-image-preview:large, max-video-preview:-1\" \/>\n<link rel=\"canonical\" href=\"https:\/\/planetetennis.fr\/es\/product\/zipper-de-10-sur-grips-tourna-grip-l\/\" \/>\n<meta property=\"og:locale\" content=\"es_ES\" \/>\n<meta property=\"og:type\" content=\"article\" \/>\n<meta property=\"og:title\" content=\"Zipper de 10 sur grips tourna grip L - Planetetennis\" \/>\n<meta property=\"og:description\" content=\"Votre raquette ne glisse pas entre les mains. La mati\u00e8re en peau de p\u00eache permet un excellent maintient sans glissement et absorbe un maximum la sueur.\" \/>\n<meta property=\"og:url\" content=\"https:\/\/planetetennis.fr\/es\/product\/zipper-de-10-sur-grips-tourna-grip-l\/\" \/>\n<meta property=\"og:site_name\" content=\"Planetetennis\" \/>\n<meta property=\"article:modified_time\" content=\"2025-03-31T20:12:10+00:00\" \/>\n<meta property=\"og:image\" content=\"https:\/\/planetetennis.fr\/wp-content\/uploads\/2021\/01\/TG-10.png\" \/>\n\t<meta property=\"og:image:width\" content=\"1965\" \/>\n\t<meta property=\"og:image:height\" content=\"3060\" \/>\n\t<meta property=\"og:image:type\" content=\"image\/png\" \/>\n<meta name=\"twitter:card\" content=\"summary_large_image\" \/>\n<script type=\"application\/ld+json\" class=\"yoast-schema-graph\">{\"@context\":\"https:\\\/\\\/schema.org\",\"@graph\":[{\"@type\":\"WebPage\",\"@id\":\"https:\\\/\\\/planetetennis.fr\\\/product\\\/zipper-de-10-sur-grips-tourna-grip-l\\\/\",\"url\":\"https:\\\/\\\/planetetennis.fr\\\/product\\\/zipper-de-10-sur-grips-tourna-grip-l\\\/\",\"name\":\"Zipper de 10 sur grips tourna grip L - Planetetennis\",\"isPartOf\":{\"@id\":\"https:\\\/\\\/planetetennis.fr\\\/#website\"},\"primaryImageOfPage\":{\"@id\":\"https:\\\/\\\/planetetennis.fr\\\/product\\\/zipper-de-10-sur-grips-tourna-grip-l\\\/#primaryimage\"},\"image\":{\"@id\":\"https:\\\/\\\/planetetennis.fr\\\/product\\\/zipper-de-10-sur-grips-tourna-grip-l\\\/#primaryimage\"},\"thumbnailUrl\":\"https:\\\/\\\/planetetennis.fr\\\/wp-content\\\/uploads\\\/2021\\\/01\\\/TG-10.png\",\"datePublished\":\"2021-01-04T14:33:57+00:00\",\"dateModified\":\"2025-03-31T20:12:10+00:00\",\"description\":\"Votre raquette ne glisse pas entre les mains. La mati\u00e8re en peau de p\u00eache permet un excellent maintient sans glissement et absorbe un maximum la sueur.\",\"breadcrumb\":{\"@id\":\"https:\\\/\\\/planetetennis.fr\\\/product\\\/zipper-de-10-sur-grips-tourna-grip-l\\\/#breadcrumb\"},\"inLanguage\":\"es-ES\",\"potentialAction\":[{\"@type\":\"ReadAction\",\"target\":[\"https:\\\/\\\/planetetennis.fr\\\/product\\\/zipper-de-10-sur-grips-tourna-grip-l\\\/\"]}]},{\"@type\":\"ImageObject\",\"inLanguage\":\"es-ES\",\"@id\":\"https:\\\/\\\/planetetennis.fr\\\/product\\\/zipper-de-10-sur-grips-tourna-grip-l\\\/#primaryimage\",\"url\":\"https:\\\/\\\/planetetennis.fr\\\/wp-content\\\/uploads\\\/2021\\\/01\\\/TG-10.png\",\"contentUrl\":\"https:\\\/\\\/planetetennis.fr\\\/wp-content\\\/uploads\\\/2021\\\/01\\\/TG-10.png\",\"width\":1965,\"height\":3060},{\"@type\":\"BreadcrumbList\",\"@id\":\"https:\\\/\\\/planetetennis.fr\\\/product\\\/zipper-de-10-sur-grips-tourna-grip-l\\\/#breadcrumb\",\"itemListElement\":[{\"@type\":\"ListItem\",\"position\":1,\"name\":\"Accueil\",\"item\":\"https:\\\/\\\/planetetennis.fr\\\/\"},{\"@type\":\"ListItem\",\"position\":2,\"name\":\"Nos produits\",\"item\":\"https:\\\/\\\/planetetennis.fr\\\/produits\\\/\"},{\"@type\":\"ListItem\",\"position\":3,\"name\":\"Zipper de 10 sur grips tourna grip L\"}]},{\"@type\":\"WebSite\",\"@id\":\"https:\\\/\\\/planetetennis.fr\\\/#website\",\"url\":\"https:\\\/\\\/planetetennis.fr\\\/\",\"name\":\"Planetetennis\",\"description\":\"Cordages de tennis monofilament fran\u00e7ais\",\"publisher\":{\"@id\":\"https:\\\/\\\/planetetennis.fr\\\/#organization\"},\"potentialAction\":[{\"@type\":\"SearchAction\",\"target\":{\"@type\":\"EntryPoint\",\"urlTemplate\":\"https:\\\/\\\/planetetennis.fr\\\/?s={search_term_string}\"},\"query-input\":{\"@type\":\"PropertyValueSpecification\",\"valueRequired\":true,\"valueName\":\"search_term_string\"}}],\"inLanguage\":\"es-ES\"},{\"@type\":\"Organization\",\"@id\":\"https:\\\/\\\/planetetennis.fr\\\/#organization\",\"name\":\"Planetetennis\",\"url\":\"https:\\\/\\\/planetetennis.fr\\\/\",\"logo\":{\"@type\":\"ImageObject\",\"inLanguage\":\"es-ES\",\"@id\":\"https:\\\/\\\/planetetennis.fr\\\/#\\\/schema\\\/logo\\\/image\\\/\",\"url\":\"https:\\\/\\\/planetetennis.fr\\\/wp-content\\\/uploads\\\/2021\\\/10\\\/logocolor03.png\",\"contentUrl\":\"https:\\\/\\\/planetetennis.fr\\\/wp-content\\\/uploads\\\/2021\\\/10\\\/logocolor03.png\",\"width\":230,\"height\":58,\"caption\":\"Planetetennis\"},\"image\":{\"@id\":\"https:\\\/\\\/planetetennis.fr\\\/#\\\/schema\\\/logo\\\/image\\\/\"}}]}<\/script>\n<!-- \/ Yoast SEO plugin. -->","yoast_head_json":{"title":"Zipper de 10 sur grips tourna grip L - Planetetennis","description":"Votre raquette ne glisse pas entre les mains. La mati\u00e8re en peau de p\u00eache permet un excellent maintient sans glissement et absorbe un maximum la sueur.","robots":{"index":"index","follow":"follow","max-snippet":"max-snippet:-1","max-image-preview":"max-image-preview:large","max-video-preview":"max-video-preview:-1"},"canonical":"https:\/\/planetetennis.fr\/es\/product\/zipper-de-10-sur-grips-tourna-grip-l\/","og_locale":"es_ES","og_type":"article","og_title":"Zipper de 10 sur grips tourna grip L - Planetetennis","og_description":"Votre raquette ne glisse pas entre les mains. La mati\u00e8re en peau de p\u00eache permet un excellent maintient sans glissement et absorbe un maximum la sueur.","og_url":"https:\/\/planetetennis.fr\/es\/product\/zipper-de-10-sur-grips-tourna-grip-l\/","og_site_name":"Planetetennis","article_modified_time":"2025-03-31T20:12:10+00:00","og_image":[{"width":1965,"height":3060,"url":"https:\/\/planetetennis.fr\/wp-content\/uploads\/2021\/01\/TG-10.png","type":"image\/png"}],"twitter_card":"summary_large_image","schema":{"@context":"https:\/\/schema.org","@graph":[{"@type":"WebPage","@id":"https:\/\/planetetennis.fr\/product\/zipper-de-10-sur-grips-tourna-grip-l\/","url":"https:\/\/planetetennis.fr\/product\/zipper-de-10-sur-grips-tourna-grip-l\/","name":"Zipper de 10 sur grips tourna grip L - Planetetennis","isPartOf":{"@id":"https:\/\/planetetennis.fr\/#website"},"primaryImageOfPage":{"@id":"https:\/\/planetetennis.fr\/product\/zipper-de-10-sur-grips-tourna-grip-l\/#primaryimage"},"image":{"@id":"https:\/\/planetetennis.fr\/product\/zipper-de-10-sur-grips-tourna-grip-l\/#primaryimage"},"thumbnailUrl":"https:\/\/planetetennis.fr\/wp-content\/uploads\/2021\/01\/TG-10.png","datePublished":"2021-01-04T14:33:57+00:00","dateModified":"2025-03-31T20:12:10+00:00","description":"Votre raquette ne glisse pas entre les mains. La mati\u00e8re en peau de p\u00eache permet un excellent maintient sans glissement et absorbe un maximum la sueur.","breadcrumb":{"@id":"https:\/\/planetetennis.fr\/product\/zipper-de-10-sur-grips-tourna-grip-l\/#breadcrumb"},"inLanguage":"es-ES","potentialAction":[{"@type":"ReadAction","target":["https:\/\/planetetennis.fr\/product\/zipper-de-10-sur-grips-tourna-grip-l\/"]}]},{"@type":"ImageObject","inLanguage":"es-ES","@id":"https:\/\/planetetennis.fr\/product\/zipper-de-10-sur-grips-tourna-grip-l\/#primaryimage","url":"https:\/\/planetetennis.fr\/wp-content\/uploads\/2021\/01\/TG-10.png","contentUrl":"https:\/\/planetetennis.fr\/wp-content\/uploads\/2021\/01\/TG-10.png","width":1965,"height":3060},{"@type":"BreadcrumbList","@id":"https:\/\/planetetennis.fr\/product\/zipper-de-10-sur-grips-tourna-grip-l\/#breadcrumb","itemListElement":[{"@type":"ListItem","position":1,"name":"Accueil","item":"https:\/\/planetetennis.fr\/"},{"@type":"ListItem","position":2,"name":"Nos produits","item":"https:\/\/planetetennis.fr\/produits\/"},{"@type":"ListItem","position":3,"name":"Zipper de 10 sur grips tourna grip L"}]},{"@type":"WebSite","@id":"https:\/\/planetetennis.fr\/#website","url":"https:\/\/planetetennis.fr\/","name":"Planeta tenis","description":"Cordages de tennis monofilament fran\u00e7ais","publisher":{"@id":"https:\/\/planetetennis.fr\/#organization"},"potentialAction":[{"@type":"SearchAction","target":{"@type":"EntryPoint","urlTemplate":"https:\/\/planetetennis.fr\/?s={search_term_string}"},"query-input":{"@type":"PropertyValueSpecification","valueRequired":true,"valueName":"search_term_string"}}],"inLanguage":"es-ES"},{"@type":"Organization","@id":"https:\/\/planetetennis.fr\/#organization","name":"Planeta tenis","url":"https:\/\/planetetennis.fr\/","logo":{"@type":"ImageObject","inLanguage":"es-ES","@id":"https:\/\/planetetennis.fr\/#\/schema\/logo\/image\/","url":"https:\/\/planetetennis.fr\/wp-content\/uploads\/2021\/10\/logocolor03.png","contentUrl":"https:\/\/planetetennis.fr\/wp-content\/uploads\/2021\/10\/logocolor03.png","width":230,"height":58,"caption":"Planetetennis"},"image":{"@id":"https:\/\/planetetennis.fr\/#\/schema\/logo\/image\/"}}]}},"_links":{"self":[{"href":"https:\/\/planetetennis.fr\/es\/wp-json\/wp\/v2\/product\/9159","targetHints":{"allow":["GET"]}}],"collection":[{"href":"https:\/\/planetetennis.fr\/es\/wp-json\/wp\/v2\/product"}],"about":[{"href":"https:\/\/planetetennis.fr\/es\/wp-json\/wp\/v2\/types\/product"}],"replies":[{"embeddable":true,"href":"https:\/\/planetetennis.fr\/es\/wp-json\/wp\/v2\/comments?post=9159"}],"wp:featuredmedia":[{"embeddable":true,"href":"https:\/\/planetetennis.fr\/es\/wp-json\/wp\/v2\/media\/9143"}],"wp:attachment":[{"href":"https:\/\/planetetennis.fr\/es\/wp-json\/wp\/v2\/media?parent=9159"}],"wp:term":[{"taxonomy":"product_brand","embeddable":true,"href":"https:\/\/planetetennis.fr\/es\/wp-json\/wp\/v2\/product_brand?post=9159"},{"taxonomy":"product_cat","embeddable":true,"href":"https:\/\/planetetennis.fr\/es\/wp-json\/wp\/v2\/product_cat?post=9159"},{"taxonomy":"product_tag","embeddable":true,"href":"https:\/\/planetetennis.fr\/es\/wp-json\/wp\/v2\/product_tag?post=9159"}],"curies":[{"name":"wp","href":"https:\/\/api.w.org\/{rel}","templated":true}]}}