{"id":9461,"date":"2021-01-27T17:12:21","date_gmt":"2021-01-27T17:12:21","guid":{"rendered":"https:\/\/stillinblack.com\/?post_type=product&#038;p=9461"},"modified":"2024-01-04T07:51:17","modified_gmt":"2024-01-04T07:51:17","slug":"bobine-200-m-hyperion","status":"publish","type":"product","link":"https:\/\/planetetennis.fr\/es\/product\/bobine-200-m-hyperion\/","title":{"rendered":"Carrete Hyperion 200 m"},"content":{"rendered":"<p>Monofilamento de copoli\u00e9ster con perfil redondo<br \/>\nPoints fort du produit : Puissance \u2013 confort \u2013 contr\u00f4le<\/p>","protected":false},"excerpt":{"rendered":"<p>L\u2019Hyperion offre une grande puissance de frappe et un fort contr\u00f4le de balle. Gr\u00e2ce \u00e0 son \u00e9lasticit\u00e9, le cordage est confortable et offre un bon toucher de balle. Aucun mouvement de cordes et une bonne tenue en tension.<\/p>","protected":false},"featured_media":9460,"comment_status":"open","ping_status":"closed","template":"","meta":{"_monsterinsights_skip_tracking":false,"_monsterinsights_sitenote_active":false,"_monsterinsights_sitenote_note":"","_monsterinsights_sitenote_category":0},"product_brand":[],"product_cat":[336,330],"product_tag":[],"class_list":{"0":"post-9461","1":"product","2":"type-product","3":"status-publish","4":"has-post-thumbnail","6":"product_cat-200-m","7":"product_cat-signum-pro","8":"pa_jauge-1-18","9":"pa_jauge-1-24","10":"pa_jauge-1-30","11":"pa_longueur-333","12":"pa_longueur-144","13":"pa_longueur-145","15":"first","16":"instock","17":"sale","18":"taxable","19":"shipping-taxable","20":"purchasable","21":"product-type-variable"},"yoast_head":"<!-- This site is optimized with the Yoast SEO plugin v27.4 - https:\/\/yoast.com\/product\/yoast-seo-wordpress\/ -->\n<title>Bobine 200 m Hyp\u00e9rion - Planetetennis<\/title>\n<meta name=\"robots\" content=\"index, follow, max-snippet:-1, max-image-preview:large, max-video-preview:-1\" \/>\n<link rel=\"canonical\" href=\"https:\/\/planetetennis.fr\/es\/product\/bobine-200-m-hyperion\/\" \/>\n<meta property=\"og:locale\" content=\"es_ES\" \/>\n<meta property=\"og:type\" content=\"article\" \/>\n<meta property=\"og:title\" content=\"Bobine 200 m Hyp\u00e9rion - Planetetennis\" \/>\n<meta property=\"og:description\" content=\"L\u2019Hyperion offre une grande puissance de frappe et un fort contr\u00f4le de balle. Gr\u00e2ce \u00e0 son \u00e9lasticit\u00e9, le cordage est confortable et offre un bon toucher de balle. Aucun mouvement de cordes et une bonne tenue en tension.\" \/>\n<meta property=\"og:url\" content=\"https:\/\/planetetennis.fr\/es\/product\/bobine-200-m-hyperion\/\" \/>\n<meta property=\"og:site_name\" content=\"Planetetennis\" \/>\n<meta property=\"article:modified_time\" content=\"2024-01-04T07:51:17+00:00\" \/>\n<meta property=\"og:image\" content=\"https:\/\/planetetennis.fr\/wp-content\/uploads\/2021\/01\/hyperion_rolle_1_30.jpg\" \/>\n\t<meta property=\"og:image:width\" content=\"799\" \/>\n\t<meta property=\"og:image:height\" content=\"800\" \/>\n\t<meta property=\"og:image:type\" content=\"image\/jpeg\" \/>\n<meta name=\"twitter:card\" content=\"summary_large_image\" \/>\n<script type=\"application\/ld+json\" class=\"yoast-schema-graph\">{\"@context\":\"https:\\\/\\\/schema.org\",\"@graph\":[{\"@type\":\"WebPage\",\"@id\":\"https:\\\/\\\/planetetennis.fr\\\/product\\\/bobine-200-m-hyperion\\\/\",\"url\":\"https:\\\/\\\/planetetennis.fr\\\/product\\\/bobine-200-m-hyperion\\\/\",\"name\":\"Bobine 200 m Hyp\u00e9rion - Planetetennis\",\"isPartOf\":{\"@id\":\"https:\\\/\\\/planetetennis.fr\\\/#website\"},\"primaryImageOfPage\":{\"@id\":\"https:\\\/\\\/planetetennis.fr\\\/product\\\/bobine-200-m-hyperion\\\/#primaryimage\"},\"image\":{\"@id\":\"https:\\\/\\\/planetetennis.fr\\\/product\\\/bobine-200-m-hyperion\\\/#primaryimage\"},\"thumbnailUrl\":\"https:\\\/\\\/planetetennis.fr\\\/wp-content\\\/uploads\\\/2021\\\/01\\\/hyperion_rolle_1_30.jpg\",\"datePublished\":\"2021-01-27T17:12:21+00:00\",\"dateModified\":\"2024-01-04T07:51:17+00:00\",\"breadcrumb\":{\"@id\":\"https:\\\/\\\/planetetennis.fr\\\/product\\\/bobine-200-m-hyperion\\\/#breadcrumb\"},\"inLanguage\":\"es-ES\",\"potentialAction\":[{\"@type\":\"ReadAction\",\"target\":[\"https:\\\/\\\/planetetennis.fr\\\/product\\\/bobine-200-m-hyperion\\\/\"]}]},{\"@type\":\"ImageObject\",\"inLanguage\":\"es-ES\",\"@id\":\"https:\\\/\\\/planetetennis.fr\\\/product\\\/bobine-200-m-hyperion\\\/#primaryimage\",\"url\":\"https:\\\/\\\/planetetennis.fr\\\/wp-content\\\/uploads\\\/2021\\\/01\\\/hyperion_rolle_1_30.jpg\",\"contentUrl\":\"https:\\\/\\\/planetetennis.fr\\\/wp-content\\\/uploads\\\/2021\\\/01\\\/hyperion_rolle_1_30.jpg\",\"width\":799,\"height\":800},{\"@type\":\"BreadcrumbList\",\"@id\":\"https:\\\/\\\/planetetennis.fr\\\/product\\\/bobine-200-m-hyperion\\\/#breadcrumb\",\"itemListElement\":[{\"@type\":\"ListItem\",\"position\":1,\"name\":\"Accueil\",\"item\":\"https:\\\/\\\/planetetennis.fr\\\/\"},{\"@type\":\"ListItem\",\"position\":2,\"name\":\"Nos produits\",\"item\":\"https:\\\/\\\/planetetennis.fr\\\/produits\\\/\"},{\"@type\":\"ListItem\",\"position\":3,\"name\":\"Bobine 200 m Hyp\u00e9rion\"}]},{\"@type\":\"WebSite\",\"@id\":\"https:\\\/\\\/planetetennis.fr\\\/#website\",\"url\":\"https:\\\/\\\/planetetennis.fr\\\/\",\"name\":\"Planetetennis\",\"description\":\"Cordages de tennis monofilament fran\u00e7ais\",\"publisher\":{\"@id\":\"https:\\\/\\\/planetetennis.fr\\\/#organization\"},\"potentialAction\":[{\"@type\":\"SearchAction\",\"target\":{\"@type\":\"EntryPoint\",\"urlTemplate\":\"https:\\\/\\\/planetetennis.fr\\\/?s={search_term_string}\"},\"query-input\":{\"@type\":\"PropertyValueSpecification\",\"valueRequired\":true,\"valueName\":\"search_term_string\"}}],\"inLanguage\":\"es-ES\"},{\"@type\":\"Organization\",\"@id\":\"https:\\\/\\\/planetetennis.fr\\\/#organization\",\"name\":\"Planetetennis\",\"url\":\"https:\\\/\\\/planetetennis.fr\\\/\",\"logo\":{\"@type\":\"ImageObject\",\"inLanguage\":\"es-ES\",\"@id\":\"https:\\\/\\\/planetetennis.fr\\\/#\\\/schema\\\/logo\\\/image\\\/\",\"url\":\"https:\\\/\\\/planetetennis.fr\\\/wp-content\\\/uploads\\\/2021\\\/10\\\/logocolor03.png\",\"contentUrl\":\"https:\\\/\\\/planetetennis.fr\\\/wp-content\\\/uploads\\\/2021\\\/10\\\/logocolor03.png\",\"width\":230,\"height\":58,\"caption\":\"Planetetennis\"},\"image\":{\"@id\":\"https:\\\/\\\/planetetennis.fr\\\/#\\\/schema\\\/logo\\\/image\\\/\"}}]}<\/script>\n<!-- \/ Yoast SEO plugin. -->","yoast_head_json":{"title":"Bobine 200 m Hyp\u00e9rion - Planetetennis","robots":{"index":"index","follow":"follow","max-snippet":"max-snippet:-1","max-image-preview":"max-image-preview:large","max-video-preview":"max-video-preview:-1"},"canonical":"https:\/\/planetetennis.fr\/es\/product\/bobine-200-m-hyperion\/","og_locale":"es_ES","og_type":"article","og_title":"Bobine 200 m Hyp\u00e9rion - Planetetennis","og_description":"L\u2019Hyperion offre une grande puissance de frappe et un fort contr\u00f4le de balle. Gr\u00e2ce \u00e0 son \u00e9lasticit\u00e9, le cordage est confortable et offre un bon toucher de balle. Aucun mouvement de cordes et une bonne tenue en tension.","og_url":"https:\/\/planetetennis.fr\/es\/product\/bobine-200-m-hyperion\/","og_site_name":"Planetetennis","article_modified_time":"2024-01-04T07:51:17+00:00","og_image":[{"width":799,"height":800,"url":"https:\/\/planetetennis.fr\/wp-content\/uploads\/2021\/01\/hyperion_rolle_1_30.jpg","type":"image\/jpeg"}],"twitter_card":"summary_large_image","schema":{"@context":"https:\/\/schema.org","@graph":[{"@type":"WebPage","@id":"https:\/\/planetetennis.fr\/product\/bobine-200-m-hyperion\/","url":"https:\/\/planetetennis.fr\/product\/bobine-200-m-hyperion\/","name":"Bobine 200 m Hyp\u00e9rion - Planetetennis","isPartOf":{"@id":"https:\/\/planetetennis.fr\/#website"},"primaryImageOfPage":{"@id":"https:\/\/planetetennis.fr\/product\/bobine-200-m-hyperion\/#primaryimage"},"image":{"@id":"https:\/\/planetetennis.fr\/product\/bobine-200-m-hyperion\/#primaryimage"},"thumbnailUrl":"https:\/\/planetetennis.fr\/wp-content\/uploads\/2021\/01\/hyperion_rolle_1_30.jpg","datePublished":"2021-01-27T17:12:21+00:00","dateModified":"2024-01-04T07:51:17+00:00","breadcrumb":{"@id":"https:\/\/planetetennis.fr\/product\/bobine-200-m-hyperion\/#breadcrumb"},"inLanguage":"es-ES","potentialAction":[{"@type":"ReadAction","target":["https:\/\/planetetennis.fr\/product\/bobine-200-m-hyperion\/"]}]},{"@type":"ImageObject","inLanguage":"es-ES","@id":"https:\/\/planetetennis.fr\/product\/bobine-200-m-hyperion\/#primaryimage","url":"https:\/\/planetetennis.fr\/wp-content\/uploads\/2021\/01\/hyperion_rolle_1_30.jpg","contentUrl":"https:\/\/planetetennis.fr\/wp-content\/uploads\/2021\/01\/hyperion_rolle_1_30.jpg","width":799,"height":800},{"@type":"BreadcrumbList","@id":"https:\/\/planetetennis.fr\/product\/bobine-200-m-hyperion\/#breadcrumb","itemListElement":[{"@type":"ListItem","position":1,"name":"Accueil","item":"https:\/\/planetetennis.fr\/"},{"@type":"ListItem","position":2,"name":"Nos produits","item":"https:\/\/planetetennis.fr\/produits\/"},{"@type":"ListItem","position":3,"name":"Bobine 200 m Hyp\u00e9rion"}]},{"@type":"WebSite","@id":"https:\/\/planetetennis.fr\/#website","url":"https:\/\/planetetennis.fr\/","name":"Planeta tenis","description":"Cordages de tennis monofilament fran\u00e7ais","publisher":{"@id":"https:\/\/planetetennis.fr\/#organization"},"potentialAction":[{"@type":"SearchAction","target":{"@type":"EntryPoint","urlTemplate":"https:\/\/planetetennis.fr\/?s={search_term_string}"},"query-input":{"@type":"PropertyValueSpecification","valueRequired":true,"valueName":"search_term_string"}}],"inLanguage":"es-ES"},{"@type":"Organization","@id":"https:\/\/planetetennis.fr\/#organization","name":"Planeta tenis","url":"https:\/\/planetetennis.fr\/","logo":{"@type":"ImageObject","inLanguage":"es-ES","@id":"https:\/\/planetetennis.fr\/#\/schema\/logo\/image\/","url":"https:\/\/planetetennis.fr\/wp-content\/uploads\/2021\/10\/logocolor03.png","contentUrl":"https:\/\/planetetennis.fr\/wp-content\/uploads\/2021\/10\/logocolor03.png","width":230,"height":58,"caption":"Planetetennis"},"image":{"@id":"https:\/\/planetetennis.fr\/#\/schema\/logo\/image\/"}}]}},"_links":{"self":[{"href":"https:\/\/planetetennis.fr\/es\/wp-json\/wp\/v2\/product\/9461","targetHints":{"allow":["GET"]}}],"collection":[{"href":"https:\/\/planetetennis.fr\/es\/wp-json\/wp\/v2\/product"}],"about":[{"href":"https:\/\/planetetennis.fr\/es\/wp-json\/wp\/v2\/types\/product"}],"replies":[{"embeddable":true,"href":"https:\/\/planetetennis.fr\/es\/wp-json\/wp\/v2\/comments?post=9461"}],"wp:featuredmedia":[{"embeddable":true,"href":"https:\/\/planetetennis.fr\/es\/wp-json\/wp\/v2\/media\/9460"}],"wp:attachment":[{"href":"https:\/\/planetetennis.fr\/es\/wp-json\/wp\/v2\/media?parent=9461"}],"wp:term":[{"taxonomy":"product_brand","embeddable":true,"href":"https:\/\/planetetennis.fr\/es\/wp-json\/wp\/v2\/product_brand?post=9461"},{"taxonomy":"product_cat","embeddable":true,"href":"https:\/\/planetetennis.fr\/es\/wp-json\/wp\/v2\/product_cat?post=9461"},{"taxonomy":"product_tag","embeddable":true,"href":"https:\/\/planetetennis.fr\/es\/wp-json\/wp\/v2\/product_tag?post=9461"}],"curies":[{"name":"wp","href":"https:\/\/api.w.org\/{rel}","templated":true}]}}