{"id":9477,"date":"2021-01-27T20:31:01","date_gmt":"2021-01-27T20:31:01","guid":{"rendered":"https:\/\/stillinblack.com\/?post_type=product&#038;p=9477"},"modified":"2025-10-10T09:43:09","modified_gmt":"2025-10-10T09:43:09","slug":"bobine-120-m-tornado","status":"publish","type":"product","link":"https:\/\/planetetennis.fr\/es\/product\/bobine-120-m-tornado\/","title":{"rendered":"Carrete 120 m Tornado"},"content":{"rendered":"<p>Monofilament Co-Polyester avec un profil Heptagonal et twist\u00e9<br \/>\nPoints fort du produit : Prise d\u2019effet &#8211; puissance \u2013 contr\u00f4le<\/p>","protected":false},"excerpt":{"rendered":"<p>Son profil Heptagonal \u00e0 7 c\u00f4t\u00e9s et twist\u00e9 offre aux joueurs un fort potentiel dans le domaine de la transmission des effets slic\u00e9s et lift\u00e9s. Cette technologie dite<br \/>\n\u00ab twist \u00bb permet d\u2019assouplir le cordage et le rend plus facile \u00e0 jouer. La puissance est aussi tr\u00e8s importante et est associ\u00e9e \u00e0 un bon contr\u00f4le de balle. La dur\u00e9e de vie est importante.<\/p>","protected":false},"featured_media":9476,"comment_status":"open","ping_status":"closed","template":"","meta":{"_monsterinsights_skip_tracking":false,"_monsterinsights_sitenote_active":false,"_monsterinsights_sitenote_note":"","_monsterinsights_sitenote_category":0},"product_brand":[],"product_cat":[335,330],"product_tag":[],"class_list":{"0":"post-9477","1":"product","2":"type-product","3":"status-publish","4":"has-post-thumbnail","6":"product_cat-100-m","7":"product_cat-signum-pro","8":"pa_jauge-1-17","9":"pa_jauge-1-23","10":"pa_jauge-1-30","12":"first","13":"instock","14":"sale","15":"taxable","16":"shipping-taxable","17":"purchasable","18":"product-type-variable"},"yoast_head":"<!-- This site is optimized with the Yoast SEO plugin v27.4 - https:\/\/yoast.com\/product\/yoast-seo-wordpress\/ -->\n<title>Bobine 120 m Tornado - Planetetennis<\/title>\n<meta name=\"robots\" content=\"index, follow, max-snippet:-1, max-image-preview:large, max-video-preview:-1\" \/>\n<link rel=\"canonical\" href=\"https:\/\/planetetennis.fr\/es\/product\/bobine-120-m-tornado\/\" \/>\n<meta property=\"og:locale\" content=\"es_ES\" \/>\n<meta property=\"og:type\" content=\"article\" \/>\n<meta property=\"og:title\" content=\"Bobine 120 m Tornado - Planetetennis\" \/>\n<meta property=\"og:description\" content=\"Son profil Heptagonal \u00e0 7 c\u00f4t\u00e9s et twist\u00e9 offre aux joueurs un fort potentiel dans le domaine de la transmission des effets slic\u00e9s et lift\u00e9s. Cette technologie dite \u00ab twist \u00bb permet d\u2019assouplir le cordage et le rend plus facile \u00e0 jouer. La puissance est aussi tr\u00e8s importante et est associ\u00e9e \u00e0 un bon contr\u00f4le de balle. La dur\u00e9e de vie est importante.\" \/>\n<meta property=\"og:url\" content=\"https:\/\/planetetennis.fr\/es\/product\/bobine-120-m-tornado\/\" \/>\n<meta property=\"og:site_name\" content=\"Planetetennis\" \/>\n<meta property=\"article:modified_time\" content=\"2025-10-10T09:43:09+00:00\" \/>\n<meta property=\"og:image\" content=\"https:\/\/planetetennis.fr\/wp-content\/uploads\/2021\/01\/tornado_rolle_1_17_1.jpg\" \/>\n\t<meta property=\"og:image:width\" content=\"400\" \/>\n\t<meta property=\"og:image:height\" content=\"400\" \/>\n\t<meta property=\"og:image:type\" content=\"image\/jpeg\" \/>\n<meta name=\"twitter:card\" content=\"summary_large_image\" \/>\n<script type=\"application\/ld+json\" class=\"yoast-schema-graph\">{\"@context\":\"https:\\\/\\\/schema.org\",\"@graph\":[{\"@type\":\"WebPage\",\"@id\":\"https:\\\/\\\/planetetennis.fr\\\/product\\\/bobine-120-m-tornado\\\/\",\"url\":\"https:\\\/\\\/planetetennis.fr\\\/product\\\/bobine-120-m-tornado\\\/\",\"name\":\"Bobine 120 m Tornado - Planetetennis\",\"isPartOf\":{\"@id\":\"https:\\\/\\\/planetetennis.fr\\\/#website\"},\"primaryImageOfPage\":{\"@id\":\"https:\\\/\\\/planetetennis.fr\\\/product\\\/bobine-120-m-tornado\\\/#primaryimage\"},\"image\":{\"@id\":\"https:\\\/\\\/planetetennis.fr\\\/product\\\/bobine-120-m-tornado\\\/#primaryimage\"},\"thumbnailUrl\":\"https:\\\/\\\/planetetennis.fr\\\/wp-content\\\/uploads\\\/2021\\\/01\\\/tornado_rolle_1_17_1.jpg\",\"datePublished\":\"2021-01-27T20:31:01+00:00\",\"dateModified\":\"2025-10-10T09:43:09+00:00\",\"breadcrumb\":{\"@id\":\"https:\\\/\\\/planetetennis.fr\\\/product\\\/bobine-120-m-tornado\\\/#breadcrumb\"},\"inLanguage\":\"es-ES\",\"potentialAction\":[{\"@type\":\"ReadAction\",\"target\":[\"https:\\\/\\\/planetetennis.fr\\\/product\\\/bobine-120-m-tornado\\\/\"]}]},{\"@type\":\"ImageObject\",\"inLanguage\":\"es-ES\",\"@id\":\"https:\\\/\\\/planetetennis.fr\\\/product\\\/bobine-120-m-tornado\\\/#primaryimage\",\"url\":\"https:\\\/\\\/planetetennis.fr\\\/wp-content\\\/uploads\\\/2021\\\/01\\\/tornado_rolle_1_17_1.jpg\",\"contentUrl\":\"https:\\\/\\\/planetetennis.fr\\\/wp-content\\\/uploads\\\/2021\\\/01\\\/tornado_rolle_1_17_1.jpg\",\"width\":400,\"height\":400},{\"@type\":\"BreadcrumbList\",\"@id\":\"https:\\\/\\\/planetetennis.fr\\\/product\\\/bobine-120-m-tornado\\\/#breadcrumb\",\"itemListElement\":[{\"@type\":\"ListItem\",\"position\":1,\"name\":\"Accueil\",\"item\":\"https:\\\/\\\/planetetennis.fr\\\/\"},{\"@type\":\"ListItem\",\"position\":2,\"name\":\"Nos produits\",\"item\":\"https:\\\/\\\/planetetennis.fr\\\/produits\\\/\"},{\"@type\":\"ListItem\",\"position\":3,\"name\":\"Bobine 120 m Tornado\"}]},{\"@type\":\"WebSite\",\"@id\":\"https:\\\/\\\/planetetennis.fr\\\/#website\",\"url\":\"https:\\\/\\\/planetetennis.fr\\\/\",\"name\":\"Planetetennis\",\"description\":\"Cordages de tennis monofilament fran\u00e7ais\",\"publisher\":{\"@id\":\"https:\\\/\\\/planetetennis.fr\\\/#organization\"},\"potentialAction\":[{\"@type\":\"SearchAction\",\"target\":{\"@type\":\"EntryPoint\",\"urlTemplate\":\"https:\\\/\\\/planetetennis.fr\\\/?s={search_term_string}\"},\"query-input\":{\"@type\":\"PropertyValueSpecification\",\"valueRequired\":true,\"valueName\":\"search_term_string\"}}],\"inLanguage\":\"es-ES\"},{\"@type\":\"Organization\",\"@id\":\"https:\\\/\\\/planetetennis.fr\\\/#organization\",\"name\":\"Planetetennis\",\"url\":\"https:\\\/\\\/planetetennis.fr\\\/\",\"logo\":{\"@type\":\"ImageObject\",\"inLanguage\":\"es-ES\",\"@id\":\"https:\\\/\\\/planetetennis.fr\\\/#\\\/schema\\\/logo\\\/image\\\/\",\"url\":\"https:\\\/\\\/planetetennis.fr\\\/wp-content\\\/uploads\\\/2021\\\/10\\\/logocolor03.png\",\"contentUrl\":\"https:\\\/\\\/planetetennis.fr\\\/wp-content\\\/uploads\\\/2021\\\/10\\\/logocolor03.png\",\"width\":230,\"height\":58,\"caption\":\"Planetetennis\"},\"image\":{\"@id\":\"https:\\\/\\\/planetetennis.fr\\\/#\\\/schema\\\/logo\\\/image\\\/\"}}]}<\/script>\n<!-- \/ Yoast SEO plugin. -->","yoast_head_json":{"title":"Bobine 120 m Tornado - Planetetennis","robots":{"index":"index","follow":"follow","max-snippet":"max-snippet:-1","max-image-preview":"max-image-preview:large","max-video-preview":"max-video-preview:-1"},"canonical":"https:\/\/planetetennis.fr\/es\/product\/bobine-120-m-tornado\/","og_locale":"es_ES","og_type":"article","og_title":"Bobine 120 m Tornado - Planetetennis","og_description":"Son profil Heptagonal \u00e0 7 c\u00f4t\u00e9s et twist\u00e9 offre aux joueurs un fort potentiel dans le domaine de la transmission des effets slic\u00e9s et lift\u00e9s. Cette technologie dite \u00ab twist \u00bb permet d\u2019assouplir le cordage et le rend plus facile \u00e0 jouer. La puissance est aussi tr\u00e8s importante et est associ\u00e9e \u00e0 un bon contr\u00f4le de balle. La dur\u00e9e de vie est importante.","og_url":"https:\/\/planetetennis.fr\/es\/product\/bobine-120-m-tornado\/","og_site_name":"Planetetennis","article_modified_time":"2025-10-10T09:43:09+00:00","og_image":[{"width":400,"height":400,"url":"https:\/\/planetetennis.fr\/wp-content\/uploads\/2021\/01\/tornado_rolle_1_17_1.jpg","type":"image\/jpeg"}],"twitter_card":"summary_large_image","schema":{"@context":"https:\/\/schema.org","@graph":[{"@type":"WebPage","@id":"https:\/\/planetetennis.fr\/product\/bobine-120-m-tornado\/","url":"https:\/\/planetetennis.fr\/product\/bobine-120-m-tornado\/","name":"Bobine 120 m Tornado - Planetetennis","isPartOf":{"@id":"https:\/\/planetetennis.fr\/#website"},"primaryImageOfPage":{"@id":"https:\/\/planetetennis.fr\/product\/bobine-120-m-tornado\/#primaryimage"},"image":{"@id":"https:\/\/planetetennis.fr\/product\/bobine-120-m-tornado\/#primaryimage"},"thumbnailUrl":"https:\/\/planetetennis.fr\/wp-content\/uploads\/2021\/01\/tornado_rolle_1_17_1.jpg","datePublished":"2021-01-27T20:31:01+00:00","dateModified":"2025-10-10T09:43:09+00:00","breadcrumb":{"@id":"https:\/\/planetetennis.fr\/product\/bobine-120-m-tornado\/#breadcrumb"},"inLanguage":"es-ES","potentialAction":[{"@type":"ReadAction","target":["https:\/\/planetetennis.fr\/product\/bobine-120-m-tornado\/"]}]},{"@type":"ImageObject","inLanguage":"es-ES","@id":"https:\/\/planetetennis.fr\/product\/bobine-120-m-tornado\/#primaryimage","url":"https:\/\/planetetennis.fr\/wp-content\/uploads\/2021\/01\/tornado_rolle_1_17_1.jpg","contentUrl":"https:\/\/planetetennis.fr\/wp-content\/uploads\/2021\/01\/tornado_rolle_1_17_1.jpg","width":400,"height":400},{"@type":"BreadcrumbList","@id":"https:\/\/planetetennis.fr\/product\/bobine-120-m-tornado\/#breadcrumb","itemListElement":[{"@type":"ListItem","position":1,"name":"Accueil","item":"https:\/\/planetetennis.fr\/"},{"@type":"ListItem","position":2,"name":"Nos produits","item":"https:\/\/planetetennis.fr\/produits\/"},{"@type":"ListItem","position":3,"name":"Bobine 120 m Tornado"}]},{"@type":"WebSite","@id":"https:\/\/planetetennis.fr\/#website","url":"https:\/\/planetetennis.fr\/","name":"Planeta tenis","description":"Cordages de tennis monofilament fran\u00e7ais","publisher":{"@id":"https:\/\/planetetennis.fr\/#organization"},"potentialAction":[{"@type":"SearchAction","target":{"@type":"EntryPoint","urlTemplate":"https:\/\/planetetennis.fr\/?s={search_term_string}"},"query-input":{"@type":"PropertyValueSpecification","valueRequired":true,"valueName":"search_term_string"}}],"inLanguage":"es-ES"},{"@type":"Organization","@id":"https:\/\/planetetennis.fr\/#organization","name":"Planeta tenis","url":"https:\/\/planetetennis.fr\/","logo":{"@type":"ImageObject","inLanguage":"es-ES","@id":"https:\/\/planetetennis.fr\/#\/schema\/logo\/image\/","url":"https:\/\/planetetennis.fr\/wp-content\/uploads\/2021\/10\/logocolor03.png","contentUrl":"https:\/\/planetetennis.fr\/wp-content\/uploads\/2021\/10\/logocolor03.png","width":230,"height":58,"caption":"Planetetennis"},"image":{"@id":"https:\/\/planetetennis.fr\/#\/schema\/logo\/image\/"}}]}},"_links":{"self":[{"href":"https:\/\/planetetennis.fr\/es\/wp-json\/wp\/v2\/product\/9477","targetHints":{"allow":["GET"]}}],"collection":[{"href":"https:\/\/planetetennis.fr\/es\/wp-json\/wp\/v2\/product"}],"about":[{"href":"https:\/\/planetetennis.fr\/es\/wp-json\/wp\/v2\/types\/product"}],"replies":[{"embeddable":true,"href":"https:\/\/planetetennis.fr\/es\/wp-json\/wp\/v2\/comments?post=9477"}],"wp:featuredmedia":[{"embeddable":true,"href":"https:\/\/planetetennis.fr\/es\/wp-json\/wp\/v2\/media\/9476"}],"wp:attachment":[{"href":"https:\/\/planetetennis.fr\/es\/wp-json\/wp\/v2\/media?parent=9477"}],"wp:term":[{"taxonomy":"product_brand","embeddable":true,"href":"https:\/\/planetetennis.fr\/es\/wp-json\/wp\/v2\/product_brand?post=9477"},{"taxonomy":"product_cat","embeddable":true,"href":"https:\/\/planetetennis.fr\/es\/wp-json\/wp\/v2\/product_cat?post=9477"},{"taxonomy":"product_tag","embeddable":true,"href":"https:\/\/planetetennis.fr\/es\/wp-json\/wp\/v2\/product_tag?post=9477"}],"curies":[{"name":"wp","href":"https:\/\/api.w.org\/{rel}","templated":true}]}}