{"id":9567,"date":"2021-02-17T08:45:18","date_gmt":"2021-02-17T08:45:18","guid":{"rendered":"https:\/\/stillinblack.com\/?post_type=product&#038;p=9567"},"modified":"2024-12-12T16:28:18","modified_gmt":"2024-12-12T16:28:18","slug":"raquette-v-feel-v1-mp","status":"publish","type":"product","link":"https:\/\/planetetennis.fr\/es\/product\/raquette-v-feel-v1-mp\/","title":{"rendered":"RAQUETTE V-CEEL V1 MP"},"content":{"rendered":"<p>La V-Ceel V1 MP est \u00e9galement \u00e9quip\u00e9e de REVA, d&#8217;un embout VTEX, de super \u0153illets et d&#8217;un manche \u00e0 capteur en V pour des sensations exceptionnelles. Elle p\u00e8se 285 g, \u00e0 une t\u00eate de de raquette de 660 cm2, une section de 25-22-28 mm avec une longueur de 68,5 cm et une balance lumineuse de 32,5 cm. Son plan de cordage est un 16&#215;19.<\/p>\n<p>La V-Ceel V1 MP est une raquette tr\u00e8s maniable, connue dans le monde du tennis comme l&#8217;une des raquettes les plus conviviales pour le bras jamais fabriqu\u00e9es. Elle offre un contr\u00f4le pr\u00e9cis, une puissance facile et un confort sans compromis. La V-Ceel V1 MP peut tout faire de n&#8217;importe quel endroit du court !<\/p>","protected":false},"excerpt":{"rendered":"<p>La V-Ceel V1 MP est une raquette vraiment unique et adaptable, id\u00e9ale pour de nombreux niveaux et styles de jeu de tennis. La V-Ceel V1 MP est destin\u00e9e aux joueurs interm\u00e9diaires mais s&#8217;av\u00e8re suffisamment l\u00e9g\u00e8re pour convenir aux d\u00e9butants. <\/p>","protected":false},"featured_media":16983,"comment_status":"open","ping_status":"closed","template":"","meta":{"_monsterinsights_skip_tracking":false,"_monsterinsights_sitenote_active":false,"_monsterinsights_sitenote_note":"","_monsterinsights_sitenote_category":0},"product_brand":[],"product_cat":[410,300],"product_tag":[],"class_list":{"0":"post-9567","1":"product","2":"type-product","3":"status-publish","4":"has-post-thumbnail","6":"product_cat-raquettes-tennis","7":"product_cat-volkl","8":"pa_taille-manche-295","9":"pa_taille-manche-296","10":"pa_taille-manche-297","11":"pa_taille-manche-298","12":"pa_taille-manche-299","14":"first","15":"instock","16":"sale","17":"taxable","18":"shipping-taxable","19":"purchasable","20":"product-type-variable"},"yoast_head":"<!-- This site is optimized with the Yoast SEO plugin v27.4 - https:\/\/yoast.com\/product\/yoast-seo-wordpress\/ -->\n<title>RAQUETTE V-CEEL V1 MP - Planetetennis<\/title>\n<meta name=\"robots\" content=\"index, follow, max-snippet:-1, max-image-preview:large, max-video-preview:-1\" \/>\n<link rel=\"canonical\" href=\"https:\/\/planetetennis.fr\/es\/product\/raquette-v-feel-v1-mp\/\" \/>\n<meta property=\"og:locale\" content=\"es_ES\" \/>\n<meta property=\"og:type\" content=\"article\" \/>\n<meta property=\"og:title\" content=\"RAQUETTE V-CEEL V1 MP - Planetetennis\" \/>\n<meta property=\"og:description\" content=\"La V-Ceel V1 MP est une raquette vraiment unique et adaptable, id\u00e9ale pour de nombreux niveaux et styles de jeu de tennis. La V-Ceel V1 MP est destin\u00e9e aux joueurs interm\u00e9diaires mais s&#039;av\u00e8re suffisamment l\u00e9g\u00e8re pour convenir aux d\u00e9butants.\" \/>\n<meta property=\"og:url\" content=\"https:\/\/planetetennis.fr\/es\/product\/raquette-v-feel-v1-mp\/\" \/>\n<meta property=\"og:site_name\" content=\"Planetetennis\" \/>\n<meta property=\"article:modified_time\" content=\"2024-12-12T16:28:18+00:00\" \/>\n<meta property=\"og:image\" content=\"https:\/\/planetetennis.fr\/wp-content\/uploads\/2021\/02\/V-Cell-V1MP_WEB.png\" \/>\n\t<meta property=\"og:image:width\" content=\"1108\" \/>\n\t<meta property=\"og:image:height\" content=\"1308\" \/>\n\t<meta property=\"og:image:type\" content=\"image\/png\" \/>\n<meta name=\"twitter:card\" content=\"summary_large_image\" \/>\n<meta name=\"twitter:label1\" content=\"Est. reading time\" \/>\n\t<meta name=\"twitter:data1\" content=\"1 minute\" \/>\n<script type=\"application\/ld+json\" class=\"yoast-schema-graph\">{\"@context\":\"https:\\\/\\\/schema.org\",\"@graph\":[{\"@type\":\"WebPage\",\"@id\":\"https:\\\/\\\/planetetennis.fr\\\/product\\\/raquette-v-feel-v1-mp\\\/\",\"url\":\"https:\\\/\\\/planetetennis.fr\\\/product\\\/raquette-v-feel-v1-mp\\\/\",\"name\":\"RAQUETTE V-CEEL V1 MP - Planetetennis\",\"isPartOf\":{\"@id\":\"https:\\\/\\\/planetetennis.fr\\\/#website\"},\"primaryImageOfPage\":{\"@id\":\"https:\\\/\\\/planetetennis.fr\\\/product\\\/raquette-v-feel-v1-mp\\\/#primaryimage\"},\"image\":{\"@id\":\"https:\\\/\\\/planetetennis.fr\\\/product\\\/raquette-v-feel-v1-mp\\\/#primaryimage\"},\"thumbnailUrl\":\"https:\\\/\\\/planetetennis.fr\\\/wp-content\\\/uploads\\\/2021\\\/02\\\/V-Cell-V1MP_WEB.png\",\"datePublished\":\"2021-02-17T08:45:18+00:00\",\"dateModified\":\"2024-12-12T16:28:18+00:00\",\"breadcrumb\":{\"@id\":\"https:\\\/\\\/planetetennis.fr\\\/product\\\/raquette-v-feel-v1-mp\\\/#breadcrumb\"},\"inLanguage\":\"es-ES\",\"potentialAction\":[{\"@type\":\"ReadAction\",\"target\":[\"https:\\\/\\\/planetetennis.fr\\\/product\\\/raquette-v-feel-v1-mp\\\/\"]}]},{\"@type\":\"ImageObject\",\"inLanguage\":\"es-ES\",\"@id\":\"https:\\\/\\\/planetetennis.fr\\\/product\\\/raquette-v-feel-v1-mp\\\/#primaryimage\",\"url\":\"https:\\\/\\\/planetetennis.fr\\\/wp-content\\\/uploads\\\/2021\\\/02\\\/V-Cell-V1MP_WEB.png\",\"contentUrl\":\"https:\\\/\\\/planetetennis.fr\\\/wp-content\\\/uploads\\\/2021\\\/02\\\/V-Cell-V1MP_WEB.png\",\"width\":1108,\"height\":1308},{\"@type\":\"BreadcrumbList\",\"@id\":\"https:\\\/\\\/planetetennis.fr\\\/product\\\/raquette-v-feel-v1-mp\\\/#breadcrumb\",\"itemListElement\":[{\"@type\":\"ListItem\",\"position\":1,\"name\":\"Accueil\",\"item\":\"https:\\\/\\\/planetetennis.fr\\\/\"},{\"@type\":\"ListItem\",\"position\":2,\"name\":\"Nos produits\",\"item\":\"https:\\\/\\\/planetetennis.fr\\\/produits\\\/\"},{\"@type\":\"ListItem\",\"position\":3,\"name\":\"RAQUETTE V-CEEL V1 MP\"}]},{\"@type\":\"WebSite\",\"@id\":\"https:\\\/\\\/planetetennis.fr\\\/#website\",\"url\":\"https:\\\/\\\/planetetennis.fr\\\/\",\"name\":\"Planetetennis\",\"description\":\"Cordages de tennis monofilament fran\u00e7ais\",\"publisher\":{\"@id\":\"https:\\\/\\\/planetetennis.fr\\\/#organization\"},\"potentialAction\":[{\"@type\":\"SearchAction\",\"target\":{\"@type\":\"EntryPoint\",\"urlTemplate\":\"https:\\\/\\\/planetetennis.fr\\\/?s={search_term_string}\"},\"query-input\":{\"@type\":\"PropertyValueSpecification\",\"valueRequired\":true,\"valueName\":\"search_term_string\"}}],\"inLanguage\":\"es-ES\"},{\"@type\":\"Organization\",\"@id\":\"https:\\\/\\\/planetetennis.fr\\\/#organization\",\"name\":\"Planetetennis\",\"url\":\"https:\\\/\\\/planetetennis.fr\\\/\",\"logo\":{\"@type\":\"ImageObject\",\"inLanguage\":\"es-ES\",\"@id\":\"https:\\\/\\\/planetetennis.fr\\\/#\\\/schema\\\/logo\\\/image\\\/\",\"url\":\"https:\\\/\\\/planetetennis.fr\\\/wp-content\\\/uploads\\\/2021\\\/10\\\/logocolor03.png\",\"contentUrl\":\"https:\\\/\\\/planetetennis.fr\\\/wp-content\\\/uploads\\\/2021\\\/10\\\/logocolor03.png\",\"width\":230,\"height\":58,\"caption\":\"Planetetennis\"},\"image\":{\"@id\":\"https:\\\/\\\/planetetennis.fr\\\/#\\\/schema\\\/logo\\\/image\\\/\"}}]}<\/script>\n<!-- \/ Yoast SEO plugin. -->","yoast_head_json":{"title":"RAQUETTE V-CEEL V1 MP - Planetetennis","robots":{"index":"index","follow":"follow","max-snippet":"max-snippet:-1","max-image-preview":"max-image-preview:large","max-video-preview":"max-video-preview:-1"},"canonical":"https:\/\/planetetennis.fr\/es\/product\/raquette-v-feel-v1-mp\/","og_locale":"es_ES","og_type":"article","og_title":"RAQUETTE V-CEEL V1 MP - Planetetennis","og_description":"La V-Ceel V1 MP est une raquette vraiment unique et adaptable, id\u00e9ale pour de nombreux niveaux et styles de jeu de tennis. La V-Ceel V1 MP est destin\u00e9e aux joueurs interm\u00e9diaires mais s'av\u00e8re suffisamment l\u00e9g\u00e8re pour convenir aux d\u00e9butants.","og_url":"https:\/\/planetetennis.fr\/es\/product\/raquette-v-feel-v1-mp\/","og_site_name":"Planetetennis","article_modified_time":"2024-12-12T16:28:18+00:00","og_image":[{"width":1108,"height":1308,"url":"https:\/\/planetetennis.fr\/wp-content\/uploads\/2021\/02\/V-Cell-V1MP_WEB.png","type":"image\/png"}],"twitter_card":"summary_large_image","twitter_misc":{"Est. reading time":"1 minute"},"schema":{"@context":"https:\/\/schema.org","@graph":[{"@type":"WebPage","@id":"https:\/\/planetetennis.fr\/product\/raquette-v-feel-v1-mp\/","url":"https:\/\/planetetennis.fr\/product\/raquette-v-feel-v1-mp\/","name":"RAQUETTE V-CEEL V1 MP - Planetetennis","isPartOf":{"@id":"https:\/\/planetetennis.fr\/#website"},"primaryImageOfPage":{"@id":"https:\/\/planetetennis.fr\/product\/raquette-v-feel-v1-mp\/#primaryimage"},"image":{"@id":"https:\/\/planetetennis.fr\/product\/raquette-v-feel-v1-mp\/#primaryimage"},"thumbnailUrl":"https:\/\/planetetennis.fr\/wp-content\/uploads\/2021\/02\/V-Cell-V1MP_WEB.png","datePublished":"2021-02-17T08:45:18+00:00","dateModified":"2024-12-12T16:28:18+00:00","breadcrumb":{"@id":"https:\/\/planetetennis.fr\/product\/raquette-v-feel-v1-mp\/#breadcrumb"},"inLanguage":"es-ES","potentialAction":[{"@type":"ReadAction","target":["https:\/\/planetetennis.fr\/product\/raquette-v-feel-v1-mp\/"]}]},{"@type":"ImageObject","inLanguage":"es-ES","@id":"https:\/\/planetetennis.fr\/product\/raquette-v-feel-v1-mp\/#primaryimage","url":"https:\/\/planetetennis.fr\/wp-content\/uploads\/2021\/02\/V-Cell-V1MP_WEB.png","contentUrl":"https:\/\/planetetennis.fr\/wp-content\/uploads\/2021\/02\/V-Cell-V1MP_WEB.png","width":1108,"height":1308},{"@type":"BreadcrumbList","@id":"https:\/\/planetetennis.fr\/product\/raquette-v-feel-v1-mp\/#breadcrumb","itemListElement":[{"@type":"ListItem","position":1,"name":"Accueil","item":"https:\/\/planetetennis.fr\/"},{"@type":"ListItem","position":2,"name":"Nos produits","item":"https:\/\/planetetennis.fr\/produits\/"},{"@type":"ListItem","position":3,"name":"RAQUETTE V-CEEL V1 MP"}]},{"@type":"WebSite","@id":"https:\/\/planetetennis.fr\/#website","url":"https:\/\/planetetennis.fr\/","name":"Planeta tenis","description":"Cordages de tennis monofilament fran\u00e7ais","publisher":{"@id":"https:\/\/planetetennis.fr\/#organization"},"potentialAction":[{"@type":"SearchAction","target":{"@type":"EntryPoint","urlTemplate":"https:\/\/planetetennis.fr\/?s={search_term_string}"},"query-input":{"@type":"PropertyValueSpecification","valueRequired":true,"valueName":"search_term_string"}}],"inLanguage":"es-ES"},{"@type":"Organization","@id":"https:\/\/planetetennis.fr\/#organization","name":"Planeta tenis","url":"https:\/\/planetetennis.fr\/","logo":{"@type":"ImageObject","inLanguage":"es-ES","@id":"https:\/\/planetetennis.fr\/#\/schema\/logo\/image\/","url":"https:\/\/planetetennis.fr\/wp-content\/uploads\/2021\/10\/logocolor03.png","contentUrl":"https:\/\/planetetennis.fr\/wp-content\/uploads\/2021\/10\/logocolor03.png","width":230,"height":58,"caption":"Planetetennis"},"image":{"@id":"https:\/\/planetetennis.fr\/#\/schema\/logo\/image\/"}}]}},"_links":{"self":[{"href":"https:\/\/planetetennis.fr\/es\/wp-json\/wp\/v2\/product\/9567","targetHints":{"allow":["GET"]}}],"collection":[{"href":"https:\/\/planetetennis.fr\/es\/wp-json\/wp\/v2\/product"}],"about":[{"href":"https:\/\/planetetennis.fr\/es\/wp-json\/wp\/v2\/types\/product"}],"replies":[{"embeddable":true,"href":"https:\/\/planetetennis.fr\/es\/wp-json\/wp\/v2\/comments?post=9567"}],"wp:featuredmedia":[{"embeddable":true,"href":"https:\/\/planetetennis.fr\/es\/wp-json\/wp\/v2\/media\/16983"}],"wp:attachment":[{"href":"https:\/\/planetetennis.fr\/es\/wp-json\/wp\/v2\/media?parent=9567"}],"wp:term":[{"taxonomy":"product_brand","embeddable":true,"href":"https:\/\/planetetennis.fr\/es\/wp-json\/wp\/v2\/product_brand?post=9567"},{"taxonomy":"product_cat","embeddable":true,"href":"https:\/\/planetetennis.fr\/es\/wp-json\/wp\/v2\/product_cat?post=9567"},{"taxonomy":"product_tag","embeddable":true,"href":"https:\/\/planetetennis.fr\/es\/wp-json\/wp\/v2\/product_tag?post=9567"}],"curies":[{"name":"wp","href":"https:\/\/api.w.org\/{rel}","templated":true}]}}