{"id":9724,"date":"2021-04-13T14:41:27","date_gmt":"2021-04-13T14:41:27","guid":{"rendered":"https:\/\/stillinblack.com\/?post_type=product&#038;p=9724"},"modified":"2025-04-25T12:31:35","modified_gmt":"2025-04-25T12:31:35","slug":"slam-world-padel-tour-white-ete-2021","status":"publish","type":"product","link":"https:\/\/planetetennis.fr\/es\/product\/slam-world-padel-tour-white-ete-2021\/","title":{"rendered":"SLAM WORLD PADEL TOUR"},"content":{"rendered":"<p>La stabilit\u00e9 est renforc\u00e9e par l\u2019utilisation du syst\u00e8me STABILIS, une pi\u00e8ce moul\u00e9e par injection qui s\u2019\u00e9tend de la vo\u00fbte plantaire aux m\u00e9tatarses et stabilise la transition entre les appuis. Gr\u00e2ce \u00e0 cette pi\u00e8ce, la chaussure conserve sa forme tout au long de la partie, elle ne plie pas et \u00e9vite les torsions inappropri\u00e9es.<\/p>\n<p>La semelle est fabriqu\u00e9e selon le syst\u00e8me DURABILITY compos\u00e9 de caoutchouc \u00e0 haute densit\u00e9 qui r\u00e9siste \u00e0 l\u2019usure des courts. Elle pr\u00e9sente des motifs \u00e0 chevrons profonds qui assurent une bonne adh\u00e9rence \u00e0 la surface de jeu. Ce mat\u00e9riau plus r\u00e9sistant prot\u00e8ge \u00e9galement la pointe.<\/p>","protected":false},"excerpt":{"rendered":"<p>La chaussure officielle du Worl Padel Tour, la Slam World Padel Tour de Joma bient\u00f4t disponible (15 mai) !<\/p>\n<p>Slam s&#8217;est fait une place importante sur le march\u00e9 de niche des chaussures de padel gr\u00e2ce \u00e0 la reconnaissance de son rapport qualit\u00e9-prix, \u00e0 l&#8217;utilisation des technologies de pointe dans les chaussures de sport et \u00e0 la recommandation de joueurs professionnels tels que Juani Mieres, Javi Ruiz, Uri Botello, Teresa Navarro, Zazu Osoro et Javi Rico parmi d&#8217;autres.<\/p>\n<p>Le design attrayant, imitant les trajectoires multiples d&#8217;une balle de padel pendant la partie, s&#8217;inspire de l&#8217;expressionnisme abstrait. C&#8217;est une chaussure adapt\u00e9e \u00e0 ce sport qui se caract\u00e9rise par son amorti, sa stabilit\u00e9 et sa haute r\u00e9sistance \u00e0 l&#8217;usure.<\/p>\n<p>Son excellent amorti s&#8217;explique par l&#8217;utilisation du syst\u00e8me REACTIVEBALL dans la semelle intercalaire. Il s&#8217;agit d&#8217;un mat\u00e9riau qui se dilate facilement, ce qui lui conf\u00e8re une tr\u00e8s grande capacit\u00e9 \u00e0 absorber les chocs au moment des appuis, retrouvant ensuite rapidement sa forme initiale pour une meilleure impulsion au d\u00e9marrage. De plus, la semelle intercalaire est compos\u00e9e d&#8217;une autre base en phylon de densit\u00e9 plus \u00e9lev\u00e9e qui apporte de la stabilit\u00e9.<\/p>\n<p>La tige est tr\u00e8s respirante gr\u00e2ce \u00e0 son maillage a\u00e9r\u00e9. Cette qualit\u00e9 est tr\u00e8s appr\u00e9ci\u00e9e dans les sports pratiqu\u00e9s sur des surfaces tr\u00e8s abrasives. Pour prot\u00e9ger cette partie du pied, on utilise le syst\u00e8me INYECTION PRINT, du caoutchouc inject\u00e9 qui soutient confortablement le pied.<\/p>\n<p>Dans la partie int\u00e9rieure du pied, o\u00f9 il y a une plus grande usure due aux d\u00e9placements lat\u00e9raux pendant la partie, une plus grande pi\u00e8ce en caoutchouc est ins\u00e9r\u00e9e pour prot\u00e9ger le pied.<br \/>\nEXO COUNTER, le syst\u00e8me de stabilit\u00e9 cr\u00e9\u00e9 par un contrefort externe plus rigide, soutient le talon en adaptant la chaussure \u00e0 la forme du pied. De cette mani\u00e8re, les appuis sont stables dans les d\u00e9rapages lat\u00e9raux et fermes lorsque le talon est sollicit\u00e9.<\/p>","protected":false},"featured_media":10822,"comment_status":"open","ping_status":"closed","template":"","meta":{"_monsterinsights_skip_tracking":false,"_monsterinsights_sitenote_active":false,"_monsterinsights_sitenote_note":"","_monsterinsights_sitenote_category":0},"product_brand":[],"product_cat":[414,402,438,326],"product_tag":[],"class_list":{"0":"post-9724","1":"product","2":"type-product","3":"status-publish","4":"has-post-thumbnail","6":"product_cat-chaussures","7":"product_cat-chaussure","8":"product_cat-homme-chaussure","9":"product_cat-padel-2","10":"pa_couleur-blanc","11":"pa_couleur-noir","13":"first","14":"instock","15":"sale","16":"taxable","17":"shipping-taxable","18":"purchasable","19":"product-type-variable"},"yoast_head":"<!-- This site is optimized with the Yoast SEO plugin v27.5 - https:\/\/yoast.com\/product\/yoast-seo-wordpress\/ -->\n<title>SLAM WORLD PADEL TOUR - Planetetennis<\/title>\n<meta name=\"robots\" content=\"index, follow, max-snippet:-1, max-image-preview:large, max-video-preview:-1\" \/>\n<link rel=\"canonical\" href=\"https:\/\/planetetennis.fr\/es\/product\/slam-world-padel-tour-white-ete-2021\/\" \/>\n<meta property=\"og:locale\" content=\"es_ES\" \/>\n<meta property=\"og:type\" content=\"article\" \/>\n<meta property=\"og:title\" content=\"SLAM WORLD PADEL TOUR - Planetetennis\" \/>\n<meta property=\"og:description\" content=\"La chaussure officielle du Worl Padel Tour, la Slam World Padel Tour de Joma bient\u00f4t disponible (15 mai) !  Slam s&#039;est fait une place importante sur le march\u00e9 de niche des chaussures de padel gr\u00e2ce \u00e0 la reconnaissance de son rapport qualit\u00e9-prix, \u00e0 l&#039;utilisation des technologies de pointe dans les chaussures de sport et \u00e0 la recommandation de joueurs professionnels tels que Juani Mieres, Javi Ruiz, Uri Botello, Teresa Navarro, Zazu Osoro et Javi Rico parmi d&#039;autres.  Le design attrayant, imitant les trajectoires multiples d&#039;une balle de padel pendant la partie, s&#039;inspire de l&#039;expressionnisme abstrait. C&#039;est une chaussure adapt\u00e9e \u00e0 ce sport qui se caract\u00e9rise par son amorti, sa stabilit\u00e9 et sa haute r\u00e9sistance \u00e0 l&#039;usure.  Son excellent amorti s&#039;explique par l&#039;utilisation du syst\u00e8me REACTIVEBALL dans la semelle intercalaire. Il s&#039;agit d&#039;un mat\u00e9riau qui se dilate facilement, ce qui lui conf\u00e8re une tr\u00e8s grande capacit\u00e9 \u00e0 absorber les chocs au moment des appuis, retrouvant ensuite rapidement sa forme initiale pour une meilleure impulsion au d\u00e9marrage. De plus, la semelle intercalaire est compos\u00e9e d&#039;une autre base en phylon de densit\u00e9 plus \u00e9lev\u00e9e qui apporte de la stabilit\u00e9.  La tige est tr\u00e8s respirante gr\u00e2ce \u00e0 son maillage a\u00e9r\u00e9. Cette qualit\u00e9 est tr\u00e8s appr\u00e9ci\u00e9e dans les sports pratiqu\u00e9s sur des surfaces tr\u00e8s abrasives. Pour prot\u00e9ger cette partie du pied, on utilise le syst\u00e8me INYECTION PRINT, du caoutchouc inject\u00e9 qui soutient confortablement le pied.  Dans la partie int\u00e9rieure du pied, o\u00f9 il y a une plus grande usure due aux d\u00e9placements lat\u00e9raux pendant la partie, une plus grande pi\u00e8ce en caoutchouc est ins\u00e9r\u00e9e pour prot\u00e9ger le pied. EXO COUNTER, le syst\u00e8me de stabilit\u00e9 cr\u00e9\u00e9 par un contrefort externe plus rigide, soutient le talon en adaptant la chaussure \u00e0 la forme du pied. De cette mani\u00e8re, les appuis sont stables dans les d\u00e9rapages lat\u00e9raux et fermes lorsque le talon est sollicit\u00e9.\" \/>\n<meta property=\"og:url\" content=\"https:\/\/planetetennis.fr\/es\/product\/slam-world-padel-tour-white-ete-2021\/\" \/>\n<meta property=\"og:site_name\" content=\"Planetetennis\" \/>\n<meta property=\"article:modified_time\" content=\"2025-04-25T12:31:35+00:00\" \/>\n<meta property=\"og:image\" content=\"https:\/\/planetetennis.fr\/wp-content\/uploads\/2021\/04\/joma-chaussures-en-edition-limitee-slam-wpt-2021.jpg\" \/>\n\t<meta property=\"og:image:width\" content=\"1000\" \/>\n\t<meta property=\"og:image:height\" content=\"1000\" \/>\n\t<meta property=\"og:image:type\" content=\"image\/jpeg\" \/>\n<meta name=\"twitter:card\" content=\"summary_large_image\" \/>\n<meta name=\"twitter:label1\" content=\"Est. reading time\" \/>\n\t<meta name=\"twitter:data1\" content=\"1 minute\" \/>\n<script type=\"application\/ld+json\" class=\"yoast-schema-graph\">{\"@context\":\"https:\\\/\\\/schema.org\",\"@graph\":[{\"@type\":\"WebPage\",\"@id\":\"https:\\\/\\\/planetetennis.fr\\\/product\\\/slam-world-padel-tour-white-ete-2021\\\/\",\"url\":\"https:\\\/\\\/planetetennis.fr\\\/product\\\/slam-world-padel-tour-white-ete-2021\\\/\",\"name\":\"SLAM WORLD PADEL TOUR - Planetetennis\",\"isPartOf\":{\"@id\":\"https:\\\/\\\/planetetennis.fr\\\/#website\"},\"primaryImageOfPage\":{\"@id\":\"https:\\\/\\\/planetetennis.fr\\\/product\\\/slam-world-padel-tour-white-ete-2021\\\/#primaryimage\"},\"image\":{\"@id\":\"https:\\\/\\\/planetetennis.fr\\\/product\\\/slam-world-padel-tour-white-ete-2021\\\/#primaryimage\"},\"thumbnailUrl\":\"https:\\\/\\\/planetetennis.fr\\\/wp-content\\\/uploads\\\/2021\\\/04\\\/joma-chaussures-en-edition-limitee-slam-wpt-2021.jpg\",\"datePublished\":\"2021-04-13T14:41:27+00:00\",\"dateModified\":\"2025-04-25T12:31:35+00:00\",\"breadcrumb\":{\"@id\":\"https:\\\/\\\/planetetennis.fr\\\/product\\\/slam-world-padel-tour-white-ete-2021\\\/#breadcrumb\"},\"inLanguage\":\"es-ES\",\"potentialAction\":[{\"@type\":\"ReadAction\",\"target\":[\"https:\\\/\\\/planetetennis.fr\\\/product\\\/slam-world-padel-tour-white-ete-2021\\\/\"]}]},{\"@type\":\"ImageObject\",\"inLanguage\":\"es-ES\",\"@id\":\"https:\\\/\\\/planetetennis.fr\\\/product\\\/slam-world-padel-tour-white-ete-2021\\\/#primaryimage\",\"url\":\"https:\\\/\\\/planetetennis.fr\\\/wp-content\\\/uploads\\\/2021\\\/04\\\/joma-chaussures-en-edition-limitee-slam-wpt-2021.jpg\",\"contentUrl\":\"https:\\\/\\\/planetetennis.fr\\\/wp-content\\\/uploads\\\/2021\\\/04\\\/joma-chaussures-en-edition-limitee-slam-wpt-2021.jpg\",\"width\":1000,\"height\":1000},{\"@type\":\"BreadcrumbList\",\"@id\":\"https:\\\/\\\/planetetennis.fr\\\/product\\\/slam-world-padel-tour-white-ete-2021\\\/#breadcrumb\",\"itemListElement\":[{\"@type\":\"ListItem\",\"position\":1,\"name\":\"Accueil\",\"item\":\"https:\\\/\\\/planetetennis.fr\\\/\"},{\"@type\":\"ListItem\",\"position\":2,\"name\":\"Nos produits\",\"item\":\"https:\\\/\\\/planetetennis.fr\\\/produits\\\/\"},{\"@type\":\"ListItem\",\"position\":3,\"name\":\"SLAM WORLD PADEL TOUR\"}]},{\"@type\":\"WebSite\",\"@id\":\"https:\\\/\\\/planetetennis.fr\\\/#website\",\"url\":\"https:\\\/\\\/planetetennis.fr\\\/\",\"name\":\"Planetetennis\",\"description\":\"Cordages de tennis monofilament fran\u00e7ais\",\"publisher\":{\"@id\":\"https:\\\/\\\/planetetennis.fr\\\/#organization\"},\"potentialAction\":[{\"@type\":\"SearchAction\",\"target\":{\"@type\":\"EntryPoint\",\"urlTemplate\":\"https:\\\/\\\/planetetennis.fr\\\/?s={search_term_string}\"},\"query-input\":{\"@type\":\"PropertyValueSpecification\",\"valueRequired\":true,\"valueName\":\"search_term_string\"}}],\"inLanguage\":\"es-ES\"},{\"@type\":\"Organization\",\"@id\":\"https:\\\/\\\/planetetennis.fr\\\/#organization\",\"name\":\"Planetetennis\",\"url\":\"https:\\\/\\\/planetetennis.fr\\\/\",\"logo\":{\"@type\":\"ImageObject\",\"inLanguage\":\"es-ES\",\"@id\":\"https:\\\/\\\/planetetennis.fr\\\/#\\\/schema\\\/logo\\\/image\\\/\",\"url\":\"https:\\\/\\\/planetetennis.fr\\\/wp-content\\\/uploads\\\/2021\\\/10\\\/logocolor03.png\",\"contentUrl\":\"https:\\\/\\\/planetetennis.fr\\\/wp-content\\\/uploads\\\/2021\\\/10\\\/logocolor03.png\",\"width\":230,\"height\":58,\"caption\":\"Planetetennis\"},\"image\":{\"@id\":\"https:\\\/\\\/planetetennis.fr\\\/#\\\/schema\\\/logo\\\/image\\\/\"}}]}<\/script>\n<!-- \/ Yoast SEO plugin. -->","yoast_head_json":{"title":"SLAM WORLD PADEL TOUR - Planetetennis","robots":{"index":"index","follow":"follow","max-snippet":"max-snippet:-1","max-image-preview":"max-image-preview:large","max-video-preview":"max-video-preview:-1"},"canonical":"https:\/\/planetetennis.fr\/es\/product\/slam-world-padel-tour-white-ete-2021\/","og_locale":"es_ES","og_type":"article","og_title":"SLAM WORLD PADEL TOUR - Planetetennis","og_description":"La chaussure officielle du Worl Padel Tour, la Slam World Padel Tour de Joma bient\u00f4t disponible (15 mai) !  Slam s'est fait une place importante sur le march\u00e9 de niche des chaussures de padel gr\u00e2ce \u00e0 la reconnaissance de son rapport qualit\u00e9-prix, \u00e0 l'utilisation des technologies de pointe dans les chaussures de sport et \u00e0 la recommandation de joueurs professionnels tels que Juani Mieres, Javi Ruiz, Uri Botello, Teresa Navarro, Zazu Osoro et Javi Rico parmi d'autres.  Le design attrayant, imitant les trajectoires multiples d'une balle de padel pendant la partie, s'inspire de l'expressionnisme abstrait. C'est une chaussure adapt\u00e9e \u00e0 ce sport qui se caract\u00e9rise par son amorti, sa stabilit\u00e9 et sa haute r\u00e9sistance \u00e0 l'usure.  Son excellent amorti s'explique par l'utilisation du syst\u00e8me REACTIVEBALL dans la semelle intercalaire. Il s'agit d'un mat\u00e9riau qui se dilate facilement, ce qui lui conf\u00e8re une tr\u00e8s grande capacit\u00e9 \u00e0 absorber les chocs au moment des appuis, retrouvant ensuite rapidement sa forme initiale pour une meilleure impulsion au d\u00e9marrage. De plus, la semelle intercalaire est compos\u00e9e d'une autre base en phylon de densit\u00e9 plus \u00e9lev\u00e9e qui apporte de la stabilit\u00e9.  La tige est tr\u00e8s respirante gr\u00e2ce \u00e0 son maillage a\u00e9r\u00e9. Cette qualit\u00e9 est tr\u00e8s appr\u00e9ci\u00e9e dans les sports pratiqu\u00e9s sur des surfaces tr\u00e8s abrasives. Pour prot\u00e9ger cette partie du pied, on utilise le syst\u00e8me INYECTION PRINT, du caoutchouc inject\u00e9 qui soutient confortablement le pied.  Dans la partie int\u00e9rieure du pied, o\u00f9 il y a une plus grande usure due aux d\u00e9placements lat\u00e9raux pendant la partie, une plus grande pi\u00e8ce en caoutchouc est ins\u00e9r\u00e9e pour prot\u00e9ger le pied. EXO COUNTER, le syst\u00e8me de stabilit\u00e9 cr\u00e9\u00e9 par un contrefort externe plus rigide, soutient le talon en adaptant la chaussure \u00e0 la forme du pied. De cette mani\u00e8re, les appuis sont stables dans les d\u00e9rapages lat\u00e9raux et fermes lorsque le talon est sollicit\u00e9.","og_url":"https:\/\/planetetennis.fr\/es\/product\/slam-world-padel-tour-white-ete-2021\/","og_site_name":"Planetetennis","article_modified_time":"2025-04-25T12:31:35+00:00","og_image":[{"width":1000,"height":1000,"url":"https:\/\/planetetennis.fr\/wp-content\/uploads\/2021\/04\/joma-chaussures-en-edition-limitee-slam-wpt-2021.jpg","type":"image\/jpeg"}],"twitter_card":"summary_large_image","twitter_misc":{"Est. reading time":"1 minute"},"schema":{"@context":"https:\/\/schema.org","@graph":[{"@type":"WebPage","@id":"https:\/\/planetetennis.fr\/product\/slam-world-padel-tour-white-ete-2021\/","url":"https:\/\/planetetennis.fr\/product\/slam-world-padel-tour-white-ete-2021\/","name":"SLAM WORLD PADEL TOUR - Planetetennis","isPartOf":{"@id":"https:\/\/planetetennis.fr\/#website"},"primaryImageOfPage":{"@id":"https:\/\/planetetennis.fr\/product\/slam-world-padel-tour-white-ete-2021\/#primaryimage"},"image":{"@id":"https:\/\/planetetennis.fr\/product\/slam-world-padel-tour-white-ete-2021\/#primaryimage"},"thumbnailUrl":"https:\/\/planetetennis.fr\/wp-content\/uploads\/2021\/04\/joma-chaussures-en-edition-limitee-slam-wpt-2021.jpg","datePublished":"2021-04-13T14:41:27+00:00","dateModified":"2025-04-25T12:31:35+00:00","breadcrumb":{"@id":"https:\/\/planetetennis.fr\/product\/slam-world-padel-tour-white-ete-2021\/#breadcrumb"},"inLanguage":"es-ES","potentialAction":[{"@type":"ReadAction","target":["https:\/\/planetetennis.fr\/product\/slam-world-padel-tour-white-ete-2021\/"]}]},{"@type":"ImageObject","inLanguage":"es-ES","@id":"https:\/\/planetetennis.fr\/product\/slam-world-padel-tour-white-ete-2021\/#primaryimage","url":"https:\/\/planetetennis.fr\/wp-content\/uploads\/2021\/04\/joma-chaussures-en-edition-limitee-slam-wpt-2021.jpg","contentUrl":"https:\/\/planetetennis.fr\/wp-content\/uploads\/2021\/04\/joma-chaussures-en-edition-limitee-slam-wpt-2021.jpg","width":1000,"height":1000},{"@type":"BreadcrumbList","@id":"https:\/\/planetetennis.fr\/product\/slam-world-padel-tour-white-ete-2021\/#breadcrumb","itemListElement":[{"@type":"ListItem","position":1,"name":"Accueil","item":"https:\/\/planetetennis.fr\/"},{"@type":"ListItem","position":2,"name":"Nos produits","item":"https:\/\/planetetennis.fr\/produits\/"},{"@type":"ListItem","position":3,"name":"SLAM WORLD PADEL TOUR"}]},{"@type":"WebSite","@id":"https:\/\/planetetennis.fr\/#website","url":"https:\/\/planetetennis.fr\/","name":"Planeta tenis","description":"Cordages de tennis monofilament fran\u00e7ais","publisher":{"@id":"https:\/\/planetetennis.fr\/#organization"},"potentialAction":[{"@type":"SearchAction","target":{"@type":"EntryPoint","urlTemplate":"https:\/\/planetetennis.fr\/?s={search_term_string}"},"query-input":{"@type":"PropertyValueSpecification","valueRequired":true,"valueName":"search_term_string"}}],"inLanguage":"es-ES"},{"@type":"Organization","@id":"https:\/\/planetetennis.fr\/#organization","name":"Planeta tenis","url":"https:\/\/planetetennis.fr\/","logo":{"@type":"ImageObject","inLanguage":"es-ES","@id":"https:\/\/planetetennis.fr\/#\/schema\/logo\/image\/","url":"https:\/\/planetetennis.fr\/wp-content\/uploads\/2021\/10\/logocolor03.png","contentUrl":"https:\/\/planetetennis.fr\/wp-content\/uploads\/2021\/10\/logocolor03.png","width":230,"height":58,"caption":"Planetetennis"},"image":{"@id":"https:\/\/planetetennis.fr\/#\/schema\/logo\/image\/"}}]}},"_links":{"self":[{"href":"https:\/\/planetetennis.fr\/es\/wp-json\/wp\/v2\/product\/9724","targetHints":{"allow":["GET"]}}],"collection":[{"href":"https:\/\/planetetennis.fr\/es\/wp-json\/wp\/v2\/product"}],"about":[{"href":"https:\/\/planetetennis.fr\/es\/wp-json\/wp\/v2\/types\/product"}],"replies":[{"embeddable":true,"href":"https:\/\/planetetennis.fr\/es\/wp-json\/wp\/v2\/comments?post=9724"}],"wp:featuredmedia":[{"embeddable":true,"href":"https:\/\/planetetennis.fr\/es\/wp-json\/wp\/v2\/media\/10822"}],"wp:attachment":[{"href":"https:\/\/planetetennis.fr\/es\/wp-json\/wp\/v2\/media?parent=9724"}],"wp:term":[{"taxonomy":"product_brand","embeddable":true,"href":"https:\/\/planetetennis.fr\/es\/wp-json\/wp\/v2\/product_brand?post=9724"},{"taxonomy":"product_cat","embeddable":true,"href":"https:\/\/planetetennis.fr\/es\/wp-json\/wp\/v2\/product_cat?post=9724"},{"taxonomy":"product_tag","embeddable":true,"href":"https:\/\/planetetennis.fr\/es\/wp-json\/wp\/v2\/product_tag?post=9724"}],"curies":[{"name":"wp","href":"https:\/\/api.w.org\/{rel}","templated":true}]}}