{"id":9849,"date":"2021-05-31T06:40:31","date_gmt":"2021-05-31T06:40:31","guid":{"rendered":"https:\/\/stillinblack.com\/?post_type=product&#038;p=9849"},"modified":"2026-04-12T09:39:12","modified_gmt":"2026-04-12T09:39:12","slug":"garniture-hybrid-series-resistretch-vs-x12-x10-ou-x8","status":"publish","type":"product","link":"https:\/\/planetetennis.fr\/es\/product\/garniture-hybrid-series-resistretch-vs-x12-x10-ou-x8\/","title":{"rendered":"Resistretch de la serie h\u00edbrida Vs X12 - Ajuste X10 o X8"},"content":{"rendered":"<p>Ils conviennent \u00e0 la plupart des joueurs ayant une fr\u00e9quence de casse mod\u00e9r\u00e9e \u00e0 importante. Cette gamme est adapt\u00e9e aux comp\u00e9titeurs aimant frapper fort dans la balle, tout en appr\u00e9ciant les jolis coups en toucher.<\/p>\n<p>Le X12 apportera surtout la puissance et un maximum de confort,<\/p>\n<p>Le X10 apportera lui plus de contr\u00f4le par rapport \u00e0 un X12<\/p>\n<p>Et le X8 apportera un extra contr\u00f4le et une forte durabilit\u00e9.<\/p>\n<p>L&#8217;hybride \u00e0 pour objectif de procurer de la puissance de frappe, des sensations d\u00e9cupl\u00e9es et une plus grande tol\u00e9rance au d\u00e9centrage.<\/p>\n<p>Le monofilament polyester vous permet de b\u00e9n\u00e9ficier d&#8217;une tr\u00e8s bonne prise d&#8217;effet pour un contr\u00f4le de balle maximum, et comme toujours d&#8217;augmenter la durabilit\u00e9 de votre cordage. Avant c&#8217;\u00e9tait le multi qui cassait en premier, maintenant c&#8217;est le Mono Polyester !<\/p>","protected":false},"excerpt":{"rendered":"<p>La combinaison Resistretch dans les montants est id\u00e9al pour les jeunes joueurs d\u00e9sirant de la durabilit\u00e9 et du confort. Elle facilitera la Puissance, la prise d&#8217;effet et offre un maximum de confort de jeu en maximisant la pr\u00e9vention des blessures. L&#8217;acc\u00e8s aux sensations de jeu est tr\u00e8s facile avec cette combinaison.<\/p>","protected":false},"featured_media":8752,"comment_status":"open","ping_status":"closed","template":"","meta":{"_monsterinsights_skip_tracking":false,"_monsterinsights_sitenote_active":false,"_monsterinsights_sitenote_note":"","_monsterinsights_sitenote_category":0},"product_brand":[],"product_cat":[429,252,262],"product_tag":[],"class_list":{"0":"post-9849","1":"product","2":"type-product","3":"status-publish","4":"has-post-thumbnail","6":"product_cat-120-m","7":"product_cat-cordages-still-in-black","8":"product_cat-cordages-hybrides","10":"first","11":"instock","12":"sale","13":"taxable","14":"shipping-taxable","15":"purchasable","16":"product-type-variable"},"yoast_head":"<!-- This site is optimized with the Yoast SEO plugin v27.4 - https:\/\/yoast.com\/product\/yoast-seo-wordpress\/ -->\n<title>Garniture Hybrid Series Resistretch Vs X12 - X10 ou X8 - Planetetennis<\/title>\n<meta name=\"robots\" content=\"index, follow, max-snippet:-1, max-image-preview:large, max-video-preview:-1\" \/>\n<link rel=\"canonical\" href=\"https:\/\/planetetennis.fr\/es\/product\/garniture-hybrid-series-resistretch-vs-x12-x10-ou-x8\/\" \/>\n<meta property=\"og:locale\" content=\"es_ES\" \/>\n<meta property=\"og:type\" content=\"article\" \/>\n<meta property=\"og:title\" content=\"Garniture Hybrid Series Resistretch Vs X12 - X10 ou X8 - Planetetennis\" \/>\n<meta property=\"og:description\" content=\"La combinaison Resistretch dans les montants est id\u00e9al pour les jeunes joueurs d\u00e9sirant de la durabilit\u00e9 et du confort. Elle facilitera la Puissance, la prise d&#039;effet et offre un maximum de confort de jeu en maximisant la pr\u00e9vention des blessures. L&#039;acc\u00e8s aux sensations de jeu est tr\u00e8s facile avec cette combinaison.\" \/>\n<meta property=\"og:url\" content=\"https:\/\/planetetennis.fr\/es\/product\/garniture-hybrid-series-resistretch-vs-x12-x10-ou-x8\/\" \/>\n<meta property=\"og:site_name\" content=\"Planetetennis\" \/>\n<meta property=\"article:modified_time\" content=\"2026-04-12T09:39:12+00:00\" \/>\n<meta property=\"og:image\" content=\"https:\/\/planetetennis.fr\/wp-content\/uploads\/2020\/12\/POWERFUL-Vs-X12.png\" \/>\n\t<meta property=\"og:image:width\" content=\"987\" \/>\n\t<meta property=\"og:image:height\" content=\"1114\" \/>\n\t<meta property=\"og:image:type\" content=\"image\/png\" \/>\n<meta name=\"twitter:card\" content=\"summary_large_image\" \/>\n<meta name=\"twitter:label1\" content=\"Est. reading time\" \/>\n\t<meta name=\"twitter:data1\" content=\"1 minute\" \/>\n<script type=\"application\/ld+json\" class=\"yoast-schema-graph\">{\"@context\":\"https:\\\/\\\/schema.org\",\"@graph\":[{\"@type\":\"WebPage\",\"@id\":\"https:\\\/\\\/planetetennis.fr\\\/product\\\/garniture-hybrid-series-resistretch-vs-x12-x10-ou-x8\\\/\",\"url\":\"https:\\\/\\\/planetetennis.fr\\\/product\\\/garniture-hybrid-series-resistretch-vs-x12-x10-ou-x8\\\/\",\"name\":\"Garniture Hybrid Series Resistretch Vs X12 - X10 ou X8 - Planetetennis\",\"isPartOf\":{\"@id\":\"https:\\\/\\\/planetetennis.fr\\\/#website\"},\"primaryImageOfPage\":{\"@id\":\"https:\\\/\\\/planetetennis.fr\\\/product\\\/garniture-hybrid-series-resistretch-vs-x12-x10-ou-x8\\\/#primaryimage\"},\"image\":{\"@id\":\"https:\\\/\\\/planetetennis.fr\\\/product\\\/garniture-hybrid-series-resistretch-vs-x12-x10-ou-x8\\\/#primaryimage\"},\"thumbnailUrl\":\"https:\\\/\\\/planetetennis.fr\\\/wp-content\\\/uploads\\\/2020\\\/12\\\/POWERFUL-Vs-X12.png\",\"datePublished\":\"2021-05-31T06:40:31+00:00\",\"dateModified\":\"2026-04-12T09:39:12+00:00\",\"breadcrumb\":{\"@id\":\"https:\\\/\\\/planetetennis.fr\\\/product\\\/garniture-hybrid-series-resistretch-vs-x12-x10-ou-x8\\\/#breadcrumb\"},\"inLanguage\":\"es-ES\",\"potentialAction\":[{\"@type\":\"ReadAction\",\"target\":[\"https:\\\/\\\/planetetennis.fr\\\/product\\\/garniture-hybrid-series-resistretch-vs-x12-x10-ou-x8\\\/\"]}]},{\"@type\":\"ImageObject\",\"inLanguage\":\"es-ES\",\"@id\":\"https:\\\/\\\/planetetennis.fr\\\/product\\\/garniture-hybrid-series-resistretch-vs-x12-x10-ou-x8\\\/#primaryimage\",\"url\":\"https:\\\/\\\/planetetennis.fr\\\/wp-content\\\/uploads\\\/2020\\\/12\\\/POWERFUL-Vs-X12.png\",\"contentUrl\":\"https:\\\/\\\/planetetennis.fr\\\/wp-content\\\/uploads\\\/2020\\\/12\\\/POWERFUL-Vs-X12.png\",\"width\":987,\"height\":1114},{\"@type\":\"BreadcrumbList\",\"@id\":\"https:\\\/\\\/planetetennis.fr\\\/product\\\/garniture-hybrid-series-resistretch-vs-x12-x10-ou-x8\\\/#breadcrumb\",\"itemListElement\":[{\"@type\":\"ListItem\",\"position\":1,\"name\":\"Accueil\",\"item\":\"https:\\\/\\\/planetetennis.fr\\\/\"},{\"@type\":\"ListItem\",\"position\":2,\"name\":\"Nos produits\",\"item\":\"https:\\\/\\\/planetetennis.fr\\\/produits\\\/\"},{\"@type\":\"ListItem\",\"position\":3,\"name\":\"Garniture Hybrid Series Resistretch Vs X12 &#8211; X10 ou X8\"}]},{\"@type\":\"WebSite\",\"@id\":\"https:\\\/\\\/planetetennis.fr\\\/#website\",\"url\":\"https:\\\/\\\/planetetennis.fr\\\/\",\"name\":\"Planetetennis\",\"description\":\"Cordages de tennis monofilament fran\u00e7ais\",\"publisher\":{\"@id\":\"https:\\\/\\\/planetetennis.fr\\\/#organization\"},\"potentialAction\":[{\"@type\":\"SearchAction\",\"target\":{\"@type\":\"EntryPoint\",\"urlTemplate\":\"https:\\\/\\\/planetetennis.fr\\\/?s={search_term_string}\"},\"query-input\":{\"@type\":\"PropertyValueSpecification\",\"valueRequired\":true,\"valueName\":\"search_term_string\"}}],\"inLanguage\":\"es-ES\"},{\"@type\":\"Organization\",\"@id\":\"https:\\\/\\\/planetetennis.fr\\\/#organization\",\"name\":\"Planetetennis\",\"url\":\"https:\\\/\\\/planetetennis.fr\\\/\",\"logo\":{\"@type\":\"ImageObject\",\"inLanguage\":\"es-ES\",\"@id\":\"https:\\\/\\\/planetetennis.fr\\\/#\\\/schema\\\/logo\\\/image\\\/\",\"url\":\"https:\\\/\\\/planetetennis.fr\\\/wp-content\\\/uploads\\\/2021\\\/10\\\/logocolor03.png\",\"contentUrl\":\"https:\\\/\\\/planetetennis.fr\\\/wp-content\\\/uploads\\\/2021\\\/10\\\/logocolor03.png\",\"width\":230,\"height\":58,\"caption\":\"Planetetennis\"},\"image\":{\"@id\":\"https:\\\/\\\/planetetennis.fr\\\/#\\\/schema\\\/logo\\\/image\\\/\"}}]}<\/script>\n<!-- \/ Yoast SEO plugin. -->","yoast_head_json":{"title":"Garniture Hybrid Series Resistretch Vs X12 - X10 ou X8 - Planetetennis","robots":{"index":"index","follow":"follow","max-snippet":"max-snippet:-1","max-image-preview":"max-image-preview:large","max-video-preview":"max-video-preview:-1"},"canonical":"https:\/\/planetetennis.fr\/es\/product\/garniture-hybrid-series-resistretch-vs-x12-x10-ou-x8\/","og_locale":"es_ES","og_type":"article","og_title":"Garniture Hybrid Series Resistretch Vs X12 - X10 ou X8 - Planetetennis","og_description":"La combinaison Resistretch dans les montants est id\u00e9al pour les jeunes joueurs d\u00e9sirant de la durabilit\u00e9 et du confort. Elle facilitera la Puissance, la prise d'effet et offre un maximum de confort de jeu en maximisant la pr\u00e9vention des blessures. L'acc\u00e8s aux sensations de jeu est tr\u00e8s facile avec cette combinaison.","og_url":"https:\/\/planetetennis.fr\/es\/product\/garniture-hybrid-series-resistretch-vs-x12-x10-ou-x8\/","og_site_name":"Planetetennis","article_modified_time":"2026-04-12T09:39:12+00:00","og_image":[{"width":987,"height":1114,"url":"https:\/\/planetetennis.fr\/wp-content\/uploads\/2020\/12\/POWERFUL-Vs-X12.png","type":"image\/png"}],"twitter_card":"summary_large_image","twitter_misc":{"Est. reading time":"1 minute"},"schema":{"@context":"https:\/\/schema.org","@graph":[{"@type":"WebPage","@id":"https:\/\/planetetennis.fr\/product\/garniture-hybrid-series-resistretch-vs-x12-x10-ou-x8\/","url":"https:\/\/planetetennis.fr\/product\/garniture-hybrid-series-resistretch-vs-x12-x10-ou-x8\/","name":"Garniture Hybrid Series Resistretch Vs X12 - X10 ou X8 - Planetetennis","isPartOf":{"@id":"https:\/\/planetetennis.fr\/#website"},"primaryImageOfPage":{"@id":"https:\/\/planetetennis.fr\/product\/garniture-hybrid-series-resistretch-vs-x12-x10-ou-x8\/#primaryimage"},"image":{"@id":"https:\/\/planetetennis.fr\/product\/garniture-hybrid-series-resistretch-vs-x12-x10-ou-x8\/#primaryimage"},"thumbnailUrl":"https:\/\/planetetennis.fr\/wp-content\/uploads\/2020\/12\/POWERFUL-Vs-X12.png","datePublished":"2021-05-31T06:40:31+00:00","dateModified":"2026-04-12T09:39:12+00:00","breadcrumb":{"@id":"https:\/\/planetetennis.fr\/product\/garniture-hybrid-series-resistretch-vs-x12-x10-ou-x8\/#breadcrumb"},"inLanguage":"es-ES","potentialAction":[{"@type":"ReadAction","target":["https:\/\/planetetennis.fr\/product\/garniture-hybrid-series-resistretch-vs-x12-x10-ou-x8\/"]}]},{"@type":"ImageObject","inLanguage":"es-ES","@id":"https:\/\/planetetennis.fr\/product\/garniture-hybrid-series-resistretch-vs-x12-x10-ou-x8\/#primaryimage","url":"https:\/\/planetetennis.fr\/wp-content\/uploads\/2020\/12\/POWERFUL-Vs-X12.png","contentUrl":"https:\/\/planetetennis.fr\/wp-content\/uploads\/2020\/12\/POWERFUL-Vs-X12.png","width":987,"height":1114},{"@type":"BreadcrumbList","@id":"https:\/\/planetetennis.fr\/product\/garniture-hybrid-series-resistretch-vs-x12-x10-ou-x8\/#breadcrumb","itemListElement":[{"@type":"ListItem","position":1,"name":"Accueil","item":"https:\/\/planetetennis.fr\/"},{"@type":"ListItem","position":2,"name":"Nos produits","item":"https:\/\/planetetennis.fr\/produits\/"},{"@type":"ListItem","position":3,"name":"Garniture Hybrid Series Resistretch Vs X12 &#8211; X10 ou X8"}]},{"@type":"WebSite","@id":"https:\/\/planetetennis.fr\/#website","url":"https:\/\/planetetennis.fr\/","name":"Planeta tenis","description":"Cordages de tennis monofilament fran\u00e7ais","publisher":{"@id":"https:\/\/planetetennis.fr\/#organization"},"potentialAction":[{"@type":"SearchAction","target":{"@type":"EntryPoint","urlTemplate":"https:\/\/planetetennis.fr\/?s={search_term_string}"},"query-input":{"@type":"PropertyValueSpecification","valueRequired":true,"valueName":"search_term_string"}}],"inLanguage":"es-ES"},{"@type":"Organization","@id":"https:\/\/planetetennis.fr\/#organization","name":"Planeta tenis","url":"https:\/\/planetetennis.fr\/","logo":{"@type":"ImageObject","inLanguage":"es-ES","@id":"https:\/\/planetetennis.fr\/#\/schema\/logo\/image\/","url":"https:\/\/planetetennis.fr\/wp-content\/uploads\/2021\/10\/logocolor03.png","contentUrl":"https:\/\/planetetennis.fr\/wp-content\/uploads\/2021\/10\/logocolor03.png","width":230,"height":58,"caption":"Planetetennis"},"image":{"@id":"https:\/\/planetetennis.fr\/#\/schema\/logo\/image\/"}}]}},"_links":{"self":[{"href":"https:\/\/planetetennis.fr\/es\/wp-json\/wp\/v2\/product\/9849","targetHints":{"allow":["GET"]}}],"collection":[{"href":"https:\/\/planetetennis.fr\/es\/wp-json\/wp\/v2\/product"}],"about":[{"href":"https:\/\/planetetennis.fr\/es\/wp-json\/wp\/v2\/types\/product"}],"replies":[{"embeddable":true,"href":"https:\/\/planetetennis.fr\/es\/wp-json\/wp\/v2\/comments?post=9849"}],"wp:featuredmedia":[{"embeddable":true,"href":"https:\/\/planetetennis.fr\/es\/wp-json\/wp\/v2\/media\/8752"}],"wp:attachment":[{"href":"https:\/\/planetetennis.fr\/es\/wp-json\/wp\/v2\/media?parent=9849"}],"wp:term":[{"taxonomy":"product_brand","embeddable":true,"href":"https:\/\/planetetennis.fr\/es\/wp-json\/wp\/v2\/product_brand?post=9849"},{"taxonomy":"product_cat","embeddable":true,"href":"https:\/\/planetetennis.fr\/es\/wp-json\/wp\/v2\/product_cat?post=9849"},{"taxonomy":"product_tag","embeddable":true,"href":"https:\/\/planetetennis.fr\/es\/wp-json\/wp\/v2\/product_tag?post=9849"}],"curies":[{"name":"wp","href":"https:\/\/api.w.org\/{rel}","templated":true}]}}